{"id":133831,"date":"2022-09-06T00:00:00","date_gmt":"2022-09-06T00:00:00","guid":{"rendered":"https:\/\/www.iplay.com\/games\/fantasy-mosaics-16-six-colors-in-wonderland\/"},"modified":"2022-09-06T00:00:00","modified_gmt":"2022-09-06T00:00:00","slug":"fantasy-mosaics-16-six-colors-in-wonderland","status":"publish","type":"product","link":"https:\/\/www.iplay.com\/de\/games\/fantasy-mosaics-16-six-colors-in-wonderland\/","title":{"rendered":"Fantasy Mosaics 16: Six Colors in Wonderland"},"content":{"rendered":"<p>Die Pinguinfamilie ist dieses Mal zu Gast im bunten Wunderland! Sie werden auf eine brandneue Auswahl an Mosaik-Puzzles sto\u00dfen, die bis zu sechs Farben enthalten! Diese Erfindung beschert Ihnen zahlreiche Stunden Spa\u00df und er\u00f6ffnet eine ganz neue Herausforderung. Die Pinguinfamilie freut sich darauf, dass Sie diese neue Aufgabe annehmen und sich am\u00fcsieren, w\u00e4hrend Sie eine atemberaubende Wunderland-Kulisse schaffen, indem Sie die versteckten mehrfarbigen Bilder finden.   <\/p>\n<p>&nbsp;<\/p>\n<p>&nbsp;<\/p>\n<p><strong>Funktionen:<\/strong><\/p>\n<p>&nbsp;<\/p>\n<p>&#8211; Mosaik-Puzzles mit maximal sechs Farben<br \/>\n&#8211; Frische Herausforderungen mit mehreren Farben-Konstruieren<br \/>\n Sie eine atemberaubende Landschaft<br \/>\n&#8211; Logisch basierte R\u00e4tsel<\/p>\n","protected":false},"excerpt":{"rendered":"<p>Die Pinguinfamilie reist in das Wunderland der Farben!<\/p>\n","protected":false},"author":43,"featured_media":37030,"comment_status":"open","ping_status":"closed","template":"","meta":{"_acf_changed":false,"inline_featured_image":false},"product_brand":[],"product_cat":[194],"product_tag":[],"class_list":{"0":"post-133831","1":"product","2":"type-product","3":"status-publish","4":"has-post-thumbnail","6":"product_cat-puzzle-de","8":"first","9":"instock","10":"shipping-taxable","11":"purchasable","12":"product-type-simple"},"acf":[],"yoast_head":"<!-- This site is optimized with the Yoast SEO Premium plugin v25.2 (Yoast SEO v25.2) - https:\/\/yoast.com\/wordpress\/plugins\/seo\/ -->\n<title>Fantasy Mosaics 16: Six Colors in Wonderland - Pinguinfamilie macht einen Ausflug in das bunte Wunderland<\/title>\n<meta name=\"description\" content=\"Die Pinguinfamilie reist in das Wunderland der Farben!\" \/>\n<meta name=\"robots\" content=\"index, follow, max-snippet:-1, max-image-preview:large, max-video-preview:-1\" \/>\n<link rel=\"canonical\" href=\"https:\/\/www.iplay.com\/de\/games\/fantasy-mosaics-16-six-colors-in-wonderland\/\" \/>\n<meta property=\"og:locale\" content=\"de_DE\" \/>\n<meta property=\"og:type\" content=\"article\" \/>\n<meta property=\"og:title\" content=\"Fantasy Mosaics 16: Six Colors in Wonderland\" \/>\n<meta property=\"og:description\" content=\"Die Pinguinfamilie reist in das Wunderland der Farben!\" \/>\n<meta property=\"og:url\" content=\"https:\/\/www.iplay.com\/de\/games\/fantasy-mosaics-16-six-colors-in-wonderland\/\" \/>\n<meta property=\"og:site_name\" content=\"IPlay\" \/>\n<meta property=\"og:image\" content=\"https:\/\/www.iplay.com\/wp-content\/uploads\/2023\/12\/large_square_tile_image-121.jpg\" \/>\n\t<meta property=\"og:image:width\" content=\"310\" \/>\n\t<meta property=\"og:image:height\" content=\"310\" \/>\n\t<meta property=\"og:image:type\" content=\"image\/jpeg\" \/>\n<meta name=\"twitter:card\" content=\"summary_large_image\" \/>\n<script type=\"application\/ld+json\" class=\"yoast-schema-graph\">{\"@context\":\"https:\/\/schema.org\",\"@graph\":[{\"@type\":\"WebPage\",\"@id\":\"https:\/\/www.iplay.com\/de\/games\/fantasy-mosaics-16-six-colors-in-wonderland\/\",\"url\":\"https:\/\/www.iplay.com\/de\/games\/fantasy-mosaics-16-six-colors-in-wonderland\/\",\"name\":\"Fantasy Mosaics 16: Six Colors in Wonderland - Pinguinfamilie macht einen Ausflug in das bunte Wunderland\",\"isPartOf\":{\"@id\":\"https:\/\/www.iplay.com\/en\/#website\"},\"primaryImageOfPage\":{\"@id\":\"https:\/\/www.iplay.com\/de\/games\/fantasy-mosaics-16-six-colors-in-wonderland\/#primaryimage\"},\"image\":{\"@id\":\"https:\/\/www.iplay.com\/de\/games\/fantasy-mosaics-16-six-colors-in-wonderland\/#primaryimage\"},\"thumbnailUrl\":\"https:\/\/www.iplay.com\/wp-content\/uploads\/2023\/12\/large_square_tile_image-121.jpg\",\"datePublished\":\"2022-09-06T00:00:00+00:00\",\"description\":\"Die Pinguinfamilie reist in das Wunderland der Farben!\",\"breadcrumb\":{\"@id\":\"https:\/\/www.iplay.com\/de\/games\/fantasy-mosaics-16-six-colors-in-wonderland\/#breadcrumb\"},\"inLanguage\":\"de-DE\",\"potentialAction\":[{\"@type\":\"ReadAction\",\"target\":[\"https:\/\/www.iplay.com\/de\/games\/fantasy-mosaics-16-six-colors-in-wonderland\/\"]}]},{\"@type\":\"ImageObject\",\"inLanguage\":\"de-DE\",\"@id\":\"https:\/\/www.iplay.com\/de\/games\/fantasy-mosaics-16-six-colors-in-wonderland\/#primaryimage\",\"url\":\"https:\/\/www.iplay.com\/wp-content\/uploads\/2023\/12\/large_square_tile_image-121.jpg\",\"contentUrl\":\"https:\/\/www.iplay.com\/wp-content\/uploads\/2023\/12\/large_square_tile_image-121.jpg\",\"width\":310,\"height\":310},{\"@type\":\"BreadcrumbList\",\"@id\":\"https:\/\/www.iplay.com\/de\/games\/fantasy-mosaics-16-six-colors-in-wonderland\/#breadcrumb\",\"itemListElement\":[{\"@type\":\"ListItem\",\"position\":1,\"name\":\"Home\",\"item\":\"https:\/\/www.iplay.com\/de\/home-page-2\/\"},{\"@type\":\"ListItem\",\"position\":2,\"name\":\"Shop\",\"item\":\"https:\/\/www.iplay.com\/en\/shop\/\"},{\"@type\":\"ListItem\",\"position\":3,\"name\":\"Fantasy Mosaics 16: Six Colors in Wonderland\"}]},{\"@type\":\"WebSite\",\"@id\":\"https:\/\/www.iplay.com\/en\/#website\",\"url\":\"https:\/\/www.iplay.com\/en\/\",\"name\":\"IPlay\",\"description\":\"The Best Casual Games!\",\"publisher\":{\"@id\":\"https:\/\/www.iplay.com\/en\/#organization\"},\"potentialAction\":[{\"@type\":\"SearchAction\",\"target\":{\"@type\":\"EntryPoint\",\"urlTemplate\":\"https:\/\/www.iplay.com\/en\/?s={search_term_string}\"},\"query-input\":{\"@type\":\"PropertyValueSpecification\",\"valueRequired\":true,\"valueName\":\"search_term_string\"}}],\"inLanguage\":\"de-DE\"},{\"@type\":\"Organization\",\"@id\":\"https:\/\/www.iplay.com\/en\/#organization\",\"name\":\"IPlay\",\"url\":\"https:\/\/www.iplay.com\/en\/\",\"logo\":{\"@type\":\"ImageObject\",\"inLanguage\":\"de-DE\",\"@id\":\"https:\/\/www.iplay.com\/en\/#\/schema\/logo\/image\/\",\"url\":\"https:\/\/www.iplay.com\/wp-content\/uploads\/2023\/11\/Group-6100.svg\",\"contentUrl\":\"https:\/\/www.iplay.com\/wp-content\/uploads\/2023\/11\/Group-6100.svg\",\"width\":98,\"height\":25,\"caption\":\"IPlay\"},\"image\":{\"@id\":\"https:\/\/www.iplay.com\/en\/#\/schema\/logo\/image\/\"}}]}<\/script>\n<!-- \/ Yoast SEO Premium plugin. -->","yoast_head_json":{"title":"Fantasy Mosaics 16: Six Colors in Wonderland - Pinguinfamilie macht einen Ausflug in das bunte Wunderland","description":"Die Pinguinfamilie reist in das Wunderland der Farben!","robots":{"index":"index","follow":"follow","max-snippet":"max-snippet:-1","max-image-preview":"max-image-preview:large","max-video-preview":"max-video-preview:-1"},"canonical":"https:\/\/www.iplay.com\/de\/games\/fantasy-mosaics-16-six-colors-in-wonderland\/","og_locale":"de_DE","og_type":"article","og_title":"Fantasy Mosaics 16: Six Colors in Wonderland","og_description":"Die Pinguinfamilie reist in das Wunderland der Farben!","og_url":"https:\/\/www.iplay.com\/de\/games\/fantasy-mosaics-16-six-colors-in-wonderland\/","og_site_name":"IPlay","og_image":[{"width":310,"height":310,"url":"https:\/\/www.iplay.com\/wp-content\/uploads\/2023\/12\/large_square_tile_image-121.jpg","type":"image\/jpeg"}],"twitter_card":"summary_large_image","schema":{"@context":"https:\/\/schema.org","@graph":[{"@type":"WebPage","@id":"https:\/\/www.iplay.com\/de\/games\/fantasy-mosaics-16-six-colors-in-wonderland\/","url":"https:\/\/www.iplay.com\/de\/games\/fantasy-mosaics-16-six-colors-in-wonderland\/","name":"Fantasy Mosaics 16: Six Colors in Wonderland - Pinguinfamilie macht einen Ausflug in das bunte Wunderland","isPartOf":{"@id":"https:\/\/www.iplay.com\/en\/#website"},"primaryImageOfPage":{"@id":"https:\/\/www.iplay.com\/de\/games\/fantasy-mosaics-16-six-colors-in-wonderland\/#primaryimage"},"image":{"@id":"https:\/\/www.iplay.com\/de\/games\/fantasy-mosaics-16-six-colors-in-wonderland\/#primaryimage"},"thumbnailUrl":"https:\/\/www.iplay.com\/wp-content\/uploads\/2023\/12\/large_square_tile_image-121.jpg","datePublished":"2022-09-06T00:00:00+00:00","description":"Die Pinguinfamilie reist in das Wunderland der Farben!","breadcrumb":{"@id":"https:\/\/www.iplay.com\/de\/games\/fantasy-mosaics-16-six-colors-in-wonderland\/#breadcrumb"},"inLanguage":"de-DE","potentialAction":[{"@type":"ReadAction","target":["https:\/\/www.iplay.com\/de\/games\/fantasy-mosaics-16-six-colors-in-wonderland\/"]}]},{"@type":"ImageObject","inLanguage":"de-DE","@id":"https:\/\/www.iplay.com\/de\/games\/fantasy-mosaics-16-six-colors-in-wonderland\/#primaryimage","url":"https:\/\/www.iplay.com\/wp-content\/uploads\/2023\/12\/large_square_tile_image-121.jpg","contentUrl":"https:\/\/www.iplay.com\/wp-content\/uploads\/2023\/12\/large_square_tile_image-121.jpg","width":310,"height":310},{"@type":"BreadcrumbList","@id":"https:\/\/www.iplay.com\/de\/games\/fantasy-mosaics-16-six-colors-in-wonderland\/#breadcrumb","itemListElement":[{"@type":"ListItem","position":1,"name":"Home","item":"https:\/\/www.iplay.com\/de\/home-page-2\/"},{"@type":"ListItem","position":2,"name":"Shop","item":"https:\/\/www.iplay.com\/en\/shop\/"},{"@type":"ListItem","position":3,"name":"Fantasy Mosaics 16: Six Colors in Wonderland"}]},{"@type":"WebSite","@id":"https:\/\/www.iplay.com\/en\/#website","url":"https:\/\/www.iplay.com\/en\/","name":"IPlay","description":"The Best Casual Games!","publisher":{"@id":"https:\/\/www.iplay.com\/en\/#organization"},"potentialAction":[{"@type":"SearchAction","target":{"@type":"EntryPoint","urlTemplate":"https:\/\/www.iplay.com\/en\/?s={search_term_string}"},"query-input":{"@type":"PropertyValueSpecification","valueRequired":true,"valueName":"search_term_string"}}],"inLanguage":"de-DE"},{"@type":"Organization","@id":"https:\/\/www.iplay.com\/en\/#organization","name":"IPlay","url":"https:\/\/www.iplay.com\/en\/","logo":{"@type":"ImageObject","inLanguage":"de-DE","@id":"https:\/\/www.iplay.com\/en\/#\/schema\/logo\/image\/","url":"https:\/\/www.iplay.com\/wp-content\/uploads\/2023\/11\/Group-6100.svg","contentUrl":"https:\/\/www.iplay.com\/wp-content\/uploads\/2023\/11\/Group-6100.svg","width":98,"height":25,"caption":"IPlay"},"image":{"@id":"https:\/\/www.iplay.com\/en\/#\/schema\/logo\/image\/"}}]}},"_links":{"self":[{"href":"https:\/\/www.iplay.com\/de\/wp-json\/wp\/v2\/product\/133831","targetHints":{"allow":["GET"]}}],"collection":[{"href":"https:\/\/www.iplay.com\/de\/wp-json\/wp\/v2\/product"}],"about":[{"href":"https:\/\/www.iplay.com\/de\/wp-json\/wp\/v2\/types\/product"}],"author":[{"embeddable":true,"href":"https:\/\/www.iplay.com\/de\/wp-json\/wp\/v2\/users\/43"}],"replies":[{"embeddable":true,"href":"https:\/\/www.iplay.com\/de\/wp-json\/wp\/v2\/comments?post=133831"}],"wp:featuredmedia":[{"embeddable":true,"href":"https:\/\/www.iplay.com\/de\/wp-json\/wp\/v2\/media\/37030"}],"wp:attachment":[{"href":"https:\/\/www.iplay.com\/de\/wp-json\/wp\/v2\/media?parent=133831"}],"wp:term":[{"taxonomy":"product_brand","embeddable":true,"href":"https:\/\/www.iplay.com\/de\/wp-json\/wp\/v2\/product_brand?post=133831"},{"taxonomy":"product_cat","embeddable":true,"href":"https:\/\/www.iplay.com\/de\/wp-json\/wp\/v2\/product_cat?post=133831"},{"taxonomy":"product_tag","embeddable":true,"href":"https:\/\/www.iplay.com\/de\/wp-json\/wp\/v2\/product_tag?post=133831"}],"curies":[{"name":"wp","href":"https:\/\/api.w.org\/{rel}","templated":true}]}}