{"id":133830,"date":"2022-09-01T00:00:00","date_gmt":"2022-09-01T00:00:00","guid":{"rendered":"https:\/\/www.iplay.com\/games\/golden-rails-tales-of-the-wild-west\/"},"modified":"2022-09-01T00:00:00","modified_gmt":"2022-09-01T00:00:00","slug":"golden-rails-tales-of-the-wild-west","status":"publish","type":"product","link":"https:\/\/www.iplay.com\/de\/games\/golden-rails-tales-of-the-wild-west\/","title":{"rendered":"Golden Rails: Tales of the Wild West"},"content":{"rendered":"<p>Baue eine Eisenbahn von K\u00fcste zu K\u00fcste, um den Wilden Westen zu z\u00e4hmen! Jeder anstrengende Tag an der wilden Grenze erm\u00f6glicht es Ihnen, Ihren Traum zu verwirklichen, kleine D\u00f6rfer im ganzen Land zu verbinden. Es wird jedoch nicht einfach sein, Ihr Ziel zu erreichen. Hindernisse gibt es zuhauf, vom Banker, der von dir verlangt, dass du deine Schulden zur\u00fcckzahlst, bis hin zu den R\u00e4ubern, die hinter jedem Stein, Kaktus und Tumbleweed stecken. Gl\u00fccklicherweise \u00fcberwiegen die guten Nachrichten die negativen. Z\u00fcge transportieren dringend ben\u00f6tigte G\u00fcter zum Bahnhof, Sheriffs sperren R\u00e4uber ein und Indigene sorgen mit ein wenig Magie daf\u00fcr, dass es regnet, w\u00e4hrend du eine Reihe von heruntergekommenen D\u00f6rfern baust. Um Ihre Sterne zu bekommen, planen Sie einfach im Voraus und schlagen Sie die Uhr! Du und dein Ingenieur, ein mutiges, aber gewieftes M\u00e4dchen aus der Gro\u00dfstadt, machen euch auf den Weg durch trockene Schluchten, verschneite Berggipfel, leuchtende Wiesen und vieles mehr, w\u00e4hrend ihr Ziele erf\u00fcllst und Belohnungen sammelst!       <\/p>\n<p>&nbsp;<\/p>\n<p>&nbsp;<\/p>\n<p><strong>Funktionen:<\/strong><\/p>\n<p>&nbsp;<\/p>\n<p>&#8211; 50 Levels voller Rootin&#8217; Tootin&#8217;!<\/p>\n<p>&#8211; Charaktere aus dem Wilden Westen!<\/p>\n<p>&#8211; Erdrutsche, D\u00fcrren und andere Gefahren!<\/p>\n<p>&#8211; Dampfschiffe, Z\u00fcge und ein mechanischer Holzf\u00e4ller!<\/p>\n<p>&#8211; Eine Lektion, ein einfacher Modus und eine einfache Steuerung!<\/p>\n","protected":false},"excerpt":{"rendered":"<p>Baue eine Eisenbahn von K\u00fcste zu K\u00fcste, um den Wilden Westen zu z\u00e4hmen! Golden Rails: Geschichten vom wilden Krieger <\/p>\n","protected":false},"author":8,"featured_media":76137,"comment_status":"open","ping_status":"closed","template":"","meta":{"_acf_changed":false,"inline_featured_image":false},"product_brand":[],"product_cat":[217],"product_tag":[257,289],"class_list":{"0":"post-133830","1":"product","2":"type-product","3":"status-publish","4":"has-post-thumbnail","6":"product_cat-time-management-de","7":"product_tag-golden-rails-series-de","8":"product_tag-play-on-pc-de","10":"first","11":"instock","12":"shipping-taxable","13":"purchasable","14":"product-type-simple"},"acf":[],"yoast_head":"<!-- This site is optimized with the Yoast SEO Premium plugin v25.2 (Yoast SEO v25.2) - https:\/\/yoast.com\/wordpress\/plugins\/seo\/ -->\n<title>Golden Rails: Tales of the Wild West - Z\u00e4hme den Wilden Westen und baue eine Eisenbahnlinie von K\u00fcste zu K\u00fcste<\/title>\n<meta name=\"description\" content=\"Baue eine Eisenbahn von K\u00fcste zu K\u00fcste, um den Wilden Westen zu z\u00e4hmen! Golden Rails: Geschichten vom wilden Krieger\" \/>\n<meta name=\"robots\" content=\"index, follow, max-snippet:-1, max-image-preview:large, max-video-preview:-1\" \/>\n<link rel=\"canonical\" href=\"https:\/\/www.iplay.com\/de\/games\/golden-rails-tales-of-the-wild-west\/\" \/>\n<meta property=\"og:locale\" content=\"de_DE\" \/>\n<meta property=\"og:type\" content=\"article\" \/>\n<meta property=\"og:title\" content=\"Golden Rails: Tales of the Wild West\" \/>\n<meta property=\"og:description\" content=\"Baue eine Eisenbahn von K\u00fcste zu K\u00fcste, um den Wilden Westen zu z\u00e4hmen! Golden Rails: Geschichten vom wilden Krieger\" \/>\n<meta property=\"og:url\" content=\"https:\/\/www.iplay.com\/de\/games\/golden-rails-tales-of-the-wild-west\/\" \/>\n<meta property=\"og:site_name\" content=\"IPlay\" \/>\n<meta property=\"og:image\" content=\"https:\/\/www.iplay.com\/wp-content\/uploads\/2023\/12\/large_square_tile_image-2256.jpg\" \/>\n\t<meta property=\"og:image:width\" content=\"310\" \/>\n\t<meta property=\"og:image:height\" content=\"310\" \/>\n\t<meta property=\"og:image:type\" content=\"image\/jpeg\" \/>\n<meta name=\"twitter:card\" content=\"summary_large_image\" \/>\n<meta name=\"twitter:label1\" content=\"Gesch\u00e4tzte Lesezeit\" \/>\n\t<meta name=\"twitter:data1\" content=\"1 Minute\" \/>\n<script type=\"application\/ld+json\" class=\"yoast-schema-graph\">{\"@context\":\"https:\/\/schema.org\",\"@graph\":[{\"@type\":\"WebPage\",\"@id\":\"https:\/\/www.iplay.com\/de\/games\/golden-rails-tales-of-the-wild-west\/\",\"url\":\"https:\/\/www.iplay.com\/de\/games\/golden-rails-tales-of-the-wild-west\/\",\"name\":\"Golden Rails: Tales of the Wild West - Z\u00e4hme den Wilden Westen und baue eine Eisenbahnlinie von K\u00fcste zu K\u00fcste\",\"isPartOf\":{\"@id\":\"https:\/\/www.iplay.com\/en\/#website\"},\"primaryImageOfPage\":{\"@id\":\"https:\/\/www.iplay.com\/de\/games\/golden-rails-tales-of-the-wild-west\/#primaryimage\"},\"image\":{\"@id\":\"https:\/\/www.iplay.com\/de\/games\/golden-rails-tales-of-the-wild-west\/#primaryimage\"},\"thumbnailUrl\":\"https:\/\/www.iplay.com\/wp-content\/uploads\/2023\/12\/large_square_tile_image-2256.jpg\",\"datePublished\":\"2022-09-01T00:00:00+00:00\",\"description\":\"Baue eine Eisenbahn von K\u00fcste zu K\u00fcste, um den Wilden Westen zu z\u00e4hmen! Golden Rails: Geschichten vom wilden Krieger\",\"breadcrumb\":{\"@id\":\"https:\/\/www.iplay.com\/de\/games\/golden-rails-tales-of-the-wild-west\/#breadcrumb\"},\"inLanguage\":\"de-DE\",\"potentialAction\":[{\"@type\":\"ReadAction\",\"target\":[\"https:\/\/www.iplay.com\/de\/games\/golden-rails-tales-of-the-wild-west\/\"]}]},{\"@type\":\"ImageObject\",\"inLanguage\":\"de-DE\",\"@id\":\"https:\/\/www.iplay.com\/de\/games\/golden-rails-tales-of-the-wild-west\/#primaryimage\",\"url\":\"https:\/\/www.iplay.com\/wp-content\/uploads\/2023\/12\/large_square_tile_image-2256.jpg\",\"contentUrl\":\"https:\/\/www.iplay.com\/wp-content\/uploads\/2023\/12\/large_square_tile_image-2256.jpg\",\"width\":310,\"height\":310},{\"@type\":\"BreadcrumbList\",\"@id\":\"https:\/\/www.iplay.com\/de\/games\/golden-rails-tales-of-the-wild-west\/#breadcrumb\",\"itemListElement\":[{\"@type\":\"ListItem\",\"position\":1,\"name\":\"Home\",\"item\":\"https:\/\/www.iplay.com\/de\/home-page-2\/\"},{\"@type\":\"ListItem\",\"position\":2,\"name\":\"Shop\",\"item\":\"https:\/\/www.iplay.com\/en\/shop\/\"},{\"@type\":\"ListItem\",\"position\":3,\"name\":\"Golden Rails: Tales of the Wild West\"}]},{\"@type\":\"WebSite\",\"@id\":\"https:\/\/www.iplay.com\/en\/#website\",\"url\":\"https:\/\/www.iplay.com\/en\/\",\"name\":\"IPlay\",\"description\":\"The Best Casual Games!\",\"publisher\":{\"@id\":\"https:\/\/www.iplay.com\/en\/#organization\"},\"potentialAction\":[{\"@type\":\"SearchAction\",\"target\":{\"@type\":\"EntryPoint\",\"urlTemplate\":\"https:\/\/www.iplay.com\/en\/?s={search_term_string}\"},\"query-input\":{\"@type\":\"PropertyValueSpecification\",\"valueRequired\":true,\"valueName\":\"search_term_string\"}}],\"inLanguage\":\"de-DE\"},{\"@type\":\"Organization\",\"@id\":\"https:\/\/www.iplay.com\/en\/#organization\",\"name\":\"IPlay\",\"url\":\"https:\/\/www.iplay.com\/en\/\",\"logo\":{\"@type\":\"ImageObject\",\"inLanguage\":\"de-DE\",\"@id\":\"https:\/\/www.iplay.com\/en\/#\/schema\/logo\/image\/\",\"url\":\"https:\/\/www.iplay.com\/wp-content\/uploads\/2023\/11\/Group-6100.svg\",\"contentUrl\":\"https:\/\/www.iplay.com\/wp-content\/uploads\/2023\/11\/Group-6100.svg\",\"width\":98,\"height\":25,\"caption\":\"IPlay\"},\"image\":{\"@id\":\"https:\/\/www.iplay.com\/en\/#\/schema\/logo\/image\/\"}}]}<\/script>\n<!-- \/ Yoast SEO Premium plugin. -->","yoast_head_json":{"title":"Golden Rails: Tales of the Wild West - Z\u00e4hme den Wilden Westen und baue eine Eisenbahnlinie von K\u00fcste zu K\u00fcste","description":"Baue eine Eisenbahn von K\u00fcste zu K\u00fcste, um den Wilden Westen zu z\u00e4hmen! Golden Rails: Geschichten vom wilden Krieger","robots":{"index":"index","follow":"follow","max-snippet":"max-snippet:-1","max-image-preview":"max-image-preview:large","max-video-preview":"max-video-preview:-1"},"canonical":"https:\/\/www.iplay.com\/de\/games\/golden-rails-tales-of-the-wild-west\/","og_locale":"de_DE","og_type":"article","og_title":"Golden Rails: Tales of the Wild West","og_description":"Baue eine Eisenbahn von K\u00fcste zu K\u00fcste, um den Wilden Westen zu z\u00e4hmen! Golden Rails: Geschichten vom wilden Krieger","og_url":"https:\/\/www.iplay.com\/de\/games\/golden-rails-tales-of-the-wild-west\/","og_site_name":"IPlay","og_image":[{"width":310,"height":310,"url":"https:\/\/www.iplay.com\/wp-content\/uploads\/2023\/12\/large_square_tile_image-2256.jpg","type":"image\/jpeg"}],"twitter_card":"summary_large_image","twitter_misc":{"Gesch\u00e4tzte Lesezeit":"1 Minute"},"schema":{"@context":"https:\/\/schema.org","@graph":[{"@type":"WebPage","@id":"https:\/\/www.iplay.com\/de\/games\/golden-rails-tales-of-the-wild-west\/","url":"https:\/\/www.iplay.com\/de\/games\/golden-rails-tales-of-the-wild-west\/","name":"Golden Rails: Tales of the Wild West - Z\u00e4hme den Wilden Westen und baue eine Eisenbahnlinie von K\u00fcste zu K\u00fcste","isPartOf":{"@id":"https:\/\/www.iplay.com\/en\/#website"},"primaryImageOfPage":{"@id":"https:\/\/www.iplay.com\/de\/games\/golden-rails-tales-of-the-wild-west\/#primaryimage"},"image":{"@id":"https:\/\/www.iplay.com\/de\/games\/golden-rails-tales-of-the-wild-west\/#primaryimage"},"thumbnailUrl":"https:\/\/www.iplay.com\/wp-content\/uploads\/2023\/12\/large_square_tile_image-2256.jpg","datePublished":"2022-09-01T00:00:00+00:00","description":"Baue eine Eisenbahn von K\u00fcste zu K\u00fcste, um den Wilden Westen zu z\u00e4hmen! Golden Rails: Geschichten vom wilden Krieger","breadcrumb":{"@id":"https:\/\/www.iplay.com\/de\/games\/golden-rails-tales-of-the-wild-west\/#breadcrumb"},"inLanguage":"de-DE","potentialAction":[{"@type":"ReadAction","target":["https:\/\/www.iplay.com\/de\/games\/golden-rails-tales-of-the-wild-west\/"]}]},{"@type":"ImageObject","inLanguage":"de-DE","@id":"https:\/\/www.iplay.com\/de\/games\/golden-rails-tales-of-the-wild-west\/#primaryimage","url":"https:\/\/www.iplay.com\/wp-content\/uploads\/2023\/12\/large_square_tile_image-2256.jpg","contentUrl":"https:\/\/www.iplay.com\/wp-content\/uploads\/2023\/12\/large_square_tile_image-2256.jpg","width":310,"height":310},{"@type":"BreadcrumbList","@id":"https:\/\/www.iplay.com\/de\/games\/golden-rails-tales-of-the-wild-west\/#breadcrumb","itemListElement":[{"@type":"ListItem","position":1,"name":"Home","item":"https:\/\/www.iplay.com\/de\/home-page-2\/"},{"@type":"ListItem","position":2,"name":"Shop","item":"https:\/\/www.iplay.com\/en\/shop\/"},{"@type":"ListItem","position":3,"name":"Golden Rails: Tales of the Wild West"}]},{"@type":"WebSite","@id":"https:\/\/www.iplay.com\/en\/#website","url":"https:\/\/www.iplay.com\/en\/","name":"IPlay","description":"The Best Casual Games!","publisher":{"@id":"https:\/\/www.iplay.com\/en\/#organization"},"potentialAction":[{"@type":"SearchAction","target":{"@type":"EntryPoint","urlTemplate":"https:\/\/www.iplay.com\/en\/?s={search_term_string}"},"query-input":{"@type":"PropertyValueSpecification","valueRequired":true,"valueName":"search_term_string"}}],"inLanguage":"de-DE"},{"@type":"Organization","@id":"https:\/\/www.iplay.com\/en\/#organization","name":"IPlay","url":"https:\/\/www.iplay.com\/en\/","logo":{"@type":"ImageObject","inLanguage":"de-DE","@id":"https:\/\/www.iplay.com\/en\/#\/schema\/logo\/image\/","url":"https:\/\/www.iplay.com\/wp-content\/uploads\/2023\/11\/Group-6100.svg","contentUrl":"https:\/\/www.iplay.com\/wp-content\/uploads\/2023\/11\/Group-6100.svg","width":98,"height":25,"caption":"IPlay"},"image":{"@id":"https:\/\/www.iplay.com\/en\/#\/schema\/logo\/image\/"}}]}},"_links":{"self":[{"href":"https:\/\/www.iplay.com\/de\/wp-json\/wp\/v2\/product\/133830","targetHints":{"allow":["GET"]}}],"collection":[{"href":"https:\/\/www.iplay.com\/de\/wp-json\/wp\/v2\/product"}],"about":[{"href":"https:\/\/www.iplay.com\/de\/wp-json\/wp\/v2\/types\/product"}],"author":[{"embeddable":true,"href":"https:\/\/www.iplay.com\/de\/wp-json\/wp\/v2\/users\/8"}],"replies":[{"embeddable":true,"href":"https:\/\/www.iplay.com\/de\/wp-json\/wp\/v2\/comments?post=133830"}],"wp:featuredmedia":[{"embeddable":true,"href":"https:\/\/www.iplay.com\/de\/wp-json\/wp\/v2\/media\/76137"}],"wp:attachment":[{"href":"https:\/\/www.iplay.com\/de\/wp-json\/wp\/v2\/media?parent=133830"}],"wp:term":[{"taxonomy":"product_brand","embeddable":true,"href":"https:\/\/www.iplay.com\/de\/wp-json\/wp\/v2\/product_brand?post=133830"},{"taxonomy":"product_cat","embeddable":true,"href":"https:\/\/www.iplay.com\/de\/wp-json\/wp\/v2\/product_cat?post=133830"},{"taxonomy":"product_tag","embeddable":true,"href":"https:\/\/www.iplay.com\/de\/wp-json\/wp\/v2\/product_tag?post=133830"}],"curies":[{"name":"wp","href":"https:\/\/api.w.org\/{rel}","templated":true}]}}