{"id":133739,"date":"2022-09-18T00:00:00","date_gmt":"2022-09-18T00:00:00","guid":{"rendered":"https:\/\/www.iplay.com\/games\/viking-heroes-3-collectors-edition\/"},"modified":"2022-09-18T00:00:00","modified_gmt":"2022-09-18T00:00:00","slug":"viking-heroes-3-collectors-edition","status":"publish","type":"product","link":"https:\/\/www.iplay.com\/de\/games\/viking-heroes-3-collectors-edition\/","title":{"rendered":"Viking Heroes 3 Collector&#8217;s Edition"},"content":{"rendered":"<p>Als Belohnung f\u00fcr ihre tapferen Taten werden die vier Wikinger zu einem Festmahl eingeladen, das von den G\u00f6ttern ausgerichtet wird. Als sich unsere Helden mit dem W\u00e4chter der Regenbogenbr\u00fccke nach drau\u00dfen wagen, stellen sie fest, dass Asgards Weg versperrt und die Br\u00fccke zerst\u00f6rt wurde! Es liegt an dir, die Wikinger auf ihrer waghalsigen Mission zu begleiten, den Bifr\u00f6st wiederzubeleben und die Kollision der Reiche zu verhindern!  <\/p>\n<p>&nbsp;<\/p>\n<p>&nbsp;<\/p>\n<p><strong>Funktionen:<\/strong><\/p>\n<p>&#8211; 50 unterhaltsame Levels zum Abschlie\u00dfen<br \/>\n &#8211; Leichte, Normale und Schwere Spielmodi<br \/>\n &#8211; Viele Erfolge zum Verdienen<br \/>\n &#8211; Minispiele<br \/>\n &#8211; Lern-as-you-play-Tutorial<br \/>\n &#8211; Einfaches Point-and-Click-Gameplay<\/p>\n<p>&nbsp;<\/p>\n<p>&nbsp;<\/p>\n<p><strong>Funktionen der Collector&#8217;s Edition:<\/strong><\/p>\n<p>&#8211; 15 Bonus-Levels<br \/>\n &#8211; Herunterladbarer Soundtrack<br \/>\n &#8211; Atemberaubende Desktop-Hintergr\u00fcnde<br \/>\n &#8211; Schritt-f\u00fcr-Schritt-Anleitung<br \/>\n im Spiel &#8211; Eulen zum Sammeln<\/p>\n","protected":false},"excerpt":{"rendered":"<p>Begleite die Wikinger auf ihrer waghalsigen Mission, den Bifr\u00f6st wiederzubeleben und die Kollision der Reiche zu verhindern!<\/p>\n","protected":false},"author":8,"featured_media":90165,"comment_status":"open","ping_status":"closed","template":"","meta":{"_acf_changed":false,"inline_featured_image":false},"product_brand":[],"product_cat":[217],"product_tag":[289],"class_list":{"0":"post-133739","1":"product","2":"type-product","3":"status-publish","4":"has-post-thumbnail","6":"product_cat-time-management-de","7":"product_tag-play-on-pc-de","9":"first","10":"instock","11":"shipping-taxable","12":"purchasable","13":"product-type-simple"},"acf":[],"yoast_head":"<!-- This site is optimized with the Yoast SEO Premium plugin v25.2 (Yoast SEO v25.2) - https:\/\/yoast.com\/wordpress\/plugins\/seo\/ -->\n<title>Viking Heroes 3 Collector&#039;s Edition - Wettlauf gegen die Zeit mit Wikingern, um die Welt vor der ewigen Dunkelheit zu retten<\/title>\n<meta name=\"description\" content=\"Begleite die Wikinger auf ihrer waghalsigen Mission, den Bifr\u00f6st wiederzubeleben und die Kollision der Reiche zu verhindern!\" \/>\n<meta name=\"robots\" content=\"index, follow, max-snippet:-1, max-image-preview:large, max-video-preview:-1\" \/>\n<link rel=\"canonical\" href=\"https:\/\/www.iplay.com\/de\/games\/viking-heroes-3-collectors-edition\/\" \/>\n<meta property=\"og:locale\" content=\"de_DE\" \/>\n<meta property=\"og:type\" content=\"article\" \/>\n<meta property=\"og:title\" content=\"Viking Heroes 3 Collector&#039;s Edition\" \/>\n<meta property=\"og:description\" content=\"Begleite die Wikinger auf ihrer waghalsigen Mission, den Bifr\u00f6st wiederzubeleben und die Kollision der Reiche zu verhindern!\" \/>\n<meta property=\"og:url\" content=\"https:\/\/www.iplay.com\/de\/games\/viking-heroes-3-collectors-edition\/\" \/>\n<meta property=\"og:site_name\" content=\"IPlay\" \/>\n<meta property=\"og:image\" content=\"https:\/\/www.iplay.com\/wp-content\/uploads\/2023\/12\/large_square_tile_image-3149.jpg\" \/>\n\t<meta property=\"og:image:width\" content=\"310\" \/>\n\t<meta property=\"og:image:height\" content=\"310\" \/>\n\t<meta property=\"og:image:type\" content=\"image\/jpeg\" \/>\n<meta name=\"twitter:card\" content=\"summary_large_image\" \/>\n<meta name=\"twitter:label1\" content=\"Gesch\u00e4tzte Lesezeit\" \/>\n\t<meta name=\"twitter:data1\" content=\"1 Minute\" \/>\n<script type=\"application\/ld+json\" class=\"yoast-schema-graph\">{\"@context\":\"https:\/\/schema.org\",\"@graph\":[{\"@type\":\"WebPage\",\"@id\":\"https:\/\/www.iplay.com\/de\/games\/viking-heroes-3-collectors-edition\/\",\"url\":\"https:\/\/www.iplay.com\/de\/games\/viking-heroes-3-collectors-edition\/\",\"name\":\"Viking Heroes 3 Collector's Edition - Wettlauf gegen die Zeit mit Wikingern, um die Welt vor der ewigen Dunkelheit zu retten\",\"isPartOf\":{\"@id\":\"https:\/\/www.iplay.com\/en\/#website\"},\"primaryImageOfPage\":{\"@id\":\"https:\/\/www.iplay.com\/de\/games\/viking-heroes-3-collectors-edition\/#primaryimage\"},\"image\":{\"@id\":\"https:\/\/www.iplay.com\/de\/games\/viking-heroes-3-collectors-edition\/#primaryimage\"},\"thumbnailUrl\":\"https:\/\/www.iplay.com\/wp-content\/uploads\/2023\/12\/large_square_tile_image-3149.jpg\",\"datePublished\":\"2022-09-18T00:00:00+00:00\",\"description\":\"Begleite die Wikinger auf ihrer waghalsigen Mission, den Bifr\u00f6st wiederzubeleben und die Kollision der Reiche zu verhindern!\",\"breadcrumb\":{\"@id\":\"https:\/\/www.iplay.com\/de\/games\/viking-heroes-3-collectors-edition\/#breadcrumb\"},\"inLanguage\":\"de-DE\",\"potentialAction\":[{\"@type\":\"ReadAction\",\"target\":[\"https:\/\/www.iplay.com\/de\/games\/viking-heroes-3-collectors-edition\/\"]}]},{\"@type\":\"ImageObject\",\"inLanguage\":\"de-DE\",\"@id\":\"https:\/\/www.iplay.com\/de\/games\/viking-heroes-3-collectors-edition\/#primaryimage\",\"url\":\"https:\/\/www.iplay.com\/wp-content\/uploads\/2023\/12\/large_square_tile_image-3149.jpg\",\"contentUrl\":\"https:\/\/www.iplay.com\/wp-content\/uploads\/2023\/12\/large_square_tile_image-3149.jpg\",\"width\":310,\"height\":310},{\"@type\":\"BreadcrumbList\",\"@id\":\"https:\/\/www.iplay.com\/de\/games\/viking-heroes-3-collectors-edition\/#breadcrumb\",\"itemListElement\":[{\"@type\":\"ListItem\",\"position\":1,\"name\":\"Home\",\"item\":\"https:\/\/www.iplay.com\/de\/home-page-2\/\"},{\"@type\":\"ListItem\",\"position\":2,\"name\":\"Shop\",\"item\":\"https:\/\/www.iplay.com\/en\/shop\/\"},{\"@type\":\"ListItem\",\"position\":3,\"name\":\"Viking Heroes 3 Collector&#8217;s Edition\"}]},{\"@type\":\"WebSite\",\"@id\":\"https:\/\/www.iplay.com\/en\/#website\",\"url\":\"https:\/\/www.iplay.com\/en\/\",\"name\":\"IPlay\",\"description\":\"The Best Casual Games!\",\"publisher\":{\"@id\":\"https:\/\/www.iplay.com\/en\/#organization\"},\"potentialAction\":[{\"@type\":\"SearchAction\",\"target\":{\"@type\":\"EntryPoint\",\"urlTemplate\":\"https:\/\/www.iplay.com\/en\/?s={search_term_string}\"},\"query-input\":{\"@type\":\"PropertyValueSpecification\",\"valueRequired\":true,\"valueName\":\"search_term_string\"}}],\"inLanguage\":\"de-DE\"},{\"@type\":\"Organization\",\"@id\":\"https:\/\/www.iplay.com\/en\/#organization\",\"name\":\"IPlay\",\"url\":\"https:\/\/www.iplay.com\/en\/\",\"logo\":{\"@type\":\"ImageObject\",\"inLanguage\":\"de-DE\",\"@id\":\"https:\/\/www.iplay.com\/en\/#\/schema\/logo\/image\/\",\"url\":\"https:\/\/www.iplay.com\/wp-content\/uploads\/2023\/11\/Group-6100.svg\",\"contentUrl\":\"https:\/\/www.iplay.com\/wp-content\/uploads\/2023\/11\/Group-6100.svg\",\"width\":98,\"height\":25,\"caption\":\"IPlay\"},\"image\":{\"@id\":\"https:\/\/www.iplay.com\/en\/#\/schema\/logo\/image\/\"}}]}<\/script>\n<!-- \/ Yoast SEO Premium plugin. -->","yoast_head_json":{"title":"Viking Heroes 3 Collector's Edition - Wettlauf gegen die Zeit mit Wikingern, um die Welt vor der ewigen Dunkelheit zu retten","description":"Begleite die Wikinger auf ihrer waghalsigen Mission, den Bifr\u00f6st wiederzubeleben und die Kollision der Reiche zu verhindern!","robots":{"index":"index","follow":"follow","max-snippet":"max-snippet:-1","max-image-preview":"max-image-preview:large","max-video-preview":"max-video-preview:-1"},"canonical":"https:\/\/www.iplay.com\/de\/games\/viking-heroes-3-collectors-edition\/","og_locale":"de_DE","og_type":"article","og_title":"Viking Heroes 3 Collector's Edition","og_description":"Begleite die Wikinger auf ihrer waghalsigen Mission, den Bifr\u00f6st wiederzubeleben und die Kollision der Reiche zu verhindern!","og_url":"https:\/\/www.iplay.com\/de\/games\/viking-heroes-3-collectors-edition\/","og_site_name":"IPlay","og_image":[{"width":310,"height":310,"url":"https:\/\/www.iplay.com\/wp-content\/uploads\/2023\/12\/large_square_tile_image-3149.jpg","type":"image\/jpeg"}],"twitter_card":"summary_large_image","twitter_misc":{"Gesch\u00e4tzte Lesezeit":"1 Minute"},"schema":{"@context":"https:\/\/schema.org","@graph":[{"@type":"WebPage","@id":"https:\/\/www.iplay.com\/de\/games\/viking-heroes-3-collectors-edition\/","url":"https:\/\/www.iplay.com\/de\/games\/viking-heroes-3-collectors-edition\/","name":"Viking Heroes 3 Collector's Edition - Wettlauf gegen die Zeit mit Wikingern, um die Welt vor der ewigen Dunkelheit zu retten","isPartOf":{"@id":"https:\/\/www.iplay.com\/en\/#website"},"primaryImageOfPage":{"@id":"https:\/\/www.iplay.com\/de\/games\/viking-heroes-3-collectors-edition\/#primaryimage"},"image":{"@id":"https:\/\/www.iplay.com\/de\/games\/viking-heroes-3-collectors-edition\/#primaryimage"},"thumbnailUrl":"https:\/\/www.iplay.com\/wp-content\/uploads\/2023\/12\/large_square_tile_image-3149.jpg","datePublished":"2022-09-18T00:00:00+00:00","description":"Begleite die Wikinger auf ihrer waghalsigen Mission, den Bifr\u00f6st wiederzubeleben und die Kollision der Reiche zu verhindern!","breadcrumb":{"@id":"https:\/\/www.iplay.com\/de\/games\/viking-heroes-3-collectors-edition\/#breadcrumb"},"inLanguage":"de-DE","potentialAction":[{"@type":"ReadAction","target":["https:\/\/www.iplay.com\/de\/games\/viking-heroes-3-collectors-edition\/"]}]},{"@type":"ImageObject","inLanguage":"de-DE","@id":"https:\/\/www.iplay.com\/de\/games\/viking-heroes-3-collectors-edition\/#primaryimage","url":"https:\/\/www.iplay.com\/wp-content\/uploads\/2023\/12\/large_square_tile_image-3149.jpg","contentUrl":"https:\/\/www.iplay.com\/wp-content\/uploads\/2023\/12\/large_square_tile_image-3149.jpg","width":310,"height":310},{"@type":"BreadcrumbList","@id":"https:\/\/www.iplay.com\/de\/games\/viking-heroes-3-collectors-edition\/#breadcrumb","itemListElement":[{"@type":"ListItem","position":1,"name":"Home","item":"https:\/\/www.iplay.com\/de\/home-page-2\/"},{"@type":"ListItem","position":2,"name":"Shop","item":"https:\/\/www.iplay.com\/en\/shop\/"},{"@type":"ListItem","position":3,"name":"Viking Heroes 3 Collector&#8217;s Edition"}]},{"@type":"WebSite","@id":"https:\/\/www.iplay.com\/en\/#website","url":"https:\/\/www.iplay.com\/en\/","name":"IPlay","description":"The Best Casual Games!","publisher":{"@id":"https:\/\/www.iplay.com\/en\/#organization"},"potentialAction":[{"@type":"SearchAction","target":{"@type":"EntryPoint","urlTemplate":"https:\/\/www.iplay.com\/en\/?s={search_term_string}"},"query-input":{"@type":"PropertyValueSpecification","valueRequired":true,"valueName":"search_term_string"}}],"inLanguage":"de-DE"},{"@type":"Organization","@id":"https:\/\/www.iplay.com\/en\/#organization","name":"IPlay","url":"https:\/\/www.iplay.com\/en\/","logo":{"@type":"ImageObject","inLanguage":"de-DE","@id":"https:\/\/www.iplay.com\/en\/#\/schema\/logo\/image\/","url":"https:\/\/www.iplay.com\/wp-content\/uploads\/2023\/11\/Group-6100.svg","contentUrl":"https:\/\/www.iplay.com\/wp-content\/uploads\/2023\/11\/Group-6100.svg","width":98,"height":25,"caption":"IPlay"},"image":{"@id":"https:\/\/www.iplay.com\/en\/#\/schema\/logo\/image\/"}}]}},"_links":{"self":[{"href":"https:\/\/www.iplay.com\/de\/wp-json\/wp\/v2\/product\/133739","targetHints":{"allow":["GET"]}}],"collection":[{"href":"https:\/\/www.iplay.com\/de\/wp-json\/wp\/v2\/product"}],"about":[{"href":"https:\/\/www.iplay.com\/de\/wp-json\/wp\/v2\/types\/product"}],"author":[{"embeddable":true,"href":"https:\/\/www.iplay.com\/de\/wp-json\/wp\/v2\/users\/8"}],"replies":[{"embeddable":true,"href":"https:\/\/www.iplay.com\/de\/wp-json\/wp\/v2\/comments?post=133739"}],"wp:featuredmedia":[{"embeddable":true,"href":"https:\/\/www.iplay.com\/de\/wp-json\/wp\/v2\/media\/90165"}],"wp:attachment":[{"href":"https:\/\/www.iplay.com\/de\/wp-json\/wp\/v2\/media?parent=133739"}],"wp:term":[{"taxonomy":"product_brand","embeddable":true,"href":"https:\/\/www.iplay.com\/de\/wp-json\/wp\/v2\/product_brand?post=133739"},{"taxonomy":"product_cat","embeddable":true,"href":"https:\/\/www.iplay.com\/de\/wp-json\/wp\/v2\/product_cat?post=133739"},{"taxonomy":"product_tag","embeddable":true,"href":"https:\/\/www.iplay.com\/de\/wp-json\/wp\/v2\/product_tag?post=133739"}],"curies":[{"name":"wp","href":"https:\/\/api.w.org\/{rel}","templated":true}]}}