{"id":133736,"date":"2022-09-24T00:00:00","date_gmt":"2022-09-24T00:00:00","guid":{"rendered":"https:\/\/www.iplay.com\/games\/camelot-2-quest-for-the-holy-grail-collectors-edition\/"},"modified":"2022-09-24T00:00:00","modified_gmt":"2022-09-24T00:00:00","slug":"camelot-2-quest-for-the-holy-grail-collectors-edition","status":"publish","type":"product","link":"https:\/\/www.iplay.com\/de\/games\/camelot-2-quest-for-the-holy-grail-collectors-edition\/","title":{"rendered":"Camelot 2: Quest for the Holy Grail Collector&#8217;s Edition"},"content":{"rendered":"<p>Beunruhigende Nachrichten ersch\u00fctterten Camelot. K\u00f6nigin Guinevere hat sich eine schreckliche Krankheit zugezogen, und so wurde der Hofmagier an den Hof gerufen. Das Einzige, was die Geliebte von K\u00f6nig Artus vor dem Tod bewahren kann, ist der Heilige Gral, der heilende Eigenschaften hat. Aber es ist schon eine Weile her, und er hat sich in den Weiten von Avalon verloren. Eine r\u00e4tselhafte \u00e4ltere Zauberin behauptet, dass man ihn finden kann, indem man durch Portale geht, die in der H\u00f6hle versteckt sind, und drei verschiedene Reiche erkundet. Aber werden wir in der Lage sein, jedes Hindernis zu \u00fcberwinden und die K\u00f6nigin zu retten?     <\/p>\n<p>&nbsp;<\/p>\n<p>&nbsp;<\/p>\n<p><strong>Funktionen:<\/strong><\/p>\n<p>&nbsp;<\/p>\n<p>&#8211; Bringen Sie Ruhe zur\u00fcck in das Reich von Camelot<\/p>\n<p>&#8211; Ausgezeichnetes Spiel f\u00fcr Fans von Puzzles<\/p>\n<p>&#8211; Suchen Sie nach jedem Morph-Objekt, das in jedem Szenario vorhanden ist<\/p>\n<p>&#8211; Genie\u00dfe den neuesten Teil der Erz\u00e4hlung<\/p>\n<p>&#8211; Vierzig neue Szenen<\/p>\n<p>&#8211; 26 kleine Spiele<\/p>\n","protected":false},"excerpt":{"rendered":"<p>Hilf K\u00f6nig Artus bei der Rettung der sch\u00f6nen Queen Guinevere.<\/p>\n","protected":false},"author":196,"featured_media":90149,"comment_status":"open","ping_status":"closed","template":"","meta":{"_acf_changed":false,"inline_featured_image":false},"product_brand":[],"product_cat":[164],"product_tag":[289],"class_list":{"0":"post-133736","1":"product","2":"type-product","3":"status-publish","4":"has-post-thumbnail","6":"product_cat-hidden-object-de","7":"product_tag-play-on-pc-de","9":"first","10":"instock","11":"shipping-taxable","12":"purchasable","13":"product-type-simple"},"acf":[],"yoast_head":"<!-- This site is optimized with the Yoast SEO Premium plugin v25.2 (Yoast SEO v25.2) - https:\/\/yoast.com\/wordpress\/plugins\/seo\/ -->\n<title>Camelot 2: Quest for the Holy Grail Collector&#039;s Edition - Hilf K\u00f6nig Artus, seine sch\u00f6ne K\u00f6nigin Guinevere zu retten<\/title>\n<meta name=\"description\" content=\"Hilf K\u00f6nig Artus bei der Rettung der sch\u00f6nen Queen Guinevere.\" \/>\n<meta name=\"robots\" content=\"index, follow, max-snippet:-1, max-image-preview:large, max-video-preview:-1\" \/>\n<link rel=\"canonical\" href=\"https:\/\/www.iplay.com\/de\/games\/camelot-2-quest-for-the-holy-grail-collectors-edition\/\" \/>\n<meta property=\"og:locale\" content=\"de_DE\" \/>\n<meta property=\"og:type\" content=\"article\" \/>\n<meta property=\"og:title\" content=\"Camelot 2: Quest for the Holy Grail Collector&#039;s Edition\" \/>\n<meta property=\"og:description\" content=\"Hilf K\u00f6nig Artus bei der Rettung der sch\u00f6nen Queen Guinevere.\" \/>\n<meta property=\"og:url\" content=\"https:\/\/www.iplay.com\/de\/games\/camelot-2-quest-for-the-holy-grail-collectors-edition\/\" \/>\n<meta property=\"og:site_name\" content=\"IPlay\" \/>\n<meta property=\"og:image\" content=\"https:\/\/www.iplay.com\/wp-content\/uploads\/2023\/12\/large_square_tile_image-3148.jpg\" \/>\n\t<meta property=\"og:image:width\" content=\"310\" \/>\n\t<meta property=\"og:image:height\" content=\"310\" \/>\n\t<meta property=\"og:image:type\" content=\"image\/jpeg\" \/>\n<meta name=\"twitter:card\" content=\"summary_large_image\" \/>\n<meta name=\"twitter:label1\" content=\"Gesch\u00e4tzte Lesezeit\" \/>\n\t<meta name=\"twitter:data1\" content=\"1 Minute\" \/>\n<script type=\"application\/ld+json\" class=\"yoast-schema-graph\">{\"@context\":\"https:\/\/schema.org\",\"@graph\":[{\"@type\":\"WebPage\",\"@id\":\"https:\/\/www.iplay.com\/de\/games\/camelot-2-quest-for-the-holy-grail-collectors-edition\/\",\"url\":\"https:\/\/www.iplay.com\/de\/games\/camelot-2-quest-for-the-holy-grail-collectors-edition\/\",\"name\":\"Camelot 2: Quest for the Holy Grail Collector's Edition - Hilf K\u00f6nig Artus, seine sch\u00f6ne K\u00f6nigin Guinevere zu retten\",\"isPartOf\":{\"@id\":\"https:\/\/www.iplay.com\/en\/#website\"},\"primaryImageOfPage\":{\"@id\":\"https:\/\/www.iplay.com\/de\/games\/camelot-2-quest-for-the-holy-grail-collectors-edition\/#primaryimage\"},\"image\":{\"@id\":\"https:\/\/www.iplay.com\/de\/games\/camelot-2-quest-for-the-holy-grail-collectors-edition\/#primaryimage\"},\"thumbnailUrl\":\"https:\/\/www.iplay.com\/wp-content\/uploads\/2023\/12\/large_square_tile_image-3148.jpg\",\"datePublished\":\"2022-09-24T00:00:00+00:00\",\"description\":\"Hilf K\u00f6nig Artus bei der Rettung der sch\u00f6nen Queen Guinevere.\",\"breadcrumb\":{\"@id\":\"https:\/\/www.iplay.com\/de\/games\/camelot-2-quest-for-the-holy-grail-collectors-edition\/#breadcrumb\"},\"inLanguage\":\"de-DE\",\"potentialAction\":[{\"@type\":\"ReadAction\",\"target\":[\"https:\/\/www.iplay.com\/de\/games\/camelot-2-quest-for-the-holy-grail-collectors-edition\/\"]}]},{\"@type\":\"ImageObject\",\"inLanguage\":\"de-DE\",\"@id\":\"https:\/\/www.iplay.com\/de\/games\/camelot-2-quest-for-the-holy-grail-collectors-edition\/#primaryimage\",\"url\":\"https:\/\/www.iplay.com\/wp-content\/uploads\/2023\/12\/large_square_tile_image-3148.jpg\",\"contentUrl\":\"https:\/\/www.iplay.com\/wp-content\/uploads\/2023\/12\/large_square_tile_image-3148.jpg\",\"width\":310,\"height\":310},{\"@type\":\"BreadcrumbList\",\"@id\":\"https:\/\/www.iplay.com\/de\/games\/camelot-2-quest-for-the-holy-grail-collectors-edition\/#breadcrumb\",\"itemListElement\":[{\"@type\":\"ListItem\",\"position\":1,\"name\":\"Home\",\"item\":\"https:\/\/www.iplay.com\/de\/home-page-2\/\"},{\"@type\":\"ListItem\",\"position\":2,\"name\":\"Shop\",\"item\":\"https:\/\/www.iplay.com\/en\/shop\/\"},{\"@type\":\"ListItem\",\"position\":3,\"name\":\"Camelot 2: Quest for the Holy Grail Collector&#8217;s Edition\"}]},{\"@type\":\"WebSite\",\"@id\":\"https:\/\/www.iplay.com\/en\/#website\",\"url\":\"https:\/\/www.iplay.com\/en\/\",\"name\":\"IPlay\",\"description\":\"The Best Casual Games!\",\"publisher\":{\"@id\":\"https:\/\/www.iplay.com\/en\/#organization\"},\"potentialAction\":[{\"@type\":\"SearchAction\",\"target\":{\"@type\":\"EntryPoint\",\"urlTemplate\":\"https:\/\/www.iplay.com\/en\/?s={search_term_string}\"},\"query-input\":{\"@type\":\"PropertyValueSpecification\",\"valueRequired\":true,\"valueName\":\"search_term_string\"}}],\"inLanguage\":\"de-DE\"},{\"@type\":\"Organization\",\"@id\":\"https:\/\/www.iplay.com\/en\/#organization\",\"name\":\"IPlay\",\"url\":\"https:\/\/www.iplay.com\/en\/\",\"logo\":{\"@type\":\"ImageObject\",\"inLanguage\":\"de-DE\",\"@id\":\"https:\/\/www.iplay.com\/en\/#\/schema\/logo\/image\/\",\"url\":\"https:\/\/www.iplay.com\/wp-content\/uploads\/2023\/11\/Group-6100.svg\",\"contentUrl\":\"https:\/\/www.iplay.com\/wp-content\/uploads\/2023\/11\/Group-6100.svg\",\"width\":98,\"height\":25,\"caption\":\"IPlay\"},\"image\":{\"@id\":\"https:\/\/www.iplay.com\/en\/#\/schema\/logo\/image\/\"}}]}<\/script>\n<!-- \/ Yoast SEO Premium plugin. -->","yoast_head_json":{"title":"Camelot 2: Quest for the Holy Grail Collector's Edition - Hilf K\u00f6nig Artus, seine sch\u00f6ne K\u00f6nigin Guinevere zu retten","description":"Hilf K\u00f6nig Artus bei der Rettung der sch\u00f6nen Queen Guinevere.","robots":{"index":"index","follow":"follow","max-snippet":"max-snippet:-1","max-image-preview":"max-image-preview:large","max-video-preview":"max-video-preview:-1"},"canonical":"https:\/\/www.iplay.com\/de\/games\/camelot-2-quest-for-the-holy-grail-collectors-edition\/","og_locale":"de_DE","og_type":"article","og_title":"Camelot 2: Quest for the Holy Grail Collector's Edition","og_description":"Hilf K\u00f6nig Artus bei der Rettung der sch\u00f6nen Queen Guinevere.","og_url":"https:\/\/www.iplay.com\/de\/games\/camelot-2-quest-for-the-holy-grail-collectors-edition\/","og_site_name":"IPlay","og_image":[{"width":310,"height":310,"url":"https:\/\/www.iplay.com\/wp-content\/uploads\/2023\/12\/large_square_tile_image-3148.jpg","type":"image\/jpeg"}],"twitter_card":"summary_large_image","twitter_misc":{"Gesch\u00e4tzte Lesezeit":"1 Minute"},"schema":{"@context":"https:\/\/schema.org","@graph":[{"@type":"WebPage","@id":"https:\/\/www.iplay.com\/de\/games\/camelot-2-quest-for-the-holy-grail-collectors-edition\/","url":"https:\/\/www.iplay.com\/de\/games\/camelot-2-quest-for-the-holy-grail-collectors-edition\/","name":"Camelot 2: Quest for the Holy Grail Collector's Edition - Hilf K\u00f6nig Artus, seine sch\u00f6ne K\u00f6nigin Guinevere zu retten","isPartOf":{"@id":"https:\/\/www.iplay.com\/en\/#website"},"primaryImageOfPage":{"@id":"https:\/\/www.iplay.com\/de\/games\/camelot-2-quest-for-the-holy-grail-collectors-edition\/#primaryimage"},"image":{"@id":"https:\/\/www.iplay.com\/de\/games\/camelot-2-quest-for-the-holy-grail-collectors-edition\/#primaryimage"},"thumbnailUrl":"https:\/\/www.iplay.com\/wp-content\/uploads\/2023\/12\/large_square_tile_image-3148.jpg","datePublished":"2022-09-24T00:00:00+00:00","description":"Hilf K\u00f6nig Artus bei der Rettung der sch\u00f6nen Queen Guinevere.","breadcrumb":{"@id":"https:\/\/www.iplay.com\/de\/games\/camelot-2-quest-for-the-holy-grail-collectors-edition\/#breadcrumb"},"inLanguage":"de-DE","potentialAction":[{"@type":"ReadAction","target":["https:\/\/www.iplay.com\/de\/games\/camelot-2-quest-for-the-holy-grail-collectors-edition\/"]}]},{"@type":"ImageObject","inLanguage":"de-DE","@id":"https:\/\/www.iplay.com\/de\/games\/camelot-2-quest-for-the-holy-grail-collectors-edition\/#primaryimage","url":"https:\/\/www.iplay.com\/wp-content\/uploads\/2023\/12\/large_square_tile_image-3148.jpg","contentUrl":"https:\/\/www.iplay.com\/wp-content\/uploads\/2023\/12\/large_square_tile_image-3148.jpg","width":310,"height":310},{"@type":"BreadcrumbList","@id":"https:\/\/www.iplay.com\/de\/games\/camelot-2-quest-for-the-holy-grail-collectors-edition\/#breadcrumb","itemListElement":[{"@type":"ListItem","position":1,"name":"Home","item":"https:\/\/www.iplay.com\/de\/home-page-2\/"},{"@type":"ListItem","position":2,"name":"Shop","item":"https:\/\/www.iplay.com\/en\/shop\/"},{"@type":"ListItem","position":3,"name":"Camelot 2: Quest for the Holy Grail Collector&#8217;s Edition"}]},{"@type":"WebSite","@id":"https:\/\/www.iplay.com\/en\/#website","url":"https:\/\/www.iplay.com\/en\/","name":"IPlay","description":"The Best Casual Games!","publisher":{"@id":"https:\/\/www.iplay.com\/en\/#organization"},"potentialAction":[{"@type":"SearchAction","target":{"@type":"EntryPoint","urlTemplate":"https:\/\/www.iplay.com\/en\/?s={search_term_string}"},"query-input":{"@type":"PropertyValueSpecification","valueRequired":true,"valueName":"search_term_string"}}],"inLanguage":"de-DE"},{"@type":"Organization","@id":"https:\/\/www.iplay.com\/en\/#organization","name":"IPlay","url":"https:\/\/www.iplay.com\/en\/","logo":{"@type":"ImageObject","inLanguage":"de-DE","@id":"https:\/\/www.iplay.com\/en\/#\/schema\/logo\/image\/","url":"https:\/\/www.iplay.com\/wp-content\/uploads\/2023\/11\/Group-6100.svg","contentUrl":"https:\/\/www.iplay.com\/wp-content\/uploads\/2023\/11\/Group-6100.svg","width":98,"height":25,"caption":"IPlay"},"image":{"@id":"https:\/\/www.iplay.com\/en\/#\/schema\/logo\/image\/"}}]}},"_links":{"self":[{"href":"https:\/\/www.iplay.com\/de\/wp-json\/wp\/v2\/product\/133736","targetHints":{"allow":["GET"]}}],"collection":[{"href":"https:\/\/www.iplay.com\/de\/wp-json\/wp\/v2\/product"}],"about":[{"href":"https:\/\/www.iplay.com\/de\/wp-json\/wp\/v2\/types\/product"}],"author":[{"embeddable":true,"href":"https:\/\/www.iplay.com\/de\/wp-json\/wp\/v2\/users\/196"}],"replies":[{"embeddable":true,"href":"https:\/\/www.iplay.com\/de\/wp-json\/wp\/v2\/comments?post=133736"}],"wp:featuredmedia":[{"embeddable":true,"href":"https:\/\/www.iplay.com\/de\/wp-json\/wp\/v2\/media\/90149"}],"wp:attachment":[{"href":"https:\/\/www.iplay.com\/de\/wp-json\/wp\/v2\/media?parent=133736"}],"wp:term":[{"taxonomy":"product_brand","embeddable":true,"href":"https:\/\/www.iplay.com\/de\/wp-json\/wp\/v2\/product_brand?post=133736"},{"taxonomy":"product_cat","embeddable":true,"href":"https:\/\/www.iplay.com\/de\/wp-json\/wp\/v2\/product_cat?post=133736"},{"taxonomy":"product_tag","embeddable":true,"href":"https:\/\/www.iplay.com\/de\/wp-json\/wp\/v2\/product_tag?post=133736"}],"curies":[{"name":"wp","href":"https:\/\/api.w.org\/{rel}","templated":true}]}}