{"id":133731,"date":"2022-10-01T00:00:00","date_gmt":"2022-10-01T00:00:00","guid":{"rendered":"https:\/\/www.iplay.com\/games\/elenas-journal-unfinished-expedition\/"},"modified":"2022-10-01T00:00:00","modified_gmt":"2022-10-01T00:00:00","slug":"elenas-journal-unfinished-expedition","status":"publish","type":"product","link":"https:\/\/www.iplay.com\/de\/games\/elenas-journal-unfinished-expedition\/","title":{"rendered":"Elena&#8217;s Journal &#8211; Unfinished Expedition"},"content":{"rendered":"<p>Auch wenn die Chancen gegen sie stehen, weigert sich Elena, eine junge Frau in der akademischen Welt, zu akzeptieren, dass sie ewig Kaffee servieren muss. Ihr Vater ist vor Jahren bei einer Expedition ums Leben gekommen, und seitdem hat sie an nichts mehr gedacht. Ist am Ort der ersten Ausgrabung noch etwas vergraben? Was ist da passiert, dass jemand gestorben ist? Elena wird nicht aufh\u00f6ren, bis sie es herausgefunden hat! Eines ist sie sich jedoch sicher, trotz der besten Versuche des \u00e4lteren Professors und seiner (sehr!) charmanten Assistentin, ihr das auszureden: Niemand h\u00e4tte die Dokumente der Expedition ihres Vaters gestohlen, wenn es keine Geheimnisse in der Vergangenheit gegeben h\u00e4tte. Wer versucht, ihre Geschichte vor ihr zu verbergen? Konkret, was sollte sie nicht lernen? Und wer ist die unbekannte Frau, die sie aus der Ferne beobachtet? Eine Reise ist angesagt! In der Stadt der Amazonen gibt es viel zu tun, aber die eigentliche Frage ist: Inwieweit sind Sie bereit, ein Risiko einzugehen? Arbeit? Verb\u00fcndete? Du alleine?             <\/p>\n<p>&nbsp;<\/p>\n<p><strong>Funktionen:<\/strong><\/p>\n<p>&nbsp;<\/p>\n<p>&#8211; Arch\u00e4ologe werden; Sie werden feststellen, dass ihr Beruf weitaus mysteri\u00f6ser ist, als Sie es sich h\u00e4tten vorstellen k\u00f6nnen.<\/p>\n<p>&#8211; Spiele eine Geschichte, in der Vergangenheit und Gegenwart aufeinanderprallen und es viele \u00fcberraschende Wendungen in der Handlung gibt.<\/p>\n<p>&#8211; Lernen Sie jeden der faszinierenden Nebendarsteller kennen. Wer ist Ihrer Meinung nach vertrauensw\u00fcrdig? Oder wer deine Zuneigung verdient?  <\/p>\n<p>&#8211; Lassen Sie sich von der ruhigen Musik und der atemberaubenden Umgebung verzaubern. Von der ehemaligen Universit\u00e4t, \u00fcber den r\u00e4tselhaften Antiquit\u00e4tenladen bis hin zur Amazonasstadt! <\/p>\n<p>&#8211; W\u00e4hlen Sie aus drei verschiedenen Schwierigkeitsstufen, um den Schwierigkeitsgrad nach Ihren W\u00fcnschen anzupassen.<\/p>\n<p>&#8211; Finde vor allem heraus, welche Geheimnisse in der Stadt der Amazonen lauern!<\/p>\n","protected":false},"excerpt":{"rendered":"<p>Freuen Sie sich auf Romantik und Aufregung! K\u00f6nntest du bitte Elena helfen? Sie muss das Geheimnis der Stadt der Amazonen l\u00fcften!  <\/p>\n","protected":false},"author":128,"featured_media":75872,"comment_status":"open","ping_status":"closed","template":"","meta":{"_acf_changed":false,"inline_featured_image":false},"product_brand":[],"product_cat":[217],"product_tag":[289,352],"class_list":{"0":"post-133731","1":"product","2":"type-product","3":"status-publish","4":"has-post-thumbnail","6":"product_cat-time-management-de","7":"product_tag-play-on-pc-de","8":"product_tag-valentines-day-de-2","10":"first","11":"instock","12":"shipping-taxable","13":"purchasable","14":"product-type-simple"},"acf":[],"yoast_head":"<!-- This site is optimized with the Yoast SEO Premium plugin v25.2 (Yoast SEO v25.2) - https:\/\/yoast.com\/wordpress\/plugins\/seo\/ -->\n<title>Elenas Tagebuch - Unvollendete Expedition - Elenas Geheimnis aus der Stadt der Amazonen: Entdecke die Wunder der Amazone<\/title>\n<meta name=\"description\" content=\"Freuen Sie sich auf Romantik und Aufregung! K\u00f6nntest du bitte Elena helfen? Sie muss das Geheimnis der Stadt der Amazonen l\u00fcften!\" \/>\n<meta name=\"robots\" content=\"index, follow, max-snippet:-1, max-image-preview:large, max-video-preview:-1\" \/>\n<link rel=\"canonical\" href=\"https:\/\/www.iplay.com\/de\/games\/elenas-journal-unfinished-expedition\/\" \/>\n<meta property=\"og:locale\" content=\"de_DE\" \/>\n<meta property=\"og:type\" content=\"article\" \/>\n<meta property=\"og:title\" content=\"Elena&#039;s Journal - Unfinished Expedition\" \/>\n<meta property=\"og:description\" content=\"Freuen Sie sich auf Romantik und Aufregung! K\u00f6nntest du bitte Elena helfen? Sie muss das Geheimnis der Stadt der Amazonen l\u00fcften!\" \/>\n<meta property=\"og:url\" content=\"https:\/\/www.iplay.com\/de\/games\/elenas-journal-unfinished-expedition\/\" \/>\n<meta property=\"og:site_name\" content=\"IPlay\" \/>\n<meta property=\"og:image\" content=\"https:\/\/www.iplay.com\/wp-content\/uploads\/2023\/12\/large_square_tile_image-2237.jpg\" \/>\n\t<meta property=\"og:image:width\" content=\"310\" \/>\n\t<meta property=\"og:image:height\" content=\"310\" \/>\n\t<meta property=\"og:image:type\" content=\"image\/jpeg\" \/>\n<meta name=\"twitter:card\" content=\"summary_large_image\" \/>\n<meta name=\"twitter:label1\" content=\"Gesch\u00e4tzte Lesezeit\" \/>\n\t<meta name=\"twitter:data1\" content=\"1 Minute\" \/>\n<script type=\"application\/ld+json\" class=\"yoast-schema-graph\">{\"@context\":\"https:\/\/schema.org\",\"@graph\":[{\"@type\":\"WebPage\",\"@id\":\"https:\/\/www.iplay.com\/de\/games\/elenas-journal-unfinished-expedition\/\",\"url\":\"https:\/\/www.iplay.com\/de\/games\/elenas-journal-unfinished-expedition\/\",\"name\":\"Elenas Tagebuch - Unvollendete Expedition - Elenas Geheimnis aus der Stadt der Amazonen: Entdecke die Wunder der Amazone\",\"isPartOf\":{\"@id\":\"https:\/\/www.iplay.com\/en\/#website\"},\"primaryImageOfPage\":{\"@id\":\"https:\/\/www.iplay.com\/de\/games\/elenas-journal-unfinished-expedition\/#primaryimage\"},\"image\":{\"@id\":\"https:\/\/www.iplay.com\/de\/games\/elenas-journal-unfinished-expedition\/#primaryimage\"},\"thumbnailUrl\":\"https:\/\/www.iplay.com\/wp-content\/uploads\/2023\/12\/large_square_tile_image-2237.jpg\",\"datePublished\":\"2022-10-01T00:00:00+00:00\",\"description\":\"Freuen Sie sich auf Romantik und Aufregung! K\u00f6nntest du bitte Elena helfen? Sie muss das Geheimnis der Stadt der Amazonen l\u00fcften!\",\"breadcrumb\":{\"@id\":\"https:\/\/www.iplay.com\/de\/games\/elenas-journal-unfinished-expedition\/#breadcrumb\"},\"inLanguage\":\"de-DE\",\"potentialAction\":[{\"@type\":\"ReadAction\",\"target\":[\"https:\/\/www.iplay.com\/de\/games\/elenas-journal-unfinished-expedition\/\"]}]},{\"@type\":\"ImageObject\",\"inLanguage\":\"de-DE\",\"@id\":\"https:\/\/www.iplay.com\/de\/games\/elenas-journal-unfinished-expedition\/#primaryimage\",\"url\":\"https:\/\/www.iplay.com\/wp-content\/uploads\/2023\/12\/large_square_tile_image-2237.jpg\",\"contentUrl\":\"https:\/\/www.iplay.com\/wp-content\/uploads\/2023\/12\/large_square_tile_image-2237.jpg\",\"width\":310,\"height\":310},{\"@type\":\"BreadcrumbList\",\"@id\":\"https:\/\/www.iplay.com\/de\/games\/elenas-journal-unfinished-expedition\/#breadcrumb\",\"itemListElement\":[{\"@type\":\"ListItem\",\"position\":1,\"name\":\"Home\",\"item\":\"https:\/\/www.iplay.com\/de\/home-page-2\/\"},{\"@type\":\"ListItem\",\"position\":2,\"name\":\"Shop\",\"item\":\"https:\/\/www.iplay.com\/en\/shop\/\"},{\"@type\":\"ListItem\",\"position\":3,\"name\":\"Elena&#8217;s Journal &#8211; Unfinished Expedition\"}]},{\"@type\":\"WebSite\",\"@id\":\"https:\/\/www.iplay.com\/en\/#website\",\"url\":\"https:\/\/www.iplay.com\/en\/\",\"name\":\"IPlay\",\"description\":\"The Best Casual Games!\",\"publisher\":{\"@id\":\"https:\/\/www.iplay.com\/en\/#organization\"},\"potentialAction\":[{\"@type\":\"SearchAction\",\"target\":{\"@type\":\"EntryPoint\",\"urlTemplate\":\"https:\/\/www.iplay.com\/en\/?s={search_term_string}\"},\"query-input\":{\"@type\":\"PropertyValueSpecification\",\"valueRequired\":true,\"valueName\":\"search_term_string\"}}],\"inLanguage\":\"de-DE\"},{\"@type\":\"Organization\",\"@id\":\"https:\/\/www.iplay.com\/en\/#organization\",\"name\":\"IPlay\",\"url\":\"https:\/\/www.iplay.com\/en\/\",\"logo\":{\"@type\":\"ImageObject\",\"inLanguage\":\"de-DE\",\"@id\":\"https:\/\/www.iplay.com\/en\/#\/schema\/logo\/image\/\",\"url\":\"https:\/\/www.iplay.com\/wp-content\/uploads\/2023\/11\/Group-6100.svg\",\"contentUrl\":\"https:\/\/www.iplay.com\/wp-content\/uploads\/2023\/11\/Group-6100.svg\",\"width\":98,\"height\":25,\"caption\":\"IPlay\"},\"image\":{\"@id\":\"https:\/\/www.iplay.com\/en\/#\/schema\/logo\/image\/\"}}]}<\/script>\n<!-- \/ Yoast SEO Premium plugin. -->","yoast_head_json":{"title":"Elenas Tagebuch - Unvollendete Expedition - Elenas Geheimnis aus der Stadt der Amazonen: Entdecke die Wunder der Amazone","description":"Freuen Sie sich auf Romantik und Aufregung! K\u00f6nntest du bitte Elena helfen? Sie muss das Geheimnis der Stadt der Amazonen l\u00fcften!","robots":{"index":"index","follow":"follow","max-snippet":"max-snippet:-1","max-image-preview":"max-image-preview:large","max-video-preview":"max-video-preview:-1"},"canonical":"https:\/\/www.iplay.com\/de\/games\/elenas-journal-unfinished-expedition\/","og_locale":"de_DE","og_type":"article","og_title":"Elena's Journal - Unfinished Expedition","og_description":"Freuen Sie sich auf Romantik und Aufregung! K\u00f6nntest du bitte Elena helfen? Sie muss das Geheimnis der Stadt der Amazonen l\u00fcften!","og_url":"https:\/\/www.iplay.com\/de\/games\/elenas-journal-unfinished-expedition\/","og_site_name":"IPlay","og_image":[{"width":310,"height":310,"url":"https:\/\/www.iplay.com\/wp-content\/uploads\/2023\/12\/large_square_tile_image-2237.jpg","type":"image\/jpeg"}],"twitter_card":"summary_large_image","twitter_misc":{"Gesch\u00e4tzte Lesezeit":"1 Minute"},"schema":{"@context":"https:\/\/schema.org","@graph":[{"@type":"WebPage","@id":"https:\/\/www.iplay.com\/de\/games\/elenas-journal-unfinished-expedition\/","url":"https:\/\/www.iplay.com\/de\/games\/elenas-journal-unfinished-expedition\/","name":"Elenas Tagebuch - Unvollendete Expedition - Elenas Geheimnis aus der Stadt der Amazonen: Entdecke die Wunder der Amazone","isPartOf":{"@id":"https:\/\/www.iplay.com\/en\/#website"},"primaryImageOfPage":{"@id":"https:\/\/www.iplay.com\/de\/games\/elenas-journal-unfinished-expedition\/#primaryimage"},"image":{"@id":"https:\/\/www.iplay.com\/de\/games\/elenas-journal-unfinished-expedition\/#primaryimage"},"thumbnailUrl":"https:\/\/www.iplay.com\/wp-content\/uploads\/2023\/12\/large_square_tile_image-2237.jpg","datePublished":"2022-10-01T00:00:00+00:00","description":"Freuen Sie sich auf Romantik und Aufregung! K\u00f6nntest du bitte Elena helfen? Sie muss das Geheimnis der Stadt der Amazonen l\u00fcften!","breadcrumb":{"@id":"https:\/\/www.iplay.com\/de\/games\/elenas-journal-unfinished-expedition\/#breadcrumb"},"inLanguage":"de-DE","potentialAction":[{"@type":"ReadAction","target":["https:\/\/www.iplay.com\/de\/games\/elenas-journal-unfinished-expedition\/"]}]},{"@type":"ImageObject","inLanguage":"de-DE","@id":"https:\/\/www.iplay.com\/de\/games\/elenas-journal-unfinished-expedition\/#primaryimage","url":"https:\/\/www.iplay.com\/wp-content\/uploads\/2023\/12\/large_square_tile_image-2237.jpg","contentUrl":"https:\/\/www.iplay.com\/wp-content\/uploads\/2023\/12\/large_square_tile_image-2237.jpg","width":310,"height":310},{"@type":"BreadcrumbList","@id":"https:\/\/www.iplay.com\/de\/games\/elenas-journal-unfinished-expedition\/#breadcrumb","itemListElement":[{"@type":"ListItem","position":1,"name":"Home","item":"https:\/\/www.iplay.com\/de\/home-page-2\/"},{"@type":"ListItem","position":2,"name":"Shop","item":"https:\/\/www.iplay.com\/en\/shop\/"},{"@type":"ListItem","position":3,"name":"Elena&#8217;s Journal &#8211; Unfinished Expedition"}]},{"@type":"WebSite","@id":"https:\/\/www.iplay.com\/en\/#website","url":"https:\/\/www.iplay.com\/en\/","name":"IPlay","description":"The Best Casual Games!","publisher":{"@id":"https:\/\/www.iplay.com\/en\/#organization"},"potentialAction":[{"@type":"SearchAction","target":{"@type":"EntryPoint","urlTemplate":"https:\/\/www.iplay.com\/en\/?s={search_term_string}"},"query-input":{"@type":"PropertyValueSpecification","valueRequired":true,"valueName":"search_term_string"}}],"inLanguage":"de-DE"},{"@type":"Organization","@id":"https:\/\/www.iplay.com\/en\/#organization","name":"IPlay","url":"https:\/\/www.iplay.com\/en\/","logo":{"@type":"ImageObject","inLanguage":"de-DE","@id":"https:\/\/www.iplay.com\/en\/#\/schema\/logo\/image\/","url":"https:\/\/www.iplay.com\/wp-content\/uploads\/2023\/11\/Group-6100.svg","contentUrl":"https:\/\/www.iplay.com\/wp-content\/uploads\/2023\/11\/Group-6100.svg","width":98,"height":25,"caption":"IPlay"},"image":{"@id":"https:\/\/www.iplay.com\/en\/#\/schema\/logo\/image\/"}}]}},"_links":{"self":[{"href":"https:\/\/www.iplay.com\/de\/wp-json\/wp\/v2\/product\/133731","targetHints":{"allow":["GET"]}}],"collection":[{"href":"https:\/\/www.iplay.com\/de\/wp-json\/wp\/v2\/product"}],"about":[{"href":"https:\/\/www.iplay.com\/de\/wp-json\/wp\/v2\/types\/product"}],"author":[{"embeddable":true,"href":"https:\/\/www.iplay.com\/de\/wp-json\/wp\/v2\/users\/128"}],"replies":[{"embeddable":true,"href":"https:\/\/www.iplay.com\/de\/wp-json\/wp\/v2\/comments?post=133731"}],"wp:featuredmedia":[{"embeddable":true,"href":"https:\/\/www.iplay.com\/de\/wp-json\/wp\/v2\/media\/75872"}],"wp:attachment":[{"href":"https:\/\/www.iplay.com\/de\/wp-json\/wp\/v2\/media?parent=133731"}],"wp:term":[{"taxonomy":"product_brand","embeddable":true,"href":"https:\/\/www.iplay.com\/de\/wp-json\/wp\/v2\/product_brand?post=133731"},{"taxonomy":"product_cat","embeddable":true,"href":"https:\/\/www.iplay.com\/de\/wp-json\/wp\/v2\/product_cat?post=133731"},{"taxonomy":"product_tag","embeddable":true,"href":"https:\/\/www.iplay.com\/de\/wp-json\/wp\/v2\/product_tag?post=133731"}],"curies":[{"name":"wp","href":"https:\/\/api.w.org\/{rel}","templated":true}]}}