{"id":133662,"date":"2024-04-08T16:52:05","date_gmt":"2024-04-08T16:52:05","guid":{"rendered":"https:\/\/www.iplay.com\/games\/solitaire-quest\/"},"modified":"2024-04-08T16:52:05","modified_gmt":"2024-04-08T16:52:05","slug":"solitaire-quest","status":"publish","type":"product","link":"https:\/\/www.iplay.com\/de\/games\/solitaire-quest\/","title":{"rendered":"Solitaire Quest"},"content":{"rendered":"<p>Solitaire Quest nimmt dich mit auf eine Reise voller Kartenspiel-Herausforderungen unter der gl\u00fchenden Sonne des Karibiks.<\/p>\n<p>Das Spiel basiert auf den klassischen Solit\u00e4r-Regeln. Um das Spielfeld aufzur\u00e4umen, kannst du Karten sammeln, die eine Karte \u00fcber oder unter deiner Basiskarte liegen. <\/p>\n<p>Damit es noch mehr Spa\u00df macht, kannst du von den gesammelten Punkten hilfreiche Extras kaufen.<\/p>\n<p>Ein Joker kann jede beliebige Karte sein, zus\u00e4tzliche Karten geben dir mehr Flexibilit\u00e4t und die dritte zus\u00e4tzliche Karte schaltet sofort die goldenen Karten frei, die du fangen musst, um das Level zu beenden.<\/p>\n<p>Triffst du die richtigen Entscheidungen und beendest das Level mit gen\u00fcgend Punkten, um drei Sterne zu erhalten? Spielen Sie Solitaire Quest jetzt kostenlos!<\/p>\n","protected":false},"excerpt":{"rendered":"<p>Begeben Sie sich auf eine Reise voller Kartenspiel-Herausforderungen!<\/p>\n","protected":false},"author":326,"featured_media":117975,"comment_status":"open","ping_status":"closed","template":"","meta":{"_acf_changed":false,"inline_featured_image":false},"product_brand":[],"product_cat":[157,180,206],"product_tag":[284,299,289],"class_list":{"0":"post-133662","1":"product","2":"type-product","3":"status-publish","4":"has-post-thumbnail","6":"product_cat-card-de-2","7":"product_cat-mobile-games-de","8":"product_cat-solitaire-de","9":"product_tag-play-on-mac-de","10":"product_tag-play-on-mobile-de","11":"product_tag-play-on-pc-de","13":"first","14":"instock","15":"shipping-taxable","16":"purchasable","17":"product-type-html5_game"},"acf":[],"yoast_head":"<!-- This site is optimized with the Yoast SEO Premium plugin v25.2 (Yoast SEO v25.2) - https:\/\/yoast.com\/wordpress\/plugins\/seo\/ -->\n<title>Solitaire Quest - Spielen Sie auf IPlay<\/title>\n<meta name=\"description\" content=\"Begeben Sie sich auf eine Reise voller Kartenspiel-Herausforderungen!\" \/>\n<meta name=\"robots\" content=\"index, follow, max-snippet:-1, max-image-preview:large, max-video-preview:-1\" \/>\n<link rel=\"canonical\" href=\"https:\/\/www.iplay.com\/de\/games\/solitaire-quest\/\" \/>\n<meta property=\"og:locale\" content=\"de_DE\" \/>\n<meta property=\"og:type\" content=\"article\" \/>\n<meta property=\"og:title\" content=\"Solitaire Quest\" \/>\n<meta property=\"og:description\" content=\"Begeben Sie sich auf eine Reise voller Kartenspiel-Herausforderungen!\" \/>\n<meta property=\"og:url\" content=\"https:\/\/www.iplay.com\/de\/games\/solitaire-quest\/\" \/>\n<meta property=\"og:site_name\" content=\"IPlay\" \/>\n<meta property=\"og:image\" content=\"https:\/\/www.iplay.com\/wp-content\/uploads\/2024\/04\/solitaire_quest_thumb200x200-2.webp\" \/>\n\t<meta property=\"og:image:width\" content=\"715\" \/>\n\t<meta property=\"og:image:height\" content=\"485\" \/>\n\t<meta property=\"og:image:type\" content=\"image\/webp\" \/>\n<meta name=\"twitter:card\" content=\"summary_large_image\" \/>\n<meta name=\"twitter:label1\" content=\"Gesch\u00e4tzte Lesezeit\" \/>\n\t<meta name=\"twitter:data1\" content=\"1 Minute\" \/>\n<script type=\"application\/ld+json\" class=\"yoast-schema-graph\">{\"@context\":\"https:\/\/schema.org\",\"@graph\":[{\"@type\":\"WebPage\",\"@id\":\"https:\/\/www.iplay.com\/de\/games\/solitaire-quest\/\",\"url\":\"https:\/\/www.iplay.com\/de\/games\/solitaire-quest\/\",\"name\":\"Solitaire Quest - Spielen Sie auf IPlay\",\"isPartOf\":{\"@id\":\"https:\/\/www.iplay.com\/en\/#website\"},\"primaryImageOfPage\":{\"@id\":\"https:\/\/www.iplay.com\/de\/games\/solitaire-quest\/#primaryimage\"},\"image\":{\"@id\":\"https:\/\/www.iplay.com\/de\/games\/solitaire-quest\/#primaryimage\"},\"thumbnailUrl\":\"https:\/\/www.iplay.com\/wp-content\/uploads\/2024\/04\/solitaire_quest_thumb200x200-2.webp\",\"datePublished\":\"2024-04-08T16:52:05+00:00\",\"description\":\"Begeben Sie sich auf eine Reise voller Kartenspiel-Herausforderungen!\",\"breadcrumb\":{\"@id\":\"https:\/\/www.iplay.com\/de\/games\/solitaire-quest\/#breadcrumb\"},\"inLanguage\":\"de-DE\",\"potentialAction\":[{\"@type\":\"ReadAction\",\"target\":[\"https:\/\/www.iplay.com\/de\/games\/solitaire-quest\/\"]}]},{\"@type\":\"ImageObject\",\"inLanguage\":\"de-DE\",\"@id\":\"https:\/\/www.iplay.com\/de\/games\/solitaire-quest\/#primaryimage\",\"url\":\"https:\/\/www.iplay.com\/wp-content\/uploads\/2024\/04\/solitaire_quest_thumb200x200-2.webp\",\"contentUrl\":\"https:\/\/www.iplay.com\/wp-content\/uploads\/2024\/04\/solitaire_quest_thumb200x200-2.webp\",\"width\":715,\"height\":485},{\"@type\":\"BreadcrumbList\",\"@id\":\"https:\/\/www.iplay.com\/de\/games\/solitaire-quest\/#breadcrumb\",\"itemListElement\":[{\"@type\":\"ListItem\",\"position\":1,\"name\":\"Home\",\"item\":\"https:\/\/www.iplay.com\/de\/home-page-2\/\"},{\"@type\":\"ListItem\",\"position\":2,\"name\":\"Shop\",\"item\":\"https:\/\/www.iplay.com\/en\/shop\/\"},{\"@type\":\"ListItem\",\"position\":3,\"name\":\"Solitaire Quest\"}]},{\"@type\":\"WebSite\",\"@id\":\"https:\/\/www.iplay.com\/en\/#website\",\"url\":\"https:\/\/www.iplay.com\/en\/\",\"name\":\"IPlay\",\"description\":\"The Best Casual Games!\",\"publisher\":{\"@id\":\"https:\/\/www.iplay.com\/en\/#organization\"},\"potentialAction\":[{\"@type\":\"SearchAction\",\"target\":{\"@type\":\"EntryPoint\",\"urlTemplate\":\"https:\/\/www.iplay.com\/en\/?s={search_term_string}\"},\"query-input\":{\"@type\":\"PropertyValueSpecification\",\"valueRequired\":true,\"valueName\":\"search_term_string\"}}],\"inLanguage\":\"de-DE\"},{\"@type\":\"Organization\",\"@id\":\"https:\/\/www.iplay.com\/en\/#organization\",\"name\":\"IPlay\",\"url\":\"https:\/\/www.iplay.com\/en\/\",\"logo\":{\"@type\":\"ImageObject\",\"inLanguage\":\"de-DE\",\"@id\":\"https:\/\/www.iplay.com\/en\/#\/schema\/logo\/image\/\",\"url\":\"https:\/\/www.iplay.com\/wp-content\/uploads\/2023\/11\/Group-6100.svg\",\"contentUrl\":\"https:\/\/www.iplay.com\/wp-content\/uploads\/2023\/11\/Group-6100.svg\",\"width\":98,\"height\":25,\"caption\":\"IPlay\"},\"image\":{\"@id\":\"https:\/\/www.iplay.com\/en\/#\/schema\/logo\/image\/\"}}]}<\/script>\n<!-- \/ Yoast SEO Premium plugin. -->","yoast_head_json":{"title":"Solitaire Quest - Spielen Sie auf IPlay","description":"Begeben Sie sich auf eine Reise voller Kartenspiel-Herausforderungen!","robots":{"index":"index","follow":"follow","max-snippet":"max-snippet:-1","max-image-preview":"max-image-preview:large","max-video-preview":"max-video-preview:-1"},"canonical":"https:\/\/www.iplay.com\/de\/games\/solitaire-quest\/","og_locale":"de_DE","og_type":"article","og_title":"Solitaire Quest","og_description":"Begeben Sie sich auf eine Reise voller Kartenspiel-Herausforderungen!","og_url":"https:\/\/www.iplay.com\/de\/games\/solitaire-quest\/","og_site_name":"IPlay","og_image":[{"width":715,"height":485,"url":"https:\/\/www.iplay.com\/wp-content\/uploads\/2024\/04\/solitaire_quest_thumb200x200-2.webp","type":"image\/webp"}],"twitter_card":"summary_large_image","twitter_misc":{"Gesch\u00e4tzte Lesezeit":"1 Minute"},"schema":{"@context":"https:\/\/schema.org","@graph":[{"@type":"WebPage","@id":"https:\/\/www.iplay.com\/de\/games\/solitaire-quest\/","url":"https:\/\/www.iplay.com\/de\/games\/solitaire-quest\/","name":"Solitaire Quest - Spielen Sie auf IPlay","isPartOf":{"@id":"https:\/\/www.iplay.com\/en\/#website"},"primaryImageOfPage":{"@id":"https:\/\/www.iplay.com\/de\/games\/solitaire-quest\/#primaryimage"},"image":{"@id":"https:\/\/www.iplay.com\/de\/games\/solitaire-quest\/#primaryimage"},"thumbnailUrl":"https:\/\/www.iplay.com\/wp-content\/uploads\/2024\/04\/solitaire_quest_thumb200x200-2.webp","datePublished":"2024-04-08T16:52:05+00:00","description":"Begeben Sie sich auf eine Reise voller Kartenspiel-Herausforderungen!","breadcrumb":{"@id":"https:\/\/www.iplay.com\/de\/games\/solitaire-quest\/#breadcrumb"},"inLanguage":"de-DE","potentialAction":[{"@type":"ReadAction","target":["https:\/\/www.iplay.com\/de\/games\/solitaire-quest\/"]}]},{"@type":"ImageObject","inLanguage":"de-DE","@id":"https:\/\/www.iplay.com\/de\/games\/solitaire-quest\/#primaryimage","url":"https:\/\/www.iplay.com\/wp-content\/uploads\/2024\/04\/solitaire_quest_thumb200x200-2.webp","contentUrl":"https:\/\/www.iplay.com\/wp-content\/uploads\/2024\/04\/solitaire_quest_thumb200x200-2.webp","width":715,"height":485},{"@type":"BreadcrumbList","@id":"https:\/\/www.iplay.com\/de\/games\/solitaire-quest\/#breadcrumb","itemListElement":[{"@type":"ListItem","position":1,"name":"Home","item":"https:\/\/www.iplay.com\/de\/home-page-2\/"},{"@type":"ListItem","position":2,"name":"Shop","item":"https:\/\/www.iplay.com\/en\/shop\/"},{"@type":"ListItem","position":3,"name":"Solitaire Quest"}]},{"@type":"WebSite","@id":"https:\/\/www.iplay.com\/en\/#website","url":"https:\/\/www.iplay.com\/en\/","name":"IPlay","description":"The Best Casual Games!","publisher":{"@id":"https:\/\/www.iplay.com\/en\/#organization"},"potentialAction":[{"@type":"SearchAction","target":{"@type":"EntryPoint","urlTemplate":"https:\/\/www.iplay.com\/en\/?s={search_term_string}"},"query-input":{"@type":"PropertyValueSpecification","valueRequired":true,"valueName":"search_term_string"}}],"inLanguage":"de-DE"},{"@type":"Organization","@id":"https:\/\/www.iplay.com\/en\/#organization","name":"IPlay","url":"https:\/\/www.iplay.com\/en\/","logo":{"@type":"ImageObject","inLanguage":"de-DE","@id":"https:\/\/www.iplay.com\/en\/#\/schema\/logo\/image\/","url":"https:\/\/www.iplay.com\/wp-content\/uploads\/2023\/11\/Group-6100.svg","contentUrl":"https:\/\/www.iplay.com\/wp-content\/uploads\/2023\/11\/Group-6100.svg","width":98,"height":25,"caption":"IPlay"},"image":{"@id":"https:\/\/www.iplay.com\/en\/#\/schema\/logo\/image\/"}}]}},"_links":{"self":[{"href":"https:\/\/www.iplay.com\/de\/wp-json\/wp\/v2\/product\/133662","targetHints":{"allow":["GET"]}}],"collection":[{"href":"https:\/\/www.iplay.com\/de\/wp-json\/wp\/v2\/product"}],"about":[{"href":"https:\/\/www.iplay.com\/de\/wp-json\/wp\/v2\/types\/product"}],"author":[{"embeddable":true,"href":"https:\/\/www.iplay.com\/de\/wp-json\/wp\/v2\/users\/326"}],"replies":[{"embeddable":true,"href":"https:\/\/www.iplay.com\/de\/wp-json\/wp\/v2\/comments?post=133662"}],"wp:featuredmedia":[{"embeddable":true,"href":"https:\/\/www.iplay.com\/de\/wp-json\/wp\/v2\/media\/117975"}],"wp:attachment":[{"href":"https:\/\/www.iplay.com\/de\/wp-json\/wp\/v2\/media?parent=133662"}],"wp:term":[{"taxonomy":"product_brand","embeddable":true,"href":"https:\/\/www.iplay.com\/de\/wp-json\/wp\/v2\/product_brand?post=133662"},{"taxonomy":"product_cat","embeddable":true,"href":"https:\/\/www.iplay.com\/de\/wp-json\/wp\/v2\/product_cat?post=133662"},{"taxonomy":"product_tag","embeddable":true,"href":"https:\/\/www.iplay.com\/de\/wp-json\/wp\/v2\/product_tag?post=133662"}],"curies":[{"name":"wp","href":"https:\/\/api.w.org\/{rel}","templated":true}]}}