{"id":133641,"date":"2024-04-08T16:52:05","date_gmt":"2024-04-08T16:52:05","guid":{"rendered":"https:\/\/www.iplay.com\/games\/pool-8ball-mania\/"},"modified":"2024-04-08T16:52:05","modified_gmt":"2024-04-08T16:52:05","slug":"pool-8ball-mania","status":"publish","type":"product","link":"https:\/\/www.iplay.com\/de\/games\/pool-8ball-mania\/","title":{"rendered":"Pool 8Ball Mania"},"content":{"rendered":"<p>Das traditionelle 8-Ball-Billardspiel f\u00fcr Sie! Spiele gegen einen Kumpel oder einen computergesteuerten Gegner. Genie\u00dfe ein aufregendes Gameplay und realistische Ballmechaniken. Um die genauesten Sch\u00fcsse zu schie\u00dfen, fokussieren Sie und verwenden Sie die Zielhilfe.   <\/p>\n<p>&nbsp;<\/p>\n<p><b>Funktionen<\/b><\/p>\n<ul>\n<li>Realistisches Gameplay<\/li>\n<li>Verschiedene Spielmodi<\/li>\n<li>Beautifful Design<\/li>\n<li>Turnier<\/li>\n<li>Unterschiedliche Hinweise<\/li>\n<\/ul>\n<p>&nbsp;<\/p>\n<p><b>Wie man spielt<\/b><\/p>\n<ul>\n<li>Es gelten die Standard-Poolregeln.<\/li>\n<li>Ziele und schlage die wei\u00dfe Kugel in die Taschen, um die bunten Kugeln zu treffen und zu versenken.<\/li>\n<li>Topfen Sie einfach Ihre eigenen Kugeln (Uni oder Streifen, je nachdem, welche Sie zuerst eintopfen) und danach die schwarze.<\/li>\n<\/ul>\n","protected":false},"excerpt":{"rendered":"<p>Klassischer 8-Ball !<\/p>\n","protected":false},"author":325,"featured_media":0,"comment_status":"open","ping_status":"closed","template":"","meta":{"_acf_changed":false,"inline_featured_image":false},"product_brand":[],"product_cat":[180,203],"product_tag":[284,299,289],"class_list":{"0":"post-133641","1":"product","2":"type-product","3":"status-publish","5":"product_cat-mobile-games-de","6":"product_cat-sports-de","7":"product_tag-play-on-mac-de","8":"product_tag-play-on-mobile-de","9":"product_tag-play-on-pc-de","11":"first","12":"instock","13":"shipping-taxable","14":"purchasable","15":"product-type-html5_game"},"acf":[],"yoast_head":"<!-- This site is optimized with the Yoast SEO Premium plugin v25.2 (Yoast SEO v25.2) - https:\/\/yoast.com\/wordpress\/plugins\/seo\/ -->\n<title>Pool 8Ball Mania - Spielen Sie auf IPlay<\/title>\n<meta name=\"description\" content=\"Klassischer 8-Ball !\" \/>\n<meta name=\"robots\" content=\"index, follow, max-snippet:-1, max-image-preview:large, max-video-preview:-1\" \/>\n<link rel=\"canonical\" href=\"https:\/\/www.iplay.com\/de\/games\/pool-8ball-mania\/\" \/>\n<meta property=\"og:locale\" content=\"de_DE\" \/>\n<meta property=\"og:type\" content=\"article\" \/>\n<meta property=\"og:title\" content=\"Pool 8Ball Mania\" \/>\n<meta property=\"og:description\" content=\"Klassischer 8-Ball !\" \/>\n<meta property=\"og:url\" content=\"https:\/\/www.iplay.com\/de\/games\/pool-8ball-mania\/\" \/>\n<meta property=\"og:site_name\" content=\"IPlay\" \/>\n<meta name=\"twitter:card\" content=\"summary_large_image\" \/>\n<script type=\"application\/ld+json\" class=\"yoast-schema-graph\">{\"@context\":\"https:\/\/schema.org\",\"@graph\":[{\"@type\":\"WebPage\",\"@id\":\"https:\/\/www.iplay.com\/de\/games\/pool-8ball-mania\/\",\"url\":\"https:\/\/www.iplay.com\/de\/games\/pool-8ball-mania\/\",\"name\":\"Pool 8Ball Mania - Spielen Sie auf IPlay\",\"isPartOf\":{\"@id\":\"https:\/\/www.iplay.com\/en\/#website\"},\"datePublished\":\"2024-04-08T16:52:05+00:00\",\"description\":\"Klassischer 8-Ball !\",\"breadcrumb\":{\"@id\":\"https:\/\/www.iplay.com\/de\/games\/pool-8ball-mania\/#breadcrumb\"},\"inLanguage\":\"de-DE\",\"potentialAction\":[{\"@type\":\"ReadAction\",\"target\":[\"https:\/\/www.iplay.com\/de\/games\/pool-8ball-mania\/\"]}]},{\"@type\":\"BreadcrumbList\",\"@id\":\"https:\/\/www.iplay.com\/de\/games\/pool-8ball-mania\/#breadcrumb\",\"itemListElement\":[{\"@type\":\"ListItem\",\"position\":1,\"name\":\"Home\",\"item\":\"https:\/\/www.iplay.com\/de\/home-page-2\/\"},{\"@type\":\"ListItem\",\"position\":2,\"name\":\"Shop\",\"item\":\"https:\/\/www.iplay.com\/en\/shop\/\"},{\"@type\":\"ListItem\",\"position\":3,\"name\":\"Pool 8Ball Mania\"}]},{\"@type\":\"WebSite\",\"@id\":\"https:\/\/www.iplay.com\/en\/#website\",\"url\":\"https:\/\/www.iplay.com\/en\/\",\"name\":\"IPlay\",\"description\":\"The Best Casual Games!\",\"publisher\":{\"@id\":\"https:\/\/www.iplay.com\/en\/#organization\"},\"potentialAction\":[{\"@type\":\"SearchAction\",\"target\":{\"@type\":\"EntryPoint\",\"urlTemplate\":\"https:\/\/www.iplay.com\/en\/?s={search_term_string}\"},\"query-input\":{\"@type\":\"PropertyValueSpecification\",\"valueRequired\":true,\"valueName\":\"search_term_string\"}}],\"inLanguage\":\"de-DE\"},{\"@type\":\"Organization\",\"@id\":\"https:\/\/www.iplay.com\/en\/#organization\",\"name\":\"IPlay\",\"url\":\"https:\/\/www.iplay.com\/en\/\",\"logo\":{\"@type\":\"ImageObject\",\"inLanguage\":\"de-DE\",\"@id\":\"https:\/\/www.iplay.com\/en\/#\/schema\/logo\/image\/\",\"url\":\"https:\/\/www.iplay.com\/wp-content\/uploads\/2023\/11\/Group-6100.svg\",\"contentUrl\":\"https:\/\/www.iplay.com\/wp-content\/uploads\/2023\/11\/Group-6100.svg\",\"width\":98,\"height\":25,\"caption\":\"IPlay\"},\"image\":{\"@id\":\"https:\/\/www.iplay.com\/en\/#\/schema\/logo\/image\/\"}}]}<\/script>\n<!-- \/ Yoast SEO Premium plugin. -->","yoast_head_json":{"title":"Pool 8Ball Mania - Spielen Sie auf IPlay","description":"Klassischer 8-Ball !","robots":{"index":"index","follow":"follow","max-snippet":"max-snippet:-1","max-image-preview":"max-image-preview:large","max-video-preview":"max-video-preview:-1"},"canonical":"https:\/\/www.iplay.com\/de\/games\/pool-8ball-mania\/","og_locale":"de_DE","og_type":"article","og_title":"Pool 8Ball Mania","og_description":"Klassischer 8-Ball !","og_url":"https:\/\/www.iplay.com\/de\/games\/pool-8ball-mania\/","og_site_name":"IPlay","twitter_card":"summary_large_image","schema":{"@context":"https:\/\/schema.org","@graph":[{"@type":"WebPage","@id":"https:\/\/www.iplay.com\/de\/games\/pool-8ball-mania\/","url":"https:\/\/www.iplay.com\/de\/games\/pool-8ball-mania\/","name":"Pool 8Ball Mania - Spielen Sie auf IPlay","isPartOf":{"@id":"https:\/\/www.iplay.com\/en\/#website"},"datePublished":"2024-04-08T16:52:05+00:00","description":"Klassischer 8-Ball !","breadcrumb":{"@id":"https:\/\/www.iplay.com\/de\/games\/pool-8ball-mania\/#breadcrumb"},"inLanguage":"de-DE","potentialAction":[{"@type":"ReadAction","target":["https:\/\/www.iplay.com\/de\/games\/pool-8ball-mania\/"]}]},{"@type":"BreadcrumbList","@id":"https:\/\/www.iplay.com\/de\/games\/pool-8ball-mania\/#breadcrumb","itemListElement":[{"@type":"ListItem","position":1,"name":"Home","item":"https:\/\/www.iplay.com\/de\/home-page-2\/"},{"@type":"ListItem","position":2,"name":"Shop","item":"https:\/\/www.iplay.com\/en\/shop\/"},{"@type":"ListItem","position":3,"name":"Pool 8Ball Mania"}]},{"@type":"WebSite","@id":"https:\/\/www.iplay.com\/en\/#website","url":"https:\/\/www.iplay.com\/en\/","name":"IPlay","description":"The Best Casual Games!","publisher":{"@id":"https:\/\/www.iplay.com\/en\/#organization"},"potentialAction":[{"@type":"SearchAction","target":{"@type":"EntryPoint","urlTemplate":"https:\/\/www.iplay.com\/en\/?s={search_term_string}"},"query-input":{"@type":"PropertyValueSpecification","valueRequired":true,"valueName":"search_term_string"}}],"inLanguage":"de-DE"},{"@type":"Organization","@id":"https:\/\/www.iplay.com\/en\/#organization","name":"IPlay","url":"https:\/\/www.iplay.com\/en\/","logo":{"@type":"ImageObject","inLanguage":"de-DE","@id":"https:\/\/www.iplay.com\/en\/#\/schema\/logo\/image\/","url":"https:\/\/www.iplay.com\/wp-content\/uploads\/2023\/11\/Group-6100.svg","contentUrl":"https:\/\/www.iplay.com\/wp-content\/uploads\/2023\/11\/Group-6100.svg","width":98,"height":25,"caption":"IPlay"},"image":{"@id":"https:\/\/www.iplay.com\/en\/#\/schema\/logo\/image\/"}}]}},"_links":{"self":[{"href":"https:\/\/www.iplay.com\/de\/wp-json\/wp\/v2\/product\/133641","targetHints":{"allow":["GET"]}}],"collection":[{"href":"https:\/\/www.iplay.com\/de\/wp-json\/wp\/v2\/product"}],"about":[{"href":"https:\/\/www.iplay.com\/de\/wp-json\/wp\/v2\/types\/product"}],"author":[{"embeddable":true,"href":"https:\/\/www.iplay.com\/de\/wp-json\/wp\/v2\/users\/325"}],"replies":[{"embeddable":true,"href":"https:\/\/www.iplay.com\/de\/wp-json\/wp\/v2\/comments?post=133641"}],"wp:attachment":[{"href":"https:\/\/www.iplay.com\/de\/wp-json\/wp\/v2\/media?parent=133641"}],"wp:term":[{"taxonomy":"product_brand","embeddable":true,"href":"https:\/\/www.iplay.com\/de\/wp-json\/wp\/v2\/product_brand?post=133641"},{"taxonomy":"product_cat","embeddable":true,"href":"https:\/\/www.iplay.com\/de\/wp-json\/wp\/v2\/product_cat?post=133641"},{"taxonomy":"product_tag","embeddable":true,"href":"https:\/\/www.iplay.com\/de\/wp-json\/wp\/v2\/product_tag?post=133641"}],"curies":[{"name":"wp","href":"https:\/\/api.w.org\/{rel}","templated":true}]}}