{"id":133526,"date":"2024-07-01T22:06:50","date_gmt":"2024-07-01T22:06:50","guid":{"rendered":"https:\/\/www.iplay.com\/games\/exit-puzzle-colors-game\/"},"modified":"2024-07-01T22:06:50","modified_gmt":"2024-07-01T22:06:50","slug":"exit-puzzle-colors-game","status":"publish","type":"product","link":"https:\/\/www.iplay.com\/de\/games\/exit-puzzle-colors-game\/","title":{"rendered":"Exit Puzzle : Colors Game"},"content":{"rendered":"<p>In diesem faszinierenden Spiel besteht das Hauptziel darin, einen oder mehrere gr\u00fcne Punkte auf einem Brett in Richtung festgelegter Ziele zu man\u00f6vrieren und dabei verschiedenen geometrischen Hindernissen auszuweichen.<\/p>\n<p>Die Bewegung sowohl der Punkte als auch der Hindernisse wird von vorhersehbaren Mustern bestimmt: Wenn sie auf eine Wand treffen, biegen sie instinktiv nach rechts ab, navigieren entlang der Ecken oder kehren die Richtung um, wenn sie vor einer Sackgasse stehen.<\/p>\n<p>Strategische Planung und Antizipation sind unerl\u00e4sslich, w\u00e4hrend die Spieler die Punkte durch die labyrinthartigen Pfade f\u00fchren und sicherstellen, dass sie ihre Ziele erfolgreich erreichen, ohne mit den sich st\u00e4ndig bewegenden geometrischen Formen zu kollidieren.<\/p>\n","protected":false},"excerpt":{"rendered":"<p>Ein einfaches, s\u00fcchtig machendes Action-Puzzle-Spiel.<\/p>\n","protected":false},"author":333,"featured_media":37650,"comment_status":"open","ping_status":"closed","template":"","meta":{"_acf_changed":false,"inline_featured_image":false},"product_brand":[],"product_cat":[180,194],"product_tag":[284,299,289],"class_list":{"0":"post-133526","1":"product","2":"type-product","3":"status-publish","4":"has-post-thumbnail","6":"product_cat-mobile-games-de","7":"product_cat-puzzle-de","8":"product_tag-play-on-mac-de","9":"product_tag-play-on-mobile-de","10":"product_tag-play-on-pc-de","12":"first","13":"instock","14":"shipping-taxable","15":"purchasable","16":"product-type-html5_game"},"acf":[],"yoast_head":"<!-- This site is optimized with the Yoast SEO Premium plugin v25.2 (Yoast SEO v25.2) - https:\/\/yoast.com\/wordpress\/plugins\/seo\/ -->\n<title>Exit Puzzle : Farben Spiel - Spielen Sie auf IPlay<\/title>\n<meta name=\"description\" content=\"Ein einfaches, s\u00fcchtig machendes Action-Puzzle-Spiel.\" \/>\n<meta name=\"robots\" content=\"index, follow, max-snippet:-1, max-image-preview:large, max-video-preview:-1\" \/>\n<link rel=\"canonical\" href=\"https:\/\/www.iplay.com\/de\/games\/exit-puzzle-colors-game\/\" \/>\n<meta property=\"og:locale\" content=\"de_DE\" \/>\n<meta property=\"og:type\" content=\"article\" \/>\n<meta property=\"og:title\" content=\"Exit Puzzle : Colors Game\" \/>\n<meta property=\"og:description\" content=\"Ein einfaches, s\u00fcchtig machendes Action-Puzzle-Spiel.\" \/>\n<meta property=\"og:url\" content=\"https:\/\/www.iplay.com\/de\/games\/exit-puzzle-colors-game\/\" \/>\n<meta property=\"og:site_name\" content=\"IPlay\" \/>\n<meta property=\"og:image\" content=\"https:\/\/www.iplay.com\/wp-content\/uploads\/2024\/07\/400x400-exitPuzzleCG.webp\" \/>\n\t<meta property=\"og:image:width\" content=\"400\" \/>\n\t<meta property=\"og:image:height\" content=\"400\" \/>\n\t<meta property=\"og:image:type\" content=\"image\/webp\" \/>\n<meta name=\"twitter:card\" content=\"summary_large_image\" \/>\n<meta name=\"twitter:label1\" content=\"Gesch\u00e4tzte Lesezeit\" \/>\n\t<meta name=\"twitter:data1\" content=\"1 Minute\" \/>\n<script type=\"application\/ld+json\" class=\"yoast-schema-graph\">{\"@context\":\"https:\/\/schema.org\",\"@graph\":[{\"@type\":\"WebPage\",\"@id\":\"https:\/\/www.iplay.com\/de\/games\/exit-puzzle-colors-game\/\",\"url\":\"https:\/\/www.iplay.com\/de\/games\/exit-puzzle-colors-game\/\",\"name\":\"Exit Puzzle : Farben Spiel - Spielen Sie auf IPlay\",\"isPartOf\":{\"@id\":\"https:\/\/www.iplay.com\/en\/#website\"},\"primaryImageOfPage\":{\"@id\":\"https:\/\/www.iplay.com\/de\/games\/exit-puzzle-colors-game\/#primaryimage\"},\"image\":{\"@id\":\"https:\/\/www.iplay.com\/de\/games\/exit-puzzle-colors-game\/#primaryimage\"},\"thumbnailUrl\":\"https:\/\/www.iplay.com\/wp-content\/uploads\/2024\/07\/400x400-exitPuzzleCG.webp\",\"datePublished\":\"2024-07-01T22:06:50+00:00\",\"description\":\"Ein einfaches, s\u00fcchtig machendes Action-Puzzle-Spiel.\",\"breadcrumb\":{\"@id\":\"https:\/\/www.iplay.com\/de\/games\/exit-puzzle-colors-game\/#breadcrumb\"},\"inLanguage\":\"de-DE\",\"potentialAction\":[{\"@type\":\"ReadAction\",\"target\":[\"https:\/\/www.iplay.com\/de\/games\/exit-puzzle-colors-game\/\"]}]},{\"@type\":\"ImageObject\",\"inLanguage\":\"de-DE\",\"@id\":\"https:\/\/www.iplay.com\/de\/games\/exit-puzzle-colors-game\/#primaryimage\",\"url\":\"https:\/\/www.iplay.com\/wp-content\/uploads\/2024\/07\/400x400-exitPuzzleCG.webp\",\"contentUrl\":\"https:\/\/www.iplay.com\/wp-content\/uploads\/2024\/07\/400x400-exitPuzzleCG.webp\",\"width\":400,\"height\":400},{\"@type\":\"BreadcrumbList\",\"@id\":\"https:\/\/www.iplay.com\/de\/games\/exit-puzzle-colors-game\/#breadcrumb\",\"itemListElement\":[{\"@type\":\"ListItem\",\"position\":1,\"name\":\"Home\",\"item\":\"https:\/\/www.iplay.com\/de\/home-page-2\/\"},{\"@type\":\"ListItem\",\"position\":2,\"name\":\"Shop\",\"item\":\"https:\/\/www.iplay.com\/en\/shop\/\"},{\"@type\":\"ListItem\",\"position\":3,\"name\":\"Exit Puzzle : Colors Game\"}]},{\"@type\":\"WebSite\",\"@id\":\"https:\/\/www.iplay.com\/en\/#website\",\"url\":\"https:\/\/www.iplay.com\/en\/\",\"name\":\"IPlay\",\"description\":\"The Best Casual Games!\",\"publisher\":{\"@id\":\"https:\/\/www.iplay.com\/en\/#organization\"},\"potentialAction\":[{\"@type\":\"SearchAction\",\"target\":{\"@type\":\"EntryPoint\",\"urlTemplate\":\"https:\/\/www.iplay.com\/en\/?s={search_term_string}\"},\"query-input\":{\"@type\":\"PropertyValueSpecification\",\"valueRequired\":true,\"valueName\":\"search_term_string\"}}],\"inLanguage\":\"de-DE\"},{\"@type\":\"Organization\",\"@id\":\"https:\/\/www.iplay.com\/en\/#organization\",\"name\":\"IPlay\",\"url\":\"https:\/\/www.iplay.com\/en\/\",\"logo\":{\"@type\":\"ImageObject\",\"inLanguage\":\"de-DE\",\"@id\":\"https:\/\/www.iplay.com\/en\/#\/schema\/logo\/image\/\",\"url\":\"https:\/\/www.iplay.com\/wp-content\/uploads\/2023\/11\/Group-6100.svg\",\"contentUrl\":\"https:\/\/www.iplay.com\/wp-content\/uploads\/2023\/11\/Group-6100.svg\",\"width\":98,\"height\":25,\"caption\":\"IPlay\"},\"image\":{\"@id\":\"https:\/\/www.iplay.com\/en\/#\/schema\/logo\/image\/\"}}]}<\/script>\n<!-- \/ Yoast SEO Premium plugin. -->","yoast_head_json":{"title":"Exit Puzzle : Farben Spiel - Spielen Sie auf IPlay","description":"Ein einfaches, s\u00fcchtig machendes Action-Puzzle-Spiel.","robots":{"index":"index","follow":"follow","max-snippet":"max-snippet:-1","max-image-preview":"max-image-preview:large","max-video-preview":"max-video-preview:-1"},"canonical":"https:\/\/www.iplay.com\/de\/games\/exit-puzzle-colors-game\/","og_locale":"de_DE","og_type":"article","og_title":"Exit Puzzle : Colors Game","og_description":"Ein einfaches, s\u00fcchtig machendes Action-Puzzle-Spiel.","og_url":"https:\/\/www.iplay.com\/de\/games\/exit-puzzle-colors-game\/","og_site_name":"IPlay","og_image":[{"width":400,"height":400,"url":"https:\/\/www.iplay.com\/wp-content\/uploads\/2024\/07\/400x400-exitPuzzleCG.webp","type":"image\/webp"}],"twitter_card":"summary_large_image","twitter_misc":{"Gesch\u00e4tzte Lesezeit":"1 Minute"},"schema":{"@context":"https:\/\/schema.org","@graph":[{"@type":"WebPage","@id":"https:\/\/www.iplay.com\/de\/games\/exit-puzzle-colors-game\/","url":"https:\/\/www.iplay.com\/de\/games\/exit-puzzle-colors-game\/","name":"Exit Puzzle : Farben Spiel - Spielen Sie auf IPlay","isPartOf":{"@id":"https:\/\/www.iplay.com\/en\/#website"},"primaryImageOfPage":{"@id":"https:\/\/www.iplay.com\/de\/games\/exit-puzzle-colors-game\/#primaryimage"},"image":{"@id":"https:\/\/www.iplay.com\/de\/games\/exit-puzzle-colors-game\/#primaryimage"},"thumbnailUrl":"https:\/\/www.iplay.com\/wp-content\/uploads\/2024\/07\/400x400-exitPuzzleCG.webp","datePublished":"2024-07-01T22:06:50+00:00","description":"Ein einfaches, s\u00fcchtig machendes Action-Puzzle-Spiel.","breadcrumb":{"@id":"https:\/\/www.iplay.com\/de\/games\/exit-puzzle-colors-game\/#breadcrumb"},"inLanguage":"de-DE","potentialAction":[{"@type":"ReadAction","target":["https:\/\/www.iplay.com\/de\/games\/exit-puzzle-colors-game\/"]}]},{"@type":"ImageObject","inLanguage":"de-DE","@id":"https:\/\/www.iplay.com\/de\/games\/exit-puzzle-colors-game\/#primaryimage","url":"https:\/\/www.iplay.com\/wp-content\/uploads\/2024\/07\/400x400-exitPuzzleCG.webp","contentUrl":"https:\/\/www.iplay.com\/wp-content\/uploads\/2024\/07\/400x400-exitPuzzleCG.webp","width":400,"height":400},{"@type":"BreadcrumbList","@id":"https:\/\/www.iplay.com\/de\/games\/exit-puzzle-colors-game\/#breadcrumb","itemListElement":[{"@type":"ListItem","position":1,"name":"Home","item":"https:\/\/www.iplay.com\/de\/home-page-2\/"},{"@type":"ListItem","position":2,"name":"Shop","item":"https:\/\/www.iplay.com\/en\/shop\/"},{"@type":"ListItem","position":3,"name":"Exit Puzzle : Colors Game"}]},{"@type":"WebSite","@id":"https:\/\/www.iplay.com\/en\/#website","url":"https:\/\/www.iplay.com\/en\/","name":"IPlay","description":"The Best Casual Games!","publisher":{"@id":"https:\/\/www.iplay.com\/en\/#organization"},"potentialAction":[{"@type":"SearchAction","target":{"@type":"EntryPoint","urlTemplate":"https:\/\/www.iplay.com\/en\/?s={search_term_string}"},"query-input":{"@type":"PropertyValueSpecification","valueRequired":true,"valueName":"search_term_string"}}],"inLanguage":"de-DE"},{"@type":"Organization","@id":"https:\/\/www.iplay.com\/en\/#organization","name":"IPlay","url":"https:\/\/www.iplay.com\/en\/","logo":{"@type":"ImageObject","inLanguage":"de-DE","@id":"https:\/\/www.iplay.com\/en\/#\/schema\/logo\/image\/","url":"https:\/\/www.iplay.com\/wp-content\/uploads\/2023\/11\/Group-6100.svg","contentUrl":"https:\/\/www.iplay.com\/wp-content\/uploads\/2023\/11\/Group-6100.svg","width":98,"height":25,"caption":"IPlay"},"image":{"@id":"https:\/\/www.iplay.com\/en\/#\/schema\/logo\/image\/"}}]}},"_links":{"self":[{"href":"https:\/\/www.iplay.com\/de\/wp-json\/wp\/v2\/product\/133526","targetHints":{"allow":["GET"]}}],"collection":[{"href":"https:\/\/www.iplay.com\/de\/wp-json\/wp\/v2\/product"}],"about":[{"href":"https:\/\/www.iplay.com\/de\/wp-json\/wp\/v2\/types\/product"}],"author":[{"embeddable":true,"href":"https:\/\/www.iplay.com\/de\/wp-json\/wp\/v2\/users\/333"}],"replies":[{"embeddable":true,"href":"https:\/\/www.iplay.com\/de\/wp-json\/wp\/v2\/comments?post=133526"}],"wp:featuredmedia":[{"embeddable":true,"href":"https:\/\/www.iplay.com\/de\/wp-json\/wp\/v2\/media\/37650"}],"wp:attachment":[{"href":"https:\/\/www.iplay.com\/de\/wp-json\/wp\/v2\/media?parent=133526"}],"wp:term":[{"taxonomy":"product_brand","embeddable":true,"href":"https:\/\/www.iplay.com\/de\/wp-json\/wp\/v2\/product_brand?post=133526"},{"taxonomy":"product_cat","embeddable":true,"href":"https:\/\/www.iplay.com\/de\/wp-json\/wp\/v2\/product_cat?post=133526"},{"taxonomy":"product_tag","embeddable":true,"href":"https:\/\/www.iplay.com\/de\/wp-json\/wp\/v2\/product_tag?post=133526"}],"curies":[{"name":"wp","href":"https:\/\/api.w.org\/{rel}","templated":true}]}}