{"id":133507,"date":"2024-07-01T22:06:51","date_gmt":"2024-07-01T22:06:51","guid":{"rendered":"https:\/\/www.iplay.com\/games\/fashion-superstar-dress-them\/"},"modified":"2024-07-01T22:06:51","modified_gmt":"2024-07-01T22:06:51","slug":"fashion-superstar-dress-them","status":"publish","type":"product","link":"https:\/\/www.iplay.com\/de\/games\/fashion-superstar-dress-them\/","title":{"rendered":"Fashion Superstar : Dress Them"},"content":{"rendered":"<p>In diesem fesselnden Rollenspiel schl\u00fcpft der Spieler in die Rolle eines Modestylisten, der die Aufgabe hat, das Aussehen von M\u00e4dchen in das von Superstars zu verwandeln.<\/p>\n<p>Das Outfit jedes M\u00e4dchens wird, sobald es gestylt ist, von einer Jury aus Social-Media-Influencern bewertet, die ihre Bewertungen auf Plattformen wie Instagram und Snapchat teilen.<\/p>\n<p>Highscores, die von diesen Online-Prominenten vergeben werden, werden mit Diamanten belohnt, die gegen neue und aufregende Outfits und Accessoires eingetauscht werden k\u00f6nnen.<\/p>\n<p>Der Kreativit\u00e4t des Stylisten wird mit einer Vielzahl von Kleidungsst\u00fccken freien Lauf gelassen, die ihm zur Verf\u00fcgung stehen: Kleider, Hosen, Shorts, Blusen, Schuhe, T-Shirts und eine F\u00fclle von Accessoires wie Ohrringe, Halsketten, Armb\u00e4nder und Taschen sowie s\u00fc\u00dfe Haustiere.<\/p>\n<p>Die Anpassungsoptionen gehen \u00fcber Outfits hinaus und erm\u00f6glichen die Auswahl von Hautton, Frisuren, Augenfarben, Gesichtsz\u00fcgen und Make-up-Stilen.<\/p>\n<p>Die Spieler k\u00f6nnen ihren einzigartigen Sinn f\u00fcr Stil und Geschmack zum Ausdruck bringen. Dar\u00fcber hinaus bietet eine t\u00e4gliche Herausforderung die M\u00f6glichkeit, besondere Artikel zu erhalten, die sicherlich alle M\u00e4dchen neidisch auf die Kreationen der Stylistin machen werden.<\/p>\n","protected":false},"excerpt":{"rendered":"<p>Seien Sie ein Modestylist und kleiden Sie die M\u00e4dchen ein.<\/p>\n","protected":false},"author":333,"featured_media":37742,"comment_status":"open","ping_status":"closed","template":"","meta":{"_acf_changed":false,"inline_featured_image":false},"product_brand":[],"product_cat":[180,218],"product_tag":[284,299,289],"class_list":{"0":"post-133507","1":"product","2":"type-product","3":"status-publish","4":"has-post-thumbnail","6":"product_cat-mobile-games-de","7":"product_cat-strategy-de","8":"product_tag-play-on-mac-de","9":"product_tag-play-on-mobile-de","10":"product_tag-play-on-pc-de","12":"first","13":"instock","14":"shipping-taxable","15":"purchasable","16":"product-type-html5_game"},"acf":[],"yoast_head":"<!-- This site is optimized with the Yoast SEO Premium plugin v25.2 (Yoast SEO v25.2) - https:\/\/yoast.com\/wordpress\/plugins\/seo\/ -->\n<title>Fashion Superstar : Dress Them - Spielen Sie auf IPlay<\/title>\n<meta name=\"description\" content=\"Seien Sie ein Modestylist und kleiden Sie die M\u00e4dchen ein.\" \/>\n<meta name=\"robots\" content=\"index, follow, max-snippet:-1, max-image-preview:large, max-video-preview:-1\" \/>\n<link rel=\"canonical\" href=\"https:\/\/www.iplay.com\/de\/games\/fashion-superstar-dress-them\/\" \/>\n<meta property=\"og:locale\" content=\"de_DE\" \/>\n<meta property=\"og:type\" content=\"article\" \/>\n<meta property=\"og:title\" content=\"Fashion Superstar : Dress Them\" \/>\n<meta property=\"og:description\" content=\"Seien Sie ein Modestylist und kleiden Sie die M\u00e4dchen ein.\" \/>\n<meta property=\"og:url\" content=\"https:\/\/www.iplay.com\/de\/games\/fashion-superstar-dress-them\/\" \/>\n<meta property=\"og:site_name\" content=\"IPlay\" \/>\n<meta property=\"og:image\" content=\"https:\/\/www.iplay.com\/wp-content\/uploads\/2024\/07\/400x400-fashionSuperstarDT.webp\" \/>\n\t<meta property=\"og:image:width\" content=\"400\" \/>\n\t<meta property=\"og:image:height\" content=\"400\" \/>\n\t<meta property=\"og:image:type\" content=\"image\/webp\" \/>\n<meta name=\"twitter:card\" content=\"summary_large_image\" \/>\n<meta name=\"twitter:label1\" content=\"Gesch\u00e4tzte Lesezeit\" \/>\n\t<meta name=\"twitter:data1\" content=\"1 Minute\" \/>\n<script type=\"application\/ld+json\" class=\"yoast-schema-graph\">{\"@context\":\"https:\/\/schema.org\",\"@graph\":[{\"@type\":\"WebPage\",\"@id\":\"https:\/\/www.iplay.com\/de\/games\/fashion-superstar-dress-them\/\",\"url\":\"https:\/\/www.iplay.com\/de\/games\/fashion-superstar-dress-them\/\",\"name\":\"Fashion Superstar : Dress Them - Spielen Sie auf IPlay\",\"isPartOf\":{\"@id\":\"https:\/\/www.iplay.com\/en\/#website\"},\"primaryImageOfPage\":{\"@id\":\"https:\/\/www.iplay.com\/de\/games\/fashion-superstar-dress-them\/#primaryimage\"},\"image\":{\"@id\":\"https:\/\/www.iplay.com\/de\/games\/fashion-superstar-dress-them\/#primaryimage\"},\"thumbnailUrl\":\"https:\/\/www.iplay.com\/wp-content\/uploads\/2024\/07\/400x400-fashionSuperstarDT.webp\",\"datePublished\":\"2024-07-01T22:06:51+00:00\",\"description\":\"Seien Sie ein Modestylist und kleiden Sie die M\u00e4dchen ein.\",\"breadcrumb\":{\"@id\":\"https:\/\/www.iplay.com\/de\/games\/fashion-superstar-dress-them\/#breadcrumb\"},\"inLanguage\":\"de-DE\",\"potentialAction\":[{\"@type\":\"ReadAction\",\"target\":[\"https:\/\/www.iplay.com\/de\/games\/fashion-superstar-dress-them\/\"]}]},{\"@type\":\"ImageObject\",\"inLanguage\":\"de-DE\",\"@id\":\"https:\/\/www.iplay.com\/de\/games\/fashion-superstar-dress-them\/#primaryimage\",\"url\":\"https:\/\/www.iplay.com\/wp-content\/uploads\/2024\/07\/400x400-fashionSuperstarDT.webp\",\"contentUrl\":\"https:\/\/www.iplay.com\/wp-content\/uploads\/2024\/07\/400x400-fashionSuperstarDT.webp\",\"width\":400,\"height\":400},{\"@type\":\"BreadcrumbList\",\"@id\":\"https:\/\/www.iplay.com\/de\/games\/fashion-superstar-dress-them\/#breadcrumb\",\"itemListElement\":[{\"@type\":\"ListItem\",\"position\":1,\"name\":\"Home\",\"item\":\"https:\/\/www.iplay.com\/de\/home-page-2\/\"},{\"@type\":\"ListItem\",\"position\":2,\"name\":\"Shop\",\"item\":\"https:\/\/www.iplay.com\/en\/shop\/\"},{\"@type\":\"ListItem\",\"position\":3,\"name\":\"Fashion Superstar : Dress Them\"}]},{\"@type\":\"WebSite\",\"@id\":\"https:\/\/www.iplay.com\/en\/#website\",\"url\":\"https:\/\/www.iplay.com\/en\/\",\"name\":\"IPlay\",\"description\":\"The Best Casual Games!\",\"publisher\":{\"@id\":\"https:\/\/www.iplay.com\/en\/#organization\"},\"potentialAction\":[{\"@type\":\"SearchAction\",\"target\":{\"@type\":\"EntryPoint\",\"urlTemplate\":\"https:\/\/www.iplay.com\/en\/?s={search_term_string}\"},\"query-input\":{\"@type\":\"PropertyValueSpecification\",\"valueRequired\":true,\"valueName\":\"search_term_string\"}}],\"inLanguage\":\"de-DE\"},{\"@type\":\"Organization\",\"@id\":\"https:\/\/www.iplay.com\/en\/#organization\",\"name\":\"IPlay\",\"url\":\"https:\/\/www.iplay.com\/en\/\",\"logo\":{\"@type\":\"ImageObject\",\"inLanguage\":\"de-DE\",\"@id\":\"https:\/\/www.iplay.com\/en\/#\/schema\/logo\/image\/\",\"url\":\"https:\/\/www.iplay.com\/wp-content\/uploads\/2023\/11\/Group-6100.svg\",\"contentUrl\":\"https:\/\/www.iplay.com\/wp-content\/uploads\/2023\/11\/Group-6100.svg\",\"width\":98,\"height\":25,\"caption\":\"IPlay\"},\"image\":{\"@id\":\"https:\/\/www.iplay.com\/en\/#\/schema\/logo\/image\/\"}}]}<\/script>\n<!-- \/ Yoast SEO Premium plugin. -->","yoast_head_json":{"title":"Fashion Superstar : Dress Them - Spielen Sie auf IPlay","description":"Seien Sie ein Modestylist und kleiden Sie die M\u00e4dchen ein.","robots":{"index":"index","follow":"follow","max-snippet":"max-snippet:-1","max-image-preview":"max-image-preview:large","max-video-preview":"max-video-preview:-1"},"canonical":"https:\/\/www.iplay.com\/de\/games\/fashion-superstar-dress-them\/","og_locale":"de_DE","og_type":"article","og_title":"Fashion Superstar : Dress Them","og_description":"Seien Sie ein Modestylist und kleiden Sie die M\u00e4dchen ein.","og_url":"https:\/\/www.iplay.com\/de\/games\/fashion-superstar-dress-them\/","og_site_name":"IPlay","og_image":[{"width":400,"height":400,"url":"https:\/\/www.iplay.com\/wp-content\/uploads\/2024\/07\/400x400-fashionSuperstarDT.webp","type":"image\/webp"}],"twitter_card":"summary_large_image","twitter_misc":{"Gesch\u00e4tzte Lesezeit":"1 Minute"},"schema":{"@context":"https:\/\/schema.org","@graph":[{"@type":"WebPage","@id":"https:\/\/www.iplay.com\/de\/games\/fashion-superstar-dress-them\/","url":"https:\/\/www.iplay.com\/de\/games\/fashion-superstar-dress-them\/","name":"Fashion Superstar : Dress Them - Spielen Sie auf IPlay","isPartOf":{"@id":"https:\/\/www.iplay.com\/en\/#website"},"primaryImageOfPage":{"@id":"https:\/\/www.iplay.com\/de\/games\/fashion-superstar-dress-them\/#primaryimage"},"image":{"@id":"https:\/\/www.iplay.com\/de\/games\/fashion-superstar-dress-them\/#primaryimage"},"thumbnailUrl":"https:\/\/www.iplay.com\/wp-content\/uploads\/2024\/07\/400x400-fashionSuperstarDT.webp","datePublished":"2024-07-01T22:06:51+00:00","description":"Seien Sie ein Modestylist und kleiden Sie die M\u00e4dchen ein.","breadcrumb":{"@id":"https:\/\/www.iplay.com\/de\/games\/fashion-superstar-dress-them\/#breadcrumb"},"inLanguage":"de-DE","potentialAction":[{"@type":"ReadAction","target":["https:\/\/www.iplay.com\/de\/games\/fashion-superstar-dress-them\/"]}]},{"@type":"ImageObject","inLanguage":"de-DE","@id":"https:\/\/www.iplay.com\/de\/games\/fashion-superstar-dress-them\/#primaryimage","url":"https:\/\/www.iplay.com\/wp-content\/uploads\/2024\/07\/400x400-fashionSuperstarDT.webp","contentUrl":"https:\/\/www.iplay.com\/wp-content\/uploads\/2024\/07\/400x400-fashionSuperstarDT.webp","width":400,"height":400},{"@type":"BreadcrumbList","@id":"https:\/\/www.iplay.com\/de\/games\/fashion-superstar-dress-them\/#breadcrumb","itemListElement":[{"@type":"ListItem","position":1,"name":"Home","item":"https:\/\/www.iplay.com\/de\/home-page-2\/"},{"@type":"ListItem","position":2,"name":"Shop","item":"https:\/\/www.iplay.com\/en\/shop\/"},{"@type":"ListItem","position":3,"name":"Fashion Superstar : Dress Them"}]},{"@type":"WebSite","@id":"https:\/\/www.iplay.com\/en\/#website","url":"https:\/\/www.iplay.com\/en\/","name":"IPlay","description":"The Best Casual Games!","publisher":{"@id":"https:\/\/www.iplay.com\/en\/#organization"},"potentialAction":[{"@type":"SearchAction","target":{"@type":"EntryPoint","urlTemplate":"https:\/\/www.iplay.com\/en\/?s={search_term_string}"},"query-input":{"@type":"PropertyValueSpecification","valueRequired":true,"valueName":"search_term_string"}}],"inLanguage":"de-DE"},{"@type":"Organization","@id":"https:\/\/www.iplay.com\/en\/#organization","name":"IPlay","url":"https:\/\/www.iplay.com\/en\/","logo":{"@type":"ImageObject","inLanguage":"de-DE","@id":"https:\/\/www.iplay.com\/en\/#\/schema\/logo\/image\/","url":"https:\/\/www.iplay.com\/wp-content\/uploads\/2023\/11\/Group-6100.svg","contentUrl":"https:\/\/www.iplay.com\/wp-content\/uploads\/2023\/11\/Group-6100.svg","width":98,"height":25,"caption":"IPlay"},"image":{"@id":"https:\/\/www.iplay.com\/en\/#\/schema\/logo\/image\/"}}]}},"_links":{"self":[{"href":"https:\/\/www.iplay.com\/de\/wp-json\/wp\/v2\/product\/133507","targetHints":{"allow":["GET"]}}],"collection":[{"href":"https:\/\/www.iplay.com\/de\/wp-json\/wp\/v2\/product"}],"about":[{"href":"https:\/\/www.iplay.com\/de\/wp-json\/wp\/v2\/types\/product"}],"author":[{"embeddable":true,"href":"https:\/\/www.iplay.com\/de\/wp-json\/wp\/v2\/users\/333"}],"replies":[{"embeddable":true,"href":"https:\/\/www.iplay.com\/de\/wp-json\/wp\/v2\/comments?post=133507"}],"wp:featuredmedia":[{"embeddable":true,"href":"https:\/\/www.iplay.com\/de\/wp-json\/wp\/v2\/media\/37742"}],"wp:attachment":[{"href":"https:\/\/www.iplay.com\/de\/wp-json\/wp\/v2\/media?parent=133507"}],"wp:term":[{"taxonomy":"product_brand","embeddable":true,"href":"https:\/\/www.iplay.com\/de\/wp-json\/wp\/v2\/product_brand?post=133507"},{"taxonomy":"product_cat","embeddable":true,"href":"https:\/\/www.iplay.com\/de\/wp-json\/wp\/v2\/product_cat?post=133507"},{"taxonomy":"product_tag","embeddable":true,"href":"https:\/\/www.iplay.com\/de\/wp-json\/wp\/v2\/product_tag?post=133507"}],"curies":[{"name":"wp","href":"https:\/\/api.w.org\/{rel}","templated":true}]}}