{"id":133388,"date":"2024-07-12T14:05:58","date_gmt":"2024-07-12T14:05:58","guid":{"rendered":"https:\/\/www.iplay.com\/games\/llama-spitter\/"},"modified":"2024-07-12T14:05:58","modified_gmt":"2024-07-12T14:05:58","slug":"llama-spitter","status":"publish","type":"product","link":"https:\/\/www.iplay.com\/de\/games\/llama-spitter\/","title":{"rendered":"Llama Spitter"},"content":{"rendered":"<p>Sind Lamas schon einmal von Ihnen geritten worden? In diesem verr\u00fcckten Spiel wird das \u00dcberleben erreicht, indem man das Lama so lange wie m\u00f6glich h\u00fcpfen l\u00e4sst, w\u00e4hrend man Stacheln ausweicht und versucht, nicht zu sterben. <\/p>\n<p>Dieses Spiel mag einfach erscheinen, aber es zu meistern ist ziemlich schwierig. F\u00fcr diejenigen, die herausfordernde Spiele und Lamas m\u00f6gen, wird dieses Spiel ein Hit sein. <\/p>\n<p>Vorsicht, Ihr Lama k\u00f6nnte Sie anspucken!<\/p>\n<p>Dieses Spiel wird Ihre Freizeit in Anspruch nehmen.<\/p>\n","protected":false},"excerpt":{"rendered":"<p>Du musst so lange wie m\u00f6glich \u00fcberleben, indem du das Lama h\u00fcpfen l\u00e4sst!<\/p>\n","protected":false},"author":333,"featured_media":130550,"comment_status":"open","ping_status":"closed","template":"","meta":{"_acf_changed":false,"inline_featured_image":false},"product_brand":[],"product_cat":[153,180],"product_tag":[284,299,289],"class_list":{"0":"post-133388","1":"product","2":"type-product","3":"status-publish","4":"has-post-thumbnail","6":"product_cat-arcade-de","7":"product_cat-mobile-games-de","8":"product_tag-play-on-mac-de","9":"product_tag-play-on-mobile-de","10":"product_tag-play-on-pc-de","12":"first","13":"instock","14":"shipping-taxable","15":"purchasable","16":"product-type-html5_game"},"acf":[],"yoast_head":"<!-- This site is optimized with the Yoast SEO Premium plugin v25.2 (Yoast SEO v25.2) - https:\/\/yoast.com\/wordpress\/plugins\/seo\/ -->\n<title>Lama Spitter - Auf IPlay abspielen<\/title>\n<meta name=\"description\" content=\"Du musst so lange wie m\u00f6glich \u00fcberleben, indem du das Lama h\u00fcpfen l\u00e4sst!\" \/>\n<meta name=\"robots\" content=\"index, follow, max-snippet:-1, max-image-preview:large, max-video-preview:-1\" \/>\n<link rel=\"canonical\" href=\"https:\/\/www.iplay.com\/de\/games\/llama-spitter\/\" \/>\n<meta property=\"og:locale\" content=\"de_DE\" \/>\n<meta property=\"og:type\" content=\"article\" \/>\n<meta property=\"og:title\" content=\"Llama Spitter\" \/>\n<meta property=\"og:description\" content=\"Du musst so lange wie m\u00f6glich \u00fcberleben, indem du das Lama h\u00fcpfen l\u00e4sst!\" \/>\n<meta property=\"og:url\" content=\"https:\/\/www.iplay.com\/de\/games\/llama-spitter\/\" \/>\n<meta property=\"og:site_name\" content=\"IPlay\" \/>\n<meta property=\"og:image\" content=\"https:\/\/www.iplay.com\/wp-content\/uploads\/2024\/07\/310x310-llamaSpitter.webp\" \/>\n\t<meta property=\"og:image:width\" content=\"310\" \/>\n\t<meta property=\"og:image:height\" content=\"310\" \/>\n\t<meta property=\"og:image:type\" content=\"image\/webp\" \/>\n<meta name=\"twitter:card\" content=\"summary_large_image\" \/>\n<script type=\"application\/ld+json\" class=\"yoast-schema-graph\">{\"@context\":\"https:\/\/schema.org\",\"@graph\":[{\"@type\":\"WebPage\",\"@id\":\"https:\/\/www.iplay.com\/de\/games\/llama-spitter\/\",\"url\":\"https:\/\/www.iplay.com\/de\/games\/llama-spitter\/\",\"name\":\"Lama Spitter - Auf IPlay abspielen\",\"isPartOf\":{\"@id\":\"https:\/\/www.iplay.com\/en\/#website\"},\"primaryImageOfPage\":{\"@id\":\"https:\/\/www.iplay.com\/de\/games\/llama-spitter\/#primaryimage\"},\"image\":{\"@id\":\"https:\/\/www.iplay.com\/de\/games\/llama-spitter\/#primaryimage\"},\"thumbnailUrl\":\"https:\/\/www.iplay.com\/wp-content\/uploads\/2024\/07\/310x310-llamaSpitter.webp\",\"datePublished\":\"2024-07-12T14:05:58+00:00\",\"description\":\"Du musst so lange wie m\u00f6glich \u00fcberleben, indem du das Lama h\u00fcpfen l\u00e4sst!\",\"breadcrumb\":{\"@id\":\"https:\/\/www.iplay.com\/de\/games\/llama-spitter\/#breadcrumb\"},\"inLanguage\":\"de-DE\",\"potentialAction\":[{\"@type\":\"ReadAction\",\"target\":[\"https:\/\/www.iplay.com\/de\/games\/llama-spitter\/\"]}]},{\"@type\":\"ImageObject\",\"inLanguage\":\"de-DE\",\"@id\":\"https:\/\/www.iplay.com\/de\/games\/llama-spitter\/#primaryimage\",\"url\":\"https:\/\/www.iplay.com\/wp-content\/uploads\/2024\/07\/310x310-llamaSpitter.webp\",\"contentUrl\":\"https:\/\/www.iplay.com\/wp-content\/uploads\/2024\/07\/310x310-llamaSpitter.webp\",\"width\":310,\"height\":310},{\"@type\":\"BreadcrumbList\",\"@id\":\"https:\/\/www.iplay.com\/de\/games\/llama-spitter\/#breadcrumb\",\"itemListElement\":[{\"@type\":\"ListItem\",\"position\":1,\"name\":\"Home\",\"item\":\"https:\/\/www.iplay.com\/de\/home-page-2\/\"},{\"@type\":\"ListItem\",\"position\":2,\"name\":\"Shop\",\"item\":\"https:\/\/www.iplay.com\/en\/shop\/\"},{\"@type\":\"ListItem\",\"position\":3,\"name\":\"Llama Spitter\"}]},{\"@type\":\"WebSite\",\"@id\":\"https:\/\/www.iplay.com\/en\/#website\",\"url\":\"https:\/\/www.iplay.com\/en\/\",\"name\":\"IPlay\",\"description\":\"The Best Casual Games!\",\"publisher\":{\"@id\":\"https:\/\/www.iplay.com\/en\/#organization\"},\"potentialAction\":[{\"@type\":\"SearchAction\",\"target\":{\"@type\":\"EntryPoint\",\"urlTemplate\":\"https:\/\/www.iplay.com\/en\/?s={search_term_string}\"},\"query-input\":{\"@type\":\"PropertyValueSpecification\",\"valueRequired\":true,\"valueName\":\"search_term_string\"}}],\"inLanguage\":\"de-DE\"},{\"@type\":\"Organization\",\"@id\":\"https:\/\/www.iplay.com\/en\/#organization\",\"name\":\"IPlay\",\"url\":\"https:\/\/www.iplay.com\/en\/\",\"logo\":{\"@type\":\"ImageObject\",\"inLanguage\":\"de-DE\",\"@id\":\"https:\/\/www.iplay.com\/en\/#\/schema\/logo\/image\/\",\"url\":\"https:\/\/www.iplay.com\/wp-content\/uploads\/2023\/11\/Group-6100.svg\",\"contentUrl\":\"https:\/\/www.iplay.com\/wp-content\/uploads\/2023\/11\/Group-6100.svg\",\"width\":98,\"height\":25,\"caption\":\"IPlay\"},\"image\":{\"@id\":\"https:\/\/www.iplay.com\/en\/#\/schema\/logo\/image\/\"}}]}<\/script>\n<!-- \/ Yoast SEO Premium plugin. -->","yoast_head_json":{"title":"Lama Spitter - Auf IPlay abspielen","description":"Du musst so lange wie m\u00f6glich \u00fcberleben, indem du das Lama h\u00fcpfen l\u00e4sst!","robots":{"index":"index","follow":"follow","max-snippet":"max-snippet:-1","max-image-preview":"max-image-preview:large","max-video-preview":"max-video-preview:-1"},"canonical":"https:\/\/www.iplay.com\/de\/games\/llama-spitter\/","og_locale":"de_DE","og_type":"article","og_title":"Llama Spitter","og_description":"Du musst so lange wie m\u00f6glich \u00fcberleben, indem du das Lama h\u00fcpfen l\u00e4sst!","og_url":"https:\/\/www.iplay.com\/de\/games\/llama-spitter\/","og_site_name":"IPlay","og_image":[{"width":310,"height":310,"url":"https:\/\/www.iplay.com\/wp-content\/uploads\/2024\/07\/310x310-llamaSpitter.webp","type":"image\/webp"}],"twitter_card":"summary_large_image","schema":{"@context":"https:\/\/schema.org","@graph":[{"@type":"WebPage","@id":"https:\/\/www.iplay.com\/de\/games\/llama-spitter\/","url":"https:\/\/www.iplay.com\/de\/games\/llama-spitter\/","name":"Lama Spitter - Auf IPlay abspielen","isPartOf":{"@id":"https:\/\/www.iplay.com\/en\/#website"},"primaryImageOfPage":{"@id":"https:\/\/www.iplay.com\/de\/games\/llama-spitter\/#primaryimage"},"image":{"@id":"https:\/\/www.iplay.com\/de\/games\/llama-spitter\/#primaryimage"},"thumbnailUrl":"https:\/\/www.iplay.com\/wp-content\/uploads\/2024\/07\/310x310-llamaSpitter.webp","datePublished":"2024-07-12T14:05:58+00:00","description":"Du musst so lange wie m\u00f6glich \u00fcberleben, indem du das Lama h\u00fcpfen l\u00e4sst!","breadcrumb":{"@id":"https:\/\/www.iplay.com\/de\/games\/llama-spitter\/#breadcrumb"},"inLanguage":"de-DE","potentialAction":[{"@type":"ReadAction","target":["https:\/\/www.iplay.com\/de\/games\/llama-spitter\/"]}]},{"@type":"ImageObject","inLanguage":"de-DE","@id":"https:\/\/www.iplay.com\/de\/games\/llama-spitter\/#primaryimage","url":"https:\/\/www.iplay.com\/wp-content\/uploads\/2024\/07\/310x310-llamaSpitter.webp","contentUrl":"https:\/\/www.iplay.com\/wp-content\/uploads\/2024\/07\/310x310-llamaSpitter.webp","width":310,"height":310},{"@type":"BreadcrumbList","@id":"https:\/\/www.iplay.com\/de\/games\/llama-spitter\/#breadcrumb","itemListElement":[{"@type":"ListItem","position":1,"name":"Home","item":"https:\/\/www.iplay.com\/de\/home-page-2\/"},{"@type":"ListItem","position":2,"name":"Shop","item":"https:\/\/www.iplay.com\/en\/shop\/"},{"@type":"ListItem","position":3,"name":"Llama Spitter"}]},{"@type":"WebSite","@id":"https:\/\/www.iplay.com\/en\/#website","url":"https:\/\/www.iplay.com\/en\/","name":"IPlay","description":"The Best Casual Games!","publisher":{"@id":"https:\/\/www.iplay.com\/en\/#organization"},"potentialAction":[{"@type":"SearchAction","target":{"@type":"EntryPoint","urlTemplate":"https:\/\/www.iplay.com\/en\/?s={search_term_string}"},"query-input":{"@type":"PropertyValueSpecification","valueRequired":true,"valueName":"search_term_string"}}],"inLanguage":"de-DE"},{"@type":"Organization","@id":"https:\/\/www.iplay.com\/en\/#organization","name":"IPlay","url":"https:\/\/www.iplay.com\/en\/","logo":{"@type":"ImageObject","inLanguage":"de-DE","@id":"https:\/\/www.iplay.com\/en\/#\/schema\/logo\/image\/","url":"https:\/\/www.iplay.com\/wp-content\/uploads\/2023\/11\/Group-6100.svg","contentUrl":"https:\/\/www.iplay.com\/wp-content\/uploads\/2023\/11\/Group-6100.svg","width":98,"height":25,"caption":"IPlay"},"image":{"@id":"https:\/\/www.iplay.com\/en\/#\/schema\/logo\/image\/"}}]}},"_links":{"self":[{"href":"https:\/\/www.iplay.com\/de\/wp-json\/wp\/v2\/product\/133388","targetHints":{"allow":["GET"]}}],"collection":[{"href":"https:\/\/www.iplay.com\/de\/wp-json\/wp\/v2\/product"}],"about":[{"href":"https:\/\/www.iplay.com\/de\/wp-json\/wp\/v2\/types\/product"}],"author":[{"embeddable":true,"href":"https:\/\/www.iplay.com\/de\/wp-json\/wp\/v2\/users\/333"}],"replies":[{"embeddable":true,"href":"https:\/\/www.iplay.com\/de\/wp-json\/wp\/v2\/comments?post=133388"}],"wp:featuredmedia":[{"embeddable":true,"href":"https:\/\/www.iplay.com\/de\/wp-json\/wp\/v2\/media\/130550"}],"wp:attachment":[{"href":"https:\/\/www.iplay.com\/de\/wp-json\/wp\/v2\/media?parent=133388"}],"wp:term":[{"taxonomy":"product_brand","embeddable":true,"href":"https:\/\/www.iplay.com\/de\/wp-json\/wp\/v2\/product_brand?post=133388"},{"taxonomy":"product_cat","embeddable":true,"href":"https:\/\/www.iplay.com\/de\/wp-json\/wp\/v2\/product_cat?post=133388"},{"taxonomy":"product_tag","embeddable":true,"href":"https:\/\/www.iplay.com\/de\/wp-json\/wp\/v2\/product_tag?post=133388"}],"curies":[{"name":"wp","href":"https:\/\/api.w.org\/{rel}","templated":true}]}}