{"id":133202,"date":"2022-11-08T00:00:00","date_gmt":"2022-11-08T00:00:00","guid":{"rendered":"https:\/\/www.iplay.com\/games\/new-yankee-in-king-arthurs-court\/"},"modified":"2022-11-08T00:00:00","modified_gmt":"2022-11-08T00:00:00","slug":"new-yankee-in-king-arthurs-court","status":"publish","type":"product","link":"https:\/\/www.iplay.com\/de\/games\/new-yankee-in-king-arthurs-court\/","title":{"rendered":"New Yankee in King Arthur&#8217;s Court"},"content":{"rendered":"<p>Du tauschst deinen Bauernhut gegen eine R\u00fcstung und begibst dich auf die Suche nach dem Jungbrunnen, als dich ein Blitzschlag in die Zeit von K\u00f6nig Artus zur\u00fcckversetzt. Oder zumindest hoffen Sie, vor dem Abendessen zur\u00fcckzukehren! Du musst Ressourcen sammeln, wohlhabende D\u00f6rfer errichten und dich gegen Skelette und Goblins wehren, um deine Aufgabe zu erf\u00fcllen! Das aufregende Zeitmanagement-Gameplay von New Yankee in King Arthur&#8217;s Court wird mit der Lieblingsspielgeschwindigkeit der Gelegenheitsspieler kombiniert. Sind Sie bereit, mit der Suche zu beginnen?<\/p>\n","protected":false},"excerpt":{"rendered":"<p>Hol dir eine R\u00fcstung statt eines Bauernhutes und entdecke den Jungbrunnen!<\/p>\n","protected":false},"author":8,"featured_media":52662,"comment_status":"open","ping_status":"closed","template":"","meta":{"_acf_changed":false,"inline_featured_image":false},"product_brand":[],"product_cat":[217],"product_tag":[277,289],"class_list":{"0":"post-133202","1":"product","2":"type-product","3":"status-publish","4":"has-post-thumbnail","6":"product_cat-time-management-de","7":"product_tag-new-yankee-series-de","8":"product_tag-play-on-pc-de","10":"first","11":"instock","12":"shipping-taxable","13":"purchasable","14":"product-type-simple"},"acf":[],"yoast_head":"<!-- This site is optimized with the Yoast SEO Premium plugin v25.2 (Yoast SEO v25.2) - https:\/\/yoast.com\/wordpress\/plugins\/seo\/ -->\n<title>Neuer Yankee am Hof von K\u00f6nig Artus - Tauscht Bauernhut gegen R\u00fcstung, sucht den Jungbrunnen<\/title>\n<meta name=\"description\" content=\"Hol dir eine R\u00fcstung statt eines Bauernhutes und entdecke den Jungbrunnen!\" \/>\n<meta name=\"robots\" content=\"index, follow, max-snippet:-1, max-image-preview:large, max-video-preview:-1\" \/>\n<link rel=\"canonical\" href=\"https:\/\/www.iplay.com\/de\/games\/new-yankee-in-king-arthurs-court\/\" \/>\n<meta property=\"og:locale\" content=\"de_DE\" \/>\n<meta property=\"og:type\" content=\"article\" \/>\n<meta property=\"og:title\" content=\"New Yankee in King Arthur&#039;s Court\" \/>\n<meta property=\"og:description\" content=\"Hol dir eine R\u00fcstung statt eines Bauernhutes und entdecke den Jungbrunnen!\" \/>\n<meta property=\"og:url\" content=\"https:\/\/www.iplay.com\/de\/games\/new-yankee-in-king-arthurs-court\/\" \/>\n<meta property=\"og:site_name\" content=\"IPlay\" \/>\n<meta property=\"og:image\" content=\"https:\/\/www.iplay.com\/wp-content\/uploads\/2023\/12\/large_square_tile_image-756.jpg\" \/>\n\t<meta property=\"og:image:width\" content=\"310\" \/>\n\t<meta property=\"og:image:height\" content=\"310\" \/>\n\t<meta property=\"og:image:type\" content=\"image\/jpeg\" \/>\n<meta name=\"twitter:card\" content=\"summary_large_image\" \/>\n<script type=\"application\/ld+json\" class=\"yoast-schema-graph\">{\"@context\":\"https:\/\/schema.org\",\"@graph\":[{\"@type\":\"WebPage\",\"@id\":\"https:\/\/www.iplay.com\/de\/games\/new-yankee-in-king-arthurs-court\/\",\"url\":\"https:\/\/www.iplay.com\/de\/games\/new-yankee-in-king-arthurs-court\/\",\"name\":\"Neuer Yankee am Hof von K\u00f6nig Artus - Tauscht Bauernhut gegen R\u00fcstung, sucht den Jungbrunnen\",\"isPartOf\":{\"@id\":\"https:\/\/www.iplay.com\/en\/#website\"},\"primaryImageOfPage\":{\"@id\":\"https:\/\/www.iplay.com\/de\/games\/new-yankee-in-king-arthurs-court\/#primaryimage\"},\"image\":{\"@id\":\"https:\/\/www.iplay.com\/de\/games\/new-yankee-in-king-arthurs-court\/#primaryimage\"},\"thumbnailUrl\":\"https:\/\/www.iplay.com\/wp-content\/uploads\/2023\/12\/large_square_tile_image-756.jpg\",\"datePublished\":\"2022-11-08T00:00:00+00:00\",\"description\":\"Hol dir eine R\u00fcstung statt eines Bauernhutes und entdecke den Jungbrunnen!\",\"breadcrumb\":{\"@id\":\"https:\/\/www.iplay.com\/de\/games\/new-yankee-in-king-arthurs-court\/#breadcrumb\"},\"inLanguage\":\"de-DE\",\"potentialAction\":[{\"@type\":\"ReadAction\",\"target\":[\"https:\/\/www.iplay.com\/de\/games\/new-yankee-in-king-arthurs-court\/\"]}]},{\"@type\":\"ImageObject\",\"inLanguage\":\"de-DE\",\"@id\":\"https:\/\/www.iplay.com\/de\/games\/new-yankee-in-king-arthurs-court\/#primaryimage\",\"url\":\"https:\/\/www.iplay.com\/wp-content\/uploads\/2023\/12\/large_square_tile_image-756.jpg\",\"contentUrl\":\"https:\/\/www.iplay.com\/wp-content\/uploads\/2023\/12\/large_square_tile_image-756.jpg\",\"width\":310,\"height\":310},{\"@type\":\"BreadcrumbList\",\"@id\":\"https:\/\/www.iplay.com\/de\/games\/new-yankee-in-king-arthurs-court\/#breadcrumb\",\"itemListElement\":[{\"@type\":\"ListItem\",\"position\":1,\"name\":\"Home\",\"item\":\"https:\/\/www.iplay.com\/de\/home-page-2\/\"},{\"@type\":\"ListItem\",\"position\":2,\"name\":\"Shop\",\"item\":\"https:\/\/www.iplay.com\/en\/shop\/\"},{\"@type\":\"ListItem\",\"position\":3,\"name\":\"New Yankee in King Arthur&#8217;s Court\"}]},{\"@type\":\"WebSite\",\"@id\":\"https:\/\/www.iplay.com\/en\/#website\",\"url\":\"https:\/\/www.iplay.com\/en\/\",\"name\":\"IPlay\",\"description\":\"The Best Casual Games!\",\"publisher\":{\"@id\":\"https:\/\/www.iplay.com\/en\/#organization\"},\"potentialAction\":[{\"@type\":\"SearchAction\",\"target\":{\"@type\":\"EntryPoint\",\"urlTemplate\":\"https:\/\/www.iplay.com\/en\/?s={search_term_string}\"},\"query-input\":{\"@type\":\"PropertyValueSpecification\",\"valueRequired\":true,\"valueName\":\"search_term_string\"}}],\"inLanguage\":\"de-DE\"},{\"@type\":\"Organization\",\"@id\":\"https:\/\/www.iplay.com\/en\/#organization\",\"name\":\"IPlay\",\"url\":\"https:\/\/www.iplay.com\/en\/\",\"logo\":{\"@type\":\"ImageObject\",\"inLanguage\":\"de-DE\",\"@id\":\"https:\/\/www.iplay.com\/en\/#\/schema\/logo\/image\/\",\"url\":\"https:\/\/www.iplay.com\/wp-content\/uploads\/2023\/11\/Group-6100.svg\",\"contentUrl\":\"https:\/\/www.iplay.com\/wp-content\/uploads\/2023\/11\/Group-6100.svg\",\"width\":98,\"height\":25,\"caption\":\"IPlay\"},\"image\":{\"@id\":\"https:\/\/www.iplay.com\/en\/#\/schema\/logo\/image\/\"}}]}<\/script>\n<!-- \/ Yoast SEO Premium plugin. -->","yoast_head_json":{"title":"Neuer Yankee am Hof von K\u00f6nig Artus - Tauscht Bauernhut gegen R\u00fcstung, sucht den Jungbrunnen","description":"Hol dir eine R\u00fcstung statt eines Bauernhutes und entdecke den Jungbrunnen!","robots":{"index":"index","follow":"follow","max-snippet":"max-snippet:-1","max-image-preview":"max-image-preview:large","max-video-preview":"max-video-preview:-1"},"canonical":"https:\/\/www.iplay.com\/de\/games\/new-yankee-in-king-arthurs-court\/","og_locale":"de_DE","og_type":"article","og_title":"New Yankee in King Arthur's Court","og_description":"Hol dir eine R\u00fcstung statt eines Bauernhutes und entdecke den Jungbrunnen!","og_url":"https:\/\/www.iplay.com\/de\/games\/new-yankee-in-king-arthurs-court\/","og_site_name":"IPlay","og_image":[{"width":310,"height":310,"url":"https:\/\/www.iplay.com\/wp-content\/uploads\/2023\/12\/large_square_tile_image-756.jpg","type":"image\/jpeg"}],"twitter_card":"summary_large_image","schema":{"@context":"https:\/\/schema.org","@graph":[{"@type":"WebPage","@id":"https:\/\/www.iplay.com\/de\/games\/new-yankee-in-king-arthurs-court\/","url":"https:\/\/www.iplay.com\/de\/games\/new-yankee-in-king-arthurs-court\/","name":"Neuer Yankee am Hof von K\u00f6nig Artus - Tauscht Bauernhut gegen R\u00fcstung, sucht den Jungbrunnen","isPartOf":{"@id":"https:\/\/www.iplay.com\/en\/#website"},"primaryImageOfPage":{"@id":"https:\/\/www.iplay.com\/de\/games\/new-yankee-in-king-arthurs-court\/#primaryimage"},"image":{"@id":"https:\/\/www.iplay.com\/de\/games\/new-yankee-in-king-arthurs-court\/#primaryimage"},"thumbnailUrl":"https:\/\/www.iplay.com\/wp-content\/uploads\/2023\/12\/large_square_tile_image-756.jpg","datePublished":"2022-11-08T00:00:00+00:00","description":"Hol dir eine R\u00fcstung statt eines Bauernhutes und entdecke den Jungbrunnen!","breadcrumb":{"@id":"https:\/\/www.iplay.com\/de\/games\/new-yankee-in-king-arthurs-court\/#breadcrumb"},"inLanguage":"de-DE","potentialAction":[{"@type":"ReadAction","target":["https:\/\/www.iplay.com\/de\/games\/new-yankee-in-king-arthurs-court\/"]}]},{"@type":"ImageObject","inLanguage":"de-DE","@id":"https:\/\/www.iplay.com\/de\/games\/new-yankee-in-king-arthurs-court\/#primaryimage","url":"https:\/\/www.iplay.com\/wp-content\/uploads\/2023\/12\/large_square_tile_image-756.jpg","contentUrl":"https:\/\/www.iplay.com\/wp-content\/uploads\/2023\/12\/large_square_tile_image-756.jpg","width":310,"height":310},{"@type":"BreadcrumbList","@id":"https:\/\/www.iplay.com\/de\/games\/new-yankee-in-king-arthurs-court\/#breadcrumb","itemListElement":[{"@type":"ListItem","position":1,"name":"Home","item":"https:\/\/www.iplay.com\/de\/home-page-2\/"},{"@type":"ListItem","position":2,"name":"Shop","item":"https:\/\/www.iplay.com\/en\/shop\/"},{"@type":"ListItem","position":3,"name":"New Yankee in King Arthur&#8217;s Court"}]},{"@type":"WebSite","@id":"https:\/\/www.iplay.com\/en\/#website","url":"https:\/\/www.iplay.com\/en\/","name":"IPlay","description":"The Best Casual Games!","publisher":{"@id":"https:\/\/www.iplay.com\/en\/#organization"},"potentialAction":[{"@type":"SearchAction","target":{"@type":"EntryPoint","urlTemplate":"https:\/\/www.iplay.com\/en\/?s={search_term_string}"},"query-input":{"@type":"PropertyValueSpecification","valueRequired":true,"valueName":"search_term_string"}}],"inLanguage":"de-DE"},{"@type":"Organization","@id":"https:\/\/www.iplay.com\/en\/#organization","name":"IPlay","url":"https:\/\/www.iplay.com\/en\/","logo":{"@type":"ImageObject","inLanguage":"de-DE","@id":"https:\/\/www.iplay.com\/en\/#\/schema\/logo\/image\/","url":"https:\/\/www.iplay.com\/wp-content\/uploads\/2023\/11\/Group-6100.svg","contentUrl":"https:\/\/www.iplay.com\/wp-content\/uploads\/2023\/11\/Group-6100.svg","width":98,"height":25,"caption":"IPlay"},"image":{"@id":"https:\/\/www.iplay.com\/en\/#\/schema\/logo\/image\/"}}]}},"_links":{"self":[{"href":"https:\/\/www.iplay.com\/de\/wp-json\/wp\/v2\/product\/133202","targetHints":{"allow":["GET"]}}],"collection":[{"href":"https:\/\/www.iplay.com\/de\/wp-json\/wp\/v2\/product"}],"about":[{"href":"https:\/\/www.iplay.com\/de\/wp-json\/wp\/v2\/types\/product"}],"author":[{"embeddable":true,"href":"https:\/\/www.iplay.com\/de\/wp-json\/wp\/v2\/users\/8"}],"replies":[{"embeddable":true,"href":"https:\/\/www.iplay.com\/de\/wp-json\/wp\/v2\/comments?post=133202"}],"wp:featuredmedia":[{"embeddable":true,"href":"https:\/\/www.iplay.com\/de\/wp-json\/wp\/v2\/media\/52662"}],"wp:attachment":[{"href":"https:\/\/www.iplay.com\/de\/wp-json\/wp\/v2\/media?parent=133202"}],"wp:term":[{"taxonomy":"product_brand","embeddable":true,"href":"https:\/\/www.iplay.com\/de\/wp-json\/wp\/v2\/product_brand?post=133202"},{"taxonomy":"product_cat","embeddable":true,"href":"https:\/\/www.iplay.com\/de\/wp-json\/wp\/v2\/product_cat?post=133202"},{"taxonomy":"product_tag","embeddable":true,"href":"https:\/\/www.iplay.com\/de\/wp-json\/wp\/v2\/product_tag?post=133202"}],"curies":[{"name":"wp","href":"https:\/\/api.w.org\/{rel}","templated":true}]}}