{"id":133190,"date":"2025-04-30T09:00:56","date_gmt":"2025-04-30T09:00:56","guid":{"rendered":"https:\/\/www.iplay.com\/?post_type=product&p=133190"},"modified":"2025-04-30T09:00:56","modified_gmt":"2025-04-30T09:00:56","slug":"city-of-stories-the-professors-secret-collectors-edition","status":"publish","type":"product","link":"https:\/\/www.iplay.com\/de\/games\/city-of-stories-the-professors-secret-collectors-edition\/","title":{"rendered":"City of Stories: The Professor&#8217;s Secret Collector&#8217;s Edition"},"content":{"rendered":"<p class=\"whitespace-pre-wrap break-words\">Im neuesten Teil dieser beliebten Serie erwartet Sie eine fesselnde Reise, in der sich das Leben eines jungen Bauernm\u00e4dchens ver\u00e4ndert. W\u00e4hrend sie ihrem Vater, einem Kr\u00e4uterkundigen, zur Seite steht, schl\u00e4gt Adeles Herz f\u00fcr gr\u00f6\u00dfere Bestrebungen &#8211; die Wissenschaft unter renommierten Intellektuellen trotz gesellschaftlicher Zw\u00e4nge zu revolutionieren. <\/p>\n<p class=\"whitespace-pre-wrap break-words\">Wenn es aufgrund starrer Geschlechtererwartungen zu \u00fcberw\u00e4ltigenden Widrigkeiten kommt, wird der Status quo durch eine geschickte Verkleidung als &#8220;Edward Black&#8221; mutig herausgefordert und erm\u00f6glicht es, heimlich akademische Tr\u00e4ume zu verfolgen.<\/p>\n<p class=\"whitespace-pre-wrap break-words\">W\u00e4hrend dieses Doppellebensabenteuers m\u00fcssen entscheidende Entscheidungen getroffen, faszinierende wissenschaftliche Fakten aufgedeckt und M\u00fcnzen f\u00fcr den Bau und die Modernisierung von Laboren verdient werden. Wird die Geschichte von Triumph gepr\u00e4gt sein, oder wird eine sorgf\u00e4ltig gefertigte Verkleidung aufgeflogen? Wendungen, Herausforderungen und Triumphe werden in diesem packenden Wimmelbild-Abenteuer entdeckt!  <\/p>\n<p>&nbsp;<\/p>\n<p class=\"whitespace-pre-wrap break-words\"><strong>Funktionen der Collector&#8217;s Edition:<\/strong><\/p>\n<ul class=\"[&amp;:not(:last-child)_ul]:pb-1 [&amp;:not(:last-child)_ol]:pb-1 list-disc space-y-1.5 pl-7\">\n<li class=\"whitespace-normal break-words\">Adeles verborgenes Leben wird durch herausfordernde Bonusinhalte enth\u00fcllt<\/li>\n<li class=\"whitespace-normal break-words\">Der Spa\u00df wird mit wiederspielbaren R\u00e4tseln wieder aufleben lassen, w\u00e4hrend Erfolge verdient werden<\/li>\n<li class=\"whitespace-normal break-words\">Adeles Labor wurde entworfen und erweitert, wenn Tr\u00e4ume Wirklichkeit werden<\/li>\n<li class=\"whitespace-normal break-words\">Exklusive Hintergrundbilder, Match-3-Spiele, Musik und Videos sind enthalten<\/li>\n<li class=\"whitespace-normal break-words\">Mit dem detaillierten Strategieleitfaden verlieren Sie sich nie<\/li>\n<\/ul>\n","protected":false},"excerpt":{"rendered":"<p>Hilf Adele, ihre wissenschaftlichen Tr\u00e4ume zu verfolgen, indem du dich als Edward Black verkleidet &#8211; L\u00f6se R\u00e4tsel, baue dein Labor und trotze den Geschlechternormen in diesem fesselnden Abenteuer!<\/p>\n","protected":false},"author":17,"featured_media":133136,"comment_status":"open","ping_status":"closed","template":"","meta":{"_acf_changed":false,"inline_featured_image":false},"product_brand":[],"product_cat":[149,164],"product_tag":[289],"class_list":{"0":"post-133190","1":"product","2":"type-product","3":"status-publish","4":"has-post-thumbnail","6":"product_cat-adventure-de","7":"product_cat-hidden-object-de","8":"product_tag-play-on-pc-de","10":"first","11":"instock","12":"shipping-taxable","13":"purchasable","14":"product-type-simple"},"acf":[],"yoast_head":"<!-- This site is optimized with the Yoast SEO Premium plugin v25.2 (Yoast SEO v25.2) - https:\/\/yoast.com\/wordpress\/plugins\/seo\/ -->\n<title>Stadt der Geschichten: Hilf Adele, ihren Traum von der Wissenschaft zu verwirklichen<\/title>\n<meta name=\"description\" content=\"Hilf Adele, ihre wissenschaftlichen Tr\u00e4ume zu verfolgen, indem du dich als Edward Black verkleidet - L\u00f6se R\u00e4tsel, baue dein Labor und trotze den Geschlechternormen in diesem fesselnden Abenteuer!\" \/>\n<meta name=\"robots\" content=\"index, follow, max-snippet:-1, max-image-preview:large, max-video-preview:-1\" \/>\n<link rel=\"canonical\" href=\"https:\/\/www.iplay.com\/en\/games\/city-of-stories-the-professors-secret-collectors-edition\/\" \/>\n<meta property=\"og:locale\" content=\"de_DE\" \/>\n<meta property=\"og:type\" content=\"article\" \/>\n<meta property=\"og:title\" content=\"City of Stories: The Professor&#039;s Secret Collector&#039;s Edition\" \/>\n<meta property=\"og:description\" content=\"Hilf Adele, ihre wissenschaftlichen Tr\u00e4ume zu verfolgen, indem du dich als Edward Black verkleidet - L\u00f6se R\u00e4tsel, baue dein Labor und trotze den Geschlechternormen in diesem fesselnden Abenteuer!\" \/>\n<meta property=\"og:url\" content=\"https:\/\/www.iplay.com\/en\/games\/city-of-stories-the-professors-secret-collectors-edition\/\" \/>\n<meta property=\"og:site_name\" content=\"IPlay\" \/>\n<meta property=\"og:image\" content=\"https:\/\/www.iplay.com\/wp-content\/uploads\/2025\/04\/city_of_stories_the_professors_secret_collectors_edition_large_video_screenshot.webp\" \/>\n\t<meta property=\"og:image:width\" content=\"715\" \/>\n\t<meta property=\"og:image:height\" content=\"485\" \/>\n\t<meta property=\"og:image:type\" content=\"image\/webp\" \/>\n<meta name=\"twitter:card\" content=\"summary_large_image\" \/>\n<meta name=\"twitter:label1\" content=\"Gesch\u00e4tzte Lesezeit\" \/>\n\t<meta name=\"twitter:data1\" content=\"1 Minute\" \/>\n<script type=\"application\/ld+json\" class=\"yoast-schema-graph\">{\"@context\":\"https:\/\/schema.org\",\"@graph\":[{\"@type\":\"WebPage\",\"@id\":\"https:\/\/www.iplay.com\/en\/games\/city-of-stories-the-professors-secret-collectors-edition\/\",\"url\":\"https:\/\/www.iplay.com\/en\/games\/city-of-stories-the-professors-secret-collectors-edition\/\",\"name\":\"Stadt der Geschichten: Hilf Adele, ihren Traum von der Wissenschaft zu verwirklichen\",\"isPartOf\":{\"@id\":\"https:\/\/www.iplay.com\/en\/#website\"},\"primaryImageOfPage\":{\"@id\":\"https:\/\/www.iplay.com\/en\/games\/city-of-stories-the-professors-secret-collectors-edition\/#primaryimage\"},\"image\":{\"@id\":\"https:\/\/www.iplay.com\/en\/games\/city-of-stories-the-professors-secret-collectors-edition\/#primaryimage\"},\"thumbnailUrl\":\"https:\/\/www.iplay.com\/wp-content\/uploads\/2025\/04\/city_of_stories_the_professors_secret_collectors_edition_large_video_screenshot.webp\",\"datePublished\":\"2025-04-30T09:00:56+00:00\",\"description\":\"Hilf Adele, ihre wissenschaftlichen Tr\u00e4ume zu verfolgen, indem du dich als Edward Black verkleidet - L\u00f6se R\u00e4tsel, baue dein Labor und trotze den Geschlechternormen in diesem fesselnden Abenteuer!\",\"breadcrumb\":{\"@id\":\"https:\/\/www.iplay.com\/en\/games\/city-of-stories-the-professors-secret-collectors-edition\/#breadcrumb\"},\"inLanguage\":\"de-DE\",\"potentialAction\":[{\"@type\":\"ReadAction\",\"target\":[\"https:\/\/www.iplay.com\/en\/games\/city-of-stories-the-professors-secret-collectors-edition\/\"]}]},{\"@type\":\"ImageObject\",\"inLanguage\":\"de-DE\",\"@id\":\"https:\/\/www.iplay.com\/en\/games\/city-of-stories-the-professors-secret-collectors-edition\/#primaryimage\",\"url\":\"https:\/\/www.iplay.com\/wp-content\/uploads\/2025\/04\/city_of_stories_the_professors_secret_collectors_edition_large_video_screenshot.webp\",\"contentUrl\":\"https:\/\/www.iplay.com\/wp-content\/uploads\/2025\/04\/city_of_stories_the_professors_secret_collectors_edition_large_video_screenshot.webp\",\"width\":715,\"height\":485},{\"@type\":\"BreadcrumbList\",\"@id\":\"https:\/\/www.iplay.com\/en\/games\/city-of-stories-the-professors-secret-collectors-edition\/#breadcrumb\",\"itemListElement\":[{\"@type\":\"ListItem\",\"position\":1,\"name\":\"Home\",\"item\":\"https:\/\/www.iplay.com\/de\/home-page-2\/\"},{\"@type\":\"ListItem\",\"position\":2,\"name\":\"Shop\",\"item\":\"https:\/\/www.iplay.com\/en\/shop\/\"},{\"@type\":\"ListItem\",\"position\":3,\"name\":\"City of Stories: The Professor&#8217;s Secret Collector&#8217;s Edition\"}]},{\"@type\":\"WebSite\",\"@id\":\"https:\/\/www.iplay.com\/en\/#website\",\"url\":\"https:\/\/www.iplay.com\/en\/\",\"name\":\"IPlay\",\"description\":\"The Best Casual Games!\",\"publisher\":{\"@id\":\"https:\/\/www.iplay.com\/en\/#organization\"},\"potentialAction\":[{\"@type\":\"SearchAction\",\"target\":{\"@type\":\"EntryPoint\",\"urlTemplate\":\"https:\/\/www.iplay.com\/en\/?s={search_term_string}\"},\"query-input\":{\"@type\":\"PropertyValueSpecification\",\"valueRequired\":true,\"valueName\":\"search_term_string\"}}],\"inLanguage\":\"de-DE\"},{\"@type\":\"Organization\",\"@id\":\"https:\/\/www.iplay.com\/en\/#organization\",\"name\":\"IPlay\",\"url\":\"https:\/\/www.iplay.com\/en\/\",\"logo\":{\"@type\":\"ImageObject\",\"inLanguage\":\"de-DE\",\"@id\":\"https:\/\/www.iplay.com\/en\/#\/schema\/logo\/image\/\",\"url\":\"https:\/\/www.iplay.com\/wp-content\/uploads\/2023\/11\/Group-6100.svg\",\"contentUrl\":\"https:\/\/www.iplay.com\/wp-content\/uploads\/2023\/11\/Group-6100.svg\",\"width\":98,\"height\":25,\"caption\":\"IPlay\"},\"image\":{\"@id\":\"https:\/\/www.iplay.com\/en\/#\/schema\/logo\/image\/\"}}]}<\/script>\n<!-- \/ Yoast SEO Premium plugin. -->","yoast_head_json":{"title":"Stadt der Geschichten: Hilf Adele, ihren Traum von der Wissenschaft zu verwirklichen","description":"Hilf Adele, ihre wissenschaftlichen Tr\u00e4ume zu verfolgen, indem du dich als Edward Black verkleidet - L\u00f6se R\u00e4tsel, baue dein Labor und trotze den Geschlechternormen in diesem fesselnden Abenteuer!","robots":{"index":"index","follow":"follow","max-snippet":"max-snippet:-1","max-image-preview":"max-image-preview:large","max-video-preview":"max-video-preview:-1"},"canonical":"https:\/\/www.iplay.com\/en\/games\/city-of-stories-the-professors-secret-collectors-edition\/","og_locale":"de_DE","og_type":"article","og_title":"City of Stories: The Professor's Secret Collector's Edition","og_description":"Hilf Adele, ihre wissenschaftlichen Tr\u00e4ume zu verfolgen, indem du dich als Edward Black verkleidet - L\u00f6se R\u00e4tsel, baue dein Labor und trotze den Geschlechternormen in diesem fesselnden Abenteuer!","og_url":"https:\/\/www.iplay.com\/en\/games\/city-of-stories-the-professors-secret-collectors-edition\/","og_site_name":"IPlay","og_image":[{"width":715,"height":485,"url":"https:\/\/www.iplay.com\/wp-content\/uploads\/2025\/04\/city_of_stories_the_professors_secret_collectors_edition_large_video_screenshot.webp","type":"image\/webp"}],"twitter_card":"summary_large_image","twitter_misc":{"Gesch\u00e4tzte Lesezeit":"1 Minute"},"schema":{"@context":"https:\/\/schema.org","@graph":[{"@type":"WebPage","@id":"https:\/\/www.iplay.com\/en\/games\/city-of-stories-the-professors-secret-collectors-edition\/","url":"https:\/\/www.iplay.com\/en\/games\/city-of-stories-the-professors-secret-collectors-edition\/","name":"Stadt der Geschichten: Hilf Adele, ihren Traum von der Wissenschaft zu verwirklichen","isPartOf":{"@id":"https:\/\/www.iplay.com\/en\/#website"},"primaryImageOfPage":{"@id":"https:\/\/www.iplay.com\/en\/games\/city-of-stories-the-professors-secret-collectors-edition\/#primaryimage"},"image":{"@id":"https:\/\/www.iplay.com\/en\/games\/city-of-stories-the-professors-secret-collectors-edition\/#primaryimage"},"thumbnailUrl":"https:\/\/www.iplay.com\/wp-content\/uploads\/2025\/04\/city_of_stories_the_professors_secret_collectors_edition_large_video_screenshot.webp","datePublished":"2025-04-30T09:00:56+00:00","description":"Hilf Adele, ihre wissenschaftlichen Tr\u00e4ume zu verfolgen, indem du dich als Edward Black verkleidet - L\u00f6se R\u00e4tsel, baue dein Labor und trotze den Geschlechternormen in diesem fesselnden Abenteuer!","breadcrumb":{"@id":"https:\/\/www.iplay.com\/en\/games\/city-of-stories-the-professors-secret-collectors-edition\/#breadcrumb"},"inLanguage":"de-DE","potentialAction":[{"@type":"ReadAction","target":["https:\/\/www.iplay.com\/en\/games\/city-of-stories-the-professors-secret-collectors-edition\/"]}]},{"@type":"ImageObject","inLanguage":"de-DE","@id":"https:\/\/www.iplay.com\/en\/games\/city-of-stories-the-professors-secret-collectors-edition\/#primaryimage","url":"https:\/\/www.iplay.com\/wp-content\/uploads\/2025\/04\/city_of_stories_the_professors_secret_collectors_edition_large_video_screenshot.webp","contentUrl":"https:\/\/www.iplay.com\/wp-content\/uploads\/2025\/04\/city_of_stories_the_professors_secret_collectors_edition_large_video_screenshot.webp","width":715,"height":485},{"@type":"BreadcrumbList","@id":"https:\/\/www.iplay.com\/en\/games\/city-of-stories-the-professors-secret-collectors-edition\/#breadcrumb","itemListElement":[{"@type":"ListItem","position":1,"name":"Home","item":"https:\/\/www.iplay.com\/de\/home-page-2\/"},{"@type":"ListItem","position":2,"name":"Shop","item":"https:\/\/www.iplay.com\/en\/shop\/"},{"@type":"ListItem","position":3,"name":"City of Stories: The Professor&#8217;s Secret Collector&#8217;s Edition"}]},{"@type":"WebSite","@id":"https:\/\/www.iplay.com\/en\/#website","url":"https:\/\/www.iplay.com\/en\/","name":"IPlay","description":"The Best Casual Games!","publisher":{"@id":"https:\/\/www.iplay.com\/en\/#organization"},"potentialAction":[{"@type":"SearchAction","target":{"@type":"EntryPoint","urlTemplate":"https:\/\/www.iplay.com\/en\/?s={search_term_string}"},"query-input":{"@type":"PropertyValueSpecification","valueRequired":true,"valueName":"search_term_string"}}],"inLanguage":"de-DE"},{"@type":"Organization","@id":"https:\/\/www.iplay.com\/en\/#organization","name":"IPlay","url":"https:\/\/www.iplay.com\/en\/","logo":{"@type":"ImageObject","inLanguage":"de-DE","@id":"https:\/\/www.iplay.com\/en\/#\/schema\/logo\/image\/","url":"https:\/\/www.iplay.com\/wp-content\/uploads\/2023\/11\/Group-6100.svg","contentUrl":"https:\/\/www.iplay.com\/wp-content\/uploads\/2023\/11\/Group-6100.svg","width":98,"height":25,"caption":"IPlay"},"image":{"@id":"https:\/\/www.iplay.com\/en\/#\/schema\/logo\/image\/"}}]}},"_links":{"self":[{"href":"https:\/\/www.iplay.com\/de\/wp-json\/wp\/v2\/product\/133190","targetHints":{"allow":["GET"]}}],"collection":[{"href":"https:\/\/www.iplay.com\/de\/wp-json\/wp\/v2\/product"}],"about":[{"href":"https:\/\/www.iplay.com\/de\/wp-json\/wp\/v2\/types\/product"}],"author":[{"embeddable":true,"href":"https:\/\/www.iplay.com\/de\/wp-json\/wp\/v2\/users\/17"}],"replies":[{"embeddable":true,"href":"https:\/\/www.iplay.com\/de\/wp-json\/wp\/v2\/comments?post=133190"}],"wp:featuredmedia":[{"embeddable":true,"href":"https:\/\/www.iplay.com\/de\/wp-json\/wp\/v2\/media\/133136"}],"wp:attachment":[{"href":"https:\/\/www.iplay.com\/de\/wp-json\/wp\/v2\/media?parent=133190"}],"wp:term":[{"taxonomy":"product_brand","embeddable":true,"href":"https:\/\/www.iplay.com\/de\/wp-json\/wp\/v2\/product_brand?post=133190"},{"taxonomy":"product_cat","embeddable":true,"href":"https:\/\/www.iplay.com\/de\/wp-json\/wp\/v2\/product_cat?post=133190"},{"taxonomy":"product_tag","embeddable":true,"href":"https:\/\/www.iplay.com\/de\/wp-json\/wp\/v2\/product_tag?post=133190"}],"curies":[{"name":"wp","href":"https:\/\/api.w.org\/{rel}","templated":true}]}}