{"id":133087,"date":"2023-01-10T00:00:00","date_gmt":"2023-01-10T00:00:00","guid":{"rendered":"https:\/\/www.iplay.com\/games\/academy-of-magic-a-new-beginning\/"},"modified":"2023-01-10T00:00:00","modified_gmt":"2023-01-10T00:00:00","slug":"academy-of-magic-a-new-beginning","status":"publish","type":"product","link":"https:\/\/www.iplay.com\/de\/games\/academy-of-magic-a-new-beginning\/","title":{"rendered":"Academy of Magic: A New Beginning"},"content":{"rendered":"<p>Als Ergebnis des Kampfes an der Akademie der Magie wurde der junge Raymond Deveraux durch ein Portal in die Vergangenheit geworfen. In einer Zeit, in der Hexen und Zauberer von denen ohne Magie gef\u00fcrchtet werden, bringt ihn sein Versuch, jemandem zu helfen, in den Mittelpunkt eines t\u00f6dlichen Kampfes. Um eine L\u00f6sung f\u00fcr die Unzufriedenheit im Dorf zu finden, freundet sich Raymond mit einigen Zauberern dieser \u00c4ra an. Als er jedoch mehr \u00fcber den Konflikt im Dorf erf\u00e4hrt, scheint es, dass Frieden schwer zu erreichen sein k\u00f6nnte.   <\/p>\n<p>&nbsp;<\/p>\n<p>&nbsp;<\/p>\n<p><strong>Funktionen:<\/strong><\/p>\n<p>&nbsp;<\/p>\n<p>&#8211; Erkunde mit Raymond die Zeit vor der Akademie der Magie<\/p>\n<p>&#8211; L\u00f6se spannende Match-3-R\u00e4tsel<\/p>\n<p>&#8211; Verdiene 20 Upgrades, um Raymond bei seiner Mission zu unterst\u00fctzen<\/p>\n<p>&#8211; Lernen und begreifen Sie die Ereignisse der Vergangenheit, w\u00e4hrend sie sich entfalten<\/p>\n<p>&#8211; Genie\u00dfe eine wundervolle Geschichte, die in 5 Kapiteln pr\u00e4sentiert wird<\/p>\n","protected":false},"excerpt":{"rendered":"<p>Begeben Sie sich mit Raymond auf seinen neuesten historischen Ausflug! In Magic Academy 4: Ein Neuanfang <\/p>\n","protected":false},"author":42,"featured_media":74742,"comment_status":"open","ping_status":"closed","template":"","meta":{"_acf_changed":false,"inline_featured_image":false},"product_brand":[],"product_cat":[194],"product_tag":[],"class_list":{"0":"post-133087","1":"product","2":"type-product","3":"status-publish","4":"has-post-thumbnail","6":"product_cat-puzzle-de","8":"first","9":"instock","10":"shipping-taxable","11":"purchasable","12":"product-type-simple"},"acf":[],"yoast_head":"<!-- This site is optimized with the Yoast SEO Premium plugin v25.2 (Yoast SEO v25.2) - https:\/\/yoast.com\/wordpress\/plugins\/seo\/ -->\n<title>Academy of Magic: Ein neuer Anfang - Raymond begibt sich auf seine neueste Reise in die Vergangenheit<\/title>\n<meta name=\"description\" content=\"Begeben Sie sich mit Raymond auf seinen neuesten historischen Ausflug! In Magic Academy 4: Ein Neuanfang\" \/>\n<meta name=\"robots\" content=\"index, follow, max-snippet:-1, max-image-preview:large, max-video-preview:-1\" \/>\n<link rel=\"canonical\" href=\"https:\/\/www.iplay.com\/de\/games\/academy-of-magic-a-new-beginning\/\" \/>\n<meta property=\"og:locale\" content=\"de_DE\" \/>\n<meta property=\"og:type\" content=\"article\" \/>\n<meta property=\"og:title\" content=\"Academy of Magic: A New Beginning\" \/>\n<meta property=\"og:description\" content=\"Begeben Sie sich mit Raymond auf seinen neuesten historischen Ausflug! In Magic Academy 4: Ein Neuanfang\" \/>\n<meta property=\"og:url\" content=\"https:\/\/www.iplay.com\/de\/games\/academy-of-magic-a-new-beginning\/\" \/>\n<meta property=\"og:site_name\" content=\"IPlay\" \/>\n<meta property=\"og:image\" content=\"https:\/\/www.iplay.com\/wp-content\/uploads\/2023\/12\/large_square_tile_image-2165.jpg\" \/>\n\t<meta property=\"og:image:width\" content=\"310\" \/>\n\t<meta property=\"og:image:height\" content=\"310\" \/>\n\t<meta property=\"og:image:type\" content=\"image\/jpeg\" \/>\n<meta name=\"twitter:card\" content=\"summary_large_image\" \/>\n<meta name=\"twitter:label1\" content=\"Gesch\u00e4tzte Lesezeit\" \/>\n\t<meta name=\"twitter:data1\" content=\"1 Minute\" \/>\n<script type=\"application\/ld+json\" class=\"yoast-schema-graph\">{\"@context\":\"https:\/\/schema.org\",\"@graph\":[{\"@type\":\"WebPage\",\"@id\":\"https:\/\/www.iplay.com\/de\/games\/academy-of-magic-a-new-beginning\/\",\"url\":\"https:\/\/www.iplay.com\/de\/games\/academy-of-magic-a-new-beginning\/\",\"name\":\"Academy of Magic: Ein neuer Anfang - Raymond begibt sich auf seine neueste Reise in die Vergangenheit\",\"isPartOf\":{\"@id\":\"https:\/\/www.iplay.com\/en\/#website\"},\"primaryImageOfPage\":{\"@id\":\"https:\/\/www.iplay.com\/de\/games\/academy-of-magic-a-new-beginning\/#primaryimage\"},\"image\":{\"@id\":\"https:\/\/www.iplay.com\/de\/games\/academy-of-magic-a-new-beginning\/#primaryimage\"},\"thumbnailUrl\":\"https:\/\/www.iplay.com\/wp-content\/uploads\/2023\/12\/large_square_tile_image-2165.jpg\",\"datePublished\":\"2023-01-10T00:00:00+00:00\",\"description\":\"Begeben Sie sich mit Raymond auf seinen neuesten historischen Ausflug! In Magic Academy 4: Ein Neuanfang\",\"breadcrumb\":{\"@id\":\"https:\/\/www.iplay.com\/de\/games\/academy-of-magic-a-new-beginning\/#breadcrumb\"},\"inLanguage\":\"de-DE\",\"potentialAction\":[{\"@type\":\"ReadAction\",\"target\":[\"https:\/\/www.iplay.com\/de\/games\/academy-of-magic-a-new-beginning\/\"]}]},{\"@type\":\"ImageObject\",\"inLanguage\":\"de-DE\",\"@id\":\"https:\/\/www.iplay.com\/de\/games\/academy-of-magic-a-new-beginning\/#primaryimage\",\"url\":\"https:\/\/www.iplay.com\/wp-content\/uploads\/2023\/12\/large_square_tile_image-2165.jpg\",\"contentUrl\":\"https:\/\/www.iplay.com\/wp-content\/uploads\/2023\/12\/large_square_tile_image-2165.jpg\",\"width\":310,\"height\":310},{\"@type\":\"BreadcrumbList\",\"@id\":\"https:\/\/www.iplay.com\/de\/games\/academy-of-magic-a-new-beginning\/#breadcrumb\",\"itemListElement\":[{\"@type\":\"ListItem\",\"position\":1,\"name\":\"Home\",\"item\":\"https:\/\/www.iplay.com\/de\/home-page-2\/\"},{\"@type\":\"ListItem\",\"position\":2,\"name\":\"Shop\",\"item\":\"https:\/\/www.iplay.com\/en\/shop\/\"},{\"@type\":\"ListItem\",\"position\":3,\"name\":\"Academy of Magic: A New Beginning\"}]},{\"@type\":\"WebSite\",\"@id\":\"https:\/\/www.iplay.com\/en\/#website\",\"url\":\"https:\/\/www.iplay.com\/en\/\",\"name\":\"IPlay\",\"description\":\"The Best Casual Games!\",\"publisher\":{\"@id\":\"https:\/\/www.iplay.com\/en\/#organization\"},\"potentialAction\":[{\"@type\":\"SearchAction\",\"target\":{\"@type\":\"EntryPoint\",\"urlTemplate\":\"https:\/\/www.iplay.com\/en\/?s={search_term_string}\"},\"query-input\":{\"@type\":\"PropertyValueSpecification\",\"valueRequired\":true,\"valueName\":\"search_term_string\"}}],\"inLanguage\":\"de-DE\"},{\"@type\":\"Organization\",\"@id\":\"https:\/\/www.iplay.com\/en\/#organization\",\"name\":\"IPlay\",\"url\":\"https:\/\/www.iplay.com\/en\/\",\"logo\":{\"@type\":\"ImageObject\",\"inLanguage\":\"de-DE\",\"@id\":\"https:\/\/www.iplay.com\/en\/#\/schema\/logo\/image\/\",\"url\":\"https:\/\/www.iplay.com\/wp-content\/uploads\/2023\/11\/Group-6100.svg\",\"contentUrl\":\"https:\/\/www.iplay.com\/wp-content\/uploads\/2023\/11\/Group-6100.svg\",\"width\":98,\"height\":25,\"caption\":\"IPlay\"},\"image\":{\"@id\":\"https:\/\/www.iplay.com\/en\/#\/schema\/logo\/image\/\"}}]}<\/script>\n<!-- \/ Yoast SEO Premium plugin. -->","yoast_head_json":{"title":"Academy of Magic: Ein neuer Anfang - Raymond begibt sich auf seine neueste Reise in die Vergangenheit","description":"Begeben Sie sich mit Raymond auf seinen neuesten historischen Ausflug! In Magic Academy 4: Ein Neuanfang","robots":{"index":"index","follow":"follow","max-snippet":"max-snippet:-1","max-image-preview":"max-image-preview:large","max-video-preview":"max-video-preview:-1"},"canonical":"https:\/\/www.iplay.com\/de\/games\/academy-of-magic-a-new-beginning\/","og_locale":"de_DE","og_type":"article","og_title":"Academy of Magic: A New Beginning","og_description":"Begeben Sie sich mit Raymond auf seinen neuesten historischen Ausflug! In Magic Academy 4: Ein Neuanfang","og_url":"https:\/\/www.iplay.com\/de\/games\/academy-of-magic-a-new-beginning\/","og_site_name":"IPlay","og_image":[{"width":310,"height":310,"url":"https:\/\/www.iplay.com\/wp-content\/uploads\/2023\/12\/large_square_tile_image-2165.jpg","type":"image\/jpeg"}],"twitter_card":"summary_large_image","twitter_misc":{"Gesch\u00e4tzte Lesezeit":"1 Minute"},"schema":{"@context":"https:\/\/schema.org","@graph":[{"@type":"WebPage","@id":"https:\/\/www.iplay.com\/de\/games\/academy-of-magic-a-new-beginning\/","url":"https:\/\/www.iplay.com\/de\/games\/academy-of-magic-a-new-beginning\/","name":"Academy of Magic: Ein neuer Anfang - Raymond begibt sich auf seine neueste Reise in die Vergangenheit","isPartOf":{"@id":"https:\/\/www.iplay.com\/en\/#website"},"primaryImageOfPage":{"@id":"https:\/\/www.iplay.com\/de\/games\/academy-of-magic-a-new-beginning\/#primaryimage"},"image":{"@id":"https:\/\/www.iplay.com\/de\/games\/academy-of-magic-a-new-beginning\/#primaryimage"},"thumbnailUrl":"https:\/\/www.iplay.com\/wp-content\/uploads\/2023\/12\/large_square_tile_image-2165.jpg","datePublished":"2023-01-10T00:00:00+00:00","description":"Begeben Sie sich mit Raymond auf seinen neuesten historischen Ausflug! In Magic Academy 4: Ein Neuanfang","breadcrumb":{"@id":"https:\/\/www.iplay.com\/de\/games\/academy-of-magic-a-new-beginning\/#breadcrumb"},"inLanguage":"de-DE","potentialAction":[{"@type":"ReadAction","target":["https:\/\/www.iplay.com\/de\/games\/academy-of-magic-a-new-beginning\/"]}]},{"@type":"ImageObject","inLanguage":"de-DE","@id":"https:\/\/www.iplay.com\/de\/games\/academy-of-magic-a-new-beginning\/#primaryimage","url":"https:\/\/www.iplay.com\/wp-content\/uploads\/2023\/12\/large_square_tile_image-2165.jpg","contentUrl":"https:\/\/www.iplay.com\/wp-content\/uploads\/2023\/12\/large_square_tile_image-2165.jpg","width":310,"height":310},{"@type":"BreadcrumbList","@id":"https:\/\/www.iplay.com\/de\/games\/academy-of-magic-a-new-beginning\/#breadcrumb","itemListElement":[{"@type":"ListItem","position":1,"name":"Home","item":"https:\/\/www.iplay.com\/de\/home-page-2\/"},{"@type":"ListItem","position":2,"name":"Shop","item":"https:\/\/www.iplay.com\/en\/shop\/"},{"@type":"ListItem","position":3,"name":"Academy of Magic: A New Beginning"}]},{"@type":"WebSite","@id":"https:\/\/www.iplay.com\/en\/#website","url":"https:\/\/www.iplay.com\/en\/","name":"IPlay","description":"The Best Casual Games!","publisher":{"@id":"https:\/\/www.iplay.com\/en\/#organization"},"potentialAction":[{"@type":"SearchAction","target":{"@type":"EntryPoint","urlTemplate":"https:\/\/www.iplay.com\/en\/?s={search_term_string}"},"query-input":{"@type":"PropertyValueSpecification","valueRequired":true,"valueName":"search_term_string"}}],"inLanguage":"de-DE"},{"@type":"Organization","@id":"https:\/\/www.iplay.com\/en\/#organization","name":"IPlay","url":"https:\/\/www.iplay.com\/en\/","logo":{"@type":"ImageObject","inLanguage":"de-DE","@id":"https:\/\/www.iplay.com\/en\/#\/schema\/logo\/image\/","url":"https:\/\/www.iplay.com\/wp-content\/uploads\/2023\/11\/Group-6100.svg","contentUrl":"https:\/\/www.iplay.com\/wp-content\/uploads\/2023\/11\/Group-6100.svg","width":98,"height":25,"caption":"IPlay"},"image":{"@id":"https:\/\/www.iplay.com\/en\/#\/schema\/logo\/image\/"}}]}},"_links":{"self":[{"href":"https:\/\/www.iplay.com\/de\/wp-json\/wp\/v2\/product\/133087","targetHints":{"allow":["GET"]}}],"collection":[{"href":"https:\/\/www.iplay.com\/de\/wp-json\/wp\/v2\/product"}],"about":[{"href":"https:\/\/www.iplay.com\/de\/wp-json\/wp\/v2\/types\/product"}],"author":[{"embeddable":true,"href":"https:\/\/www.iplay.com\/de\/wp-json\/wp\/v2\/users\/42"}],"replies":[{"embeddable":true,"href":"https:\/\/www.iplay.com\/de\/wp-json\/wp\/v2\/comments?post=133087"}],"wp:featuredmedia":[{"embeddable":true,"href":"https:\/\/www.iplay.com\/de\/wp-json\/wp\/v2\/media\/74742"}],"wp:attachment":[{"href":"https:\/\/www.iplay.com\/de\/wp-json\/wp\/v2\/media?parent=133087"}],"wp:term":[{"taxonomy":"product_brand","embeddable":true,"href":"https:\/\/www.iplay.com\/de\/wp-json\/wp\/v2\/product_brand?post=133087"},{"taxonomy":"product_cat","embeddable":true,"href":"https:\/\/www.iplay.com\/de\/wp-json\/wp\/v2\/product_cat?post=133087"},{"taxonomy":"product_tag","embeddable":true,"href":"https:\/\/www.iplay.com\/de\/wp-json\/wp\/v2\/product_tag?post=133087"}],"curies":[{"name":"wp","href":"https:\/\/api.w.org\/{rel}","templated":true}]}}