{"id":133062,"date":"2023-01-19T00:00:00","date_gmt":"2023-01-19T00:00:00","guid":{"rendered":"https:\/\/www.iplay.com\/games\/twin-mind-murderous-jealousy-collectors-edition\/"},"modified":"2023-01-19T00:00:00","modified_gmt":"2023-01-19T00:00:00","slug":"twin-mind-murderous-jealousy-collectors-edition","status":"publish","type":"product","link":"https:\/\/www.iplay.com\/de\/games\/twin-mind-murderous-jealousy-collectors-edition\/","title":{"rendered":"Twin Mind: Murderous Jealousy &#8211; Collector&#8217;s Edition"},"content":{"rendered":"<p>Der erste Titel der brandneuen Detektivserie von Domini Games ist Twin Minds: Murderous Jealousy. Obwohl die beiden Ermittler Randall und Eleanor Jones das Streben nach Gerechtigkeit teilen, k\u00f6nnten ihre Methoden nicht unterschiedlicher sein. Sie m\u00fcssen ihre F\u00e4higkeiten b\u00fcndeln, als sie gerufen werden, um einen Mord auf der B\u00fchne des Nachbarschaftstheaters zu untersuchen. Er mag einen logischen, deduktiven Ansatz, w\u00e4hrend sie einen mystischen bevorzugt! Dar\u00fcber hinaus stellen sie fest, dass nichts an diesem Fall so einfach ist, wie es scheint, als sie mehr \u00fcber die Vergangenheit des Opfers erfahren! Setze dein Wissen und deine Denkkappen ein, um Randall und Eleanor bei der L\u00f6sung eines der bizarrsten F\u00e4lle zu helfen, auf die du je in diesem verwirrenden neuen HOPA gesto\u00dfen bist.     <\/p>\n<p>&nbsp;<\/p>\n<p>&nbsp;<\/p>\n<p><strong>Funktionen:<\/strong><\/p>\n<p>&nbsp;<\/p>\n<p>&#8211; 6 verschiedene Synchronsprecher!<br \/>\n&#8211; Eine Vielzahl von seltsamen Orten und Interaktionen!<br \/>\n&#8211; Mehr als vierzig verschiedene Erz\u00e4hlungen!<\/p>\n","protected":false},"excerpt":{"rendered":"<p>Die Detectives Randall und Eleanor Jones lieben die Gerechtigkeit in Twin Mind: Murderous Jealousy CE.<\/p>\n","protected":false},"author":52,"featured_media":74662,"comment_status":"open","ping_status":"closed","template":"","meta":{"_acf_changed":false,"inline_featured_image":false},"product_brand":[],"product_cat":[164],"product_tag":[289],"class_list":{"0":"post-133062","1":"product","2":"type-product","3":"status-publish","4":"has-post-thumbnail","6":"product_cat-hidden-object-de","7":"product_tag-play-on-pc-de","9":"first","10":"instock","11":"shipping-taxable","12":"purchasable","13":"product-type-simple"},"acf":[],"yoast_head":"<!-- This site is optimized with the Yoast SEO Premium plugin v25.2 (Yoast SEO v25.2) - https:\/\/yoast.com\/wordpress\/plugins\/seo\/ -->\n<title>Twin Mind: M\u00f6rderische Eifersucht - Sammleredition - Twin Mind: M\u00f6rderische Eifersucht CE - Detektive verschlungen<\/title>\n<meta name=\"description\" content=\"Die Detectives Randall und Eleanor Jones lieben die Gerechtigkeit in Twin Mind: Murderous Jealousy CE.\" \/>\n<meta name=\"robots\" content=\"index, follow, max-snippet:-1, max-image-preview:large, max-video-preview:-1\" \/>\n<link rel=\"canonical\" href=\"https:\/\/www.iplay.com\/de\/games\/twin-mind-murderous-jealousy-collectors-edition\/\" \/>\n<meta property=\"og:locale\" content=\"de_DE\" \/>\n<meta property=\"og:type\" content=\"article\" \/>\n<meta property=\"og:title\" content=\"Twin Mind: Murderous Jealousy - Collector&#039;s Edition\" \/>\n<meta property=\"og:description\" content=\"Die Detectives Randall und Eleanor Jones lieben die Gerechtigkeit in Twin Mind: Murderous Jealousy CE.\" \/>\n<meta property=\"og:url\" content=\"https:\/\/www.iplay.com\/de\/games\/twin-mind-murderous-jealousy-collectors-edition\/\" \/>\n<meta property=\"og:site_name\" content=\"IPlay\" \/>\n<meta property=\"og:image\" content=\"https:\/\/www.iplay.com\/wp-content\/uploads\/2023\/12\/large_square_tile_image-2160.jpg\" \/>\n\t<meta property=\"og:image:width\" content=\"310\" \/>\n\t<meta property=\"og:image:height\" content=\"310\" \/>\n\t<meta property=\"og:image:type\" content=\"image\/jpeg\" \/>\n<meta name=\"twitter:card\" content=\"summary_large_image\" \/>\n<meta name=\"twitter:label1\" content=\"Gesch\u00e4tzte Lesezeit\" \/>\n\t<meta name=\"twitter:data1\" content=\"1 Minute\" \/>\n<script type=\"application\/ld+json\" class=\"yoast-schema-graph\">{\"@context\":\"https:\/\/schema.org\",\"@graph\":[{\"@type\":\"WebPage\",\"@id\":\"https:\/\/www.iplay.com\/de\/games\/twin-mind-murderous-jealousy-collectors-edition\/\",\"url\":\"https:\/\/www.iplay.com\/de\/games\/twin-mind-murderous-jealousy-collectors-edition\/\",\"name\":\"Twin Mind: M\u00f6rderische Eifersucht - Sammleredition - Twin Mind: M\u00f6rderische Eifersucht CE - Detektive verschlungen\",\"isPartOf\":{\"@id\":\"https:\/\/www.iplay.com\/en\/#website\"},\"primaryImageOfPage\":{\"@id\":\"https:\/\/www.iplay.com\/de\/games\/twin-mind-murderous-jealousy-collectors-edition\/#primaryimage\"},\"image\":{\"@id\":\"https:\/\/www.iplay.com\/de\/games\/twin-mind-murderous-jealousy-collectors-edition\/#primaryimage\"},\"thumbnailUrl\":\"https:\/\/www.iplay.com\/wp-content\/uploads\/2023\/12\/large_square_tile_image-2160.jpg\",\"datePublished\":\"2023-01-19T00:00:00+00:00\",\"description\":\"Die Detectives Randall und Eleanor Jones lieben die Gerechtigkeit in Twin Mind: Murderous Jealousy CE.\",\"breadcrumb\":{\"@id\":\"https:\/\/www.iplay.com\/de\/games\/twin-mind-murderous-jealousy-collectors-edition\/#breadcrumb\"},\"inLanguage\":\"de-DE\",\"potentialAction\":[{\"@type\":\"ReadAction\",\"target\":[\"https:\/\/www.iplay.com\/de\/games\/twin-mind-murderous-jealousy-collectors-edition\/\"]}]},{\"@type\":\"ImageObject\",\"inLanguage\":\"de-DE\",\"@id\":\"https:\/\/www.iplay.com\/de\/games\/twin-mind-murderous-jealousy-collectors-edition\/#primaryimage\",\"url\":\"https:\/\/www.iplay.com\/wp-content\/uploads\/2023\/12\/large_square_tile_image-2160.jpg\",\"contentUrl\":\"https:\/\/www.iplay.com\/wp-content\/uploads\/2023\/12\/large_square_tile_image-2160.jpg\",\"width\":310,\"height\":310},{\"@type\":\"BreadcrumbList\",\"@id\":\"https:\/\/www.iplay.com\/de\/games\/twin-mind-murderous-jealousy-collectors-edition\/#breadcrumb\",\"itemListElement\":[{\"@type\":\"ListItem\",\"position\":1,\"name\":\"Home\",\"item\":\"https:\/\/www.iplay.com\/de\/home-page-2\/\"},{\"@type\":\"ListItem\",\"position\":2,\"name\":\"Shop\",\"item\":\"https:\/\/www.iplay.com\/en\/shop\/\"},{\"@type\":\"ListItem\",\"position\":3,\"name\":\"Twin Mind: Murderous Jealousy &#8211; Collector&#8217;s Edition\"}]},{\"@type\":\"WebSite\",\"@id\":\"https:\/\/www.iplay.com\/en\/#website\",\"url\":\"https:\/\/www.iplay.com\/en\/\",\"name\":\"IPlay\",\"description\":\"The Best Casual Games!\",\"publisher\":{\"@id\":\"https:\/\/www.iplay.com\/en\/#organization\"},\"potentialAction\":[{\"@type\":\"SearchAction\",\"target\":{\"@type\":\"EntryPoint\",\"urlTemplate\":\"https:\/\/www.iplay.com\/en\/?s={search_term_string}\"},\"query-input\":{\"@type\":\"PropertyValueSpecification\",\"valueRequired\":true,\"valueName\":\"search_term_string\"}}],\"inLanguage\":\"de-DE\"},{\"@type\":\"Organization\",\"@id\":\"https:\/\/www.iplay.com\/en\/#organization\",\"name\":\"IPlay\",\"url\":\"https:\/\/www.iplay.com\/en\/\",\"logo\":{\"@type\":\"ImageObject\",\"inLanguage\":\"de-DE\",\"@id\":\"https:\/\/www.iplay.com\/en\/#\/schema\/logo\/image\/\",\"url\":\"https:\/\/www.iplay.com\/wp-content\/uploads\/2023\/11\/Group-6100.svg\",\"contentUrl\":\"https:\/\/www.iplay.com\/wp-content\/uploads\/2023\/11\/Group-6100.svg\",\"width\":98,\"height\":25,\"caption\":\"IPlay\"},\"image\":{\"@id\":\"https:\/\/www.iplay.com\/en\/#\/schema\/logo\/image\/\"}}]}<\/script>\n<!-- \/ Yoast SEO Premium plugin. -->","yoast_head_json":{"title":"Twin Mind: M\u00f6rderische Eifersucht - Sammleredition - Twin Mind: M\u00f6rderische Eifersucht CE - Detektive verschlungen","description":"Die Detectives Randall und Eleanor Jones lieben die Gerechtigkeit in Twin Mind: Murderous Jealousy CE.","robots":{"index":"index","follow":"follow","max-snippet":"max-snippet:-1","max-image-preview":"max-image-preview:large","max-video-preview":"max-video-preview:-1"},"canonical":"https:\/\/www.iplay.com\/de\/games\/twin-mind-murderous-jealousy-collectors-edition\/","og_locale":"de_DE","og_type":"article","og_title":"Twin Mind: Murderous Jealousy - Collector's Edition","og_description":"Die Detectives Randall und Eleanor Jones lieben die Gerechtigkeit in Twin Mind: Murderous Jealousy CE.","og_url":"https:\/\/www.iplay.com\/de\/games\/twin-mind-murderous-jealousy-collectors-edition\/","og_site_name":"IPlay","og_image":[{"width":310,"height":310,"url":"https:\/\/www.iplay.com\/wp-content\/uploads\/2023\/12\/large_square_tile_image-2160.jpg","type":"image\/jpeg"}],"twitter_card":"summary_large_image","twitter_misc":{"Gesch\u00e4tzte Lesezeit":"1 Minute"},"schema":{"@context":"https:\/\/schema.org","@graph":[{"@type":"WebPage","@id":"https:\/\/www.iplay.com\/de\/games\/twin-mind-murderous-jealousy-collectors-edition\/","url":"https:\/\/www.iplay.com\/de\/games\/twin-mind-murderous-jealousy-collectors-edition\/","name":"Twin Mind: M\u00f6rderische Eifersucht - Sammleredition - Twin Mind: M\u00f6rderische Eifersucht CE - Detektive verschlungen","isPartOf":{"@id":"https:\/\/www.iplay.com\/en\/#website"},"primaryImageOfPage":{"@id":"https:\/\/www.iplay.com\/de\/games\/twin-mind-murderous-jealousy-collectors-edition\/#primaryimage"},"image":{"@id":"https:\/\/www.iplay.com\/de\/games\/twin-mind-murderous-jealousy-collectors-edition\/#primaryimage"},"thumbnailUrl":"https:\/\/www.iplay.com\/wp-content\/uploads\/2023\/12\/large_square_tile_image-2160.jpg","datePublished":"2023-01-19T00:00:00+00:00","description":"Die Detectives Randall und Eleanor Jones lieben die Gerechtigkeit in Twin Mind: Murderous Jealousy CE.","breadcrumb":{"@id":"https:\/\/www.iplay.com\/de\/games\/twin-mind-murderous-jealousy-collectors-edition\/#breadcrumb"},"inLanguage":"de-DE","potentialAction":[{"@type":"ReadAction","target":["https:\/\/www.iplay.com\/de\/games\/twin-mind-murderous-jealousy-collectors-edition\/"]}]},{"@type":"ImageObject","inLanguage":"de-DE","@id":"https:\/\/www.iplay.com\/de\/games\/twin-mind-murderous-jealousy-collectors-edition\/#primaryimage","url":"https:\/\/www.iplay.com\/wp-content\/uploads\/2023\/12\/large_square_tile_image-2160.jpg","contentUrl":"https:\/\/www.iplay.com\/wp-content\/uploads\/2023\/12\/large_square_tile_image-2160.jpg","width":310,"height":310},{"@type":"BreadcrumbList","@id":"https:\/\/www.iplay.com\/de\/games\/twin-mind-murderous-jealousy-collectors-edition\/#breadcrumb","itemListElement":[{"@type":"ListItem","position":1,"name":"Home","item":"https:\/\/www.iplay.com\/de\/home-page-2\/"},{"@type":"ListItem","position":2,"name":"Shop","item":"https:\/\/www.iplay.com\/en\/shop\/"},{"@type":"ListItem","position":3,"name":"Twin Mind: Murderous Jealousy &#8211; Collector&#8217;s Edition"}]},{"@type":"WebSite","@id":"https:\/\/www.iplay.com\/en\/#website","url":"https:\/\/www.iplay.com\/en\/","name":"IPlay","description":"The Best Casual Games!","publisher":{"@id":"https:\/\/www.iplay.com\/en\/#organization"},"potentialAction":[{"@type":"SearchAction","target":{"@type":"EntryPoint","urlTemplate":"https:\/\/www.iplay.com\/en\/?s={search_term_string}"},"query-input":{"@type":"PropertyValueSpecification","valueRequired":true,"valueName":"search_term_string"}}],"inLanguage":"de-DE"},{"@type":"Organization","@id":"https:\/\/www.iplay.com\/en\/#organization","name":"IPlay","url":"https:\/\/www.iplay.com\/en\/","logo":{"@type":"ImageObject","inLanguage":"de-DE","@id":"https:\/\/www.iplay.com\/en\/#\/schema\/logo\/image\/","url":"https:\/\/www.iplay.com\/wp-content\/uploads\/2023\/11\/Group-6100.svg","contentUrl":"https:\/\/www.iplay.com\/wp-content\/uploads\/2023\/11\/Group-6100.svg","width":98,"height":25,"caption":"IPlay"},"image":{"@id":"https:\/\/www.iplay.com\/en\/#\/schema\/logo\/image\/"}}]}},"_links":{"self":[{"href":"https:\/\/www.iplay.com\/de\/wp-json\/wp\/v2\/product\/133062","targetHints":{"allow":["GET"]}}],"collection":[{"href":"https:\/\/www.iplay.com\/de\/wp-json\/wp\/v2\/product"}],"about":[{"href":"https:\/\/www.iplay.com\/de\/wp-json\/wp\/v2\/types\/product"}],"author":[{"embeddable":true,"href":"https:\/\/www.iplay.com\/de\/wp-json\/wp\/v2\/users\/52"}],"replies":[{"embeddable":true,"href":"https:\/\/www.iplay.com\/de\/wp-json\/wp\/v2\/comments?post=133062"}],"wp:featuredmedia":[{"embeddable":true,"href":"https:\/\/www.iplay.com\/de\/wp-json\/wp\/v2\/media\/74662"}],"wp:attachment":[{"href":"https:\/\/www.iplay.com\/de\/wp-json\/wp\/v2\/media?parent=133062"}],"wp:term":[{"taxonomy":"product_brand","embeddable":true,"href":"https:\/\/www.iplay.com\/de\/wp-json\/wp\/v2\/product_brand?post=133062"},{"taxonomy":"product_cat","embeddable":true,"href":"https:\/\/www.iplay.com\/de\/wp-json\/wp\/v2\/product_cat?post=133062"},{"taxonomy":"product_tag","embeddable":true,"href":"https:\/\/www.iplay.com\/de\/wp-json\/wp\/v2\/product_tag?post=133062"}],"curies":[{"name":"wp","href":"https:\/\/api.w.org\/{rel}","templated":true}]}}