{"id":132864,"date":"2024-07-01T22:06:33","date_gmt":"2024-07-01T22:06:33","guid":{"rendered":"https:\/\/www.iplay.com\/games\/brick-breaker-galaxy-defense\/"},"modified":"2024-07-01T22:06:33","modified_gmt":"2024-07-01T22:06:33","slug":"brick-breaker-galaxy-defense","status":"publish","type":"product","link":"https:\/\/www.iplay.com\/de\/games\/brick-breaker-galaxy-defense\/","title":{"rendered":"Brick Breaker Galaxy Defense"},"content":{"rendered":"<p>In Brick Breaker Galaxy Defense \u00fcbernehmen die Spieler die Kontrolle \u00fcber ein Raumschiff, das die Aufgabe hat, die Galaxie durch die Zerst\u00f6rung von Steinen zu verteidigen.<\/p>\n<p>Dieses Arcade- und Puzzlespiel fordert die Spieler heraus, W\u00e4nde von Ziegeln zu befreien, indem sie einen h\u00fcpfenden Ball verwenden, der von ihrem Raumschiff gesteuert wird.<\/p>\n<p>Ziel ist es, das Herunterfallen der Kugel zu verhindern und die Ebene von allen Steinen zu befreien.<\/p>\n<p>Mit seinem Weltraum-Setting und den klassischen Spielmechaniken bietet Brick Breaker Galaxy Defense eine aufregende Mischung aus Strategie und Action.<\/p>\n<p>Beweise dein K\u00f6nnen als bester W\u00e4chter der Galaxie in diesem spannenden Abenteuer.<\/p>\n","protected":false},"excerpt":{"rendered":"<p>\u00dcbernimm die Kontrolle \u00fcber ein Raumschiff, das die Aufgabe hat, die Galaxie zu verteidigen, indem du Steine zerst\u00f6rst.<\/p>\n","protected":false},"author":333,"featured_media":0,"comment_status":"open","ping_status":"closed","template":"","meta":{"_acf_changed":false,"inline_featured_image":false},"product_brand":[],"product_cat":[153,180],"product_tag":[284,299,289],"class_list":{"0":"post-132864","1":"product","2":"type-product","3":"status-publish","5":"product_cat-arcade-de","6":"product_cat-mobile-games-de","7":"product_tag-play-on-mac-de","8":"product_tag-play-on-mobile-de","9":"product_tag-play-on-pc-de","11":"first","12":"instock","13":"shipping-taxable","14":"purchasable","15":"product-type-html5_game"},"acf":[],"yoast_head":"<!-- This site is optimized with the Yoast SEO Premium plugin v25.2 (Yoast SEO v25.2) - https:\/\/yoast.com\/wordpress\/plugins\/seo\/ -->\n<title>Brick Breaker Galaxy Defense - Spielen Sie auf IPlay<\/title>\n<meta name=\"description\" content=\"\u00dcbernimm die Kontrolle \u00fcber ein Raumschiff, das die Aufgabe hat, die Galaxie zu verteidigen, indem du Steine zerst\u00f6rst.\" \/>\n<meta name=\"robots\" content=\"index, follow, max-snippet:-1, max-image-preview:large, max-video-preview:-1\" \/>\n<link rel=\"canonical\" href=\"https:\/\/www.iplay.com\/de\/games\/brick-breaker-galaxy-defense\/\" \/>\n<meta property=\"og:locale\" content=\"de_DE\" \/>\n<meta property=\"og:type\" content=\"article\" \/>\n<meta property=\"og:title\" content=\"Brick Breaker Galaxy Defense\" \/>\n<meta property=\"og:description\" content=\"\u00dcbernimm die Kontrolle \u00fcber ein Raumschiff, das die Aufgabe hat, die Galaxie zu verteidigen, indem du Steine zerst\u00f6rst.\" \/>\n<meta property=\"og:url\" content=\"https:\/\/www.iplay.com\/de\/games\/brick-breaker-galaxy-defense\/\" \/>\n<meta property=\"og:site_name\" content=\"IPlay\" \/>\n<meta name=\"twitter:card\" content=\"summary_large_image\" \/>\n<meta name=\"twitter:label1\" content=\"Gesch\u00e4tzte Lesezeit\" \/>\n\t<meta name=\"twitter:data1\" content=\"1 Minute\" \/>\n<script type=\"application\/ld+json\" class=\"yoast-schema-graph\">{\"@context\":\"https:\/\/schema.org\",\"@graph\":[{\"@type\":\"WebPage\",\"@id\":\"https:\/\/www.iplay.com\/de\/games\/brick-breaker-galaxy-defense\/\",\"url\":\"https:\/\/www.iplay.com\/de\/games\/brick-breaker-galaxy-defense\/\",\"name\":\"Brick Breaker Galaxy Defense - Spielen Sie auf IPlay\",\"isPartOf\":{\"@id\":\"https:\/\/www.iplay.com\/en\/#website\"},\"datePublished\":\"2024-07-01T22:06:33+00:00\",\"description\":\"\u00dcbernimm die Kontrolle \u00fcber ein Raumschiff, das die Aufgabe hat, die Galaxie zu verteidigen, indem du Steine zerst\u00f6rst.\",\"breadcrumb\":{\"@id\":\"https:\/\/www.iplay.com\/de\/games\/brick-breaker-galaxy-defense\/#breadcrumb\"},\"inLanguage\":\"de-DE\",\"potentialAction\":[{\"@type\":\"ReadAction\",\"target\":[\"https:\/\/www.iplay.com\/de\/games\/brick-breaker-galaxy-defense\/\"]}]},{\"@type\":\"BreadcrumbList\",\"@id\":\"https:\/\/www.iplay.com\/de\/games\/brick-breaker-galaxy-defense\/#breadcrumb\",\"itemListElement\":[{\"@type\":\"ListItem\",\"position\":1,\"name\":\"Home\",\"item\":\"https:\/\/www.iplay.com\/de\/home-page-2\/\"},{\"@type\":\"ListItem\",\"position\":2,\"name\":\"Shop\",\"item\":\"https:\/\/www.iplay.com\/en\/shop\/\"},{\"@type\":\"ListItem\",\"position\":3,\"name\":\"Brick Breaker Galaxy Defense\"}]},{\"@type\":\"WebSite\",\"@id\":\"https:\/\/www.iplay.com\/en\/#website\",\"url\":\"https:\/\/www.iplay.com\/en\/\",\"name\":\"IPlay\",\"description\":\"The Best Casual Games!\",\"publisher\":{\"@id\":\"https:\/\/www.iplay.com\/en\/#organization\"},\"potentialAction\":[{\"@type\":\"SearchAction\",\"target\":{\"@type\":\"EntryPoint\",\"urlTemplate\":\"https:\/\/www.iplay.com\/en\/?s={search_term_string}\"},\"query-input\":{\"@type\":\"PropertyValueSpecification\",\"valueRequired\":true,\"valueName\":\"search_term_string\"}}],\"inLanguage\":\"de-DE\"},{\"@type\":\"Organization\",\"@id\":\"https:\/\/www.iplay.com\/en\/#organization\",\"name\":\"IPlay\",\"url\":\"https:\/\/www.iplay.com\/en\/\",\"logo\":{\"@type\":\"ImageObject\",\"inLanguage\":\"de-DE\",\"@id\":\"https:\/\/www.iplay.com\/en\/#\/schema\/logo\/image\/\",\"url\":\"https:\/\/www.iplay.com\/wp-content\/uploads\/2023\/11\/Group-6100.svg\",\"contentUrl\":\"https:\/\/www.iplay.com\/wp-content\/uploads\/2023\/11\/Group-6100.svg\",\"width\":98,\"height\":25,\"caption\":\"IPlay\"},\"image\":{\"@id\":\"https:\/\/www.iplay.com\/en\/#\/schema\/logo\/image\/\"}}]}<\/script>\n<!-- \/ Yoast SEO Premium plugin. -->","yoast_head_json":{"title":"Brick Breaker Galaxy Defense - Spielen Sie auf IPlay","description":"\u00dcbernimm die Kontrolle \u00fcber ein Raumschiff, das die Aufgabe hat, die Galaxie zu verteidigen, indem du Steine zerst\u00f6rst.","robots":{"index":"index","follow":"follow","max-snippet":"max-snippet:-1","max-image-preview":"max-image-preview:large","max-video-preview":"max-video-preview:-1"},"canonical":"https:\/\/www.iplay.com\/de\/games\/brick-breaker-galaxy-defense\/","og_locale":"de_DE","og_type":"article","og_title":"Brick Breaker Galaxy Defense","og_description":"\u00dcbernimm die Kontrolle \u00fcber ein Raumschiff, das die Aufgabe hat, die Galaxie zu verteidigen, indem du Steine zerst\u00f6rst.","og_url":"https:\/\/www.iplay.com\/de\/games\/brick-breaker-galaxy-defense\/","og_site_name":"IPlay","twitter_card":"summary_large_image","twitter_misc":{"Gesch\u00e4tzte Lesezeit":"1 Minute"},"schema":{"@context":"https:\/\/schema.org","@graph":[{"@type":"WebPage","@id":"https:\/\/www.iplay.com\/de\/games\/brick-breaker-galaxy-defense\/","url":"https:\/\/www.iplay.com\/de\/games\/brick-breaker-galaxy-defense\/","name":"Brick Breaker Galaxy Defense - Spielen Sie auf IPlay","isPartOf":{"@id":"https:\/\/www.iplay.com\/en\/#website"},"datePublished":"2024-07-01T22:06:33+00:00","description":"\u00dcbernimm die Kontrolle \u00fcber ein Raumschiff, das die Aufgabe hat, die Galaxie zu verteidigen, indem du Steine zerst\u00f6rst.","breadcrumb":{"@id":"https:\/\/www.iplay.com\/de\/games\/brick-breaker-galaxy-defense\/#breadcrumb"},"inLanguage":"de-DE","potentialAction":[{"@type":"ReadAction","target":["https:\/\/www.iplay.com\/de\/games\/brick-breaker-galaxy-defense\/"]}]},{"@type":"BreadcrumbList","@id":"https:\/\/www.iplay.com\/de\/games\/brick-breaker-galaxy-defense\/#breadcrumb","itemListElement":[{"@type":"ListItem","position":1,"name":"Home","item":"https:\/\/www.iplay.com\/de\/home-page-2\/"},{"@type":"ListItem","position":2,"name":"Shop","item":"https:\/\/www.iplay.com\/en\/shop\/"},{"@type":"ListItem","position":3,"name":"Brick Breaker Galaxy Defense"}]},{"@type":"WebSite","@id":"https:\/\/www.iplay.com\/en\/#website","url":"https:\/\/www.iplay.com\/en\/","name":"IPlay","description":"The Best Casual Games!","publisher":{"@id":"https:\/\/www.iplay.com\/en\/#organization"},"potentialAction":[{"@type":"SearchAction","target":{"@type":"EntryPoint","urlTemplate":"https:\/\/www.iplay.com\/en\/?s={search_term_string}"},"query-input":{"@type":"PropertyValueSpecification","valueRequired":true,"valueName":"search_term_string"}}],"inLanguage":"de-DE"},{"@type":"Organization","@id":"https:\/\/www.iplay.com\/en\/#organization","name":"IPlay","url":"https:\/\/www.iplay.com\/en\/","logo":{"@type":"ImageObject","inLanguage":"de-DE","@id":"https:\/\/www.iplay.com\/en\/#\/schema\/logo\/image\/","url":"https:\/\/www.iplay.com\/wp-content\/uploads\/2023\/11\/Group-6100.svg","contentUrl":"https:\/\/www.iplay.com\/wp-content\/uploads\/2023\/11\/Group-6100.svg","width":98,"height":25,"caption":"IPlay"},"image":{"@id":"https:\/\/www.iplay.com\/en\/#\/schema\/logo\/image\/"}}]}},"_links":{"self":[{"href":"https:\/\/www.iplay.com\/de\/wp-json\/wp\/v2\/product\/132864","targetHints":{"allow":["GET"]}}],"collection":[{"href":"https:\/\/www.iplay.com\/de\/wp-json\/wp\/v2\/product"}],"about":[{"href":"https:\/\/www.iplay.com\/de\/wp-json\/wp\/v2\/types\/product"}],"author":[{"embeddable":true,"href":"https:\/\/www.iplay.com\/de\/wp-json\/wp\/v2\/users\/333"}],"replies":[{"embeddable":true,"href":"https:\/\/www.iplay.com\/de\/wp-json\/wp\/v2\/comments?post=132864"}],"wp:attachment":[{"href":"https:\/\/www.iplay.com\/de\/wp-json\/wp\/v2\/media?parent=132864"}],"wp:term":[{"taxonomy":"product_brand","embeddable":true,"href":"https:\/\/www.iplay.com\/de\/wp-json\/wp\/v2\/product_brand?post=132864"},{"taxonomy":"product_cat","embeddable":true,"href":"https:\/\/www.iplay.com\/de\/wp-json\/wp\/v2\/product_cat?post=132864"},{"taxonomy":"product_tag","embeddable":true,"href":"https:\/\/www.iplay.com\/de\/wp-json\/wp\/v2\/product_tag?post=132864"}],"curies":[{"name":"wp","href":"https:\/\/api.w.org\/{rel}","templated":true}]}}