{"id":132834,"date":"2024-07-01T22:06:35","date_gmt":"2024-07-01T22:06:35","guid":{"rendered":"https:\/\/www.iplay.com\/games\/candy-breaker\/"},"modified":"2024-07-01T22:06:35","modified_gmt":"2024-07-01T22:06:35","slug":"candy-breaker","status":"publish","type":"product","link":"https:\/\/www.iplay.com\/de\/games\/candy-breaker\/","title":{"rendered":"Candy Breaker"},"content":{"rendered":"<p>In diesem fesselnden Brick-Breaker-Spiel m\u00fcssen die Spieler die Plattform am unteren Bildschirmrand man\u00f6vrieren, um den Ball im Spiel zu halten.<\/p>\n<p>Ziel ist es, zu verhindern, dass die Kugel f\u00e4llt, w\u00e4hrend systematisch alle Bonbons auf dem Bildschirm zerbrochen werden.<\/p>\n<p>Jedes Bonbon muss von der Kugel getroffen werden, die durch geschicktes Bewegen des Paddels in Bewegung gehalten wird. Einige Bonbons erfordern mehr als einen Zug, um zu zerbrechen.<\/p>\n","protected":false},"excerpt":{"rendered":"<p>Zerbreche k\u00f6stliche Bonbons mit dem Ball, um dieses s\u00fc\u00dfe Spiel zu gewinnen<\/p>\n","protected":false},"author":333,"featured_media":0,"comment_status":"open","ping_status":"closed","template":"","meta":{"_acf_changed":false,"inline_featured_image":false},"product_brand":[],"product_cat":[153,180],"product_tag":[284,299,289],"class_list":{"0":"post-132834","1":"product","2":"type-product","3":"status-publish","5":"product_cat-arcade-de","6":"product_cat-mobile-games-de","7":"product_tag-play-on-mac-de","8":"product_tag-play-on-mobile-de","9":"product_tag-play-on-pc-de","11":"first","12":"instock","13":"shipping-taxable","14":"purchasable","15":"product-type-html5_game"},"acf":[],"yoast_head":"<!-- This site is optimized with the Yoast SEO Premium plugin v25.2 (Yoast SEO v25.2) - https:\/\/yoast.com\/wordpress\/plugins\/seo\/ -->\n<title>Candy Breaker - Spielen Sie auf IPlay<\/title>\n<meta name=\"description\" content=\"Zerbreche k\u00f6stliche Bonbons mit dem Ball, um dieses s\u00fc\u00dfe Spiel zu gewinnen\" \/>\n<meta name=\"robots\" content=\"index, follow, max-snippet:-1, max-image-preview:large, max-video-preview:-1\" \/>\n<link rel=\"canonical\" href=\"https:\/\/www.iplay.com\/de\/games\/candy-breaker\/\" \/>\n<meta property=\"og:locale\" content=\"de_DE\" \/>\n<meta property=\"og:type\" content=\"article\" \/>\n<meta property=\"og:title\" content=\"Candy Breaker\" \/>\n<meta property=\"og:description\" content=\"Zerbreche k\u00f6stliche Bonbons mit dem Ball, um dieses s\u00fc\u00dfe Spiel zu gewinnen\" \/>\n<meta property=\"og:url\" content=\"https:\/\/www.iplay.com\/de\/games\/candy-breaker\/\" \/>\n<meta property=\"og:site_name\" content=\"IPlay\" \/>\n<meta name=\"twitter:card\" content=\"summary_large_image\" \/>\n<script type=\"application\/ld+json\" class=\"yoast-schema-graph\">{\"@context\":\"https:\/\/schema.org\",\"@graph\":[{\"@type\":\"WebPage\",\"@id\":\"https:\/\/www.iplay.com\/de\/games\/candy-breaker\/\",\"url\":\"https:\/\/www.iplay.com\/de\/games\/candy-breaker\/\",\"name\":\"Candy Breaker - Spielen Sie auf IPlay\",\"isPartOf\":{\"@id\":\"https:\/\/www.iplay.com\/en\/#website\"},\"datePublished\":\"2024-07-01T22:06:35+00:00\",\"description\":\"Zerbreche k\u00f6stliche Bonbons mit dem Ball, um dieses s\u00fc\u00dfe Spiel zu gewinnen\",\"breadcrumb\":{\"@id\":\"https:\/\/www.iplay.com\/de\/games\/candy-breaker\/#breadcrumb\"},\"inLanguage\":\"de-DE\",\"potentialAction\":[{\"@type\":\"ReadAction\",\"target\":[\"https:\/\/www.iplay.com\/de\/games\/candy-breaker\/\"]}]},{\"@type\":\"BreadcrumbList\",\"@id\":\"https:\/\/www.iplay.com\/de\/games\/candy-breaker\/#breadcrumb\",\"itemListElement\":[{\"@type\":\"ListItem\",\"position\":1,\"name\":\"Home\",\"item\":\"https:\/\/www.iplay.com\/de\/home-page-2\/\"},{\"@type\":\"ListItem\",\"position\":2,\"name\":\"Shop\",\"item\":\"https:\/\/www.iplay.com\/en\/shop\/\"},{\"@type\":\"ListItem\",\"position\":3,\"name\":\"Candy Breaker\"}]},{\"@type\":\"WebSite\",\"@id\":\"https:\/\/www.iplay.com\/en\/#website\",\"url\":\"https:\/\/www.iplay.com\/en\/\",\"name\":\"IPlay\",\"description\":\"The Best Casual Games!\",\"publisher\":{\"@id\":\"https:\/\/www.iplay.com\/en\/#organization\"},\"potentialAction\":[{\"@type\":\"SearchAction\",\"target\":{\"@type\":\"EntryPoint\",\"urlTemplate\":\"https:\/\/www.iplay.com\/en\/?s={search_term_string}\"},\"query-input\":{\"@type\":\"PropertyValueSpecification\",\"valueRequired\":true,\"valueName\":\"search_term_string\"}}],\"inLanguage\":\"de-DE\"},{\"@type\":\"Organization\",\"@id\":\"https:\/\/www.iplay.com\/en\/#organization\",\"name\":\"IPlay\",\"url\":\"https:\/\/www.iplay.com\/en\/\",\"logo\":{\"@type\":\"ImageObject\",\"inLanguage\":\"de-DE\",\"@id\":\"https:\/\/www.iplay.com\/en\/#\/schema\/logo\/image\/\",\"url\":\"https:\/\/www.iplay.com\/wp-content\/uploads\/2023\/11\/Group-6100.svg\",\"contentUrl\":\"https:\/\/www.iplay.com\/wp-content\/uploads\/2023\/11\/Group-6100.svg\",\"width\":98,\"height\":25,\"caption\":\"IPlay\"},\"image\":{\"@id\":\"https:\/\/www.iplay.com\/en\/#\/schema\/logo\/image\/\"}}]}<\/script>\n<!-- \/ Yoast SEO Premium plugin. -->","yoast_head_json":{"title":"Candy Breaker - Spielen Sie auf IPlay","description":"Zerbreche k\u00f6stliche Bonbons mit dem Ball, um dieses s\u00fc\u00dfe Spiel zu gewinnen","robots":{"index":"index","follow":"follow","max-snippet":"max-snippet:-1","max-image-preview":"max-image-preview:large","max-video-preview":"max-video-preview:-1"},"canonical":"https:\/\/www.iplay.com\/de\/games\/candy-breaker\/","og_locale":"de_DE","og_type":"article","og_title":"Candy Breaker","og_description":"Zerbreche k\u00f6stliche Bonbons mit dem Ball, um dieses s\u00fc\u00dfe Spiel zu gewinnen","og_url":"https:\/\/www.iplay.com\/de\/games\/candy-breaker\/","og_site_name":"IPlay","twitter_card":"summary_large_image","schema":{"@context":"https:\/\/schema.org","@graph":[{"@type":"WebPage","@id":"https:\/\/www.iplay.com\/de\/games\/candy-breaker\/","url":"https:\/\/www.iplay.com\/de\/games\/candy-breaker\/","name":"Candy Breaker - Spielen Sie auf IPlay","isPartOf":{"@id":"https:\/\/www.iplay.com\/en\/#website"},"datePublished":"2024-07-01T22:06:35+00:00","description":"Zerbreche k\u00f6stliche Bonbons mit dem Ball, um dieses s\u00fc\u00dfe Spiel zu gewinnen","breadcrumb":{"@id":"https:\/\/www.iplay.com\/de\/games\/candy-breaker\/#breadcrumb"},"inLanguage":"de-DE","potentialAction":[{"@type":"ReadAction","target":["https:\/\/www.iplay.com\/de\/games\/candy-breaker\/"]}]},{"@type":"BreadcrumbList","@id":"https:\/\/www.iplay.com\/de\/games\/candy-breaker\/#breadcrumb","itemListElement":[{"@type":"ListItem","position":1,"name":"Home","item":"https:\/\/www.iplay.com\/de\/home-page-2\/"},{"@type":"ListItem","position":2,"name":"Shop","item":"https:\/\/www.iplay.com\/en\/shop\/"},{"@type":"ListItem","position":3,"name":"Candy Breaker"}]},{"@type":"WebSite","@id":"https:\/\/www.iplay.com\/en\/#website","url":"https:\/\/www.iplay.com\/en\/","name":"IPlay","description":"The Best Casual Games!","publisher":{"@id":"https:\/\/www.iplay.com\/en\/#organization"},"potentialAction":[{"@type":"SearchAction","target":{"@type":"EntryPoint","urlTemplate":"https:\/\/www.iplay.com\/en\/?s={search_term_string}"},"query-input":{"@type":"PropertyValueSpecification","valueRequired":true,"valueName":"search_term_string"}}],"inLanguage":"de-DE"},{"@type":"Organization","@id":"https:\/\/www.iplay.com\/en\/#organization","name":"IPlay","url":"https:\/\/www.iplay.com\/en\/","logo":{"@type":"ImageObject","inLanguage":"de-DE","@id":"https:\/\/www.iplay.com\/en\/#\/schema\/logo\/image\/","url":"https:\/\/www.iplay.com\/wp-content\/uploads\/2023\/11\/Group-6100.svg","contentUrl":"https:\/\/www.iplay.com\/wp-content\/uploads\/2023\/11\/Group-6100.svg","width":98,"height":25,"caption":"IPlay"},"image":{"@id":"https:\/\/www.iplay.com\/en\/#\/schema\/logo\/image\/"}}]}},"_links":{"self":[{"href":"https:\/\/www.iplay.com\/de\/wp-json\/wp\/v2\/product\/132834","targetHints":{"allow":["GET"]}}],"collection":[{"href":"https:\/\/www.iplay.com\/de\/wp-json\/wp\/v2\/product"}],"about":[{"href":"https:\/\/www.iplay.com\/de\/wp-json\/wp\/v2\/types\/product"}],"author":[{"embeddable":true,"href":"https:\/\/www.iplay.com\/de\/wp-json\/wp\/v2\/users\/333"}],"replies":[{"embeddable":true,"href":"https:\/\/www.iplay.com\/de\/wp-json\/wp\/v2\/comments?post=132834"}],"wp:attachment":[{"href":"https:\/\/www.iplay.com\/de\/wp-json\/wp\/v2\/media?parent=132834"}],"wp:term":[{"taxonomy":"product_brand","embeddable":true,"href":"https:\/\/www.iplay.com\/de\/wp-json\/wp\/v2\/product_brand?post=132834"},{"taxonomy":"product_cat","embeddable":true,"href":"https:\/\/www.iplay.com\/de\/wp-json\/wp\/v2\/product_cat?post=132834"},{"taxonomy":"product_tag","embeddable":true,"href":"https:\/\/www.iplay.com\/de\/wp-json\/wp\/v2\/product_tag?post=132834"}],"curies":[{"name":"wp","href":"https:\/\/api.w.org\/{rel}","templated":true}]}}