{"id":132774,"date":"2024-07-01T22:06:25","date_gmt":"2024-07-01T22:06:25","guid":{"rendered":"https:\/\/www.iplay.com\/games\/become-a-mechanic\/"},"modified":"2024-07-01T22:06:25","modified_gmt":"2024-07-01T22:06:25","slug":"become-a-mechanic","status":"publish","type":"product","link":"https:\/\/www.iplay.com\/de\/games\/become-a-mechanic\/","title":{"rendered":"Become a Mechanic"},"content":{"rendered":"<p>Wenn dich die Leidenschaft f\u00fcr das Reparieren von Dingen und das Verwalten einer Werkstatt begeistert, dann ist Become a Mechanic das perfekte Spiel.<\/p>\n<p>Du \u00fcbernimmst die Kontrolle \u00fcber deine eigene Werkstatt und wirst repariert, um die Kunden zufrieden zu stellen und die Konkurrenz in den Schatten zu stellen.<\/p>\n<p>In diesem Managementspiel musst du Kundenschl\u00fcssel nehmen, Fahrzeuge platzieren, Diagnosetests durchf\u00fchren und die notwendigen Teile beschaffen, bevor du Reparaturen durchf\u00fchren kannst.<\/p>\n<p>Vergessen Sie nicht, die Endrechnung auszustellen, obwohl die Preise hoch genug sind, um einen erwachsenen Mann in Ohnmacht fallen zu lassen!<\/p>\n<p>In \u00fcber sechzig progressiv herausfordernden Levels werden Ihre Reflexe und Ihre Serviceeffizienz auf die Probe gestellt.<\/p>\n<p>W\u00e4hrend sich der Rhythmus intensiviert, reparierst du immer mehr Fahrzeuge und steigst zum Champion der Mechaniker auf.<\/p>\n","protected":false},"excerpt":{"rendered":"<p>\u00dcbernehmen Sie die Kontrolle \u00fcber Ihre eigene Garage, Fahrzeuge werden repariert, um Kunden zufrieden zu stellen und die Konkurrenz in den Schatten zu stellen.<\/p>\n","protected":false},"author":333,"featured_media":0,"comment_status":"open","ping_status":"closed","template":"","meta":{"_acf_changed":false,"inline_featured_image":false},"product_brand":[],"product_cat":[180,217],"product_tag":[284,299,289],"class_list":{"0":"post-132774","1":"product","2":"type-product","3":"status-publish","5":"product_cat-mobile-games-de","6":"product_cat-time-management-de","7":"product_tag-play-on-mac-de","8":"product_tag-play-on-mobile-de","9":"product_tag-play-on-pc-de","11":"first","12":"instock","13":"shipping-taxable","14":"purchasable","15":"product-type-html5_game"},"acf":[],"yoast_head":"<!-- This site is optimized with the Yoast SEO Premium plugin v25.2 (Yoast SEO v25.2) - https:\/\/yoast.com\/wordpress\/plugins\/seo\/ -->\n<title>Werde ein Mechaniker - Spiele auf IPlay<\/title>\n<meta name=\"description\" content=\"\u00dcbernehmen Sie die Kontrolle \u00fcber Ihre eigene Garage, Fahrzeuge werden repariert, um Kunden zufrieden zu stellen und die Konkurrenz in den Schatten zu stellen.\" \/>\n<meta name=\"robots\" content=\"index, follow, max-snippet:-1, max-image-preview:large, max-video-preview:-1\" \/>\n<link rel=\"canonical\" href=\"https:\/\/www.iplay.com\/de\/games\/become-a-mechanic\/\" \/>\n<meta property=\"og:locale\" content=\"de_DE\" \/>\n<meta property=\"og:type\" content=\"article\" \/>\n<meta property=\"og:title\" content=\"Become a Mechanic\" \/>\n<meta property=\"og:description\" content=\"\u00dcbernehmen Sie die Kontrolle \u00fcber Ihre eigene Garage, Fahrzeuge werden repariert, um Kunden zufrieden zu stellen und die Konkurrenz in den Schatten zu stellen.\" \/>\n<meta property=\"og:url\" content=\"https:\/\/www.iplay.com\/de\/games\/become-a-mechanic\/\" \/>\n<meta property=\"og:site_name\" content=\"IPlay\" \/>\n<meta name=\"twitter:card\" content=\"summary_large_image\" \/>\n<meta name=\"twitter:label1\" content=\"Gesch\u00e4tzte Lesezeit\" \/>\n\t<meta name=\"twitter:data1\" content=\"1 Minute\" \/>\n<script type=\"application\/ld+json\" class=\"yoast-schema-graph\">{\"@context\":\"https:\/\/schema.org\",\"@graph\":[{\"@type\":\"WebPage\",\"@id\":\"https:\/\/www.iplay.com\/de\/games\/become-a-mechanic\/\",\"url\":\"https:\/\/www.iplay.com\/de\/games\/become-a-mechanic\/\",\"name\":\"Werde ein Mechaniker - Spiele auf IPlay\",\"isPartOf\":{\"@id\":\"https:\/\/www.iplay.com\/en\/#website\"},\"datePublished\":\"2024-07-01T22:06:25+00:00\",\"description\":\"\u00dcbernehmen Sie die Kontrolle \u00fcber Ihre eigene Garage, Fahrzeuge werden repariert, um Kunden zufrieden zu stellen und die Konkurrenz in den Schatten zu stellen.\",\"breadcrumb\":{\"@id\":\"https:\/\/www.iplay.com\/de\/games\/become-a-mechanic\/#breadcrumb\"},\"inLanguage\":\"de-DE\",\"potentialAction\":[{\"@type\":\"ReadAction\",\"target\":[\"https:\/\/www.iplay.com\/de\/games\/become-a-mechanic\/\"]}]},{\"@type\":\"BreadcrumbList\",\"@id\":\"https:\/\/www.iplay.com\/de\/games\/become-a-mechanic\/#breadcrumb\",\"itemListElement\":[{\"@type\":\"ListItem\",\"position\":1,\"name\":\"Home\",\"item\":\"https:\/\/www.iplay.com\/de\/home-page-2\/\"},{\"@type\":\"ListItem\",\"position\":2,\"name\":\"Shop\",\"item\":\"https:\/\/www.iplay.com\/en\/shop\/\"},{\"@type\":\"ListItem\",\"position\":3,\"name\":\"Become a Mechanic\"}]},{\"@type\":\"WebSite\",\"@id\":\"https:\/\/www.iplay.com\/en\/#website\",\"url\":\"https:\/\/www.iplay.com\/en\/\",\"name\":\"IPlay\",\"description\":\"The Best Casual Games!\",\"publisher\":{\"@id\":\"https:\/\/www.iplay.com\/en\/#organization\"},\"potentialAction\":[{\"@type\":\"SearchAction\",\"target\":{\"@type\":\"EntryPoint\",\"urlTemplate\":\"https:\/\/www.iplay.com\/en\/?s={search_term_string}\"},\"query-input\":{\"@type\":\"PropertyValueSpecification\",\"valueRequired\":true,\"valueName\":\"search_term_string\"}}],\"inLanguage\":\"de-DE\"},{\"@type\":\"Organization\",\"@id\":\"https:\/\/www.iplay.com\/en\/#organization\",\"name\":\"IPlay\",\"url\":\"https:\/\/www.iplay.com\/en\/\",\"logo\":{\"@type\":\"ImageObject\",\"inLanguage\":\"de-DE\",\"@id\":\"https:\/\/www.iplay.com\/en\/#\/schema\/logo\/image\/\",\"url\":\"https:\/\/www.iplay.com\/wp-content\/uploads\/2023\/11\/Group-6100.svg\",\"contentUrl\":\"https:\/\/www.iplay.com\/wp-content\/uploads\/2023\/11\/Group-6100.svg\",\"width\":98,\"height\":25,\"caption\":\"IPlay\"},\"image\":{\"@id\":\"https:\/\/www.iplay.com\/en\/#\/schema\/logo\/image\/\"}}]}<\/script>\n<!-- \/ Yoast SEO Premium plugin. -->","yoast_head_json":{"title":"Werde ein Mechaniker - Spiele auf IPlay","description":"\u00dcbernehmen Sie die Kontrolle \u00fcber Ihre eigene Garage, Fahrzeuge werden repariert, um Kunden zufrieden zu stellen und die Konkurrenz in den Schatten zu stellen.","robots":{"index":"index","follow":"follow","max-snippet":"max-snippet:-1","max-image-preview":"max-image-preview:large","max-video-preview":"max-video-preview:-1"},"canonical":"https:\/\/www.iplay.com\/de\/games\/become-a-mechanic\/","og_locale":"de_DE","og_type":"article","og_title":"Become a Mechanic","og_description":"\u00dcbernehmen Sie die Kontrolle \u00fcber Ihre eigene Garage, Fahrzeuge werden repariert, um Kunden zufrieden zu stellen und die Konkurrenz in den Schatten zu stellen.","og_url":"https:\/\/www.iplay.com\/de\/games\/become-a-mechanic\/","og_site_name":"IPlay","twitter_card":"summary_large_image","twitter_misc":{"Gesch\u00e4tzte Lesezeit":"1 Minute"},"schema":{"@context":"https:\/\/schema.org","@graph":[{"@type":"WebPage","@id":"https:\/\/www.iplay.com\/de\/games\/become-a-mechanic\/","url":"https:\/\/www.iplay.com\/de\/games\/become-a-mechanic\/","name":"Werde ein Mechaniker - Spiele auf IPlay","isPartOf":{"@id":"https:\/\/www.iplay.com\/en\/#website"},"datePublished":"2024-07-01T22:06:25+00:00","description":"\u00dcbernehmen Sie die Kontrolle \u00fcber Ihre eigene Garage, Fahrzeuge werden repariert, um Kunden zufrieden zu stellen und die Konkurrenz in den Schatten zu stellen.","breadcrumb":{"@id":"https:\/\/www.iplay.com\/de\/games\/become-a-mechanic\/#breadcrumb"},"inLanguage":"de-DE","potentialAction":[{"@type":"ReadAction","target":["https:\/\/www.iplay.com\/de\/games\/become-a-mechanic\/"]}]},{"@type":"BreadcrumbList","@id":"https:\/\/www.iplay.com\/de\/games\/become-a-mechanic\/#breadcrumb","itemListElement":[{"@type":"ListItem","position":1,"name":"Home","item":"https:\/\/www.iplay.com\/de\/home-page-2\/"},{"@type":"ListItem","position":2,"name":"Shop","item":"https:\/\/www.iplay.com\/en\/shop\/"},{"@type":"ListItem","position":3,"name":"Become a Mechanic"}]},{"@type":"WebSite","@id":"https:\/\/www.iplay.com\/en\/#website","url":"https:\/\/www.iplay.com\/en\/","name":"IPlay","description":"The Best Casual Games!","publisher":{"@id":"https:\/\/www.iplay.com\/en\/#organization"},"potentialAction":[{"@type":"SearchAction","target":{"@type":"EntryPoint","urlTemplate":"https:\/\/www.iplay.com\/en\/?s={search_term_string}"},"query-input":{"@type":"PropertyValueSpecification","valueRequired":true,"valueName":"search_term_string"}}],"inLanguage":"de-DE"},{"@type":"Organization","@id":"https:\/\/www.iplay.com\/en\/#organization","name":"IPlay","url":"https:\/\/www.iplay.com\/en\/","logo":{"@type":"ImageObject","inLanguage":"de-DE","@id":"https:\/\/www.iplay.com\/en\/#\/schema\/logo\/image\/","url":"https:\/\/www.iplay.com\/wp-content\/uploads\/2023\/11\/Group-6100.svg","contentUrl":"https:\/\/www.iplay.com\/wp-content\/uploads\/2023\/11\/Group-6100.svg","width":98,"height":25,"caption":"IPlay"},"image":{"@id":"https:\/\/www.iplay.com\/en\/#\/schema\/logo\/image\/"}}]}},"_links":{"self":[{"href":"https:\/\/www.iplay.com\/de\/wp-json\/wp\/v2\/product\/132774","targetHints":{"allow":["GET"]}}],"collection":[{"href":"https:\/\/www.iplay.com\/de\/wp-json\/wp\/v2\/product"}],"about":[{"href":"https:\/\/www.iplay.com\/de\/wp-json\/wp\/v2\/types\/product"}],"author":[{"embeddable":true,"href":"https:\/\/www.iplay.com\/de\/wp-json\/wp\/v2\/users\/333"}],"replies":[{"embeddable":true,"href":"https:\/\/www.iplay.com\/de\/wp-json\/wp\/v2\/comments?post=132774"}],"wp:attachment":[{"href":"https:\/\/www.iplay.com\/de\/wp-json\/wp\/v2\/media?parent=132774"}],"wp:term":[{"taxonomy":"product_brand","embeddable":true,"href":"https:\/\/www.iplay.com\/de\/wp-json\/wp\/v2\/product_brand?post=132774"},{"taxonomy":"product_cat","embeddable":true,"href":"https:\/\/www.iplay.com\/de\/wp-json\/wp\/v2\/product_cat?post=132774"},{"taxonomy":"product_tag","embeddable":true,"href":"https:\/\/www.iplay.com\/de\/wp-json\/wp\/v2\/product_tag?post=132774"}],"curies":[{"name":"wp","href":"https:\/\/api.w.org\/{rel}","templated":true}]}}