{"id":132758,"date":"2024-07-01T22:06:26","date_gmt":"2024-07-01T22:06:26","guid":{"rendered":"https:\/\/www.iplay.com\/games\/become-a-nurse\/"},"modified":"2024-07-01T22:06:26","modified_gmt":"2024-07-01T22:06:26","slug":"become-a-nurse","status":"publish","type":"product","link":"https:\/\/www.iplay.com\/de\/games\/become-a-nurse\/","title":{"rendered":"Become a Nurse"},"content":{"rendered":"<p>Es ist an der Zeit, die wichtige Rolle einer Krankenschwester zu \u00fcbernehmen und sich um bed\u00fcrftige Patienten zu k\u00fcmmern.<\/p>\n<p>In dieser fesselnden Simulation liegen die Gesundheit und das Wohlbefinden der Patienten in Ihren f\u00e4higen H\u00e4nden.<\/p>\n<p>In der Rolle einer Krankenschwester werden eine Vielzahl von medizinischen Aufgaben ausgef\u00fchrt, um die Menschen unter deiner Obhut zu heilen und zu tr\u00f6sten.<\/p>\n<p>Bei jedem Patienten wird die M\u00f6glichkeit genutzt, wesentliche Unterst\u00fctzung und Behandlung zu leisten, so dass jede Handlung f\u00fcr die Genesung z\u00e4hlt.<\/p>\n<p>Es ist an der Zeit, das Leben einer Krankenschwester zu erleben und sicherzustellen, dass jeder Patient die bestm\u00f6gliche Pflege erh\u00e4lt.<\/p>\n","protected":false},"excerpt":{"rendered":"<p>Starten Sie jetzt Ihre Karriere in der Krankenpflege!<\/p>\n","protected":false},"author":333,"featured_media":0,"comment_status":"open","ping_status":"closed","template":"","meta":{"_acf_changed":false,"inline_featured_image":false},"product_brand":[],"product_cat":[180,218],"product_tag":[284,299,289],"class_list":{"0":"post-132758","1":"product","2":"type-product","3":"status-publish","5":"product_cat-mobile-games-de","6":"product_cat-strategy-de","7":"product_tag-play-on-mac-de","8":"product_tag-play-on-mobile-de","9":"product_tag-play-on-pc-de","11":"first","12":"instock","13":"shipping-taxable","14":"purchasable","15":"product-type-html5_game"},"acf":[],"yoast_head":"<!-- This site is optimized with the Yoast SEO Premium plugin v25.2 (Yoast SEO v25.2) - https:\/\/yoast.com\/wordpress\/plugins\/seo\/ -->\n<title>Werden Sie Krankenschwester - Spielen Sie auf IPlay<\/title>\n<meta name=\"description\" content=\"Starten Sie jetzt Ihre Karriere in der Krankenpflege!\" \/>\n<meta name=\"robots\" content=\"index, follow, max-snippet:-1, max-image-preview:large, max-video-preview:-1\" \/>\n<link rel=\"canonical\" href=\"https:\/\/www.iplay.com\/de\/games\/become-a-nurse\/\" \/>\n<meta property=\"og:locale\" content=\"de_DE\" \/>\n<meta property=\"og:type\" content=\"article\" \/>\n<meta property=\"og:title\" content=\"Become a Nurse\" \/>\n<meta property=\"og:description\" content=\"Starten Sie jetzt Ihre Karriere in der Krankenpflege!\" \/>\n<meta property=\"og:url\" content=\"https:\/\/www.iplay.com\/de\/games\/become-a-nurse\/\" \/>\n<meta property=\"og:site_name\" content=\"IPlay\" \/>\n<meta name=\"twitter:card\" content=\"summary_large_image\" \/>\n<meta name=\"twitter:label1\" content=\"Gesch\u00e4tzte Lesezeit\" \/>\n\t<meta name=\"twitter:data1\" content=\"1 Minute\" \/>\n<script type=\"application\/ld+json\" class=\"yoast-schema-graph\">{\"@context\":\"https:\/\/schema.org\",\"@graph\":[{\"@type\":\"WebPage\",\"@id\":\"https:\/\/www.iplay.com\/de\/games\/become-a-nurse\/\",\"url\":\"https:\/\/www.iplay.com\/de\/games\/become-a-nurse\/\",\"name\":\"Werden Sie Krankenschwester - Spielen Sie auf IPlay\",\"isPartOf\":{\"@id\":\"https:\/\/www.iplay.com\/en\/#website\"},\"datePublished\":\"2024-07-01T22:06:26+00:00\",\"description\":\"Starten Sie jetzt Ihre Karriere in der Krankenpflege!\",\"breadcrumb\":{\"@id\":\"https:\/\/www.iplay.com\/de\/games\/become-a-nurse\/#breadcrumb\"},\"inLanguage\":\"de-DE\",\"potentialAction\":[{\"@type\":\"ReadAction\",\"target\":[\"https:\/\/www.iplay.com\/de\/games\/become-a-nurse\/\"]}]},{\"@type\":\"BreadcrumbList\",\"@id\":\"https:\/\/www.iplay.com\/de\/games\/become-a-nurse\/#breadcrumb\",\"itemListElement\":[{\"@type\":\"ListItem\",\"position\":1,\"name\":\"Home\",\"item\":\"https:\/\/www.iplay.com\/de\/home-page-2\/\"},{\"@type\":\"ListItem\",\"position\":2,\"name\":\"Shop\",\"item\":\"https:\/\/www.iplay.com\/en\/shop\/\"},{\"@type\":\"ListItem\",\"position\":3,\"name\":\"Become a Nurse\"}]},{\"@type\":\"WebSite\",\"@id\":\"https:\/\/www.iplay.com\/en\/#website\",\"url\":\"https:\/\/www.iplay.com\/en\/\",\"name\":\"IPlay\",\"description\":\"The Best Casual Games!\",\"publisher\":{\"@id\":\"https:\/\/www.iplay.com\/en\/#organization\"},\"potentialAction\":[{\"@type\":\"SearchAction\",\"target\":{\"@type\":\"EntryPoint\",\"urlTemplate\":\"https:\/\/www.iplay.com\/en\/?s={search_term_string}\"},\"query-input\":{\"@type\":\"PropertyValueSpecification\",\"valueRequired\":true,\"valueName\":\"search_term_string\"}}],\"inLanguage\":\"de-DE\"},{\"@type\":\"Organization\",\"@id\":\"https:\/\/www.iplay.com\/en\/#organization\",\"name\":\"IPlay\",\"url\":\"https:\/\/www.iplay.com\/en\/\",\"logo\":{\"@type\":\"ImageObject\",\"inLanguage\":\"de-DE\",\"@id\":\"https:\/\/www.iplay.com\/en\/#\/schema\/logo\/image\/\",\"url\":\"https:\/\/www.iplay.com\/wp-content\/uploads\/2023\/11\/Group-6100.svg\",\"contentUrl\":\"https:\/\/www.iplay.com\/wp-content\/uploads\/2023\/11\/Group-6100.svg\",\"width\":98,\"height\":25,\"caption\":\"IPlay\"},\"image\":{\"@id\":\"https:\/\/www.iplay.com\/en\/#\/schema\/logo\/image\/\"}}]}<\/script>\n<!-- \/ Yoast SEO Premium plugin. -->","yoast_head_json":{"title":"Werden Sie Krankenschwester - Spielen Sie auf IPlay","description":"Starten Sie jetzt Ihre Karriere in der Krankenpflege!","robots":{"index":"index","follow":"follow","max-snippet":"max-snippet:-1","max-image-preview":"max-image-preview:large","max-video-preview":"max-video-preview:-1"},"canonical":"https:\/\/www.iplay.com\/de\/games\/become-a-nurse\/","og_locale":"de_DE","og_type":"article","og_title":"Become a Nurse","og_description":"Starten Sie jetzt Ihre Karriere in der Krankenpflege!","og_url":"https:\/\/www.iplay.com\/de\/games\/become-a-nurse\/","og_site_name":"IPlay","twitter_card":"summary_large_image","twitter_misc":{"Gesch\u00e4tzte Lesezeit":"1 Minute"},"schema":{"@context":"https:\/\/schema.org","@graph":[{"@type":"WebPage","@id":"https:\/\/www.iplay.com\/de\/games\/become-a-nurse\/","url":"https:\/\/www.iplay.com\/de\/games\/become-a-nurse\/","name":"Werden Sie Krankenschwester - Spielen Sie auf IPlay","isPartOf":{"@id":"https:\/\/www.iplay.com\/en\/#website"},"datePublished":"2024-07-01T22:06:26+00:00","description":"Starten Sie jetzt Ihre Karriere in der Krankenpflege!","breadcrumb":{"@id":"https:\/\/www.iplay.com\/de\/games\/become-a-nurse\/#breadcrumb"},"inLanguage":"de-DE","potentialAction":[{"@type":"ReadAction","target":["https:\/\/www.iplay.com\/de\/games\/become-a-nurse\/"]}]},{"@type":"BreadcrumbList","@id":"https:\/\/www.iplay.com\/de\/games\/become-a-nurse\/#breadcrumb","itemListElement":[{"@type":"ListItem","position":1,"name":"Home","item":"https:\/\/www.iplay.com\/de\/home-page-2\/"},{"@type":"ListItem","position":2,"name":"Shop","item":"https:\/\/www.iplay.com\/en\/shop\/"},{"@type":"ListItem","position":3,"name":"Become a Nurse"}]},{"@type":"WebSite","@id":"https:\/\/www.iplay.com\/en\/#website","url":"https:\/\/www.iplay.com\/en\/","name":"IPlay","description":"The Best Casual Games!","publisher":{"@id":"https:\/\/www.iplay.com\/en\/#organization"},"potentialAction":[{"@type":"SearchAction","target":{"@type":"EntryPoint","urlTemplate":"https:\/\/www.iplay.com\/en\/?s={search_term_string}"},"query-input":{"@type":"PropertyValueSpecification","valueRequired":true,"valueName":"search_term_string"}}],"inLanguage":"de-DE"},{"@type":"Organization","@id":"https:\/\/www.iplay.com\/en\/#organization","name":"IPlay","url":"https:\/\/www.iplay.com\/en\/","logo":{"@type":"ImageObject","inLanguage":"de-DE","@id":"https:\/\/www.iplay.com\/en\/#\/schema\/logo\/image\/","url":"https:\/\/www.iplay.com\/wp-content\/uploads\/2023\/11\/Group-6100.svg","contentUrl":"https:\/\/www.iplay.com\/wp-content\/uploads\/2023\/11\/Group-6100.svg","width":98,"height":25,"caption":"IPlay"},"image":{"@id":"https:\/\/www.iplay.com\/en\/#\/schema\/logo\/image\/"}}]}},"_links":{"self":[{"href":"https:\/\/www.iplay.com\/de\/wp-json\/wp\/v2\/product\/132758","targetHints":{"allow":["GET"]}}],"collection":[{"href":"https:\/\/www.iplay.com\/de\/wp-json\/wp\/v2\/product"}],"about":[{"href":"https:\/\/www.iplay.com\/de\/wp-json\/wp\/v2\/types\/product"}],"author":[{"embeddable":true,"href":"https:\/\/www.iplay.com\/de\/wp-json\/wp\/v2\/users\/333"}],"replies":[{"embeddable":true,"href":"https:\/\/www.iplay.com\/de\/wp-json\/wp\/v2\/comments?post=132758"}],"wp:attachment":[{"href":"https:\/\/www.iplay.com\/de\/wp-json\/wp\/v2\/media?parent=132758"}],"wp:term":[{"taxonomy":"product_brand","embeddable":true,"href":"https:\/\/www.iplay.com\/de\/wp-json\/wp\/v2\/product_brand?post=132758"},{"taxonomy":"product_cat","embeddable":true,"href":"https:\/\/www.iplay.com\/de\/wp-json\/wp\/v2\/product_cat?post=132758"},{"taxonomy":"product_tag","embeddable":true,"href":"https:\/\/www.iplay.com\/de\/wp-json\/wp\/v2\/product_tag?post=132758"}],"curies":[{"name":"wp","href":"https:\/\/api.w.org\/{rel}","templated":true}]}}