{"id":132643,"date":"2024-06-21T07:00:57","date_gmt":"2024-06-21T07:00:57","guid":{"rendered":"https:\/\/www.iplay.com\/games\/magic-city-detective-the-carnival-begins-collectors-edition\/"},"modified":"2025-04-25T15:00:40","modified_gmt":"2025-04-25T15:00:40","slug":"magic-city-detective-the-carnival-begins-collectors-edition","status":"publish","type":"product","link":"https:\/\/www.iplay.com\/de\/games\/magic-city-detective-the-carnival-begins-collectors-edition\/","title":{"rendered":"Magic City Detective: The Carnival Begins Collector&#8217;s Edition"},"content":{"rendered":"<p>Die Stadt New Orleans bebt vor Aufregung, w\u00e4hrend sich der Mardi Gras in einem schillernden Schauspiel festlicher Farben entfaltet. Elizabeth, eine begnadete Halbblutmagierin, hat ihre Hilfe angeboten, aber es bleiben Fragen \u00fcber ihre wahren Absichten. W\u00e4hrenddessen sind die Reiche der Menschen und Anderen von Vorfreude ergriffen, da sich ein bedeutendes Ereignis entfalten wird, das das Gleichgewicht von allem st\u00f6ren k\u00f6nnte.  <\/p>\n<p>Im Mittelpunkt dieser bedeutsamen Ereignisse stehst du, der magische Detektiv. Dein K\u00f6nnen beim Aufsp\u00fcren von M\u00f6rdern und Verbannen b\u00f6sartiger Geister ist un\u00fcbertroffen. Allerdings ist Vorsicht geboten \u2013 die Verlockung der Versuchung ist stark und hat vielleicht bereits einen Platz in deinem Herzen gefunden.  <\/p>\n<p>&nbsp;<\/p>\n<p><strong>Funktionen<\/strong><\/p>\n<ul>\n<li>Der Zugang zu einem speziellen Extra-Kapitel wird durch das Spielen des Hauptspiels freigeschaltet.<\/li>\n<li>Es stehen Hintergrundbilder zur Verf\u00fcgung, um Sie in den lebendigen Geist des Big Easy eintauchen zu lassen.<\/li>\n<li>Eine Sammlung von Concept Art bietet Einblicke in den Entstehungsprozess hinter den Kulissen.<\/li>\n<li>Lieblingsr\u00e4tsel und Minispiele k\u00f6nnen wiederholt werden, um weiterhin Spa\u00df zu haben.<\/li>\n<\/ul>\n","protected":false},"excerpt":{"rendered":"<p>Begleite Elizabeth, eine Halbblut-Zaubererin, auf einer mythischen Reise mit <strong>Magic City Detective &#8211; The Carnival Begins Collector&#8217;s Edition<\/strong><\/p>\n","protected":false},"author":52,"featured_media":112131,"comment_status":"open","ping_status":"closed","template":"","meta":{"_acf_changed":false,"inline_featured_image":false},"product_brand":[],"product_cat":[164],"product_tag":[289],"class_list":{"0":"post-132643","1":"product","2":"type-product","3":"status-publish","4":"has-post-thumbnail","6":"product_cat-hidden-object-de","7":"product_tag-play-on-pc-de","9":"first","10":"instock","11":"shipping-taxable","12":"purchasable","13":"product-type-simple"},"acf":[],"yoast_head":"<!-- This site is optimized with the Yoast SEO Premium plugin v25.2 (Yoast SEO v25.2) - https:\/\/yoast.com\/wordpress\/plugins\/seo\/ -->\n<title>Magic City Detective: Der Karneval beginnt Sammleredition<\/title>\n<meta name=\"description\" content=\"Begleite Elizabeth, eine Halbblut-Zaubererin, auf einer mythischen Reise mit Magic City Detective - The Carnival Begins Collector&#039;s Edition\" \/>\n<meta name=\"robots\" content=\"index, follow, max-snippet:-1, max-image-preview:large, max-video-preview:-1\" \/>\n<link rel=\"canonical\" href=\"https:\/\/www.iplay.com\/de\/games\/magic-city-detective-the-carnival-begins-collectors-edition\/\" \/>\n<meta property=\"og:locale\" content=\"de_DE\" \/>\n<meta property=\"og:type\" content=\"article\" \/>\n<meta property=\"og:title\" content=\"Magic City Detective: The Carnival Begins Collector&#039;s Edition\" \/>\n<meta property=\"og:description\" content=\"Begleite Elizabeth, eine Halbblut-Zaubererin, auf einer mythischen Reise mit Magic City Detective - The Carnival Begins Collector&#039;s Edition\" \/>\n<meta property=\"og:url\" content=\"https:\/\/www.iplay.com\/de\/games\/magic-city-detective-the-carnival-begins-collectors-edition\/\" \/>\n<meta property=\"og:site_name\" content=\"IPlay\" \/>\n<meta property=\"article:modified_time\" content=\"2025-04-25T15:00:40+00:00\" \/>\n<meta property=\"og:image\" content=\"https:\/\/www.iplay.com\/wp-content\/uploads\/2024\/06\/Magic-City-Detective-The-Carnival-Begins-CE_large_square_tile_image.webp\" \/>\n\t<meta property=\"og:image:width\" content=\"310\" \/>\n\t<meta property=\"og:image:height\" content=\"310\" \/>\n\t<meta property=\"og:image:type\" content=\"image\/webp\" \/>\n<meta name=\"twitter:card\" content=\"summary_large_image\" \/>\n<meta name=\"twitter:label1\" content=\"Gesch\u00e4tzte Lesezeit\" \/>\n\t<meta name=\"twitter:data1\" content=\"1 Minute\" \/>\n<script type=\"application\/ld+json\" class=\"yoast-schema-graph\">{\"@context\":\"https:\/\/schema.org\",\"@graph\":[{\"@type\":\"WebPage\",\"@id\":\"https:\/\/www.iplay.com\/de\/games\/magic-city-detective-the-carnival-begins-collectors-edition\/\",\"url\":\"https:\/\/www.iplay.com\/de\/games\/magic-city-detective-the-carnival-begins-collectors-edition\/\",\"name\":\"Magic City Detective: Der Karneval beginnt Sammleredition\",\"isPartOf\":{\"@id\":\"https:\/\/www.iplay.com\/en\/#website\"},\"primaryImageOfPage\":{\"@id\":\"https:\/\/www.iplay.com\/de\/games\/magic-city-detective-the-carnival-begins-collectors-edition\/#primaryimage\"},\"image\":{\"@id\":\"https:\/\/www.iplay.com\/de\/games\/magic-city-detective-the-carnival-begins-collectors-edition\/#primaryimage\"},\"thumbnailUrl\":\"https:\/\/www.iplay.com\/wp-content\/uploads\/2024\/06\/Magic-City-Detective-The-Carnival-Begins-CE_large_square_tile_image.webp\",\"datePublished\":\"2024-06-21T07:00:57+00:00\",\"dateModified\":\"2025-04-25T15:00:40+00:00\",\"description\":\"Begleite Elizabeth, eine Halbblut-Zaubererin, auf einer mythischen Reise mit Magic City Detective - The Carnival Begins Collector's Edition\",\"breadcrumb\":{\"@id\":\"https:\/\/www.iplay.com\/de\/games\/magic-city-detective-the-carnival-begins-collectors-edition\/#breadcrumb\"},\"inLanguage\":\"de-DE\",\"potentialAction\":[{\"@type\":\"ReadAction\",\"target\":[\"https:\/\/www.iplay.com\/de\/games\/magic-city-detective-the-carnival-begins-collectors-edition\/\"]}]},{\"@type\":\"ImageObject\",\"inLanguage\":\"de-DE\",\"@id\":\"https:\/\/www.iplay.com\/de\/games\/magic-city-detective-the-carnival-begins-collectors-edition\/#primaryimage\",\"url\":\"https:\/\/www.iplay.com\/wp-content\/uploads\/2024\/06\/Magic-City-Detective-The-Carnival-Begins-CE_large_square_tile_image.webp\",\"contentUrl\":\"https:\/\/www.iplay.com\/wp-content\/uploads\/2024\/06\/Magic-City-Detective-The-Carnival-Begins-CE_large_square_tile_image.webp\",\"width\":310,\"height\":310},{\"@type\":\"BreadcrumbList\",\"@id\":\"https:\/\/www.iplay.com\/de\/games\/magic-city-detective-the-carnival-begins-collectors-edition\/#breadcrumb\",\"itemListElement\":[{\"@type\":\"ListItem\",\"position\":1,\"name\":\"Home\",\"item\":\"https:\/\/www.iplay.com\/de\/home-page-2\/\"},{\"@type\":\"ListItem\",\"position\":2,\"name\":\"Shop\",\"item\":\"https:\/\/www.iplay.com\/en\/shop\/\"},{\"@type\":\"ListItem\",\"position\":3,\"name\":\"Magic City Detective: The Carnival Begins Collector&#8217;s Edition\"}]},{\"@type\":\"WebSite\",\"@id\":\"https:\/\/www.iplay.com\/en\/#website\",\"url\":\"https:\/\/www.iplay.com\/en\/\",\"name\":\"IPlay\",\"description\":\"The Best Casual Games!\",\"publisher\":{\"@id\":\"https:\/\/www.iplay.com\/en\/#organization\"},\"potentialAction\":[{\"@type\":\"SearchAction\",\"target\":{\"@type\":\"EntryPoint\",\"urlTemplate\":\"https:\/\/www.iplay.com\/en\/?s={search_term_string}\"},\"query-input\":{\"@type\":\"PropertyValueSpecification\",\"valueRequired\":true,\"valueName\":\"search_term_string\"}}],\"inLanguage\":\"de-DE\"},{\"@type\":\"Organization\",\"@id\":\"https:\/\/www.iplay.com\/en\/#organization\",\"name\":\"IPlay\",\"url\":\"https:\/\/www.iplay.com\/en\/\",\"logo\":{\"@type\":\"ImageObject\",\"inLanguage\":\"de-DE\",\"@id\":\"https:\/\/www.iplay.com\/en\/#\/schema\/logo\/image\/\",\"url\":\"https:\/\/www.iplay.com\/wp-content\/uploads\/2023\/11\/Group-6100.svg\",\"contentUrl\":\"https:\/\/www.iplay.com\/wp-content\/uploads\/2023\/11\/Group-6100.svg\",\"width\":98,\"height\":25,\"caption\":\"IPlay\"},\"image\":{\"@id\":\"https:\/\/www.iplay.com\/en\/#\/schema\/logo\/image\/\"}}]}<\/script>\n<!-- \/ Yoast SEO Premium plugin. -->","yoast_head_json":{"title":"Magic City Detective: Der Karneval beginnt Sammleredition","description":"Begleite Elizabeth, eine Halbblut-Zaubererin, auf einer mythischen Reise mit Magic City Detective - The Carnival Begins Collector's Edition","robots":{"index":"index","follow":"follow","max-snippet":"max-snippet:-1","max-image-preview":"max-image-preview:large","max-video-preview":"max-video-preview:-1"},"canonical":"https:\/\/www.iplay.com\/de\/games\/magic-city-detective-the-carnival-begins-collectors-edition\/","og_locale":"de_DE","og_type":"article","og_title":"Magic City Detective: The Carnival Begins Collector's Edition","og_description":"Begleite Elizabeth, eine Halbblut-Zaubererin, auf einer mythischen Reise mit Magic City Detective - The Carnival Begins Collector's Edition","og_url":"https:\/\/www.iplay.com\/de\/games\/magic-city-detective-the-carnival-begins-collectors-edition\/","og_site_name":"IPlay","article_modified_time":"2025-04-25T15:00:40+00:00","og_image":[{"width":310,"height":310,"url":"https:\/\/www.iplay.com\/wp-content\/uploads\/2024\/06\/Magic-City-Detective-The-Carnival-Begins-CE_large_square_tile_image.webp","type":"image\/webp"}],"twitter_card":"summary_large_image","twitter_misc":{"Gesch\u00e4tzte Lesezeit":"1 Minute"},"schema":{"@context":"https:\/\/schema.org","@graph":[{"@type":"WebPage","@id":"https:\/\/www.iplay.com\/de\/games\/magic-city-detective-the-carnival-begins-collectors-edition\/","url":"https:\/\/www.iplay.com\/de\/games\/magic-city-detective-the-carnival-begins-collectors-edition\/","name":"Magic City Detective: Der Karneval beginnt Sammleredition","isPartOf":{"@id":"https:\/\/www.iplay.com\/en\/#website"},"primaryImageOfPage":{"@id":"https:\/\/www.iplay.com\/de\/games\/magic-city-detective-the-carnival-begins-collectors-edition\/#primaryimage"},"image":{"@id":"https:\/\/www.iplay.com\/de\/games\/magic-city-detective-the-carnival-begins-collectors-edition\/#primaryimage"},"thumbnailUrl":"https:\/\/www.iplay.com\/wp-content\/uploads\/2024\/06\/Magic-City-Detective-The-Carnival-Begins-CE_large_square_tile_image.webp","datePublished":"2024-06-21T07:00:57+00:00","dateModified":"2025-04-25T15:00:40+00:00","description":"Begleite Elizabeth, eine Halbblut-Zaubererin, auf einer mythischen Reise mit Magic City Detective - The Carnival Begins Collector's Edition","breadcrumb":{"@id":"https:\/\/www.iplay.com\/de\/games\/magic-city-detective-the-carnival-begins-collectors-edition\/#breadcrumb"},"inLanguage":"de-DE","potentialAction":[{"@type":"ReadAction","target":["https:\/\/www.iplay.com\/de\/games\/magic-city-detective-the-carnival-begins-collectors-edition\/"]}]},{"@type":"ImageObject","inLanguage":"de-DE","@id":"https:\/\/www.iplay.com\/de\/games\/magic-city-detective-the-carnival-begins-collectors-edition\/#primaryimage","url":"https:\/\/www.iplay.com\/wp-content\/uploads\/2024\/06\/Magic-City-Detective-The-Carnival-Begins-CE_large_square_tile_image.webp","contentUrl":"https:\/\/www.iplay.com\/wp-content\/uploads\/2024\/06\/Magic-City-Detective-The-Carnival-Begins-CE_large_square_tile_image.webp","width":310,"height":310},{"@type":"BreadcrumbList","@id":"https:\/\/www.iplay.com\/de\/games\/magic-city-detective-the-carnival-begins-collectors-edition\/#breadcrumb","itemListElement":[{"@type":"ListItem","position":1,"name":"Home","item":"https:\/\/www.iplay.com\/de\/home-page-2\/"},{"@type":"ListItem","position":2,"name":"Shop","item":"https:\/\/www.iplay.com\/en\/shop\/"},{"@type":"ListItem","position":3,"name":"Magic City Detective: The Carnival Begins Collector&#8217;s Edition"}]},{"@type":"WebSite","@id":"https:\/\/www.iplay.com\/en\/#website","url":"https:\/\/www.iplay.com\/en\/","name":"IPlay","description":"The Best Casual Games!","publisher":{"@id":"https:\/\/www.iplay.com\/en\/#organization"},"potentialAction":[{"@type":"SearchAction","target":{"@type":"EntryPoint","urlTemplate":"https:\/\/www.iplay.com\/en\/?s={search_term_string}"},"query-input":{"@type":"PropertyValueSpecification","valueRequired":true,"valueName":"search_term_string"}}],"inLanguage":"de-DE"},{"@type":"Organization","@id":"https:\/\/www.iplay.com\/en\/#organization","name":"IPlay","url":"https:\/\/www.iplay.com\/en\/","logo":{"@type":"ImageObject","inLanguage":"de-DE","@id":"https:\/\/www.iplay.com\/en\/#\/schema\/logo\/image\/","url":"https:\/\/www.iplay.com\/wp-content\/uploads\/2023\/11\/Group-6100.svg","contentUrl":"https:\/\/www.iplay.com\/wp-content\/uploads\/2023\/11\/Group-6100.svg","width":98,"height":25,"caption":"IPlay"},"image":{"@id":"https:\/\/www.iplay.com\/en\/#\/schema\/logo\/image\/"}}]}},"_links":{"self":[{"href":"https:\/\/www.iplay.com\/de\/wp-json\/wp\/v2\/product\/132643","targetHints":{"allow":["GET"]}}],"collection":[{"href":"https:\/\/www.iplay.com\/de\/wp-json\/wp\/v2\/product"}],"about":[{"href":"https:\/\/www.iplay.com\/de\/wp-json\/wp\/v2\/types\/product"}],"author":[{"embeddable":true,"href":"https:\/\/www.iplay.com\/de\/wp-json\/wp\/v2\/users\/52"}],"replies":[{"embeddable":true,"href":"https:\/\/www.iplay.com\/de\/wp-json\/wp\/v2\/comments?post=132643"}],"wp:featuredmedia":[{"embeddable":true,"href":"https:\/\/www.iplay.com\/de\/wp-json\/wp\/v2\/media\/112131"}],"wp:attachment":[{"href":"https:\/\/www.iplay.com\/de\/wp-json\/wp\/v2\/media?parent=132643"}],"wp:term":[{"taxonomy":"product_brand","embeddable":true,"href":"https:\/\/www.iplay.com\/de\/wp-json\/wp\/v2\/product_brand?post=132643"},{"taxonomy":"product_cat","embeddable":true,"href":"https:\/\/www.iplay.com\/de\/wp-json\/wp\/v2\/product_cat?post=132643"},{"taxonomy":"product_tag","embeddable":true,"href":"https:\/\/www.iplay.com\/de\/wp-json\/wp\/v2\/product_tag?post=132643"}],"curies":[{"name":"wp","href":"https:\/\/api.w.org\/{rel}","templated":true}]}}