{"id":132630,"date":"2024-06-28T08:00:50","date_gmt":"2024-06-28T08:00:50","guid":{"rendered":"https:\/\/www.iplay.com\/games\/new-yankee-14-through-the-history-mirror-collectors-edition\/"},"modified":"2025-05-13T22:07:07","modified_gmt":"2025-05-13T22:07:07","slug":"new-yankee-14-through-the-history-mirror-collectors-edition","status":"publish","type":"product","link":"https:\/\/www.iplay.com\/de\/games\/new-yankee-14-through-the-history-mirror-collectors-edition\/","title":{"rendered":"New Yankee 14: Through the History Mirror Collector&#8217;s Edition"},"content":{"rendered":"<p>Begleite John, Mary und ihre Freunde auf einer au\u00dfergew\u00f6hnlichen Reise durch zwei parallele Abenteuer voller Spannung, Gefahren und allt\u00e4glicher Herausforderungen. Neue Welten und Epochen werden erkundet und mystische Ph\u00e4nomene werden navigiert, w\u00e4hrend sich ihre Reise durch Raum und Zeit entfaltet. <\/p>\n<p>&nbsp;<\/p>\n<p><strong>Funktionen<\/strong><\/p>\n<ul>\n<li>45 fesselnde Levels plus 11 Minispiel-Levels.<\/li>\n<li>Drei einstellbare Schwierigkeitsstufen: leicht, normal und schwer.<\/li>\n<li>Eine Vielzahl von fesselnden Minispielen zum Spielen.<\/li>\n<li>Zahlreiche Errungenschaften zum Freischalten.<\/li>\n<li>Intuitives Gameplay mit einfacher Maussteuerung.<\/li>\n<\/ul>\n<p><strong>Exklusive Inhalte der Collector&#8217;s Edition<\/strong><\/p>\n<ul>\n<li>Weitere 15 Level, darunter zwei neue Minispiel-Levels.<\/li>\n<li>Ein umfassender Leitfaden f\u00fcr die Level-Strategie.<\/li>\n<li>Original-Soundtracks zum Download.<\/li>\n<li>Atemberaubende Hintergrundbilder zum Download.<\/li>\n<li>Direkter Zugriff auf Videoclips, Charakterbiografien, eine detaillierte Anleitung und ein einzigartiges R\u00e4tsel.<\/li>\n<li>Puzzleteile zum Sammeln und Zusammensetzen.<\/li>\n<li>Bereiten Sie sich auf ein schillerndes Abenteuer vor, in dem die Grenzen zwischen Realit\u00e4t und Au\u00dfergew\u00f6hnlichem verschwimmen und jeder Schritt Sie der Enth\u00fcllung der Geheimnisse von Raum und Zeit n\u00e4her bringt!<\/li>\n<\/ul>\n","protected":false},"excerpt":{"rendered":"<p>Hilf John und Mary, ihrer Zeitschleife zu entkommen \u2013 New <strong>Yankee 14: Through the History Mirror Sammleredition<\/strong><\/p>\n","protected":false},"author":8,"featured_media":112235,"comment_status":"open","ping_status":"closed","template":"","meta":{"_acf_changed":false,"inline_featured_image":false},"product_brand":[],"product_cat":[217],"product_tag":[289],"class_list":{"0":"post-132630","1":"product","2":"type-product","3":"status-publish","4":"has-post-thumbnail","6":"product_cat-time-management-de","7":"product_tag-play-on-pc-de","9":"first","10":"instock","11":"shipping-taxable","12":"purchasable","13":"product-type-simple"},"acf":[],"yoast_head":"<!-- This site is optimized with the Yoast SEO Premium plugin v25.2 (Yoast SEO v25.2) - https:\/\/yoast.com\/wordpress\/plugins\/seo\/ -->\n<title>New Yankee 14: Durch den Geschichtsspiegel Sammleredition<\/title>\n<meta name=\"description\" content=\"Hilf John und Mary, ihrer Zeitschleife zu entkommen \u2013 New Yankee 14: Through the History Mirror Sammleredition\" \/>\n<meta name=\"robots\" content=\"index, follow, max-snippet:-1, max-image-preview:large, max-video-preview:-1\" \/>\n<link rel=\"canonical\" href=\"https:\/\/www.iplay.com\/de\/games\/new-yankee-14-through-the-history-mirror-collectors-edition\/\" \/>\n<meta property=\"og:locale\" content=\"de_DE\" \/>\n<meta property=\"og:type\" content=\"article\" \/>\n<meta property=\"og:title\" content=\"New Yankee 14: Through the History Mirror Collector&#039;s Edition\" \/>\n<meta property=\"og:description\" content=\"Hilf John und Mary, ihrer Zeitschleife zu entkommen \u2013 New Yankee 14: Through the History Mirror Sammleredition\" \/>\n<meta property=\"og:url\" content=\"https:\/\/www.iplay.com\/de\/games\/new-yankee-14-through-the-history-mirror-collectors-edition\/\" \/>\n<meta property=\"og:site_name\" content=\"IPlay\" \/>\n<meta property=\"article:modified_time\" content=\"2025-05-13T22:07:07+00:00\" \/>\n<meta property=\"og:image\" content=\"https:\/\/www.iplay.com\/wp-content\/uploads\/2024\/06\/New-Yankee-Through-the-History-Mirror-CE_large_square_tile_image.webp\" \/>\n\t<meta property=\"og:image:width\" content=\"715\" \/>\n\t<meta property=\"og:image:height\" content=\"485\" \/>\n\t<meta property=\"og:image:type\" content=\"image\/webp\" \/>\n<meta name=\"twitter:card\" content=\"summary_large_image\" \/>\n<meta name=\"twitter:label1\" content=\"Gesch\u00e4tzte Lesezeit\" \/>\n\t<meta name=\"twitter:data1\" content=\"1 Minute\" \/>\n<script type=\"application\/ld+json\" class=\"yoast-schema-graph\">{\"@context\":\"https:\/\/schema.org\",\"@graph\":[{\"@type\":\"WebPage\",\"@id\":\"https:\/\/www.iplay.com\/de\/games\/new-yankee-14-through-the-history-mirror-collectors-edition\/\",\"url\":\"https:\/\/www.iplay.com\/de\/games\/new-yankee-14-through-the-history-mirror-collectors-edition\/\",\"name\":\"New Yankee 14: Durch den Geschichtsspiegel Sammleredition\",\"isPartOf\":{\"@id\":\"https:\/\/www.iplay.com\/en\/#website\"},\"primaryImageOfPage\":{\"@id\":\"https:\/\/www.iplay.com\/de\/games\/new-yankee-14-through-the-history-mirror-collectors-edition\/#primaryimage\"},\"image\":{\"@id\":\"https:\/\/www.iplay.com\/de\/games\/new-yankee-14-through-the-history-mirror-collectors-edition\/#primaryimage\"},\"thumbnailUrl\":\"https:\/\/www.iplay.com\/wp-content\/uploads\/2024\/06\/New-Yankee-Through-the-History-Mirror-CE_large_square_tile_image.webp\",\"datePublished\":\"2024-06-28T08:00:50+00:00\",\"dateModified\":\"2025-05-13T22:07:07+00:00\",\"description\":\"Hilf John und Mary, ihrer Zeitschleife zu entkommen \u2013 New Yankee 14: Through the History Mirror Sammleredition\",\"breadcrumb\":{\"@id\":\"https:\/\/www.iplay.com\/de\/games\/new-yankee-14-through-the-history-mirror-collectors-edition\/#breadcrumb\"},\"inLanguage\":\"de-DE\",\"potentialAction\":[{\"@type\":\"ReadAction\",\"target\":[\"https:\/\/www.iplay.com\/de\/games\/new-yankee-14-through-the-history-mirror-collectors-edition\/\"]}]},{\"@type\":\"ImageObject\",\"inLanguage\":\"de-DE\",\"@id\":\"https:\/\/www.iplay.com\/de\/games\/new-yankee-14-through-the-history-mirror-collectors-edition\/#primaryimage\",\"url\":\"https:\/\/www.iplay.com\/wp-content\/uploads\/2024\/06\/New-Yankee-Through-the-History-Mirror-CE_large_square_tile_image.webp\",\"contentUrl\":\"https:\/\/www.iplay.com\/wp-content\/uploads\/2024\/06\/New-Yankee-Through-the-History-Mirror-CE_large_square_tile_image.webp\",\"width\":715,\"height\":485},{\"@type\":\"BreadcrumbList\",\"@id\":\"https:\/\/www.iplay.com\/de\/games\/new-yankee-14-through-the-history-mirror-collectors-edition\/#breadcrumb\",\"itemListElement\":[{\"@type\":\"ListItem\",\"position\":1,\"name\":\"Home\",\"item\":\"https:\/\/www.iplay.com\/de\/home-page-2\/\"},{\"@type\":\"ListItem\",\"position\":2,\"name\":\"Shop\",\"item\":\"https:\/\/www.iplay.com\/en\/shop\/\"},{\"@type\":\"ListItem\",\"position\":3,\"name\":\"New Yankee 14: Through the History Mirror Collector&#8217;s Edition\"}]},{\"@type\":\"WebSite\",\"@id\":\"https:\/\/www.iplay.com\/en\/#website\",\"url\":\"https:\/\/www.iplay.com\/en\/\",\"name\":\"IPlay\",\"description\":\"The Best Casual Games!\",\"publisher\":{\"@id\":\"https:\/\/www.iplay.com\/en\/#organization\"},\"potentialAction\":[{\"@type\":\"SearchAction\",\"target\":{\"@type\":\"EntryPoint\",\"urlTemplate\":\"https:\/\/www.iplay.com\/en\/?s={search_term_string}\"},\"query-input\":{\"@type\":\"PropertyValueSpecification\",\"valueRequired\":true,\"valueName\":\"search_term_string\"}}],\"inLanguage\":\"de-DE\"},{\"@type\":\"Organization\",\"@id\":\"https:\/\/www.iplay.com\/en\/#organization\",\"name\":\"IPlay\",\"url\":\"https:\/\/www.iplay.com\/en\/\",\"logo\":{\"@type\":\"ImageObject\",\"inLanguage\":\"de-DE\",\"@id\":\"https:\/\/www.iplay.com\/en\/#\/schema\/logo\/image\/\",\"url\":\"https:\/\/www.iplay.com\/wp-content\/uploads\/2023\/11\/Group-6100.svg\",\"contentUrl\":\"https:\/\/www.iplay.com\/wp-content\/uploads\/2023\/11\/Group-6100.svg\",\"width\":98,\"height\":25,\"caption\":\"IPlay\"},\"image\":{\"@id\":\"https:\/\/www.iplay.com\/en\/#\/schema\/logo\/image\/\"}}]}<\/script>\n<!-- \/ Yoast SEO Premium plugin. -->","yoast_head_json":{"title":"New Yankee 14: Durch den Geschichtsspiegel Sammleredition","description":"Hilf John und Mary, ihrer Zeitschleife zu entkommen \u2013 New Yankee 14: Through the History Mirror Sammleredition","robots":{"index":"index","follow":"follow","max-snippet":"max-snippet:-1","max-image-preview":"max-image-preview:large","max-video-preview":"max-video-preview:-1"},"canonical":"https:\/\/www.iplay.com\/de\/games\/new-yankee-14-through-the-history-mirror-collectors-edition\/","og_locale":"de_DE","og_type":"article","og_title":"New Yankee 14: Through the History Mirror Collector's Edition","og_description":"Hilf John und Mary, ihrer Zeitschleife zu entkommen \u2013 New Yankee 14: Through the History Mirror Sammleredition","og_url":"https:\/\/www.iplay.com\/de\/games\/new-yankee-14-through-the-history-mirror-collectors-edition\/","og_site_name":"IPlay","article_modified_time":"2025-05-13T22:07:07+00:00","og_image":[{"width":715,"height":485,"url":"https:\/\/www.iplay.com\/wp-content\/uploads\/2024\/06\/New-Yankee-Through-the-History-Mirror-CE_large_square_tile_image.webp","type":"image\/webp"}],"twitter_card":"summary_large_image","twitter_misc":{"Gesch\u00e4tzte Lesezeit":"1 Minute"},"schema":{"@context":"https:\/\/schema.org","@graph":[{"@type":"WebPage","@id":"https:\/\/www.iplay.com\/de\/games\/new-yankee-14-through-the-history-mirror-collectors-edition\/","url":"https:\/\/www.iplay.com\/de\/games\/new-yankee-14-through-the-history-mirror-collectors-edition\/","name":"New Yankee 14: Durch den Geschichtsspiegel Sammleredition","isPartOf":{"@id":"https:\/\/www.iplay.com\/en\/#website"},"primaryImageOfPage":{"@id":"https:\/\/www.iplay.com\/de\/games\/new-yankee-14-through-the-history-mirror-collectors-edition\/#primaryimage"},"image":{"@id":"https:\/\/www.iplay.com\/de\/games\/new-yankee-14-through-the-history-mirror-collectors-edition\/#primaryimage"},"thumbnailUrl":"https:\/\/www.iplay.com\/wp-content\/uploads\/2024\/06\/New-Yankee-Through-the-History-Mirror-CE_large_square_tile_image.webp","datePublished":"2024-06-28T08:00:50+00:00","dateModified":"2025-05-13T22:07:07+00:00","description":"Hilf John und Mary, ihrer Zeitschleife zu entkommen \u2013 New Yankee 14: Through the History Mirror Sammleredition","breadcrumb":{"@id":"https:\/\/www.iplay.com\/de\/games\/new-yankee-14-through-the-history-mirror-collectors-edition\/#breadcrumb"},"inLanguage":"de-DE","potentialAction":[{"@type":"ReadAction","target":["https:\/\/www.iplay.com\/de\/games\/new-yankee-14-through-the-history-mirror-collectors-edition\/"]}]},{"@type":"ImageObject","inLanguage":"de-DE","@id":"https:\/\/www.iplay.com\/de\/games\/new-yankee-14-through-the-history-mirror-collectors-edition\/#primaryimage","url":"https:\/\/www.iplay.com\/wp-content\/uploads\/2024\/06\/New-Yankee-Through-the-History-Mirror-CE_large_square_tile_image.webp","contentUrl":"https:\/\/www.iplay.com\/wp-content\/uploads\/2024\/06\/New-Yankee-Through-the-History-Mirror-CE_large_square_tile_image.webp","width":715,"height":485},{"@type":"BreadcrumbList","@id":"https:\/\/www.iplay.com\/de\/games\/new-yankee-14-through-the-history-mirror-collectors-edition\/#breadcrumb","itemListElement":[{"@type":"ListItem","position":1,"name":"Home","item":"https:\/\/www.iplay.com\/de\/home-page-2\/"},{"@type":"ListItem","position":2,"name":"Shop","item":"https:\/\/www.iplay.com\/en\/shop\/"},{"@type":"ListItem","position":3,"name":"New Yankee 14: Through the History Mirror Collector&#8217;s Edition"}]},{"@type":"WebSite","@id":"https:\/\/www.iplay.com\/en\/#website","url":"https:\/\/www.iplay.com\/en\/","name":"IPlay","description":"The Best Casual Games!","publisher":{"@id":"https:\/\/www.iplay.com\/en\/#organization"},"potentialAction":[{"@type":"SearchAction","target":{"@type":"EntryPoint","urlTemplate":"https:\/\/www.iplay.com\/en\/?s={search_term_string}"},"query-input":{"@type":"PropertyValueSpecification","valueRequired":true,"valueName":"search_term_string"}}],"inLanguage":"de-DE"},{"@type":"Organization","@id":"https:\/\/www.iplay.com\/en\/#organization","name":"IPlay","url":"https:\/\/www.iplay.com\/en\/","logo":{"@type":"ImageObject","inLanguage":"de-DE","@id":"https:\/\/www.iplay.com\/en\/#\/schema\/logo\/image\/","url":"https:\/\/www.iplay.com\/wp-content\/uploads\/2023\/11\/Group-6100.svg","contentUrl":"https:\/\/www.iplay.com\/wp-content\/uploads\/2023\/11\/Group-6100.svg","width":98,"height":25,"caption":"IPlay"},"image":{"@id":"https:\/\/www.iplay.com\/en\/#\/schema\/logo\/image\/"}}]}},"_links":{"self":[{"href":"https:\/\/www.iplay.com\/de\/wp-json\/wp\/v2\/product\/132630","targetHints":{"allow":["GET"]}}],"collection":[{"href":"https:\/\/www.iplay.com\/de\/wp-json\/wp\/v2\/product"}],"about":[{"href":"https:\/\/www.iplay.com\/de\/wp-json\/wp\/v2\/types\/product"}],"author":[{"embeddable":true,"href":"https:\/\/www.iplay.com\/de\/wp-json\/wp\/v2\/users\/8"}],"replies":[{"embeddable":true,"href":"https:\/\/www.iplay.com\/de\/wp-json\/wp\/v2\/comments?post=132630"}],"wp:featuredmedia":[{"embeddable":true,"href":"https:\/\/www.iplay.com\/de\/wp-json\/wp\/v2\/media\/112235"}],"wp:attachment":[{"href":"https:\/\/www.iplay.com\/de\/wp-json\/wp\/v2\/media?parent=132630"}],"wp:term":[{"taxonomy":"product_brand","embeddable":true,"href":"https:\/\/www.iplay.com\/de\/wp-json\/wp\/v2\/product_brand?post=132630"},{"taxonomy":"product_cat","embeddable":true,"href":"https:\/\/www.iplay.com\/de\/wp-json\/wp\/v2\/product_cat?post=132630"},{"taxonomy":"product_tag","embeddable":true,"href":"https:\/\/www.iplay.com\/de\/wp-json\/wp\/v2\/product_tag?post=132630"}],"curies":[{"name":"wp","href":"https:\/\/api.w.org\/{rel}","templated":true}]}}