{"id":132604,"date":"2024-07-01T22:06:24","date_gmt":"2024-07-01T22:06:24","guid":{"rendered":"https:\/\/www.iplay.com\/games\/become-a-dentist\/"},"modified":"2024-07-01T22:06:24","modified_gmt":"2024-07-01T22:06:24","slug":"become-a-dentist","status":"publish","type":"product","link":"https:\/\/www.iplay.com\/de\/games\/become-a-dentist\/","title":{"rendered":"Become a Dentist"},"content":{"rendered":"<p>F\u00fcr diejenigen, die sich jemals vor einem Zahnarztbesuch gef\u00fcrchtet haben, bietet Become a Dentist die M\u00f6glichkeit, auf die andere Seite des Stuhls zu steigen.<\/p>\n<p>Dieses Geschicklichkeitsspiel verwandelt den Spieler in einen erfahrenen Zahnarzt, der mit allen notwendigen Instrumenten ausgestattet ist, um eine Vielzahl von Patienten zu behandeln.<\/p>\n<p>Einige Patienten k\u00f6nnen mit ihren unerwarteten Problemen \u00fcberraschen.<\/p>\n<p>Von der Heilung und Reinigung bis hin zum Ziehen von Z\u00e4hnen bietet das Spiel eine realistische Simulation einer Zahnarztpraxis, komplett mit den Werkzeugen und Zubeh\u00f6rteilen, die typischerweise mit der Zahnpflege verbunden sind.<\/p>\n<p>Dieses Spiel bietet eine neue Perspektive auf die Zahnmedizin und erm\u00f6glicht es den Spielern, die Rolle des Zahnarztes zu erleben und den Prozess zu genie\u00dfen.<\/p>\n","protected":false},"excerpt":{"rendered":"<p>F\u00fcr diejenigen, die sich jemals vor einem Zahnarztbesuch gef\u00fcrchtet haben, bietet Become a Dentist die M\u00f6glichkeit, auf die andere Seite des Stuhls zu steigen.<\/p>\n","protected":false},"author":333,"featured_media":0,"comment_status":"open","ping_status":"closed","template":"","meta":{"_acf_changed":false,"inline_featured_image":false},"product_brand":[],"product_cat":[180,218],"product_tag":[284,299,289],"class_list":{"0":"post-132604","1":"product","2":"type-product","3":"status-publish","5":"product_cat-mobile-games-de","6":"product_cat-strategy-de","7":"product_tag-play-on-mac-de","8":"product_tag-play-on-mobile-de","9":"product_tag-play-on-pc-de","11":"first","12":"instock","13":"shipping-taxable","14":"purchasable","15":"product-type-html5_game"},"acf":[],"yoast_head":"<!-- This site is optimized with the Yoast SEO Premium plugin v25.2 (Yoast SEO v25.2) - https:\/\/yoast.com\/wordpress\/plugins\/seo\/ -->\n<title>Werden Sie Zahnarzt - Spielen Sie auf IPlay<\/title>\n<meta name=\"description\" content=\"F\u00fcr diejenigen, die sich jemals vor einem Zahnarztbesuch gef\u00fcrchtet haben, bietet Become a Dentist die M\u00f6glichkeit, auf die andere Seite des Stuhls zu steigen.\" \/>\n<meta name=\"robots\" content=\"index, follow, max-snippet:-1, max-image-preview:large, max-video-preview:-1\" \/>\n<link rel=\"canonical\" href=\"https:\/\/www.iplay.com\/de\/games\/become-a-dentist\/\" \/>\n<meta property=\"og:locale\" content=\"de_DE\" \/>\n<meta property=\"og:type\" content=\"article\" \/>\n<meta property=\"og:title\" content=\"Become a Dentist\" \/>\n<meta property=\"og:description\" content=\"F\u00fcr diejenigen, die sich jemals vor einem Zahnarztbesuch gef\u00fcrchtet haben, bietet Become a Dentist die M\u00f6glichkeit, auf die andere Seite des Stuhls zu steigen.\" \/>\n<meta property=\"og:url\" content=\"https:\/\/www.iplay.com\/de\/games\/become-a-dentist\/\" \/>\n<meta property=\"og:site_name\" content=\"IPlay\" \/>\n<meta name=\"twitter:card\" content=\"summary_large_image\" \/>\n<meta name=\"twitter:label1\" content=\"Gesch\u00e4tzte Lesezeit\" \/>\n\t<meta name=\"twitter:data1\" content=\"1 Minute\" \/>\n<script type=\"application\/ld+json\" class=\"yoast-schema-graph\">{\"@context\":\"https:\/\/schema.org\",\"@graph\":[{\"@type\":\"WebPage\",\"@id\":\"https:\/\/www.iplay.com\/de\/games\/become-a-dentist\/\",\"url\":\"https:\/\/www.iplay.com\/de\/games\/become-a-dentist\/\",\"name\":\"Werden Sie Zahnarzt - Spielen Sie auf IPlay\",\"isPartOf\":{\"@id\":\"https:\/\/www.iplay.com\/en\/#website\"},\"datePublished\":\"2024-07-01T22:06:24+00:00\",\"description\":\"F\u00fcr diejenigen, die sich jemals vor einem Zahnarztbesuch gef\u00fcrchtet haben, bietet Become a Dentist die M\u00f6glichkeit, auf die andere Seite des Stuhls zu steigen.\",\"breadcrumb\":{\"@id\":\"https:\/\/www.iplay.com\/de\/games\/become-a-dentist\/#breadcrumb\"},\"inLanguage\":\"de-DE\",\"potentialAction\":[{\"@type\":\"ReadAction\",\"target\":[\"https:\/\/www.iplay.com\/de\/games\/become-a-dentist\/\"]}]},{\"@type\":\"BreadcrumbList\",\"@id\":\"https:\/\/www.iplay.com\/de\/games\/become-a-dentist\/#breadcrumb\",\"itemListElement\":[{\"@type\":\"ListItem\",\"position\":1,\"name\":\"Home\",\"item\":\"https:\/\/www.iplay.com\/de\/home-page-2\/\"},{\"@type\":\"ListItem\",\"position\":2,\"name\":\"Shop\",\"item\":\"https:\/\/www.iplay.com\/en\/shop\/\"},{\"@type\":\"ListItem\",\"position\":3,\"name\":\"Become a Dentist\"}]},{\"@type\":\"WebSite\",\"@id\":\"https:\/\/www.iplay.com\/en\/#website\",\"url\":\"https:\/\/www.iplay.com\/en\/\",\"name\":\"IPlay\",\"description\":\"The Best Casual Games!\",\"publisher\":{\"@id\":\"https:\/\/www.iplay.com\/en\/#organization\"},\"potentialAction\":[{\"@type\":\"SearchAction\",\"target\":{\"@type\":\"EntryPoint\",\"urlTemplate\":\"https:\/\/www.iplay.com\/en\/?s={search_term_string}\"},\"query-input\":{\"@type\":\"PropertyValueSpecification\",\"valueRequired\":true,\"valueName\":\"search_term_string\"}}],\"inLanguage\":\"de-DE\"},{\"@type\":\"Organization\",\"@id\":\"https:\/\/www.iplay.com\/en\/#organization\",\"name\":\"IPlay\",\"url\":\"https:\/\/www.iplay.com\/en\/\",\"logo\":{\"@type\":\"ImageObject\",\"inLanguage\":\"de-DE\",\"@id\":\"https:\/\/www.iplay.com\/en\/#\/schema\/logo\/image\/\",\"url\":\"https:\/\/www.iplay.com\/wp-content\/uploads\/2023\/11\/Group-6100.svg\",\"contentUrl\":\"https:\/\/www.iplay.com\/wp-content\/uploads\/2023\/11\/Group-6100.svg\",\"width\":98,\"height\":25,\"caption\":\"IPlay\"},\"image\":{\"@id\":\"https:\/\/www.iplay.com\/en\/#\/schema\/logo\/image\/\"}}]}<\/script>\n<!-- \/ Yoast SEO Premium plugin. -->","yoast_head_json":{"title":"Werden Sie Zahnarzt - Spielen Sie auf IPlay","description":"F\u00fcr diejenigen, die sich jemals vor einem Zahnarztbesuch gef\u00fcrchtet haben, bietet Become a Dentist die M\u00f6glichkeit, auf die andere Seite des Stuhls zu steigen.","robots":{"index":"index","follow":"follow","max-snippet":"max-snippet:-1","max-image-preview":"max-image-preview:large","max-video-preview":"max-video-preview:-1"},"canonical":"https:\/\/www.iplay.com\/de\/games\/become-a-dentist\/","og_locale":"de_DE","og_type":"article","og_title":"Become a Dentist","og_description":"F\u00fcr diejenigen, die sich jemals vor einem Zahnarztbesuch gef\u00fcrchtet haben, bietet Become a Dentist die M\u00f6glichkeit, auf die andere Seite des Stuhls zu steigen.","og_url":"https:\/\/www.iplay.com\/de\/games\/become-a-dentist\/","og_site_name":"IPlay","twitter_card":"summary_large_image","twitter_misc":{"Gesch\u00e4tzte Lesezeit":"1 Minute"},"schema":{"@context":"https:\/\/schema.org","@graph":[{"@type":"WebPage","@id":"https:\/\/www.iplay.com\/de\/games\/become-a-dentist\/","url":"https:\/\/www.iplay.com\/de\/games\/become-a-dentist\/","name":"Werden Sie Zahnarzt - Spielen Sie auf IPlay","isPartOf":{"@id":"https:\/\/www.iplay.com\/en\/#website"},"datePublished":"2024-07-01T22:06:24+00:00","description":"F\u00fcr diejenigen, die sich jemals vor einem Zahnarztbesuch gef\u00fcrchtet haben, bietet Become a Dentist die M\u00f6glichkeit, auf die andere Seite des Stuhls zu steigen.","breadcrumb":{"@id":"https:\/\/www.iplay.com\/de\/games\/become-a-dentist\/#breadcrumb"},"inLanguage":"de-DE","potentialAction":[{"@type":"ReadAction","target":["https:\/\/www.iplay.com\/de\/games\/become-a-dentist\/"]}]},{"@type":"BreadcrumbList","@id":"https:\/\/www.iplay.com\/de\/games\/become-a-dentist\/#breadcrumb","itemListElement":[{"@type":"ListItem","position":1,"name":"Home","item":"https:\/\/www.iplay.com\/de\/home-page-2\/"},{"@type":"ListItem","position":2,"name":"Shop","item":"https:\/\/www.iplay.com\/en\/shop\/"},{"@type":"ListItem","position":3,"name":"Become a Dentist"}]},{"@type":"WebSite","@id":"https:\/\/www.iplay.com\/en\/#website","url":"https:\/\/www.iplay.com\/en\/","name":"IPlay","description":"The Best Casual Games!","publisher":{"@id":"https:\/\/www.iplay.com\/en\/#organization"},"potentialAction":[{"@type":"SearchAction","target":{"@type":"EntryPoint","urlTemplate":"https:\/\/www.iplay.com\/en\/?s={search_term_string}"},"query-input":{"@type":"PropertyValueSpecification","valueRequired":true,"valueName":"search_term_string"}}],"inLanguage":"de-DE"},{"@type":"Organization","@id":"https:\/\/www.iplay.com\/en\/#organization","name":"IPlay","url":"https:\/\/www.iplay.com\/en\/","logo":{"@type":"ImageObject","inLanguage":"de-DE","@id":"https:\/\/www.iplay.com\/en\/#\/schema\/logo\/image\/","url":"https:\/\/www.iplay.com\/wp-content\/uploads\/2023\/11\/Group-6100.svg","contentUrl":"https:\/\/www.iplay.com\/wp-content\/uploads\/2023\/11\/Group-6100.svg","width":98,"height":25,"caption":"IPlay"},"image":{"@id":"https:\/\/www.iplay.com\/en\/#\/schema\/logo\/image\/"}}]}},"_links":{"self":[{"href":"https:\/\/www.iplay.com\/de\/wp-json\/wp\/v2\/product\/132604","targetHints":{"allow":["GET"]}}],"collection":[{"href":"https:\/\/www.iplay.com\/de\/wp-json\/wp\/v2\/product"}],"about":[{"href":"https:\/\/www.iplay.com\/de\/wp-json\/wp\/v2\/types\/product"}],"author":[{"embeddable":true,"href":"https:\/\/www.iplay.com\/de\/wp-json\/wp\/v2\/users\/333"}],"replies":[{"embeddable":true,"href":"https:\/\/www.iplay.com\/de\/wp-json\/wp\/v2\/comments?post=132604"}],"wp:attachment":[{"href":"https:\/\/www.iplay.com\/de\/wp-json\/wp\/v2\/media?parent=132604"}],"wp:term":[{"taxonomy":"product_brand","embeddable":true,"href":"https:\/\/www.iplay.com\/de\/wp-json\/wp\/v2\/product_brand?post=132604"},{"taxonomy":"product_cat","embeddable":true,"href":"https:\/\/www.iplay.com\/de\/wp-json\/wp\/v2\/product_cat?post=132604"},{"taxonomy":"product_tag","embeddable":true,"href":"https:\/\/www.iplay.com\/de\/wp-json\/wp\/v2\/product_tag?post=132604"}],"curies":[{"name":"wp","href":"https:\/\/api.w.org\/{rel}","templated":true}]}}