{"id":132473,"date":"2022-11-29T00:00:00","date_gmt":"2022-11-29T00:00:00","guid":{"rendered":"https:\/\/www.iplay.com\/games\/spooky-dwellers-collectors-edition\/"},"modified":"2022-11-29T00:00:00","modified_gmt":"2022-11-29T00:00:00","slug":"spooky-dwellers-collectors-edition","status":"publish","type":"product","link":"https:\/\/www.iplay.com\/de\/games\/spooky-dwellers-collectors-edition\/","title":{"rendered":"Spooky Dwellers Collector&#8217;s Edition"},"content":{"rendered":"<p>In jedem Winkel von Omas Haus lauern geisterhafte Bewohner, die \u00fcber ihre l\u00e4ngst vergessenen Sorgen murmeln. Zum Gl\u00fcck habe ich Omas leichte Talismane, einen kostbaren Familienschatz, den ich h\u00fcten muss. Die Talismane setzen ein heiliges Licht frei, das die verunsicherten Insassen vertreibt. Die Insassen verstecken sich geschickt hinter einer Vielzahl von Barrieren vor dem Licht. Wir m\u00fcssen K\u00fcrbisse zerschlagen, den Rasen m\u00e4hen, T\u00fcren \u00f6ffnen, die Talismane umleiten und schlie\u00dflich Licht lassen, um die unheimlichen Insassen zu vertreiben! Au\u00dferdem werden wir die Terrasse des Hauses f\u00fcr Halloween schm\u00fccken und dort unsere Errungenschaften feiern, w\u00e4hrend unser Abenteuer weitergeht! \u00dcbernehmen Sie die vollst\u00e4ndige Kontrolle \u00fcber die Beleuchtung des Talismans und vertreiben Sie seine geisterhaften Insassen!      <\/p>\n<p>&nbsp;<\/p>\n<p>&nbsp;<\/p>\n<p><strong>Funktionen:<\/strong><\/p>\n<p>&nbsp;<\/p>\n<p>&#8211; Neunzig Gewinnt-3-Levels.<br \/>\n&#8211; Minispiele mit versteckten Objekten.<br \/>\n&#8211; Minispiele mit R\u00e4tseln und Memory.<br \/>\n&#8211; Kombiniere 3 Herausforderungen, bei denen dein Gehirn weh tut.<br \/>\n&#8211; Erhalte mehr M\u00fcnzen, indem du Troph\u00e4en sammelst.<br \/>\n&#8211; Bereiten Sie die Terrasse f\u00fcr eine Halloween-Feier vor.<\/p>\n<p>&nbsp;<\/p>\n<p>&nbsp;<\/p>\n<p><strong>Funktionen der Collector&#8217;s Edition:<\/strong><\/p>\n<p>&nbsp;<\/p>\n<p>&#8211; 60 zus\u00e4tzliche 3-Gewinnt-Level. Bilder f\u00fcr Hintergrundbilder.<br \/>\n&#8211; Zus\u00e4tzliche Grafiken und Erz\u00e4hlungen.<br \/>\n&#8211; Zus\u00e4tzliche R\u00e4tsel und Wimmelbilder.<br \/>\n&#8211; Ein Minispiel namens &#8220;H\u00f6her&#8221; oder &#8220;Niedriger&#8221;.<br \/>\n&#8211; Ein Minispiel namens Coin Collector.<br \/>\n&#8211; Einzigartige Produkte sind nur bei The Terrace erh\u00e4ltlich.<br \/>\n&#8211; Zus\u00e4tzliche Einstellungen f\u00fcr Match-3-Phasen verf\u00fcgbar.<\/p>\n","protected":false},"excerpt":{"rendered":"<p>In Omas Haus leben unheimliche Menschen! Nutzen Sie den Charme, um die verunsicherten Insassen zu vertreiben! <\/p>\n","protected":false},"author":55,"featured_media":90069,"comment_status":"open","ping_status":"closed","template":"","meta":{"_acf_changed":false,"inline_featured_image":false},"product_brand":[],"product_cat":[194],"product_tag":[],"class_list":{"0":"post-132473","1":"product","2":"type-product","3":"status-publish","4":"has-post-thumbnail","6":"product_cat-puzzle-de","8":"first","9":"instock","10":"shipping-taxable","11":"purchasable","12":"product-type-simple"},"acf":[],"yoast_head":"<!-- This site is optimized with the Yoast SEO Premium plugin v25.2 (Yoast SEO v25.2) - https:\/\/yoast.com\/wordpress\/plugins\/seo\/ -->\n<title>Spooky Dwellers Collector&#039;s Edition - Gruselige Bewohner lauern in Omas Haus! Benutze den Talisman<\/title>\n<meta name=\"description\" content=\"In Omas Haus leben unheimliche Menschen! Nutzen Sie den Charme, um die verunsicherten Insassen zu vertreiben!\" \/>\n<meta name=\"robots\" content=\"index, follow, max-snippet:-1, max-image-preview:large, max-video-preview:-1\" \/>\n<link rel=\"canonical\" href=\"https:\/\/www.iplay.com\/de\/games\/spooky-dwellers-collectors-edition\/\" \/>\n<meta property=\"og:locale\" content=\"de_DE\" \/>\n<meta property=\"og:type\" content=\"article\" \/>\n<meta property=\"og:title\" content=\"Spooky Dwellers Collector&#039;s Edition\" \/>\n<meta property=\"og:description\" content=\"In Omas Haus leben unheimliche Menschen! Nutzen Sie den Charme, um die verunsicherten Insassen zu vertreiben!\" \/>\n<meta property=\"og:url\" content=\"https:\/\/www.iplay.com\/de\/games\/spooky-dwellers-collectors-edition\/\" \/>\n<meta property=\"og:site_name\" content=\"IPlay\" \/>\n<meta property=\"og:image\" content=\"https:\/\/www.iplay.com\/wp-content\/uploads\/2023\/12\/large_square_tile_image-3142.jpg\" \/>\n\t<meta property=\"og:image:width\" content=\"310\" \/>\n\t<meta property=\"og:image:height\" content=\"310\" \/>\n\t<meta property=\"og:image:type\" content=\"image\/jpeg\" \/>\n<meta name=\"twitter:card\" content=\"summary_large_image\" \/>\n<meta name=\"twitter:label1\" content=\"Gesch\u00e4tzte Lesezeit\" \/>\n\t<meta name=\"twitter:data1\" content=\"1 Minute\" \/>\n<script type=\"application\/ld+json\" class=\"yoast-schema-graph\">{\"@context\":\"https:\/\/schema.org\",\"@graph\":[{\"@type\":\"WebPage\",\"@id\":\"https:\/\/www.iplay.com\/de\/games\/spooky-dwellers-collectors-edition\/\",\"url\":\"https:\/\/www.iplay.com\/de\/games\/spooky-dwellers-collectors-edition\/\",\"name\":\"Spooky Dwellers Collector's Edition - Gruselige Bewohner lauern in Omas Haus! Benutze den Talisman\",\"isPartOf\":{\"@id\":\"https:\/\/www.iplay.com\/en\/#website\"},\"primaryImageOfPage\":{\"@id\":\"https:\/\/www.iplay.com\/de\/games\/spooky-dwellers-collectors-edition\/#primaryimage\"},\"image\":{\"@id\":\"https:\/\/www.iplay.com\/de\/games\/spooky-dwellers-collectors-edition\/#primaryimage\"},\"thumbnailUrl\":\"https:\/\/www.iplay.com\/wp-content\/uploads\/2023\/12\/large_square_tile_image-3142.jpg\",\"datePublished\":\"2022-11-29T00:00:00+00:00\",\"description\":\"In Omas Haus leben unheimliche Menschen! Nutzen Sie den Charme, um die verunsicherten Insassen zu vertreiben!\",\"breadcrumb\":{\"@id\":\"https:\/\/www.iplay.com\/de\/games\/spooky-dwellers-collectors-edition\/#breadcrumb\"},\"inLanguage\":\"de-DE\",\"potentialAction\":[{\"@type\":\"ReadAction\",\"target\":[\"https:\/\/www.iplay.com\/de\/games\/spooky-dwellers-collectors-edition\/\"]}]},{\"@type\":\"ImageObject\",\"inLanguage\":\"de-DE\",\"@id\":\"https:\/\/www.iplay.com\/de\/games\/spooky-dwellers-collectors-edition\/#primaryimage\",\"url\":\"https:\/\/www.iplay.com\/wp-content\/uploads\/2023\/12\/large_square_tile_image-3142.jpg\",\"contentUrl\":\"https:\/\/www.iplay.com\/wp-content\/uploads\/2023\/12\/large_square_tile_image-3142.jpg\",\"width\":310,\"height\":310},{\"@type\":\"BreadcrumbList\",\"@id\":\"https:\/\/www.iplay.com\/de\/games\/spooky-dwellers-collectors-edition\/#breadcrumb\",\"itemListElement\":[{\"@type\":\"ListItem\",\"position\":1,\"name\":\"Home\",\"item\":\"https:\/\/www.iplay.com\/de\/home-page-2\/\"},{\"@type\":\"ListItem\",\"position\":2,\"name\":\"Shop\",\"item\":\"https:\/\/www.iplay.com\/en\/shop\/\"},{\"@type\":\"ListItem\",\"position\":3,\"name\":\"Spooky Dwellers Collector&#8217;s Edition\"}]},{\"@type\":\"WebSite\",\"@id\":\"https:\/\/www.iplay.com\/en\/#website\",\"url\":\"https:\/\/www.iplay.com\/en\/\",\"name\":\"IPlay\",\"description\":\"The Best Casual Games!\",\"publisher\":{\"@id\":\"https:\/\/www.iplay.com\/en\/#organization\"},\"potentialAction\":[{\"@type\":\"SearchAction\",\"target\":{\"@type\":\"EntryPoint\",\"urlTemplate\":\"https:\/\/www.iplay.com\/en\/?s={search_term_string}\"},\"query-input\":{\"@type\":\"PropertyValueSpecification\",\"valueRequired\":true,\"valueName\":\"search_term_string\"}}],\"inLanguage\":\"de-DE\"},{\"@type\":\"Organization\",\"@id\":\"https:\/\/www.iplay.com\/en\/#organization\",\"name\":\"IPlay\",\"url\":\"https:\/\/www.iplay.com\/en\/\",\"logo\":{\"@type\":\"ImageObject\",\"inLanguage\":\"de-DE\",\"@id\":\"https:\/\/www.iplay.com\/en\/#\/schema\/logo\/image\/\",\"url\":\"https:\/\/www.iplay.com\/wp-content\/uploads\/2023\/11\/Group-6100.svg\",\"contentUrl\":\"https:\/\/www.iplay.com\/wp-content\/uploads\/2023\/11\/Group-6100.svg\",\"width\":98,\"height\":25,\"caption\":\"IPlay\"},\"image\":{\"@id\":\"https:\/\/www.iplay.com\/en\/#\/schema\/logo\/image\/\"}}]}<\/script>\n<!-- \/ Yoast SEO Premium plugin. -->","yoast_head_json":{"title":"Spooky Dwellers Collector's Edition - Gruselige Bewohner lauern in Omas Haus! Benutze den Talisman","description":"In Omas Haus leben unheimliche Menschen! Nutzen Sie den Charme, um die verunsicherten Insassen zu vertreiben!","robots":{"index":"index","follow":"follow","max-snippet":"max-snippet:-1","max-image-preview":"max-image-preview:large","max-video-preview":"max-video-preview:-1"},"canonical":"https:\/\/www.iplay.com\/de\/games\/spooky-dwellers-collectors-edition\/","og_locale":"de_DE","og_type":"article","og_title":"Spooky Dwellers Collector's Edition","og_description":"In Omas Haus leben unheimliche Menschen! Nutzen Sie den Charme, um die verunsicherten Insassen zu vertreiben!","og_url":"https:\/\/www.iplay.com\/de\/games\/spooky-dwellers-collectors-edition\/","og_site_name":"IPlay","og_image":[{"width":310,"height":310,"url":"https:\/\/www.iplay.com\/wp-content\/uploads\/2023\/12\/large_square_tile_image-3142.jpg","type":"image\/jpeg"}],"twitter_card":"summary_large_image","twitter_misc":{"Gesch\u00e4tzte Lesezeit":"1 Minute"},"schema":{"@context":"https:\/\/schema.org","@graph":[{"@type":"WebPage","@id":"https:\/\/www.iplay.com\/de\/games\/spooky-dwellers-collectors-edition\/","url":"https:\/\/www.iplay.com\/de\/games\/spooky-dwellers-collectors-edition\/","name":"Spooky Dwellers Collector's Edition - Gruselige Bewohner lauern in Omas Haus! Benutze den Talisman","isPartOf":{"@id":"https:\/\/www.iplay.com\/en\/#website"},"primaryImageOfPage":{"@id":"https:\/\/www.iplay.com\/de\/games\/spooky-dwellers-collectors-edition\/#primaryimage"},"image":{"@id":"https:\/\/www.iplay.com\/de\/games\/spooky-dwellers-collectors-edition\/#primaryimage"},"thumbnailUrl":"https:\/\/www.iplay.com\/wp-content\/uploads\/2023\/12\/large_square_tile_image-3142.jpg","datePublished":"2022-11-29T00:00:00+00:00","description":"In Omas Haus leben unheimliche Menschen! Nutzen Sie den Charme, um die verunsicherten Insassen zu vertreiben!","breadcrumb":{"@id":"https:\/\/www.iplay.com\/de\/games\/spooky-dwellers-collectors-edition\/#breadcrumb"},"inLanguage":"de-DE","potentialAction":[{"@type":"ReadAction","target":["https:\/\/www.iplay.com\/de\/games\/spooky-dwellers-collectors-edition\/"]}]},{"@type":"ImageObject","inLanguage":"de-DE","@id":"https:\/\/www.iplay.com\/de\/games\/spooky-dwellers-collectors-edition\/#primaryimage","url":"https:\/\/www.iplay.com\/wp-content\/uploads\/2023\/12\/large_square_tile_image-3142.jpg","contentUrl":"https:\/\/www.iplay.com\/wp-content\/uploads\/2023\/12\/large_square_tile_image-3142.jpg","width":310,"height":310},{"@type":"BreadcrumbList","@id":"https:\/\/www.iplay.com\/de\/games\/spooky-dwellers-collectors-edition\/#breadcrumb","itemListElement":[{"@type":"ListItem","position":1,"name":"Home","item":"https:\/\/www.iplay.com\/de\/home-page-2\/"},{"@type":"ListItem","position":2,"name":"Shop","item":"https:\/\/www.iplay.com\/en\/shop\/"},{"@type":"ListItem","position":3,"name":"Spooky Dwellers Collector&#8217;s Edition"}]},{"@type":"WebSite","@id":"https:\/\/www.iplay.com\/en\/#website","url":"https:\/\/www.iplay.com\/en\/","name":"IPlay","description":"The Best Casual Games!","publisher":{"@id":"https:\/\/www.iplay.com\/en\/#organization"},"potentialAction":[{"@type":"SearchAction","target":{"@type":"EntryPoint","urlTemplate":"https:\/\/www.iplay.com\/en\/?s={search_term_string}"},"query-input":{"@type":"PropertyValueSpecification","valueRequired":true,"valueName":"search_term_string"}}],"inLanguage":"de-DE"},{"@type":"Organization","@id":"https:\/\/www.iplay.com\/en\/#organization","name":"IPlay","url":"https:\/\/www.iplay.com\/en\/","logo":{"@type":"ImageObject","inLanguage":"de-DE","@id":"https:\/\/www.iplay.com\/en\/#\/schema\/logo\/image\/","url":"https:\/\/www.iplay.com\/wp-content\/uploads\/2023\/11\/Group-6100.svg","contentUrl":"https:\/\/www.iplay.com\/wp-content\/uploads\/2023\/11\/Group-6100.svg","width":98,"height":25,"caption":"IPlay"},"image":{"@id":"https:\/\/www.iplay.com\/en\/#\/schema\/logo\/image\/"}}]}},"_links":{"self":[{"href":"https:\/\/www.iplay.com\/de\/wp-json\/wp\/v2\/product\/132473","targetHints":{"allow":["GET"]}}],"collection":[{"href":"https:\/\/www.iplay.com\/de\/wp-json\/wp\/v2\/product"}],"about":[{"href":"https:\/\/www.iplay.com\/de\/wp-json\/wp\/v2\/types\/product"}],"author":[{"embeddable":true,"href":"https:\/\/www.iplay.com\/de\/wp-json\/wp\/v2\/users\/55"}],"replies":[{"embeddable":true,"href":"https:\/\/www.iplay.com\/de\/wp-json\/wp\/v2\/comments?post=132473"}],"wp:featuredmedia":[{"embeddable":true,"href":"https:\/\/www.iplay.com\/de\/wp-json\/wp\/v2\/media\/90069"}],"wp:attachment":[{"href":"https:\/\/www.iplay.com\/de\/wp-json\/wp\/v2\/media?parent=132473"}],"wp:term":[{"taxonomy":"product_brand","embeddable":true,"href":"https:\/\/www.iplay.com\/de\/wp-json\/wp\/v2\/product_brand?post=132473"},{"taxonomy":"product_cat","embeddable":true,"href":"https:\/\/www.iplay.com\/de\/wp-json\/wp\/v2\/product_cat?post=132473"},{"taxonomy":"product_tag","embeddable":true,"href":"https:\/\/www.iplay.com\/de\/wp-json\/wp\/v2\/product_tag?post=132473"}],"curies":[{"name":"wp","href":"https:\/\/api.w.org\/{rel}","templated":true}]}}