{"id":132300,"date":"2023-01-25T00:00:00","date_gmt":"2023-01-25T00:00:00","guid":{"rendered":"https:\/\/www.iplay.com\/games\/apple-pop\/"},"modified":"2023-01-25T00:00:00","modified_gmt":"2023-01-25T00:00:00","slug":"apple-pop","status":"publish","type":"product","link":"https:\/\/www.iplay.com\/de\/games\/apple-pop\/","title":{"rendered":"Apple Pop"},"content":{"rendered":"<p>Apple Pop ist ein Puzzle Popper mit Powerups, der sowohl entspannend als auch befriedigend ist. Apple Pop, inspiriert von den Peggle-Spielen, gibt eine neue Perspektive auf das Genre. Die Kombination von zwei fantastischen Spielkonzepten von Peggle und Brickbreaker f\u00fchrt zu einem wirklich atemberaubenden und einzigartigen Erlebnis, das sogar Gro\u00dfm\u00fctter zu sch\u00e4tzen wissen werden. Das Physiksystem des Spiels wurde angepasst, um sicherzustellen, dass alles so l\u00e4uft, wie es sollte, w\u00e4hrend du diese verheerenden Kombo-Brecher sammelst.   <\/p>\n<p>&nbsp;<\/p>\n<p>&nbsp;<\/p>\n<p><strong>Funktionen:<\/strong><\/p>\n<p>&nbsp;<\/p>\n<p>&#8211; 45 Levels f\u00fcr diejenigen, die eine Herausforderung lieben, jedes mit einer bestandenen Note und einer Platin-Pass-Bewertung! Wenn du dir ein Power-Up schnappst, ver\u00e4ndert es deinen n\u00e4chsten Schuss dramatisch und bietet dir einen Wiederspielwert und einen kleinen Vorteil in jedem Level. <\/p>\n<p>&#8211; Zahlreiche Powerups im Spiel k\u00f6nnen den Ausgang jedes Levels ver\u00e4ndern.<\/p>\n<p>&#8211; Apple Pop strebt danach, ein sch\u00f6nes, wunderbar friedliches und gelegentlich schwieriges Spiel zu sein, das jeder spielen kann, um sich die Zeit zu vertreiben oder Stress abzubauen.<\/p>\n<p>&#8211; Unglaubliches Puzzle Popper-Gameplay!<\/p>\n<p>&#8211; 45 schwierige R\u00e4tsel!<\/p>\n","protected":false},"excerpt":{"rendered":"<p>Apple Pop ist ein immens beruhigender und erf\u00fcllender Puzzle Popper inklusive Powerups.<\/p>\n","protected":false},"author":61,"featured_media":103331,"comment_status":"open","ping_status":"closed","template":"","meta":{"_acf_changed":false,"inline_featured_image":false},"product_brand":[],"product_cat":[194],"product_tag":[],"class_list":{"0":"post-132300","1":"product","2":"type-product","3":"status-publish","4":"has-post-thumbnail","6":"product_cat-puzzle-de","8":"first","9":"instock","10":"shipping-taxable","11":"purchasable","12":"product-type-simple"},"acf":[],"yoast_head":"<!-- This site is optimized with the Yoast SEO Premium plugin v25.2 (Yoast SEO v25.2) - https:\/\/yoast.com\/wordpress\/plugins\/seo\/ -->\n<title>Apple Pop - Apple Pop bietet beruhigende und befriedigende Puzzle-Pop-Action<\/title>\n<meta name=\"description\" content=\"Apple Pop ist ein immens beruhigender und erf\u00fcllender Puzzle Popper inklusive Powerups.\" \/>\n<meta name=\"robots\" content=\"index, follow, max-snippet:-1, max-image-preview:large, max-video-preview:-1\" \/>\n<link rel=\"canonical\" href=\"https:\/\/www.iplay.com\/de\/games\/apple-pop\/\" \/>\n<meta property=\"og:locale\" content=\"de_DE\" \/>\n<meta property=\"og:type\" content=\"article\" \/>\n<meta property=\"og:title\" content=\"Apple Pop\" \/>\n<meta property=\"og:description\" content=\"Apple Pop ist ein immens beruhigender und erf\u00fcllender Puzzle Popper inklusive Powerups.\" \/>\n<meta property=\"og:url\" content=\"https:\/\/www.iplay.com\/de\/games\/apple-pop\/\" \/>\n<meta property=\"og:site_name\" content=\"IPlay\" \/>\n<meta property=\"og:image\" content=\"https:\/\/www.iplay.com\/wp-content\/uploads\/2023\/12\/large_square_tile_image-3972.jpg\" \/>\n\t<meta property=\"og:image:width\" content=\"310\" \/>\n\t<meta property=\"og:image:height\" content=\"310\" \/>\n\t<meta property=\"og:image:type\" content=\"image\/jpeg\" \/>\n<meta name=\"twitter:card\" content=\"summary_large_image\" \/>\n<meta name=\"twitter:label1\" content=\"Gesch\u00e4tzte Lesezeit\" \/>\n\t<meta name=\"twitter:data1\" content=\"1 Minute\" \/>\n<script type=\"application\/ld+json\" class=\"yoast-schema-graph\">{\"@context\":\"https:\/\/schema.org\",\"@graph\":[{\"@type\":\"WebPage\",\"@id\":\"https:\/\/www.iplay.com\/de\/games\/apple-pop\/\",\"url\":\"https:\/\/www.iplay.com\/de\/games\/apple-pop\/\",\"name\":\"Apple Pop - Apple Pop bietet beruhigende und befriedigende Puzzle-Pop-Action\",\"isPartOf\":{\"@id\":\"https:\/\/www.iplay.com\/en\/#website\"},\"primaryImageOfPage\":{\"@id\":\"https:\/\/www.iplay.com\/de\/games\/apple-pop\/#primaryimage\"},\"image\":{\"@id\":\"https:\/\/www.iplay.com\/de\/games\/apple-pop\/#primaryimage\"},\"thumbnailUrl\":\"https:\/\/www.iplay.com\/wp-content\/uploads\/2023\/12\/large_square_tile_image-3972.jpg\",\"datePublished\":\"2023-01-25T00:00:00+00:00\",\"description\":\"Apple Pop ist ein immens beruhigender und erf\u00fcllender Puzzle Popper inklusive Powerups.\",\"breadcrumb\":{\"@id\":\"https:\/\/www.iplay.com\/de\/games\/apple-pop\/#breadcrumb\"},\"inLanguage\":\"de-DE\",\"potentialAction\":[{\"@type\":\"ReadAction\",\"target\":[\"https:\/\/www.iplay.com\/de\/games\/apple-pop\/\"]}]},{\"@type\":\"ImageObject\",\"inLanguage\":\"de-DE\",\"@id\":\"https:\/\/www.iplay.com\/de\/games\/apple-pop\/#primaryimage\",\"url\":\"https:\/\/www.iplay.com\/wp-content\/uploads\/2023\/12\/large_square_tile_image-3972.jpg\",\"contentUrl\":\"https:\/\/www.iplay.com\/wp-content\/uploads\/2023\/12\/large_square_tile_image-3972.jpg\",\"width\":310,\"height\":310},{\"@type\":\"BreadcrumbList\",\"@id\":\"https:\/\/www.iplay.com\/de\/games\/apple-pop\/#breadcrumb\",\"itemListElement\":[{\"@type\":\"ListItem\",\"position\":1,\"name\":\"Home\",\"item\":\"https:\/\/www.iplay.com\/de\/home-page-2\/\"},{\"@type\":\"ListItem\",\"position\":2,\"name\":\"Shop\",\"item\":\"https:\/\/www.iplay.com\/en\/shop\/\"},{\"@type\":\"ListItem\",\"position\":3,\"name\":\"Apple Pop\"}]},{\"@type\":\"WebSite\",\"@id\":\"https:\/\/www.iplay.com\/en\/#website\",\"url\":\"https:\/\/www.iplay.com\/en\/\",\"name\":\"IPlay\",\"description\":\"The Best Casual Games!\",\"publisher\":{\"@id\":\"https:\/\/www.iplay.com\/en\/#organization\"},\"potentialAction\":[{\"@type\":\"SearchAction\",\"target\":{\"@type\":\"EntryPoint\",\"urlTemplate\":\"https:\/\/www.iplay.com\/en\/?s={search_term_string}\"},\"query-input\":{\"@type\":\"PropertyValueSpecification\",\"valueRequired\":true,\"valueName\":\"search_term_string\"}}],\"inLanguage\":\"de-DE\"},{\"@type\":\"Organization\",\"@id\":\"https:\/\/www.iplay.com\/en\/#organization\",\"name\":\"IPlay\",\"url\":\"https:\/\/www.iplay.com\/en\/\",\"logo\":{\"@type\":\"ImageObject\",\"inLanguage\":\"de-DE\",\"@id\":\"https:\/\/www.iplay.com\/en\/#\/schema\/logo\/image\/\",\"url\":\"https:\/\/www.iplay.com\/wp-content\/uploads\/2023\/11\/Group-6100.svg\",\"contentUrl\":\"https:\/\/www.iplay.com\/wp-content\/uploads\/2023\/11\/Group-6100.svg\",\"width\":98,\"height\":25,\"caption\":\"IPlay\"},\"image\":{\"@id\":\"https:\/\/www.iplay.com\/en\/#\/schema\/logo\/image\/\"}}]}<\/script>\n<!-- \/ Yoast SEO Premium plugin. -->","yoast_head_json":{"title":"Apple Pop - Apple Pop bietet beruhigende und befriedigende Puzzle-Pop-Action","description":"Apple Pop ist ein immens beruhigender und erf\u00fcllender Puzzle Popper inklusive Powerups.","robots":{"index":"index","follow":"follow","max-snippet":"max-snippet:-1","max-image-preview":"max-image-preview:large","max-video-preview":"max-video-preview:-1"},"canonical":"https:\/\/www.iplay.com\/de\/games\/apple-pop\/","og_locale":"de_DE","og_type":"article","og_title":"Apple Pop","og_description":"Apple Pop ist ein immens beruhigender und erf\u00fcllender Puzzle Popper inklusive Powerups.","og_url":"https:\/\/www.iplay.com\/de\/games\/apple-pop\/","og_site_name":"IPlay","og_image":[{"width":310,"height":310,"url":"https:\/\/www.iplay.com\/wp-content\/uploads\/2023\/12\/large_square_tile_image-3972.jpg","type":"image\/jpeg"}],"twitter_card":"summary_large_image","twitter_misc":{"Gesch\u00e4tzte Lesezeit":"1 Minute"},"schema":{"@context":"https:\/\/schema.org","@graph":[{"@type":"WebPage","@id":"https:\/\/www.iplay.com\/de\/games\/apple-pop\/","url":"https:\/\/www.iplay.com\/de\/games\/apple-pop\/","name":"Apple Pop - Apple Pop bietet beruhigende und befriedigende Puzzle-Pop-Action","isPartOf":{"@id":"https:\/\/www.iplay.com\/en\/#website"},"primaryImageOfPage":{"@id":"https:\/\/www.iplay.com\/de\/games\/apple-pop\/#primaryimage"},"image":{"@id":"https:\/\/www.iplay.com\/de\/games\/apple-pop\/#primaryimage"},"thumbnailUrl":"https:\/\/www.iplay.com\/wp-content\/uploads\/2023\/12\/large_square_tile_image-3972.jpg","datePublished":"2023-01-25T00:00:00+00:00","description":"Apple Pop ist ein immens beruhigender und erf\u00fcllender Puzzle Popper inklusive Powerups.","breadcrumb":{"@id":"https:\/\/www.iplay.com\/de\/games\/apple-pop\/#breadcrumb"},"inLanguage":"de-DE","potentialAction":[{"@type":"ReadAction","target":["https:\/\/www.iplay.com\/de\/games\/apple-pop\/"]}]},{"@type":"ImageObject","inLanguage":"de-DE","@id":"https:\/\/www.iplay.com\/de\/games\/apple-pop\/#primaryimage","url":"https:\/\/www.iplay.com\/wp-content\/uploads\/2023\/12\/large_square_tile_image-3972.jpg","contentUrl":"https:\/\/www.iplay.com\/wp-content\/uploads\/2023\/12\/large_square_tile_image-3972.jpg","width":310,"height":310},{"@type":"BreadcrumbList","@id":"https:\/\/www.iplay.com\/de\/games\/apple-pop\/#breadcrumb","itemListElement":[{"@type":"ListItem","position":1,"name":"Home","item":"https:\/\/www.iplay.com\/de\/home-page-2\/"},{"@type":"ListItem","position":2,"name":"Shop","item":"https:\/\/www.iplay.com\/en\/shop\/"},{"@type":"ListItem","position":3,"name":"Apple Pop"}]},{"@type":"WebSite","@id":"https:\/\/www.iplay.com\/en\/#website","url":"https:\/\/www.iplay.com\/en\/","name":"IPlay","description":"The Best Casual Games!","publisher":{"@id":"https:\/\/www.iplay.com\/en\/#organization"},"potentialAction":[{"@type":"SearchAction","target":{"@type":"EntryPoint","urlTemplate":"https:\/\/www.iplay.com\/en\/?s={search_term_string}"},"query-input":{"@type":"PropertyValueSpecification","valueRequired":true,"valueName":"search_term_string"}}],"inLanguage":"de-DE"},{"@type":"Organization","@id":"https:\/\/www.iplay.com\/en\/#organization","name":"IPlay","url":"https:\/\/www.iplay.com\/en\/","logo":{"@type":"ImageObject","inLanguage":"de-DE","@id":"https:\/\/www.iplay.com\/en\/#\/schema\/logo\/image\/","url":"https:\/\/www.iplay.com\/wp-content\/uploads\/2023\/11\/Group-6100.svg","contentUrl":"https:\/\/www.iplay.com\/wp-content\/uploads\/2023\/11\/Group-6100.svg","width":98,"height":25,"caption":"IPlay"},"image":{"@id":"https:\/\/www.iplay.com\/en\/#\/schema\/logo\/image\/"}}]}},"_links":{"self":[{"href":"https:\/\/www.iplay.com\/de\/wp-json\/wp\/v2\/product\/132300","targetHints":{"allow":["GET"]}}],"collection":[{"href":"https:\/\/www.iplay.com\/de\/wp-json\/wp\/v2\/product"}],"about":[{"href":"https:\/\/www.iplay.com\/de\/wp-json\/wp\/v2\/types\/product"}],"author":[{"embeddable":true,"href":"https:\/\/www.iplay.com\/de\/wp-json\/wp\/v2\/users\/61"}],"replies":[{"embeddable":true,"href":"https:\/\/www.iplay.com\/de\/wp-json\/wp\/v2\/comments?post=132300"}],"wp:featuredmedia":[{"embeddable":true,"href":"https:\/\/www.iplay.com\/de\/wp-json\/wp\/v2\/media\/103331"}],"wp:attachment":[{"href":"https:\/\/www.iplay.com\/de\/wp-json\/wp\/v2\/media?parent=132300"}],"wp:term":[{"taxonomy":"product_brand","embeddable":true,"href":"https:\/\/www.iplay.com\/de\/wp-json\/wp\/v2\/product_brand?post=132300"},{"taxonomy":"product_cat","embeddable":true,"href":"https:\/\/www.iplay.com\/de\/wp-json\/wp\/v2\/product_cat?post=132300"},{"taxonomy":"product_tag","embeddable":true,"href":"https:\/\/www.iplay.com\/de\/wp-json\/wp\/v2\/product_tag?post=132300"}],"curies":[{"name":"wp","href":"https:\/\/api.w.org\/{rel}","templated":true}]}}