{"id":132297,"date":"2023-01-27T00:00:00","date_gmt":"2023-01-27T00:00:00","guid":{"rendered":"https:\/\/www.iplay.com\/games\/royal-romances-battle-of-the-woods-ce\/"},"modified":"2023-01-27T00:00:00","modified_gmt":"2023-01-27T00:00:00","slug":"royal-romances-battle-of-the-woods-ce","status":"publish","type":"product","link":"https:\/\/www.iplay.com\/de\/games\/royal-romances-battle-of-the-woods-ce\/","title":{"rendered":"Royal Romances: Battle of the Woods CE"},"content":{"rendered":"<p>Dieses Mal schl\u00fcpfst du in die Rollen anderer Charaktere, entdeckst ihre einzigartigen Hintergrundgeschichten, lernst neue Leute kennen und \u00e4nderst den Lauf der Ereignisse, indem du deine Handlungen ausw\u00e4hlst! In jedem Spiel unserer neuen Spieleserie warten jede Menge aufregende Erlebnisse auf dich! Spiele deine Lieblings-Wimmelbildspiele, l\u00f6se eine Menge R\u00e4tsel, jage nach Objekten und besch\u00e4ftige dich mit Magie, Liebe, magischen Kreaturen und Geheimnissen. Teste deine Gerissenheit in diesem spannenden neuen Wimmelbild-Abenteuer, w\u00e4hrend du einen unglaublichen Detektiv-Thriller durchlebst.   <\/p>\n<p>&nbsp;<\/p>\n<p>&nbsp;<\/p>\n<p><strong>Funktionen:<\/strong><\/p>\n<p>&nbsp;<\/p>\n<p>&#8211; Treffen Sie Ihre eigenen Entscheidungen, passen Sie sich an und \u00e4ndern Sie das Ergebnis!<br \/>\n&#8211; Spiele deine bevorzugten Minispiele und R\u00e4tsel erneut, um mehrere Erfolge zu erhalten!<br \/>\n&#8211; Genie\u00dfe die zus\u00e4tzlichen Inhalte!<br \/>\n&#8211; Halten Sie Ausschau nach verschiedenen Sammlerst\u00fccken!<\/p>\n","protected":false},"excerpt":{"rendered":"<p>Erlebe eine fesselnde investigative Erz\u00e4hlung in Royal Romances: Battle of the Woods CE.<\/p>\n","protected":false},"author":52,"featured_media":74598,"comment_status":"open","ping_status":"closed","template":"","meta":{"_acf_changed":false,"inline_featured_image":false},"product_brand":[],"product_cat":[164],"product_tag":[289,352],"class_list":{"0":"post-132297","1":"product","2":"type-product","3":"status-publish","4":"has-post-thumbnail","6":"product_cat-hidden-object-de","7":"product_tag-play-on-pc-de","8":"product_tag-valentines-day-de-2","10":"first","11":"instock","12":"shipping-taxable","13":"purchasable","14":"product-type-simple"},"acf":[],"yoast_head":"<!-- This site is optimized with the Yoast SEO Premium plugin v25.2 (Yoast SEO v25.2) - https:\/\/yoast.com\/wordpress\/plugins\/seo\/ -->\n<title>Royal Romances: Battle of the Woods CE - L\u00f6se eine Detektivgeschichte und sammle Hinweise f\u00fcr Gerechtigkeit<\/title>\n<meta name=\"description\" content=\"Erlebe eine fesselnde investigative Erz\u00e4hlung in Royal Romances: Battle of the Woods CE.\" \/>\n<meta name=\"robots\" content=\"index, follow, max-snippet:-1, max-image-preview:large, max-video-preview:-1\" \/>\n<link rel=\"canonical\" href=\"https:\/\/www.iplay.com\/de\/games\/royal-romances-battle-of-the-woods-ce\/\" \/>\n<meta property=\"og:locale\" content=\"de_DE\" \/>\n<meta property=\"og:type\" content=\"article\" \/>\n<meta property=\"og:title\" content=\"Royal Romances: Battle of the Woods CE\" \/>\n<meta property=\"og:description\" content=\"Erlebe eine fesselnde investigative Erz\u00e4hlung in Royal Romances: Battle of the Woods CE.\" \/>\n<meta property=\"og:url\" content=\"https:\/\/www.iplay.com\/de\/games\/royal-romances-battle-of-the-woods-ce\/\" \/>\n<meta property=\"og:site_name\" content=\"IPlay\" \/>\n<meta property=\"og:image\" content=\"https:\/\/www.iplay.com\/wp-content\/uploads\/2023\/12\/large_square_tile_image-2156.jpg\" \/>\n\t<meta property=\"og:image:width\" content=\"310\" \/>\n\t<meta property=\"og:image:height\" content=\"310\" \/>\n\t<meta property=\"og:image:type\" content=\"image\/jpeg\" \/>\n<meta name=\"twitter:card\" content=\"summary_large_image\" \/>\n<meta name=\"twitter:label1\" content=\"Gesch\u00e4tzte Lesezeit\" \/>\n\t<meta name=\"twitter:data1\" content=\"1 Minute\" \/>\n<script type=\"application\/ld+json\" class=\"yoast-schema-graph\">{\"@context\":\"https:\/\/schema.org\",\"@graph\":[{\"@type\":\"WebPage\",\"@id\":\"https:\/\/www.iplay.com\/de\/games\/royal-romances-battle-of-the-woods-ce\/\",\"url\":\"https:\/\/www.iplay.com\/de\/games\/royal-romances-battle-of-the-woods-ce\/\",\"name\":\"Royal Romances: Battle of the Woods CE - L\u00f6se eine Detektivgeschichte und sammle Hinweise f\u00fcr Gerechtigkeit\",\"isPartOf\":{\"@id\":\"https:\/\/www.iplay.com\/en\/#website\"},\"primaryImageOfPage\":{\"@id\":\"https:\/\/www.iplay.com\/de\/games\/royal-romances-battle-of-the-woods-ce\/#primaryimage\"},\"image\":{\"@id\":\"https:\/\/www.iplay.com\/de\/games\/royal-romances-battle-of-the-woods-ce\/#primaryimage\"},\"thumbnailUrl\":\"https:\/\/www.iplay.com\/wp-content\/uploads\/2023\/12\/large_square_tile_image-2156.jpg\",\"datePublished\":\"2023-01-27T00:00:00+00:00\",\"description\":\"Erlebe eine fesselnde investigative Erz\u00e4hlung in Royal Romances: Battle of the Woods CE.\",\"breadcrumb\":{\"@id\":\"https:\/\/www.iplay.com\/de\/games\/royal-romances-battle-of-the-woods-ce\/#breadcrumb\"},\"inLanguage\":\"de-DE\",\"potentialAction\":[{\"@type\":\"ReadAction\",\"target\":[\"https:\/\/www.iplay.com\/de\/games\/royal-romances-battle-of-the-woods-ce\/\"]}]},{\"@type\":\"ImageObject\",\"inLanguage\":\"de-DE\",\"@id\":\"https:\/\/www.iplay.com\/de\/games\/royal-romances-battle-of-the-woods-ce\/#primaryimage\",\"url\":\"https:\/\/www.iplay.com\/wp-content\/uploads\/2023\/12\/large_square_tile_image-2156.jpg\",\"contentUrl\":\"https:\/\/www.iplay.com\/wp-content\/uploads\/2023\/12\/large_square_tile_image-2156.jpg\",\"width\":310,\"height\":310},{\"@type\":\"BreadcrumbList\",\"@id\":\"https:\/\/www.iplay.com\/de\/games\/royal-romances-battle-of-the-woods-ce\/#breadcrumb\",\"itemListElement\":[{\"@type\":\"ListItem\",\"position\":1,\"name\":\"Home\",\"item\":\"https:\/\/www.iplay.com\/de\/home-page-2\/\"},{\"@type\":\"ListItem\",\"position\":2,\"name\":\"Shop\",\"item\":\"https:\/\/www.iplay.com\/en\/shop\/\"},{\"@type\":\"ListItem\",\"position\":3,\"name\":\"Royal Romances: Battle of the Woods CE\"}]},{\"@type\":\"WebSite\",\"@id\":\"https:\/\/www.iplay.com\/en\/#website\",\"url\":\"https:\/\/www.iplay.com\/en\/\",\"name\":\"IPlay\",\"description\":\"The Best Casual Games!\",\"publisher\":{\"@id\":\"https:\/\/www.iplay.com\/en\/#organization\"},\"potentialAction\":[{\"@type\":\"SearchAction\",\"target\":{\"@type\":\"EntryPoint\",\"urlTemplate\":\"https:\/\/www.iplay.com\/en\/?s={search_term_string}\"},\"query-input\":{\"@type\":\"PropertyValueSpecification\",\"valueRequired\":true,\"valueName\":\"search_term_string\"}}],\"inLanguage\":\"de-DE\"},{\"@type\":\"Organization\",\"@id\":\"https:\/\/www.iplay.com\/en\/#organization\",\"name\":\"IPlay\",\"url\":\"https:\/\/www.iplay.com\/en\/\",\"logo\":{\"@type\":\"ImageObject\",\"inLanguage\":\"de-DE\",\"@id\":\"https:\/\/www.iplay.com\/en\/#\/schema\/logo\/image\/\",\"url\":\"https:\/\/www.iplay.com\/wp-content\/uploads\/2023\/11\/Group-6100.svg\",\"contentUrl\":\"https:\/\/www.iplay.com\/wp-content\/uploads\/2023\/11\/Group-6100.svg\",\"width\":98,\"height\":25,\"caption\":\"IPlay\"},\"image\":{\"@id\":\"https:\/\/www.iplay.com\/en\/#\/schema\/logo\/image\/\"}}]}<\/script>\n<!-- \/ Yoast SEO Premium plugin. -->","yoast_head_json":{"title":"Royal Romances: Battle of the Woods CE - L\u00f6se eine Detektivgeschichte und sammle Hinweise f\u00fcr Gerechtigkeit","description":"Erlebe eine fesselnde investigative Erz\u00e4hlung in Royal Romances: Battle of the Woods CE.","robots":{"index":"index","follow":"follow","max-snippet":"max-snippet:-1","max-image-preview":"max-image-preview:large","max-video-preview":"max-video-preview:-1"},"canonical":"https:\/\/www.iplay.com\/de\/games\/royal-romances-battle-of-the-woods-ce\/","og_locale":"de_DE","og_type":"article","og_title":"Royal Romances: Battle of the Woods CE","og_description":"Erlebe eine fesselnde investigative Erz\u00e4hlung in Royal Romances: Battle of the Woods CE.","og_url":"https:\/\/www.iplay.com\/de\/games\/royal-romances-battle-of-the-woods-ce\/","og_site_name":"IPlay","og_image":[{"width":310,"height":310,"url":"https:\/\/www.iplay.com\/wp-content\/uploads\/2023\/12\/large_square_tile_image-2156.jpg","type":"image\/jpeg"}],"twitter_card":"summary_large_image","twitter_misc":{"Gesch\u00e4tzte Lesezeit":"1 Minute"},"schema":{"@context":"https:\/\/schema.org","@graph":[{"@type":"WebPage","@id":"https:\/\/www.iplay.com\/de\/games\/royal-romances-battle-of-the-woods-ce\/","url":"https:\/\/www.iplay.com\/de\/games\/royal-romances-battle-of-the-woods-ce\/","name":"Royal Romances: Battle of the Woods CE - L\u00f6se eine Detektivgeschichte und sammle Hinweise f\u00fcr Gerechtigkeit","isPartOf":{"@id":"https:\/\/www.iplay.com\/en\/#website"},"primaryImageOfPage":{"@id":"https:\/\/www.iplay.com\/de\/games\/royal-romances-battle-of-the-woods-ce\/#primaryimage"},"image":{"@id":"https:\/\/www.iplay.com\/de\/games\/royal-romances-battle-of-the-woods-ce\/#primaryimage"},"thumbnailUrl":"https:\/\/www.iplay.com\/wp-content\/uploads\/2023\/12\/large_square_tile_image-2156.jpg","datePublished":"2023-01-27T00:00:00+00:00","description":"Erlebe eine fesselnde investigative Erz\u00e4hlung in Royal Romances: Battle of the Woods CE.","breadcrumb":{"@id":"https:\/\/www.iplay.com\/de\/games\/royal-romances-battle-of-the-woods-ce\/#breadcrumb"},"inLanguage":"de-DE","potentialAction":[{"@type":"ReadAction","target":["https:\/\/www.iplay.com\/de\/games\/royal-romances-battle-of-the-woods-ce\/"]}]},{"@type":"ImageObject","inLanguage":"de-DE","@id":"https:\/\/www.iplay.com\/de\/games\/royal-romances-battle-of-the-woods-ce\/#primaryimage","url":"https:\/\/www.iplay.com\/wp-content\/uploads\/2023\/12\/large_square_tile_image-2156.jpg","contentUrl":"https:\/\/www.iplay.com\/wp-content\/uploads\/2023\/12\/large_square_tile_image-2156.jpg","width":310,"height":310},{"@type":"BreadcrumbList","@id":"https:\/\/www.iplay.com\/de\/games\/royal-romances-battle-of-the-woods-ce\/#breadcrumb","itemListElement":[{"@type":"ListItem","position":1,"name":"Home","item":"https:\/\/www.iplay.com\/de\/home-page-2\/"},{"@type":"ListItem","position":2,"name":"Shop","item":"https:\/\/www.iplay.com\/en\/shop\/"},{"@type":"ListItem","position":3,"name":"Royal Romances: Battle of the Woods CE"}]},{"@type":"WebSite","@id":"https:\/\/www.iplay.com\/en\/#website","url":"https:\/\/www.iplay.com\/en\/","name":"IPlay","description":"The Best Casual Games!","publisher":{"@id":"https:\/\/www.iplay.com\/en\/#organization"},"potentialAction":[{"@type":"SearchAction","target":{"@type":"EntryPoint","urlTemplate":"https:\/\/www.iplay.com\/en\/?s={search_term_string}"},"query-input":{"@type":"PropertyValueSpecification","valueRequired":true,"valueName":"search_term_string"}}],"inLanguage":"de-DE"},{"@type":"Organization","@id":"https:\/\/www.iplay.com\/en\/#organization","name":"IPlay","url":"https:\/\/www.iplay.com\/en\/","logo":{"@type":"ImageObject","inLanguage":"de-DE","@id":"https:\/\/www.iplay.com\/en\/#\/schema\/logo\/image\/","url":"https:\/\/www.iplay.com\/wp-content\/uploads\/2023\/11\/Group-6100.svg","contentUrl":"https:\/\/www.iplay.com\/wp-content\/uploads\/2023\/11\/Group-6100.svg","width":98,"height":25,"caption":"IPlay"},"image":{"@id":"https:\/\/www.iplay.com\/en\/#\/schema\/logo\/image\/"}}]}},"_links":{"self":[{"href":"https:\/\/www.iplay.com\/de\/wp-json\/wp\/v2\/product\/132297","targetHints":{"allow":["GET"]}}],"collection":[{"href":"https:\/\/www.iplay.com\/de\/wp-json\/wp\/v2\/product"}],"about":[{"href":"https:\/\/www.iplay.com\/de\/wp-json\/wp\/v2\/types\/product"}],"author":[{"embeddable":true,"href":"https:\/\/www.iplay.com\/de\/wp-json\/wp\/v2\/users\/52"}],"replies":[{"embeddable":true,"href":"https:\/\/www.iplay.com\/de\/wp-json\/wp\/v2\/comments?post=132297"}],"wp:featuredmedia":[{"embeddable":true,"href":"https:\/\/www.iplay.com\/de\/wp-json\/wp\/v2\/media\/74598"}],"wp:attachment":[{"href":"https:\/\/www.iplay.com\/de\/wp-json\/wp\/v2\/media?parent=132297"}],"wp:term":[{"taxonomy":"product_brand","embeddable":true,"href":"https:\/\/www.iplay.com\/de\/wp-json\/wp\/v2\/product_brand?post=132297"},{"taxonomy":"product_cat","embeddable":true,"href":"https:\/\/www.iplay.com\/de\/wp-json\/wp\/v2\/product_cat?post=132297"},{"taxonomy":"product_tag","embeddable":true,"href":"https:\/\/www.iplay.com\/de\/wp-json\/wp\/v2\/product_tag?post=132297"}],"curies":[{"name":"wp","href":"https:\/\/api.w.org\/{rel}","templated":true}]}}