{"id":132236,"date":"2023-02-14T00:00:00","date_gmt":"2023-02-14T00:00:00","guid":{"rendered":"https:\/\/www.iplay.com\/games\/amandas-magic-book-4-true-love\/"},"modified":"2023-02-14T00:00:00","modified_gmt":"2023-02-14T00:00:00","slug":"amandas-magic-book-4-true-love","status":"publish","type":"product","link":"https:\/\/www.iplay.com\/de\/games\/amandas-magic-book-4-true-love\/","title":{"rendered":"Amanda&#8217;s Magic Book 4: True Love"},"content":{"rendered":"<p>Amanda und Prinz Charlie haben viel zusammen durchgemacht, aber sie sind sich nicht immer einig. Als ein heftiger Streit dazu f\u00fchrt, dass sie in ein M\u00e4rchenbuch hineingezogen werden, finden sie sich in einem M\u00e4rchen wieder, das schief gelaufen ist. Amanda wird von einer verfluchten Bestie in einem schrecklichen Schloss gefangen gehalten, wo seine Diener glauben, dass sie die wahre Liebe finden wird. Am Rande des Waldes verb\u00fcndet sich ein Bauernm\u00e4dchen mit Charlie, um ihren Vater zu retten. Ist Amanda in der Lage, dieses M\u00e4rchen zu seinem Happy End zu f\u00fchren?    <\/p>\n<p>&nbsp;<\/p>\n<p>&nbsp;<\/p>\n<p><strong>Funktionen:<\/strong><\/p>\n<p>&nbsp;<\/p>\n<p>&#8211; Eine weitere fr\u00f6hliche Geschichte \u00fcber Amanda und Prinz Charlie<\/p>\n<p>&#8211; 20 Upgrades, um die klassische Geschichte St\u00fcck f\u00fcr St\u00fcck zu reparieren<\/p>\n<p>&#8211; Erlebe ein M\u00e4rchen in der Anwesenheit von Amanda und Charlie<\/p>\n<p>&#8211; 5 Kapitel, die du genie\u00dfen kannst, w\u00e4hrend du das Spiel abschlie\u00dft<\/p>\n","protected":false},"excerpt":{"rendered":"<p>In Amandas magisches Buch 4: Wahre Liebe kannst du Amanda dabei helfen, ein M\u00e4rchen zu einem Happy End zu f\u00fchren.<\/p>\n","protected":false},"author":42,"featured_media":74374,"comment_status":"open","ping_status":"closed","template":"","meta":{"_acf_changed":false,"inline_featured_image":false},"product_brand":[],"product_cat":[194],"product_tag":[],"class_list":{"0":"post-132236","1":"product","2":"type-product","3":"status-publish","4":"has-post-thumbnail","6":"product_cat-puzzle-de","8":"first","9":"instock","10":"shipping-taxable","11":"purchasable","12":"product-type-simple"},"acf":[],"yoast_head":"<!-- This site is optimized with the Yoast SEO Premium plugin v25.2 (Yoast SEO v25.2) - https:\/\/yoast.com\/wordpress\/plugins\/seo\/ -->\n<title>Amandas magisches Buch 4: Wahre Liebe - Hilf Amanda, ein M\u00e4rchen zu einem gl\u00fccklichen Leben zu f\u00fchren<\/title>\n<meta name=\"description\" content=\"In Amandas magisches Buch 4: Wahre Liebe kannst du Amanda dabei helfen, ein M\u00e4rchen zu einem Happy End zu f\u00fchren.\" \/>\n<meta name=\"robots\" content=\"index, follow, max-snippet:-1, max-image-preview:large, max-video-preview:-1\" \/>\n<link rel=\"canonical\" href=\"https:\/\/www.iplay.com\/de\/games\/amandas-magic-book-4-true-love\/\" \/>\n<meta property=\"og:locale\" content=\"de_DE\" \/>\n<meta property=\"og:type\" content=\"article\" \/>\n<meta property=\"og:title\" content=\"Amanda&#039;s Magic Book 4: True Love\" \/>\n<meta property=\"og:description\" content=\"In Amandas magisches Buch 4: Wahre Liebe kannst du Amanda dabei helfen, ein M\u00e4rchen zu einem Happy End zu f\u00fchren.\" \/>\n<meta property=\"og:url\" content=\"https:\/\/www.iplay.com\/de\/games\/amandas-magic-book-4-true-love\/\" \/>\n<meta property=\"og:site_name\" content=\"IPlay\" \/>\n<meta property=\"og:image\" content=\"https:\/\/www.iplay.com\/wp-content\/uploads\/2023\/12\/large_square_tile_image-2142.jpg\" \/>\n\t<meta property=\"og:image:width\" content=\"310\" \/>\n\t<meta property=\"og:image:height\" content=\"310\" \/>\n\t<meta property=\"og:image:type\" content=\"image\/jpeg\" \/>\n<meta name=\"twitter:card\" content=\"summary_large_image\" \/>\n<meta name=\"twitter:label1\" content=\"Gesch\u00e4tzte Lesezeit\" \/>\n\t<meta name=\"twitter:data1\" content=\"1 Minute\" \/>\n<script type=\"application\/ld+json\" class=\"yoast-schema-graph\">{\"@context\":\"https:\/\/schema.org\",\"@graph\":[{\"@type\":\"WebPage\",\"@id\":\"https:\/\/www.iplay.com\/de\/games\/amandas-magic-book-4-true-love\/\",\"url\":\"https:\/\/www.iplay.com\/de\/games\/amandas-magic-book-4-true-love\/\",\"name\":\"Amandas magisches Buch 4: Wahre Liebe - Hilf Amanda, ein M\u00e4rchen zu einem gl\u00fccklichen Leben zu f\u00fchren\",\"isPartOf\":{\"@id\":\"https:\/\/www.iplay.com\/en\/#website\"},\"primaryImageOfPage\":{\"@id\":\"https:\/\/www.iplay.com\/de\/games\/amandas-magic-book-4-true-love\/#primaryimage\"},\"image\":{\"@id\":\"https:\/\/www.iplay.com\/de\/games\/amandas-magic-book-4-true-love\/#primaryimage\"},\"thumbnailUrl\":\"https:\/\/www.iplay.com\/wp-content\/uploads\/2023\/12\/large_square_tile_image-2142.jpg\",\"datePublished\":\"2023-02-14T00:00:00+00:00\",\"description\":\"In Amandas magisches Buch 4: Wahre Liebe kannst du Amanda dabei helfen, ein M\u00e4rchen zu einem Happy End zu f\u00fchren.\",\"breadcrumb\":{\"@id\":\"https:\/\/www.iplay.com\/de\/games\/amandas-magic-book-4-true-love\/#breadcrumb\"},\"inLanguage\":\"de-DE\",\"potentialAction\":[{\"@type\":\"ReadAction\",\"target\":[\"https:\/\/www.iplay.com\/de\/games\/amandas-magic-book-4-true-love\/\"]}]},{\"@type\":\"ImageObject\",\"inLanguage\":\"de-DE\",\"@id\":\"https:\/\/www.iplay.com\/de\/games\/amandas-magic-book-4-true-love\/#primaryimage\",\"url\":\"https:\/\/www.iplay.com\/wp-content\/uploads\/2023\/12\/large_square_tile_image-2142.jpg\",\"contentUrl\":\"https:\/\/www.iplay.com\/wp-content\/uploads\/2023\/12\/large_square_tile_image-2142.jpg\",\"width\":310,\"height\":310},{\"@type\":\"BreadcrumbList\",\"@id\":\"https:\/\/www.iplay.com\/de\/games\/amandas-magic-book-4-true-love\/#breadcrumb\",\"itemListElement\":[{\"@type\":\"ListItem\",\"position\":1,\"name\":\"Home\",\"item\":\"https:\/\/www.iplay.com\/de\/home-page-2\/\"},{\"@type\":\"ListItem\",\"position\":2,\"name\":\"Shop\",\"item\":\"https:\/\/www.iplay.com\/en\/shop\/\"},{\"@type\":\"ListItem\",\"position\":3,\"name\":\"Amanda&#8217;s Magic Book 4: True Love\"}]},{\"@type\":\"WebSite\",\"@id\":\"https:\/\/www.iplay.com\/en\/#website\",\"url\":\"https:\/\/www.iplay.com\/en\/\",\"name\":\"IPlay\",\"description\":\"The Best Casual Games!\",\"publisher\":{\"@id\":\"https:\/\/www.iplay.com\/en\/#organization\"},\"potentialAction\":[{\"@type\":\"SearchAction\",\"target\":{\"@type\":\"EntryPoint\",\"urlTemplate\":\"https:\/\/www.iplay.com\/en\/?s={search_term_string}\"},\"query-input\":{\"@type\":\"PropertyValueSpecification\",\"valueRequired\":true,\"valueName\":\"search_term_string\"}}],\"inLanguage\":\"de-DE\"},{\"@type\":\"Organization\",\"@id\":\"https:\/\/www.iplay.com\/en\/#organization\",\"name\":\"IPlay\",\"url\":\"https:\/\/www.iplay.com\/en\/\",\"logo\":{\"@type\":\"ImageObject\",\"inLanguage\":\"de-DE\",\"@id\":\"https:\/\/www.iplay.com\/en\/#\/schema\/logo\/image\/\",\"url\":\"https:\/\/www.iplay.com\/wp-content\/uploads\/2023\/11\/Group-6100.svg\",\"contentUrl\":\"https:\/\/www.iplay.com\/wp-content\/uploads\/2023\/11\/Group-6100.svg\",\"width\":98,\"height\":25,\"caption\":\"IPlay\"},\"image\":{\"@id\":\"https:\/\/www.iplay.com\/en\/#\/schema\/logo\/image\/\"}}]}<\/script>\n<!-- \/ Yoast SEO Premium plugin. -->","yoast_head_json":{"title":"Amandas magisches Buch 4: Wahre Liebe - Hilf Amanda, ein M\u00e4rchen zu einem gl\u00fccklichen Leben zu f\u00fchren","description":"In Amandas magisches Buch 4: Wahre Liebe kannst du Amanda dabei helfen, ein M\u00e4rchen zu einem Happy End zu f\u00fchren.","robots":{"index":"index","follow":"follow","max-snippet":"max-snippet:-1","max-image-preview":"max-image-preview:large","max-video-preview":"max-video-preview:-1"},"canonical":"https:\/\/www.iplay.com\/de\/games\/amandas-magic-book-4-true-love\/","og_locale":"de_DE","og_type":"article","og_title":"Amanda's Magic Book 4: True Love","og_description":"In Amandas magisches Buch 4: Wahre Liebe kannst du Amanda dabei helfen, ein M\u00e4rchen zu einem Happy End zu f\u00fchren.","og_url":"https:\/\/www.iplay.com\/de\/games\/amandas-magic-book-4-true-love\/","og_site_name":"IPlay","og_image":[{"width":310,"height":310,"url":"https:\/\/www.iplay.com\/wp-content\/uploads\/2023\/12\/large_square_tile_image-2142.jpg","type":"image\/jpeg"}],"twitter_card":"summary_large_image","twitter_misc":{"Gesch\u00e4tzte Lesezeit":"1 Minute"},"schema":{"@context":"https:\/\/schema.org","@graph":[{"@type":"WebPage","@id":"https:\/\/www.iplay.com\/de\/games\/amandas-magic-book-4-true-love\/","url":"https:\/\/www.iplay.com\/de\/games\/amandas-magic-book-4-true-love\/","name":"Amandas magisches Buch 4: Wahre Liebe - Hilf Amanda, ein M\u00e4rchen zu einem gl\u00fccklichen Leben zu f\u00fchren","isPartOf":{"@id":"https:\/\/www.iplay.com\/en\/#website"},"primaryImageOfPage":{"@id":"https:\/\/www.iplay.com\/de\/games\/amandas-magic-book-4-true-love\/#primaryimage"},"image":{"@id":"https:\/\/www.iplay.com\/de\/games\/amandas-magic-book-4-true-love\/#primaryimage"},"thumbnailUrl":"https:\/\/www.iplay.com\/wp-content\/uploads\/2023\/12\/large_square_tile_image-2142.jpg","datePublished":"2023-02-14T00:00:00+00:00","description":"In Amandas magisches Buch 4: Wahre Liebe kannst du Amanda dabei helfen, ein M\u00e4rchen zu einem Happy End zu f\u00fchren.","breadcrumb":{"@id":"https:\/\/www.iplay.com\/de\/games\/amandas-magic-book-4-true-love\/#breadcrumb"},"inLanguage":"de-DE","potentialAction":[{"@type":"ReadAction","target":["https:\/\/www.iplay.com\/de\/games\/amandas-magic-book-4-true-love\/"]}]},{"@type":"ImageObject","inLanguage":"de-DE","@id":"https:\/\/www.iplay.com\/de\/games\/amandas-magic-book-4-true-love\/#primaryimage","url":"https:\/\/www.iplay.com\/wp-content\/uploads\/2023\/12\/large_square_tile_image-2142.jpg","contentUrl":"https:\/\/www.iplay.com\/wp-content\/uploads\/2023\/12\/large_square_tile_image-2142.jpg","width":310,"height":310},{"@type":"BreadcrumbList","@id":"https:\/\/www.iplay.com\/de\/games\/amandas-magic-book-4-true-love\/#breadcrumb","itemListElement":[{"@type":"ListItem","position":1,"name":"Home","item":"https:\/\/www.iplay.com\/de\/home-page-2\/"},{"@type":"ListItem","position":2,"name":"Shop","item":"https:\/\/www.iplay.com\/en\/shop\/"},{"@type":"ListItem","position":3,"name":"Amanda&#8217;s Magic Book 4: True Love"}]},{"@type":"WebSite","@id":"https:\/\/www.iplay.com\/en\/#website","url":"https:\/\/www.iplay.com\/en\/","name":"IPlay","description":"The Best Casual Games!","publisher":{"@id":"https:\/\/www.iplay.com\/en\/#organization"},"potentialAction":[{"@type":"SearchAction","target":{"@type":"EntryPoint","urlTemplate":"https:\/\/www.iplay.com\/en\/?s={search_term_string}"},"query-input":{"@type":"PropertyValueSpecification","valueRequired":true,"valueName":"search_term_string"}}],"inLanguage":"de-DE"},{"@type":"Organization","@id":"https:\/\/www.iplay.com\/en\/#organization","name":"IPlay","url":"https:\/\/www.iplay.com\/en\/","logo":{"@type":"ImageObject","inLanguage":"de-DE","@id":"https:\/\/www.iplay.com\/en\/#\/schema\/logo\/image\/","url":"https:\/\/www.iplay.com\/wp-content\/uploads\/2023\/11\/Group-6100.svg","contentUrl":"https:\/\/www.iplay.com\/wp-content\/uploads\/2023\/11\/Group-6100.svg","width":98,"height":25,"caption":"IPlay"},"image":{"@id":"https:\/\/www.iplay.com\/en\/#\/schema\/logo\/image\/"}}]}},"_links":{"self":[{"href":"https:\/\/www.iplay.com\/de\/wp-json\/wp\/v2\/product\/132236","targetHints":{"allow":["GET"]}}],"collection":[{"href":"https:\/\/www.iplay.com\/de\/wp-json\/wp\/v2\/product"}],"about":[{"href":"https:\/\/www.iplay.com\/de\/wp-json\/wp\/v2\/types\/product"}],"author":[{"embeddable":true,"href":"https:\/\/www.iplay.com\/de\/wp-json\/wp\/v2\/users\/42"}],"replies":[{"embeddable":true,"href":"https:\/\/www.iplay.com\/de\/wp-json\/wp\/v2\/comments?post=132236"}],"wp:featuredmedia":[{"embeddable":true,"href":"https:\/\/www.iplay.com\/de\/wp-json\/wp\/v2\/media\/74374"}],"wp:attachment":[{"href":"https:\/\/www.iplay.com\/de\/wp-json\/wp\/v2\/media?parent=132236"}],"wp:term":[{"taxonomy":"product_brand","embeddable":true,"href":"https:\/\/www.iplay.com\/de\/wp-json\/wp\/v2\/product_brand?post=132236"},{"taxonomy":"product_cat","embeddable":true,"href":"https:\/\/www.iplay.com\/de\/wp-json\/wp\/v2\/product_cat?post=132236"},{"taxonomy":"product_tag","embeddable":true,"href":"https:\/\/www.iplay.com\/de\/wp-json\/wp\/v2\/product_tag?post=132236"}],"curies":[{"name":"wp","href":"https:\/\/api.w.org\/{rel}","templated":true}]}}