{"id":132158,"date":"2024-04-08T16:51:35","date_gmt":"2024-04-08T16:51:35","guid":{"rendered":"https:\/\/www.iplay.com\/games\/delicious-emilys-hopes-and-fears\/"},"modified":"2024-04-08T16:51:35","modified_gmt":"2024-04-08T16:51:35","slug":"delicious-emilys-hopes-and-fears","status":"publish","type":"product","link":"https:\/\/www.iplay.com\/de\/games\/delicious-emilys-hopes-and-fears\/","title":{"rendered":"Delicious Emily&#8217;s &#8211; Hopes and Fears"},"content":{"rendered":"<p>Begleite Emily und Patrick auf einer epischen Reise, um das Leben ihrer Tochter zu retten! Im neuen Titel der beliebten Zeitmanagement-Serie ist die Familie auf einem sch\u00f6nen Picknick unterwegs, als Tochter Paige pl\u00f6tzlich an einer mysteri\u00f6sen Krankheit erkrankt. K\u00f6nnen sie rechtzeitig ein Heilmittel finden?  <\/p>\n<p>&nbsp;<\/p>\n<p><b>FUNKTIONEN<\/b><\/p>\n<ul>\n<li>Einfache Steuerung<\/li>\n<li>Leicht zu erlernen<\/li>\n<li>Lieblingscharaktere aus dem Delicious-Universum<\/li>\n<\/ul>\n<p>&nbsp;<\/p>\n<p><b>SPIELANLEITUNG<\/b><\/p>\n<ul>\n<li>Machen Sie die Artikel zu den vom Kunden bestellten Artikeln, indem Sie auf die entsprechenden Symbole tippen oder klicken.<\/li>\n<li>Wenn Sie alle Artikel vorbereitet haben, bringen Sie die Bestellung zum Kunden, indem Sie auf sie tippen oder klicken.<\/li>\n<li>F\u00fcr einige Elemente sind m\u00f6glicherweise mehrere Aktionen zur Vorbereitung erforderlich.<\/li>\n<li>Schlie\u00dfen Sie den Verkauf ab, indem Sie auf die Kasse tippen oder klicken.<\/li>\n<\/ul>\n","protected":false},"excerpt":{"rendered":"<p>Begleite Emily auf einer epischen Reise, um ihre Tochter zu retten<\/p>\n","protected":false},"author":10,"featured_media":118007,"comment_status":"open","ping_status":"closed","template":"","meta":{"_acf_changed":false,"inline_featured_image":false},"product_brand":[],"product_cat":[180,217],"product_tag":[284,299,289],"class_list":{"0":"post-132158","1":"product","2":"type-product","3":"status-publish","4":"has-post-thumbnail","6":"product_cat-mobile-games-de","7":"product_cat-time-management-de","8":"product_tag-play-on-mac-de","9":"product_tag-play-on-mobile-de","10":"product_tag-play-on-pc-de","12":"first","13":"instock","14":"shipping-taxable","15":"purchasable","16":"product-type-html5_game"},"acf":[],"yoast_head":"<!-- This site is optimized with the Yoast SEO Premium plugin v25.2 (Yoast SEO v25.2) - https:\/\/yoast.com\/wordpress\/plugins\/seo\/ -->\n<title>Delicious Emily&#039;s - Hoffnungen und \u00c4ngste - Play on IPlay<\/title>\n<meta name=\"description\" content=\"Begleite Emily auf einer epischen Reise, um ihre Tochter zu retten\" \/>\n<meta name=\"robots\" content=\"index, follow, max-snippet:-1, max-image-preview:large, max-video-preview:-1\" \/>\n<link rel=\"canonical\" href=\"https:\/\/www.iplay.com\/de\/games\/delicious-emilys-hopes-and-fears\/\" \/>\n<meta property=\"og:locale\" content=\"de_DE\" \/>\n<meta property=\"og:type\" content=\"article\" \/>\n<meta property=\"og:title\" content=\"Delicious Emily&#039;s - Hopes and Fears\" \/>\n<meta property=\"og:description\" content=\"Begleite Emily auf einer epischen Reise, um ihre Tochter zu retten\" \/>\n<meta property=\"og:url\" content=\"https:\/\/www.iplay.com\/de\/games\/delicious-emilys-hopes-and-fears\/\" \/>\n<meta property=\"og:site_name\" content=\"IPlay\" \/>\n<meta property=\"og:image\" content=\"https:\/\/www.iplay.com\/wp-content\/uploads\/2024\/04\/delicious_emilys_hopes_and_fears_thumb200x200-3.webp\" \/>\n\t<meta property=\"og:image:width\" content=\"715\" \/>\n\t<meta property=\"og:image:height\" content=\"485\" \/>\n\t<meta property=\"og:image:type\" content=\"image\/webp\" \/>\n<meta name=\"twitter:card\" content=\"summary_large_image\" \/>\n<meta name=\"twitter:label1\" content=\"Gesch\u00e4tzte Lesezeit\" \/>\n\t<meta name=\"twitter:data1\" content=\"1 Minute\" \/>\n<script type=\"application\/ld+json\" class=\"yoast-schema-graph\">{\"@context\":\"https:\/\/schema.org\",\"@graph\":[{\"@type\":\"WebPage\",\"@id\":\"https:\/\/www.iplay.com\/de\/games\/delicious-emilys-hopes-and-fears\/\",\"url\":\"https:\/\/www.iplay.com\/de\/games\/delicious-emilys-hopes-and-fears\/\",\"name\":\"Delicious Emily's - Hoffnungen und \u00c4ngste - Play on IPlay\",\"isPartOf\":{\"@id\":\"https:\/\/www.iplay.com\/en\/#website\"},\"primaryImageOfPage\":{\"@id\":\"https:\/\/www.iplay.com\/de\/games\/delicious-emilys-hopes-and-fears\/#primaryimage\"},\"image\":{\"@id\":\"https:\/\/www.iplay.com\/de\/games\/delicious-emilys-hopes-and-fears\/#primaryimage\"},\"thumbnailUrl\":\"https:\/\/www.iplay.com\/wp-content\/uploads\/2024\/04\/delicious_emilys_hopes_and_fears_thumb200x200-3.webp\",\"datePublished\":\"2024-04-08T16:51:35+00:00\",\"description\":\"Begleite Emily auf einer epischen Reise, um ihre Tochter zu retten\",\"breadcrumb\":{\"@id\":\"https:\/\/www.iplay.com\/de\/games\/delicious-emilys-hopes-and-fears\/#breadcrumb\"},\"inLanguage\":\"de-DE\",\"potentialAction\":[{\"@type\":\"ReadAction\",\"target\":[\"https:\/\/www.iplay.com\/de\/games\/delicious-emilys-hopes-and-fears\/\"]}]},{\"@type\":\"ImageObject\",\"inLanguage\":\"de-DE\",\"@id\":\"https:\/\/www.iplay.com\/de\/games\/delicious-emilys-hopes-and-fears\/#primaryimage\",\"url\":\"https:\/\/www.iplay.com\/wp-content\/uploads\/2024\/04\/delicious_emilys_hopes_and_fears_thumb200x200-3.webp\",\"contentUrl\":\"https:\/\/www.iplay.com\/wp-content\/uploads\/2024\/04\/delicious_emilys_hopes_and_fears_thumb200x200-3.webp\",\"width\":715,\"height\":485},{\"@type\":\"BreadcrumbList\",\"@id\":\"https:\/\/www.iplay.com\/de\/games\/delicious-emilys-hopes-and-fears\/#breadcrumb\",\"itemListElement\":[{\"@type\":\"ListItem\",\"position\":1,\"name\":\"Home\",\"item\":\"https:\/\/www.iplay.com\/de\/home-page-2\/\"},{\"@type\":\"ListItem\",\"position\":2,\"name\":\"Shop\",\"item\":\"https:\/\/www.iplay.com\/en\/shop\/\"},{\"@type\":\"ListItem\",\"position\":3,\"name\":\"Delicious Emily&#8217;s &#8211; Hopes and Fears\"}]},{\"@type\":\"WebSite\",\"@id\":\"https:\/\/www.iplay.com\/en\/#website\",\"url\":\"https:\/\/www.iplay.com\/en\/\",\"name\":\"IPlay\",\"description\":\"The Best Casual Games!\",\"publisher\":{\"@id\":\"https:\/\/www.iplay.com\/en\/#organization\"},\"potentialAction\":[{\"@type\":\"SearchAction\",\"target\":{\"@type\":\"EntryPoint\",\"urlTemplate\":\"https:\/\/www.iplay.com\/en\/?s={search_term_string}\"},\"query-input\":{\"@type\":\"PropertyValueSpecification\",\"valueRequired\":true,\"valueName\":\"search_term_string\"}}],\"inLanguage\":\"de-DE\"},{\"@type\":\"Organization\",\"@id\":\"https:\/\/www.iplay.com\/en\/#organization\",\"name\":\"IPlay\",\"url\":\"https:\/\/www.iplay.com\/en\/\",\"logo\":{\"@type\":\"ImageObject\",\"inLanguage\":\"de-DE\",\"@id\":\"https:\/\/www.iplay.com\/en\/#\/schema\/logo\/image\/\",\"url\":\"https:\/\/www.iplay.com\/wp-content\/uploads\/2023\/11\/Group-6100.svg\",\"contentUrl\":\"https:\/\/www.iplay.com\/wp-content\/uploads\/2023\/11\/Group-6100.svg\",\"width\":98,\"height\":25,\"caption\":\"IPlay\"},\"image\":{\"@id\":\"https:\/\/www.iplay.com\/en\/#\/schema\/logo\/image\/\"}}]}<\/script>\n<!-- \/ Yoast SEO Premium plugin. -->","yoast_head_json":{"title":"Delicious Emily's - Hoffnungen und \u00c4ngste - Play on IPlay","description":"Begleite Emily auf einer epischen Reise, um ihre Tochter zu retten","robots":{"index":"index","follow":"follow","max-snippet":"max-snippet:-1","max-image-preview":"max-image-preview:large","max-video-preview":"max-video-preview:-1"},"canonical":"https:\/\/www.iplay.com\/de\/games\/delicious-emilys-hopes-and-fears\/","og_locale":"de_DE","og_type":"article","og_title":"Delicious Emily's - Hopes and Fears","og_description":"Begleite Emily auf einer epischen Reise, um ihre Tochter zu retten","og_url":"https:\/\/www.iplay.com\/de\/games\/delicious-emilys-hopes-and-fears\/","og_site_name":"IPlay","og_image":[{"width":715,"height":485,"url":"https:\/\/www.iplay.com\/wp-content\/uploads\/2024\/04\/delicious_emilys_hopes_and_fears_thumb200x200-3.webp","type":"image\/webp"}],"twitter_card":"summary_large_image","twitter_misc":{"Gesch\u00e4tzte Lesezeit":"1 Minute"},"schema":{"@context":"https:\/\/schema.org","@graph":[{"@type":"WebPage","@id":"https:\/\/www.iplay.com\/de\/games\/delicious-emilys-hopes-and-fears\/","url":"https:\/\/www.iplay.com\/de\/games\/delicious-emilys-hopes-and-fears\/","name":"Delicious Emily's - Hoffnungen und \u00c4ngste - Play on IPlay","isPartOf":{"@id":"https:\/\/www.iplay.com\/en\/#website"},"primaryImageOfPage":{"@id":"https:\/\/www.iplay.com\/de\/games\/delicious-emilys-hopes-and-fears\/#primaryimage"},"image":{"@id":"https:\/\/www.iplay.com\/de\/games\/delicious-emilys-hopes-and-fears\/#primaryimage"},"thumbnailUrl":"https:\/\/www.iplay.com\/wp-content\/uploads\/2024\/04\/delicious_emilys_hopes_and_fears_thumb200x200-3.webp","datePublished":"2024-04-08T16:51:35+00:00","description":"Begleite Emily auf einer epischen Reise, um ihre Tochter zu retten","breadcrumb":{"@id":"https:\/\/www.iplay.com\/de\/games\/delicious-emilys-hopes-and-fears\/#breadcrumb"},"inLanguage":"de-DE","potentialAction":[{"@type":"ReadAction","target":["https:\/\/www.iplay.com\/de\/games\/delicious-emilys-hopes-and-fears\/"]}]},{"@type":"ImageObject","inLanguage":"de-DE","@id":"https:\/\/www.iplay.com\/de\/games\/delicious-emilys-hopes-and-fears\/#primaryimage","url":"https:\/\/www.iplay.com\/wp-content\/uploads\/2024\/04\/delicious_emilys_hopes_and_fears_thumb200x200-3.webp","contentUrl":"https:\/\/www.iplay.com\/wp-content\/uploads\/2024\/04\/delicious_emilys_hopes_and_fears_thumb200x200-3.webp","width":715,"height":485},{"@type":"BreadcrumbList","@id":"https:\/\/www.iplay.com\/de\/games\/delicious-emilys-hopes-and-fears\/#breadcrumb","itemListElement":[{"@type":"ListItem","position":1,"name":"Home","item":"https:\/\/www.iplay.com\/de\/home-page-2\/"},{"@type":"ListItem","position":2,"name":"Shop","item":"https:\/\/www.iplay.com\/en\/shop\/"},{"@type":"ListItem","position":3,"name":"Delicious Emily&#8217;s &#8211; Hopes and Fears"}]},{"@type":"WebSite","@id":"https:\/\/www.iplay.com\/en\/#website","url":"https:\/\/www.iplay.com\/en\/","name":"IPlay","description":"The Best Casual Games!","publisher":{"@id":"https:\/\/www.iplay.com\/en\/#organization"},"potentialAction":[{"@type":"SearchAction","target":{"@type":"EntryPoint","urlTemplate":"https:\/\/www.iplay.com\/en\/?s={search_term_string}"},"query-input":{"@type":"PropertyValueSpecification","valueRequired":true,"valueName":"search_term_string"}}],"inLanguage":"de-DE"},{"@type":"Organization","@id":"https:\/\/www.iplay.com\/en\/#organization","name":"IPlay","url":"https:\/\/www.iplay.com\/en\/","logo":{"@type":"ImageObject","inLanguage":"de-DE","@id":"https:\/\/www.iplay.com\/en\/#\/schema\/logo\/image\/","url":"https:\/\/www.iplay.com\/wp-content\/uploads\/2023\/11\/Group-6100.svg","contentUrl":"https:\/\/www.iplay.com\/wp-content\/uploads\/2023\/11\/Group-6100.svg","width":98,"height":25,"caption":"IPlay"},"image":{"@id":"https:\/\/www.iplay.com\/en\/#\/schema\/logo\/image\/"}}]}},"_links":{"self":[{"href":"https:\/\/www.iplay.com\/de\/wp-json\/wp\/v2\/product\/132158","targetHints":{"allow":["GET"]}}],"collection":[{"href":"https:\/\/www.iplay.com\/de\/wp-json\/wp\/v2\/product"}],"about":[{"href":"https:\/\/www.iplay.com\/de\/wp-json\/wp\/v2\/types\/product"}],"author":[{"embeddable":true,"href":"https:\/\/www.iplay.com\/de\/wp-json\/wp\/v2\/users\/10"}],"replies":[{"embeddable":true,"href":"https:\/\/www.iplay.com\/de\/wp-json\/wp\/v2\/comments?post=132158"}],"wp:featuredmedia":[{"embeddable":true,"href":"https:\/\/www.iplay.com\/de\/wp-json\/wp\/v2\/media\/118007"}],"wp:attachment":[{"href":"https:\/\/www.iplay.com\/de\/wp-json\/wp\/v2\/media?parent=132158"}],"wp:term":[{"taxonomy":"product_brand","embeddable":true,"href":"https:\/\/www.iplay.com\/de\/wp-json\/wp\/v2\/product_brand?post=132158"},{"taxonomy":"product_cat","embeddable":true,"href":"https:\/\/www.iplay.com\/de\/wp-json\/wp\/v2\/product_cat?post=132158"},{"taxonomy":"product_tag","embeddable":true,"href":"https:\/\/www.iplay.com\/de\/wp-json\/wp\/v2\/product_tag?post=132158"}],"curies":[{"name":"wp","href":"https:\/\/api.w.org\/{rel}","templated":true}]}}