{"id":132136,"date":"2024-04-08T16:52:05","date_gmt":"2024-04-08T16:52:05","guid":{"rendered":"https:\/\/www.iplay.com\/games\/treasure-miner\/"},"modified":"2024-04-08T16:52:05","modified_gmt":"2024-04-08T16:52:05","slug":"treasure-miner","status":"publish","type":"product","link":"https:\/\/www.iplay.com\/de\/games\/treasure-miner\/","title":{"rendered":"Treasure Miner"},"content":{"rendered":"<p>Sei ein echter Schatzgr\u00e4ber in diesem kostenlosen online Spiel und ziehe alle m\u00f6glichen Reicht\u00fcmer aus dem Boden &#8211; du wirst ihn graben!<\/p>\n<p>W\u00e4hrend andere Minenarbeiter Tunnel in die Berge fahren, sch\u00fcrfst du auf die coole Art!<\/p>\n<p>Du rammst einfach deinen Haken in den Boden und ziehst alle Erze oder Edelsteine hoch, die du innerhalb von sechzig Sekunden greifen kannst.<\/p>\n<p>Um deinen Gewinn zu maximieren, kannst du die Punkte, die du verdient hast, in hilfreiche Werkzeuge wie einen besseren Haken, Bomben, um die nutzlosen Steine auf deinem Weg zu sprengen, etwas zus\u00e4tzliche Zeit oder die M\u00f6glichkeit, deinen Haken schneller zur\u00fcckzuziehen, investieren.<\/p>\n<p>Spiele jetzt, finde heraus, ob du einer der wenigen Miner sein kannst, die tats\u00e4chlich reich werden!<\/p>\n","protected":false},"excerpt":{"rendered":"<p>Sei ein Miner und ziehe alle m\u00f6glichen Reicht\u00fcmer aus dem Boden<\/p>\n","protected":false},"author":326,"featured_media":117987,"comment_status":"open","ping_status":"closed","template":"","meta":{"_acf_changed":false,"inline_featured_image":false},"product_brand":[],"product_cat":[180,194],"product_tag":[284,299,289],"class_list":{"0":"post-132136","1":"product","2":"type-product","3":"status-publish","4":"has-post-thumbnail","6":"product_cat-mobile-games-de","7":"product_cat-puzzle-de","8":"product_tag-play-on-mac-de","9":"product_tag-play-on-mobile-de","10":"product_tag-play-on-pc-de","12":"first","13":"instock","14":"shipping-taxable","15":"purchasable","16":"product-type-html5_game"},"acf":[],"yoast_head":"<!-- This site is optimized with the Yoast SEO Premium plugin v25.2 (Yoast SEO v25.2) - https:\/\/yoast.com\/wordpress\/plugins\/seo\/ -->\n<title>Treasure Miner - Spielen Sie auf IPlay<\/title>\n<meta name=\"description\" content=\"Sei ein Miner und ziehe alle m\u00f6glichen Reicht\u00fcmer aus dem Boden\" \/>\n<meta name=\"robots\" content=\"index, follow, max-snippet:-1, max-image-preview:large, max-video-preview:-1\" \/>\n<link rel=\"canonical\" href=\"https:\/\/www.iplay.com\/de\/games\/treasure-miner\/\" \/>\n<meta property=\"og:locale\" content=\"de_DE\" \/>\n<meta property=\"og:type\" content=\"article\" \/>\n<meta property=\"og:title\" content=\"Treasure Miner\" \/>\n<meta property=\"og:description\" content=\"Sei ein Miner und ziehe alle m\u00f6glichen Reicht\u00fcmer aus dem Boden\" \/>\n<meta property=\"og:url\" content=\"https:\/\/www.iplay.com\/de\/games\/treasure-miner\/\" \/>\n<meta property=\"og:site_name\" content=\"IPlay\" \/>\n<meta property=\"og:image\" content=\"https:\/\/www.iplay.com\/wp-content\/uploads\/2024\/04\/treasure_miner_thumb200x200-2.webp\" \/>\n\t<meta property=\"og:image:width\" content=\"715\" \/>\n\t<meta property=\"og:image:height\" content=\"485\" \/>\n\t<meta property=\"og:image:type\" content=\"image\/webp\" \/>\n<meta name=\"twitter:card\" content=\"summary_large_image\" \/>\n<meta name=\"twitter:label1\" content=\"Gesch\u00e4tzte Lesezeit\" \/>\n\t<meta name=\"twitter:data1\" content=\"1 Minute\" \/>\n<script type=\"application\/ld+json\" class=\"yoast-schema-graph\">{\"@context\":\"https:\/\/schema.org\",\"@graph\":[{\"@type\":\"WebPage\",\"@id\":\"https:\/\/www.iplay.com\/de\/games\/treasure-miner\/\",\"url\":\"https:\/\/www.iplay.com\/de\/games\/treasure-miner\/\",\"name\":\"Treasure Miner - Spielen Sie auf IPlay\",\"isPartOf\":{\"@id\":\"https:\/\/www.iplay.com\/en\/#website\"},\"primaryImageOfPage\":{\"@id\":\"https:\/\/www.iplay.com\/de\/games\/treasure-miner\/#primaryimage\"},\"image\":{\"@id\":\"https:\/\/www.iplay.com\/de\/games\/treasure-miner\/#primaryimage\"},\"thumbnailUrl\":\"https:\/\/www.iplay.com\/wp-content\/uploads\/2024\/04\/treasure_miner_thumb200x200-2.webp\",\"datePublished\":\"2024-04-08T16:52:05+00:00\",\"description\":\"Sei ein Miner und ziehe alle m\u00f6glichen Reicht\u00fcmer aus dem Boden\",\"breadcrumb\":{\"@id\":\"https:\/\/www.iplay.com\/de\/games\/treasure-miner\/#breadcrumb\"},\"inLanguage\":\"de-DE\",\"potentialAction\":[{\"@type\":\"ReadAction\",\"target\":[\"https:\/\/www.iplay.com\/de\/games\/treasure-miner\/\"]}]},{\"@type\":\"ImageObject\",\"inLanguage\":\"de-DE\",\"@id\":\"https:\/\/www.iplay.com\/de\/games\/treasure-miner\/#primaryimage\",\"url\":\"https:\/\/www.iplay.com\/wp-content\/uploads\/2024\/04\/treasure_miner_thumb200x200-2.webp\",\"contentUrl\":\"https:\/\/www.iplay.com\/wp-content\/uploads\/2024\/04\/treasure_miner_thumb200x200-2.webp\",\"width\":715,\"height\":485},{\"@type\":\"BreadcrumbList\",\"@id\":\"https:\/\/www.iplay.com\/de\/games\/treasure-miner\/#breadcrumb\",\"itemListElement\":[{\"@type\":\"ListItem\",\"position\":1,\"name\":\"Home\",\"item\":\"https:\/\/www.iplay.com\/de\/home-page-2\/\"},{\"@type\":\"ListItem\",\"position\":2,\"name\":\"Shop\",\"item\":\"https:\/\/www.iplay.com\/en\/shop\/\"},{\"@type\":\"ListItem\",\"position\":3,\"name\":\"Treasure Miner\"}]},{\"@type\":\"WebSite\",\"@id\":\"https:\/\/www.iplay.com\/en\/#website\",\"url\":\"https:\/\/www.iplay.com\/en\/\",\"name\":\"IPlay\",\"description\":\"The Best Casual Games!\",\"publisher\":{\"@id\":\"https:\/\/www.iplay.com\/en\/#organization\"},\"potentialAction\":[{\"@type\":\"SearchAction\",\"target\":{\"@type\":\"EntryPoint\",\"urlTemplate\":\"https:\/\/www.iplay.com\/en\/?s={search_term_string}\"},\"query-input\":{\"@type\":\"PropertyValueSpecification\",\"valueRequired\":true,\"valueName\":\"search_term_string\"}}],\"inLanguage\":\"de-DE\"},{\"@type\":\"Organization\",\"@id\":\"https:\/\/www.iplay.com\/en\/#organization\",\"name\":\"IPlay\",\"url\":\"https:\/\/www.iplay.com\/en\/\",\"logo\":{\"@type\":\"ImageObject\",\"inLanguage\":\"de-DE\",\"@id\":\"https:\/\/www.iplay.com\/en\/#\/schema\/logo\/image\/\",\"url\":\"https:\/\/www.iplay.com\/wp-content\/uploads\/2023\/11\/Group-6100.svg\",\"contentUrl\":\"https:\/\/www.iplay.com\/wp-content\/uploads\/2023\/11\/Group-6100.svg\",\"width\":98,\"height\":25,\"caption\":\"IPlay\"},\"image\":{\"@id\":\"https:\/\/www.iplay.com\/en\/#\/schema\/logo\/image\/\"}}]}<\/script>\n<!-- \/ Yoast SEO Premium plugin. -->","yoast_head_json":{"title":"Treasure Miner - Spielen Sie auf IPlay","description":"Sei ein Miner und ziehe alle m\u00f6glichen Reicht\u00fcmer aus dem Boden","robots":{"index":"index","follow":"follow","max-snippet":"max-snippet:-1","max-image-preview":"max-image-preview:large","max-video-preview":"max-video-preview:-1"},"canonical":"https:\/\/www.iplay.com\/de\/games\/treasure-miner\/","og_locale":"de_DE","og_type":"article","og_title":"Treasure Miner","og_description":"Sei ein Miner und ziehe alle m\u00f6glichen Reicht\u00fcmer aus dem Boden","og_url":"https:\/\/www.iplay.com\/de\/games\/treasure-miner\/","og_site_name":"IPlay","og_image":[{"width":715,"height":485,"url":"https:\/\/www.iplay.com\/wp-content\/uploads\/2024\/04\/treasure_miner_thumb200x200-2.webp","type":"image\/webp"}],"twitter_card":"summary_large_image","twitter_misc":{"Gesch\u00e4tzte Lesezeit":"1 Minute"},"schema":{"@context":"https:\/\/schema.org","@graph":[{"@type":"WebPage","@id":"https:\/\/www.iplay.com\/de\/games\/treasure-miner\/","url":"https:\/\/www.iplay.com\/de\/games\/treasure-miner\/","name":"Treasure Miner - Spielen Sie auf IPlay","isPartOf":{"@id":"https:\/\/www.iplay.com\/en\/#website"},"primaryImageOfPage":{"@id":"https:\/\/www.iplay.com\/de\/games\/treasure-miner\/#primaryimage"},"image":{"@id":"https:\/\/www.iplay.com\/de\/games\/treasure-miner\/#primaryimage"},"thumbnailUrl":"https:\/\/www.iplay.com\/wp-content\/uploads\/2024\/04\/treasure_miner_thumb200x200-2.webp","datePublished":"2024-04-08T16:52:05+00:00","description":"Sei ein Miner und ziehe alle m\u00f6glichen Reicht\u00fcmer aus dem Boden","breadcrumb":{"@id":"https:\/\/www.iplay.com\/de\/games\/treasure-miner\/#breadcrumb"},"inLanguage":"de-DE","potentialAction":[{"@type":"ReadAction","target":["https:\/\/www.iplay.com\/de\/games\/treasure-miner\/"]}]},{"@type":"ImageObject","inLanguage":"de-DE","@id":"https:\/\/www.iplay.com\/de\/games\/treasure-miner\/#primaryimage","url":"https:\/\/www.iplay.com\/wp-content\/uploads\/2024\/04\/treasure_miner_thumb200x200-2.webp","contentUrl":"https:\/\/www.iplay.com\/wp-content\/uploads\/2024\/04\/treasure_miner_thumb200x200-2.webp","width":715,"height":485},{"@type":"BreadcrumbList","@id":"https:\/\/www.iplay.com\/de\/games\/treasure-miner\/#breadcrumb","itemListElement":[{"@type":"ListItem","position":1,"name":"Home","item":"https:\/\/www.iplay.com\/de\/home-page-2\/"},{"@type":"ListItem","position":2,"name":"Shop","item":"https:\/\/www.iplay.com\/en\/shop\/"},{"@type":"ListItem","position":3,"name":"Treasure Miner"}]},{"@type":"WebSite","@id":"https:\/\/www.iplay.com\/en\/#website","url":"https:\/\/www.iplay.com\/en\/","name":"IPlay","description":"The Best Casual Games!","publisher":{"@id":"https:\/\/www.iplay.com\/en\/#organization"},"potentialAction":[{"@type":"SearchAction","target":{"@type":"EntryPoint","urlTemplate":"https:\/\/www.iplay.com\/en\/?s={search_term_string}"},"query-input":{"@type":"PropertyValueSpecification","valueRequired":true,"valueName":"search_term_string"}}],"inLanguage":"de-DE"},{"@type":"Organization","@id":"https:\/\/www.iplay.com\/en\/#organization","name":"IPlay","url":"https:\/\/www.iplay.com\/en\/","logo":{"@type":"ImageObject","inLanguage":"de-DE","@id":"https:\/\/www.iplay.com\/en\/#\/schema\/logo\/image\/","url":"https:\/\/www.iplay.com\/wp-content\/uploads\/2023\/11\/Group-6100.svg","contentUrl":"https:\/\/www.iplay.com\/wp-content\/uploads\/2023\/11\/Group-6100.svg","width":98,"height":25,"caption":"IPlay"},"image":{"@id":"https:\/\/www.iplay.com\/en\/#\/schema\/logo\/image\/"}}]}},"_links":{"self":[{"href":"https:\/\/www.iplay.com\/de\/wp-json\/wp\/v2\/product\/132136","targetHints":{"allow":["GET"]}}],"collection":[{"href":"https:\/\/www.iplay.com\/de\/wp-json\/wp\/v2\/product"}],"about":[{"href":"https:\/\/www.iplay.com\/de\/wp-json\/wp\/v2\/types\/product"}],"author":[{"embeddable":true,"href":"https:\/\/www.iplay.com\/de\/wp-json\/wp\/v2\/users\/326"}],"replies":[{"embeddable":true,"href":"https:\/\/www.iplay.com\/de\/wp-json\/wp\/v2\/comments?post=132136"}],"wp:featuredmedia":[{"embeddable":true,"href":"https:\/\/www.iplay.com\/de\/wp-json\/wp\/v2\/media\/117987"}],"wp:attachment":[{"href":"https:\/\/www.iplay.com\/de\/wp-json\/wp\/v2\/media?parent=132136"}],"wp:term":[{"taxonomy":"product_brand","embeddable":true,"href":"https:\/\/www.iplay.com\/de\/wp-json\/wp\/v2\/product_brand?post=132136"},{"taxonomy":"product_cat","embeddable":true,"href":"https:\/\/www.iplay.com\/de\/wp-json\/wp\/v2\/product_cat?post=132136"},{"taxonomy":"product_tag","embeddable":true,"href":"https:\/\/www.iplay.com\/de\/wp-json\/wp\/v2\/product_tag?post=132136"}],"curies":[{"name":"wp","href":"https:\/\/api.w.org\/{rel}","templated":true}]}}