{"id":132019,"date":"2022-12-09T00:00:02","date_gmt":"2022-12-09T00:00:02","guid":{"rendered":"https:\/\/www.iplay.com\/games\/connected-hearts-fortune-play-collectors-edition\/"},"modified":"2022-12-09T00:00:02","modified_gmt":"2022-12-09T00:00:02","slug":"connected-hearts-fortune-play-collectors-edition","status":"publish","type":"product","link":"https:\/\/www.iplay.com\/de\/games\/connected-hearts-fortune-play-collectors-edition\/","title":{"rendered":"Connected Hearts: Fortune Play Collector&#8217;s Edition"},"content":{"rendered":"<p>Jeder will gewinnen; Niemand verliert gerne. Dreyer Crowley hatte eine harte Erziehung, weil er in einem Waisenhaus untergebracht wurde, nachdem er beide Eltern verloren hatte. Als er \u00e4lter wird, ist Dreyer entschlossen, eine nicht enden wollende Serie von Pech zu beenden und den Ruf seiner Familie wiederherzustellen. Doch es gibt einen Haken: Dreyer hat kein Gl\u00fcck. In einem verzweifelten Versuch schlie\u00dft er einen Deal mit Fortuna: grenzenlosen Wohlstand im Gegenzug f\u00fcr z\u00e4rtliche Herzen. Dreyers n\u00e4chste Ziele sind Franz und Beatrice. L\u00f6se herausfordernde R\u00e4tsel, t\u00e4usche die Handlanger des Antagonisten und rette das verliebte Paar. Das Spiel hat begonnen! Sammle deine Gerissenheit f\u00fcr eine unglaubliche Detektivgeschichte in diesem spannenden neuen Wimmelbild-Abenteuer!        <\/p>\n<p>&nbsp;<\/p>\n<p>&nbsp;<\/p>\n<p><strong>Funktionen:  <\/strong><\/p>\n<p>&nbsp;<\/p>\n<p>&#8211; Schl\u00fcpfen Sie in die Rollen von zwei unterschiedlichen Pers\u00f6nlichkeiten, um die Situation vollst\u00e4ndig zu verstehen.<\/p>\n<p>&#8211; \u00dcbernehmen Sie die Verantwortung f\u00fcr Ihr Handeln und tragen Sie die Konsequenzen.<\/p>\n<p>&#8211; L\u00f6se mehr als 25 schwierige R\u00e4tsel!<\/p>\n<p>&#8211; Verfolge den Weg des Phantoms im Bonuskapitel, um die schreckliche Geschichte des bekanntesten Dramas der Welt zu entr\u00e4tseln!<\/p>\n","protected":false},"excerpt":{"rendered":"<p>Liebe hat die Kraft zu heilen und zu heilen. Aber ist es m\u00f6glich, Liebe durch List oder Gewalt zu erlangen? <\/p>\n","protected":false},"author":52,"featured_media":75115,"comment_status":"open","ping_status":"closed","template":"","meta":{"_acf_changed":false,"inline_featured_image":false},"product_brand":[],"product_cat":[164],"product_tag":[289,352],"class_list":{"0":"post-132019","1":"product","2":"type-product","3":"status-publish","4":"has-post-thumbnail","6":"product_cat-hidden-object-de","7":"product_tag-play-on-pc-de","8":"product_tag-valentines-day-de-2","10":"first","11":"instock","12":"shipping-taxable","13":"purchasable","14":"product-type-simple"},"acf":[],"yoast_head":"<!-- This site is optimized with the Yoast SEO Premium plugin v25.2 (Yoast SEO v25.2) - https:\/\/yoast.com\/wordpress\/plugins\/seo\/ -->\n<title>Connected Hearts: FortuneCollector&#039;s Edition - Liebe kann sowohl verwunden als auch heilen. Kann man tr\u00fcgerisch Liebe bekommen?<\/title>\n<meta name=\"description\" content=\"Liebe hat die Kraft zu heilen und zu heilen. Aber ist es m\u00f6glich, Liebe durch List oder Gewalt zu erlangen?\" \/>\n<meta name=\"robots\" content=\"index, follow, max-snippet:-1, max-image-preview:large, max-video-preview:-1\" \/>\n<link rel=\"canonical\" href=\"https:\/\/www.iplay.com\/de\/games\/connected-hearts-fortune-play-collectors-edition\/\" \/>\n<meta property=\"og:locale\" content=\"de_DE\" \/>\n<meta property=\"og:type\" content=\"article\" \/>\n<meta property=\"og:title\" content=\"Connected Hearts: Fortune Play Collector&#039;s Edition\" \/>\n<meta property=\"og:description\" content=\"Liebe hat die Kraft zu heilen und zu heilen. Aber ist es m\u00f6glich, Liebe durch List oder Gewalt zu erlangen?\" \/>\n<meta property=\"og:url\" content=\"https:\/\/www.iplay.com\/de\/games\/connected-hearts-fortune-play-collectors-edition\/\" \/>\n<meta property=\"og:site_name\" content=\"IPlay\" \/>\n<meta property=\"og:image\" content=\"https:\/\/www.iplay.com\/wp-content\/uploads\/2023\/12\/large_square_tile_image-2189.jpg\" \/>\n\t<meta property=\"og:image:width\" content=\"310\" \/>\n\t<meta property=\"og:image:height\" content=\"310\" \/>\n\t<meta property=\"og:image:type\" content=\"image\/jpeg\" \/>\n<meta name=\"twitter:card\" content=\"summary_large_image\" \/>\n<meta name=\"twitter:label1\" content=\"Gesch\u00e4tzte Lesezeit\" \/>\n\t<meta name=\"twitter:data1\" content=\"1 Minute\" \/>\n<script type=\"application\/ld+json\" class=\"yoast-schema-graph\">{\"@context\":\"https:\/\/schema.org\",\"@graph\":[{\"@type\":\"WebPage\",\"@id\":\"https:\/\/www.iplay.com\/de\/games\/connected-hearts-fortune-play-collectors-edition\/\",\"url\":\"https:\/\/www.iplay.com\/de\/games\/connected-hearts-fortune-play-collectors-edition\/\",\"name\":\"Connected Hearts: FortuneCollector's Edition - Liebe kann sowohl verwunden als auch heilen. Kann man tr\u00fcgerisch Liebe bekommen?\",\"isPartOf\":{\"@id\":\"https:\/\/www.iplay.com\/en\/#website\"},\"primaryImageOfPage\":{\"@id\":\"https:\/\/www.iplay.com\/de\/games\/connected-hearts-fortune-play-collectors-edition\/#primaryimage\"},\"image\":{\"@id\":\"https:\/\/www.iplay.com\/de\/games\/connected-hearts-fortune-play-collectors-edition\/#primaryimage\"},\"thumbnailUrl\":\"https:\/\/www.iplay.com\/wp-content\/uploads\/2023\/12\/large_square_tile_image-2189.jpg\",\"datePublished\":\"2022-12-09T00:00:02+00:00\",\"description\":\"Liebe hat die Kraft zu heilen und zu heilen. Aber ist es m\u00f6glich, Liebe durch List oder Gewalt zu erlangen?\",\"breadcrumb\":{\"@id\":\"https:\/\/www.iplay.com\/de\/games\/connected-hearts-fortune-play-collectors-edition\/#breadcrumb\"},\"inLanguage\":\"de-DE\",\"potentialAction\":[{\"@type\":\"ReadAction\",\"target\":[\"https:\/\/www.iplay.com\/de\/games\/connected-hearts-fortune-play-collectors-edition\/\"]}]},{\"@type\":\"ImageObject\",\"inLanguage\":\"de-DE\",\"@id\":\"https:\/\/www.iplay.com\/de\/games\/connected-hearts-fortune-play-collectors-edition\/#primaryimage\",\"url\":\"https:\/\/www.iplay.com\/wp-content\/uploads\/2023\/12\/large_square_tile_image-2189.jpg\",\"contentUrl\":\"https:\/\/www.iplay.com\/wp-content\/uploads\/2023\/12\/large_square_tile_image-2189.jpg\",\"width\":310,\"height\":310},{\"@type\":\"BreadcrumbList\",\"@id\":\"https:\/\/www.iplay.com\/de\/games\/connected-hearts-fortune-play-collectors-edition\/#breadcrumb\",\"itemListElement\":[{\"@type\":\"ListItem\",\"position\":1,\"name\":\"Home\",\"item\":\"https:\/\/www.iplay.com\/de\/home-page-2\/\"},{\"@type\":\"ListItem\",\"position\":2,\"name\":\"Shop\",\"item\":\"https:\/\/www.iplay.com\/en\/shop\/\"},{\"@type\":\"ListItem\",\"position\":3,\"name\":\"Connected Hearts: Fortune Play Collector&#8217;s Edition\"}]},{\"@type\":\"WebSite\",\"@id\":\"https:\/\/www.iplay.com\/en\/#website\",\"url\":\"https:\/\/www.iplay.com\/en\/\",\"name\":\"IPlay\",\"description\":\"The Best Casual Games!\",\"publisher\":{\"@id\":\"https:\/\/www.iplay.com\/en\/#organization\"},\"potentialAction\":[{\"@type\":\"SearchAction\",\"target\":{\"@type\":\"EntryPoint\",\"urlTemplate\":\"https:\/\/www.iplay.com\/en\/?s={search_term_string}\"},\"query-input\":{\"@type\":\"PropertyValueSpecification\",\"valueRequired\":true,\"valueName\":\"search_term_string\"}}],\"inLanguage\":\"de-DE\"},{\"@type\":\"Organization\",\"@id\":\"https:\/\/www.iplay.com\/en\/#organization\",\"name\":\"IPlay\",\"url\":\"https:\/\/www.iplay.com\/en\/\",\"logo\":{\"@type\":\"ImageObject\",\"inLanguage\":\"de-DE\",\"@id\":\"https:\/\/www.iplay.com\/en\/#\/schema\/logo\/image\/\",\"url\":\"https:\/\/www.iplay.com\/wp-content\/uploads\/2023\/11\/Group-6100.svg\",\"contentUrl\":\"https:\/\/www.iplay.com\/wp-content\/uploads\/2023\/11\/Group-6100.svg\",\"width\":98,\"height\":25,\"caption\":\"IPlay\"},\"image\":{\"@id\":\"https:\/\/www.iplay.com\/en\/#\/schema\/logo\/image\/\"}}]}<\/script>\n<!-- \/ Yoast SEO Premium plugin. -->","yoast_head_json":{"title":"Connected Hearts: FortuneCollector's Edition - Liebe kann sowohl verwunden als auch heilen. Kann man tr\u00fcgerisch Liebe bekommen?","description":"Liebe hat die Kraft zu heilen und zu heilen. Aber ist es m\u00f6glich, Liebe durch List oder Gewalt zu erlangen?","robots":{"index":"index","follow":"follow","max-snippet":"max-snippet:-1","max-image-preview":"max-image-preview:large","max-video-preview":"max-video-preview:-1"},"canonical":"https:\/\/www.iplay.com\/de\/games\/connected-hearts-fortune-play-collectors-edition\/","og_locale":"de_DE","og_type":"article","og_title":"Connected Hearts: Fortune Play Collector's Edition","og_description":"Liebe hat die Kraft zu heilen und zu heilen. Aber ist es m\u00f6glich, Liebe durch List oder Gewalt zu erlangen?","og_url":"https:\/\/www.iplay.com\/de\/games\/connected-hearts-fortune-play-collectors-edition\/","og_site_name":"IPlay","og_image":[{"width":310,"height":310,"url":"https:\/\/www.iplay.com\/wp-content\/uploads\/2023\/12\/large_square_tile_image-2189.jpg","type":"image\/jpeg"}],"twitter_card":"summary_large_image","twitter_misc":{"Gesch\u00e4tzte Lesezeit":"1 Minute"},"schema":{"@context":"https:\/\/schema.org","@graph":[{"@type":"WebPage","@id":"https:\/\/www.iplay.com\/de\/games\/connected-hearts-fortune-play-collectors-edition\/","url":"https:\/\/www.iplay.com\/de\/games\/connected-hearts-fortune-play-collectors-edition\/","name":"Connected Hearts: FortuneCollector's Edition - Liebe kann sowohl verwunden als auch heilen. Kann man tr\u00fcgerisch Liebe bekommen?","isPartOf":{"@id":"https:\/\/www.iplay.com\/en\/#website"},"primaryImageOfPage":{"@id":"https:\/\/www.iplay.com\/de\/games\/connected-hearts-fortune-play-collectors-edition\/#primaryimage"},"image":{"@id":"https:\/\/www.iplay.com\/de\/games\/connected-hearts-fortune-play-collectors-edition\/#primaryimage"},"thumbnailUrl":"https:\/\/www.iplay.com\/wp-content\/uploads\/2023\/12\/large_square_tile_image-2189.jpg","datePublished":"2022-12-09T00:00:02+00:00","description":"Liebe hat die Kraft zu heilen und zu heilen. Aber ist es m\u00f6glich, Liebe durch List oder Gewalt zu erlangen?","breadcrumb":{"@id":"https:\/\/www.iplay.com\/de\/games\/connected-hearts-fortune-play-collectors-edition\/#breadcrumb"},"inLanguage":"de-DE","potentialAction":[{"@type":"ReadAction","target":["https:\/\/www.iplay.com\/de\/games\/connected-hearts-fortune-play-collectors-edition\/"]}]},{"@type":"ImageObject","inLanguage":"de-DE","@id":"https:\/\/www.iplay.com\/de\/games\/connected-hearts-fortune-play-collectors-edition\/#primaryimage","url":"https:\/\/www.iplay.com\/wp-content\/uploads\/2023\/12\/large_square_tile_image-2189.jpg","contentUrl":"https:\/\/www.iplay.com\/wp-content\/uploads\/2023\/12\/large_square_tile_image-2189.jpg","width":310,"height":310},{"@type":"BreadcrumbList","@id":"https:\/\/www.iplay.com\/de\/games\/connected-hearts-fortune-play-collectors-edition\/#breadcrumb","itemListElement":[{"@type":"ListItem","position":1,"name":"Home","item":"https:\/\/www.iplay.com\/de\/home-page-2\/"},{"@type":"ListItem","position":2,"name":"Shop","item":"https:\/\/www.iplay.com\/en\/shop\/"},{"@type":"ListItem","position":3,"name":"Connected Hearts: Fortune Play Collector&#8217;s Edition"}]},{"@type":"WebSite","@id":"https:\/\/www.iplay.com\/en\/#website","url":"https:\/\/www.iplay.com\/en\/","name":"IPlay","description":"The Best Casual Games!","publisher":{"@id":"https:\/\/www.iplay.com\/en\/#organization"},"potentialAction":[{"@type":"SearchAction","target":{"@type":"EntryPoint","urlTemplate":"https:\/\/www.iplay.com\/en\/?s={search_term_string}"},"query-input":{"@type":"PropertyValueSpecification","valueRequired":true,"valueName":"search_term_string"}}],"inLanguage":"de-DE"},{"@type":"Organization","@id":"https:\/\/www.iplay.com\/en\/#organization","name":"IPlay","url":"https:\/\/www.iplay.com\/en\/","logo":{"@type":"ImageObject","inLanguage":"de-DE","@id":"https:\/\/www.iplay.com\/en\/#\/schema\/logo\/image\/","url":"https:\/\/www.iplay.com\/wp-content\/uploads\/2023\/11\/Group-6100.svg","contentUrl":"https:\/\/www.iplay.com\/wp-content\/uploads\/2023\/11\/Group-6100.svg","width":98,"height":25,"caption":"IPlay"},"image":{"@id":"https:\/\/www.iplay.com\/en\/#\/schema\/logo\/image\/"}}]}},"_links":{"self":[{"href":"https:\/\/www.iplay.com\/de\/wp-json\/wp\/v2\/product\/132019","targetHints":{"allow":["GET"]}}],"collection":[{"href":"https:\/\/www.iplay.com\/de\/wp-json\/wp\/v2\/product"}],"about":[{"href":"https:\/\/www.iplay.com\/de\/wp-json\/wp\/v2\/types\/product"}],"author":[{"embeddable":true,"href":"https:\/\/www.iplay.com\/de\/wp-json\/wp\/v2\/users\/52"}],"replies":[{"embeddable":true,"href":"https:\/\/www.iplay.com\/de\/wp-json\/wp\/v2\/comments?post=132019"}],"wp:featuredmedia":[{"embeddable":true,"href":"https:\/\/www.iplay.com\/de\/wp-json\/wp\/v2\/media\/75115"}],"wp:attachment":[{"href":"https:\/\/www.iplay.com\/de\/wp-json\/wp\/v2\/media?parent=132019"}],"wp:term":[{"taxonomy":"product_brand","embeddable":true,"href":"https:\/\/www.iplay.com\/de\/wp-json\/wp\/v2\/product_brand?post=132019"},{"taxonomy":"product_cat","embeddable":true,"href":"https:\/\/www.iplay.com\/de\/wp-json\/wp\/v2\/product_cat?post=132019"},{"taxonomy":"product_tag","embeddable":true,"href":"https:\/\/www.iplay.com\/de\/wp-json\/wp\/v2\/product_tag?post=132019"}],"curies":[{"name":"wp","href":"https:\/\/api.w.org\/{rel}","templated":true}]}}