{"id":131993,"date":"2022-12-16T00:00:01","date_gmt":"2022-12-16T00:00:01","guid":{"rendered":"https:\/\/www.iplay.com\/games\/new-yankee-12-karma-tales-collectors-edition\/"},"modified":"2022-12-16T00:00:01","modified_gmt":"2022-12-16T00:00:01","slug":"new-yankee-12-karma-tales-collectors-edition","status":"publish","type":"product","link":"https:\/\/www.iplay.com\/de\/games\/new-yankee-12-karma-tales-collectors-edition\/","title":{"rendered":"New Yankee 12: Karma Tales Collector&#8217;s Edition"},"content":{"rendered":"<p>John und Mary, das mutige und beeindruckende Team, haben von K\u00f6nig Arthur eine weitere \u00e4u\u00dferst wichtige Aufgabe erhalten. Es liegt an John, Mary und ihren Freunden, herauszufinden, warum der normalerweise konstante Fluss von Seide, Gew\u00fcrzen, Kuriosit\u00e4ten und Ressourcen aufgeh\u00f6rt hat! Der Raja, der normalerweise f\u00fcr den Versand dieser G\u00fcter zust\u00e4ndig war, was geschah mit ihm? Ist er in Gefahr, oder gibt es einen anderen Grund f\u00fcr sein Verschwinden? Es liegt in deiner Verantwortung, John und Mary bei der Suche nach dem vermissten Raja zu helfen. Auf der Reise lernst du neue Leute kennen, von denen sich einige sogar als n\u00fctzlich erweisen k\u00f6nnten! Du musst die zahlreichen Schwierigkeiten durchstehen, denen unsere Helden auf der Suche nach dem verlorenen Raja begegnen werden. Navigieren Sie durch herrliche Landschaften, indem Sie zeigen und klicken, w\u00e4hrend Sie gegen die Uhr antreten. Um sicheres Reisen zu garantieren, instand und verbessere Geb\u00e4ude, sammle Ressourcen, sch\u00fcrfe Reicht\u00fcmer und vieles mehr! Auf dem Weg dorthin musst du vielleicht sogar ein paar Bilder erstellen, R\u00e4tsel l\u00f6sen, gelegentlich ein Mantra finden und sogar ein wenig tanzen! Es k\u00f6nnte der letzte Moment f\u00fcr den vermissten Raja sein. Wer wei\u00df, in welcher Gefahr er sich bereits befindet? Der Text ist fett gedruckt.            <\/p>\n<p>&nbsp;<\/p>\n<p>&nbsp;<\/p>\n<p><strong>Funktionen:<\/strong><\/p>\n<p>&nbsp;<\/p>\n<p>&#8211; 45 einzigartige und herausfordernde zeitlich begrenzte Levels<br \/>\n&#8211; Weitere 8 Levels mit Signalt\u00fcrmen<br \/>\n&#8211; 11 Minispiel-Levels mit drei fesselnden Minispielarten<\/p>\n<p>&#8211; Drei unterschiedliche Herausforderungen, um deine F\u00e4higkeiten<br \/>\n auf die Probe zu stellen- Eine F\u00fclle von Upgrades und Erfolgen warten darauf, erhalten zu werden.- Exquisit gestaltete und abwechslungsreiche Umgebungen Der Text ist fett gedruckt.<\/p>\n<p>&nbsp;<\/p>\n<p><strong>Funktionen der Collector&#8217;s Edition<\/strong>:<\/p>\n<p>&nbsp;<\/p>\n<p>&#8211; Ein zus\u00e4tzliches Kapitel mit f\u00fcnfzehn weiteren Stufen<\/p>\n<p>&#8211; Zwei weitere Etagen mit Signals\u00e4ulen<\/p>\n<p>&#8211; Drei neue Stages f\u00fcr das Minispiel<\/p>\n<p>&#8211; Umfassendes Strategiehandbuch<\/p>\n<p>&#8211; Es werden Downloads der Original-Soundtracks angeboten.<\/p>\n<p>&#8211; Hintergrundbilder &#8211; Ein Problem, das gel\u00f6st werden muss &#8211; Charakterzusammenfassungen<\/p>\n","protected":false},"excerpt":{"rendered":"<p>Es liegt eine lange und herausfordernde Reise vor uns, um den verlorenen Raja zu finden! In Karma Tales CE, New Yankee 12 <\/p>\n","protected":false},"author":8,"featured_media":75067,"comment_status":"open","ping_status":"closed","template":"","meta":{"_acf_changed":false,"inline_featured_image":false},"product_brand":[],"product_cat":[217],"product_tag":[277,289],"class_list":{"0":"post-131993","1":"product","2":"type-product","3":"status-publish","4":"has-post-thumbnail","6":"product_cat-time-management-de","7":"product_tag-new-yankee-series-de","8":"product_tag-play-on-pc-de","10":"first","11":"instock","12":"shipping-taxable","13":"purchasable","14":"product-type-simple"},"acf":[],"yoast_head":"<!-- This site is optimized with the Yoast SEO Premium plugin v25.2 (Yoast SEO v25.2) - https:\/\/yoast.com\/wordpress\/plugins\/seo\/ -->\n<title>New Yankee 12: Karma Tales Collector&#039;s Edition - Die Suche nach dem vermissten Raja wird lang und schwierig<\/title>\n<meta name=\"description\" content=\"Es liegt eine lange und herausfordernde Reise vor uns, um den verlorenen Raja zu finden! In Karma Tales CE, New Yankee 12\" \/>\n<meta name=\"robots\" content=\"index, follow, max-snippet:-1, max-image-preview:large, max-video-preview:-1\" \/>\n<link rel=\"canonical\" href=\"https:\/\/www.iplay.com\/de\/games\/new-yankee-12-karma-tales-collectors-edition\/\" \/>\n<meta property=\"og:locale\" content=\"de_DE\" \/>\n<meta property=\"og:type\" content=\"article\" \/>\n<meta property=\"og:title\" content=\"New Yankee 12: Karma Tales Collector&#039;s Edition\" \/>\n<meta property=\"og:description\" content=\"Es liegt eine lange und herausfordernde Reise vor uns, um den verlorenen Raja zu finden! In Karma Tales CE, New Yankee 12\" \/>\n<meta property=\"og:url\" content=\"https:\/\/www.iplay.com\/de\/games\/new-yankee-12-karma-tales-collectors-edition\/\" \/>\n<meta property=\"og:site_name\" content=\"IPlay\" \/>\n<meta property=\"og:image\" content=\"https:\/\/www.iplay.com\/wp-content\/uploads\/2023\/12\/large_square_tile_image-2186.jpg\" \/>\n\t<meta property=\"og:image:width\" content=\"310\" \/>\n\t<meta property=\"og:image:height\" content=\"310\" \/>\n\t<meta property=\"og:image:type\" content=\"image\/jpeg\" \/>\n<meta name=\"twitter:card\" content=\"summary_large_image\" \/>\n<meta name=\"twitter:label1\" content=\"Gesch\u00e4tzte Lesezeit\" \/>\n\t<meta name=\"twitter:data1\" content=\"2 Minuten\" \/>\n<script type=\"application\/ld+json\" class=\"yoast-schema-graph\">{\"@context\":\"https:\/\/schema.org\",\"@graph\":[{\"@type\":\"WebPage\",\"@id\":\"https:\/\/www.iplay.com\/de\/games\/new-yankee-12-karma-tales-collectors-edition\/\",\"url\":\"https:\/\/www.iplay.com\/de\/games\/new-yankee-12-karma-tales-collectors-edition\/\",\"name\":\"New Yankee 12: Karma Tales Collector's Edition - Die Suche nach dem vermissten Raja wird lang und schwierig\",\"isPartOf\":{\"@id\":\"https:\/\/www.iplay.com\/en\/#website\"},\"primaryImageOfPage\":{\"@id\":\"https:\/\/www.iplay.com\/de\/games\/new-yankee-12-karma-tales-collectors-edition\/#primaryimage\"},\"image\":{\"@id\":\"https:\/\/www.iplay.com\/de\/games\/new-yankee-12-karma-tales-collectors-edition\/#primaryimage\"},\"thumbnailUrl\":\"https:\/\/www.iplay.com\/wp-content\/uploads\/2023\/12\/large_square_tile_image-2186.jpg\",\"datePublished\":\"2022-12-16T00:00:01+00:00\",\"description\":\"Es liegt eine lange und herausfordernde Reise vor uns, um den verlorenen Raja zu finden! In Karma Tales CE, New Yankee 12\",\"breadcrumb\":{\"@id\":\"https:\/\/www.iplay.com\/de\/games\/new-yankee-12-karma-tales-collectors-edition\/#breadcrumb\"},\"inLanguage\":\"de-DE\",\"potentialAction\":[{\"@type\":\"ReadAction\",\"target\":[\"https:\/\/www.iplay.com\/de\/games\/new-yankee-12-karma-tales-collectors-edition\/\"]}]},{\"@type\":\"ImageObject\",\"inLanguage\":\"de-DE\",\"@id\":\"https:\/\/www.iplay.com\/de\/games\/new-yankee-12-karma-tales-collectors-edition\/#primaryimage\",\"url\":\"https:\/\/www.iplay.com\/wp-content\/uploads\/2023\/12\/large_square_tile_image-2186.jpg\",\"contentUrl\":\"https:\/\/www.iplay.com\/wp-content\/uploads\/2023\/12\/large_square_tile_image-2186.jpg\",\"width\":310,\"height\":310},{\"@type\":\"BreadcrumbList\",\"@id\":\"https:\/\/www.iplay.com\/de\/games\/new-yankee-12-karma-tales-collectors-edition\/#breadcrumb\",\"itemListElement\":[{\"@type\":\"ListItem\",\"position\":1,\"name\":\"Home\",\"item\":\"https:\/\/www.iplay.com\/de\/home-page-2\/\"},{\"@type\":\"ListItem\",\"position\":2,\"name\":\"Shop\",\"item\":\"https:\/\/www.iplay.com\/en\/shop\/\"},{\"@type\":\"ListItem\",\"position\":3,\"name\":\"New Yankee 12: Karma Tales Collector&#8217;s Edition\"}]},{\"@type\":\"WebSite\",\"@id\":\"https:\/\/www.iplay.com\/en\/#website\",\"url\":\"https:\/\/www.iplay.com\/en\/\",\"name\":\"IPlay\",\"description\":\"The Best Casual Games!\",\"publisher\":{\"@id\":\"https:\/\/www.iplay.com\/en\/#organization\"},\"potentialAction\":[{\"@type\":\"SearchAction\",\"target\":{\"@type\":\"EntryPoint\",\"urlTemplate\":\"https:\/\/www.iplay.com\/en\/?s={search_term_string}\"},\"query-input\":{\"@type\":\"PropertyValueSpecification\",\"valueRequired\":true,\"valueName\":\"search_term_string\"}}],\"inLanguage\":\"de-DE\"},{\"@type\":\"Organization\",\"@id\":\"https:\/\/www.iplay.com\/en\/#organization\",\"name\":\"IPlay\",\"url\":\"https:\/\/www.iplay.com\/en\/\",\"logo\":{\"@type\":\"ImageObject\",\"inLanguage\":\"de-DE\",\"@id\":\"https:\/\/www.iplay.com\/en\/#\/schema\/logo\/image\/\",\"url\":\"https:\/\/www.iplay.com\/wp-content\/uploads\/2023\/11\/Group-6100.svg\",\"contentUrl\":\"https:\/\/www.iplay.com\/wp-content\/uploads\/2023\/11\/Group-6100.svg\",\"width\":98,\"height\":25,\"caption\":\"IPlay\"},\"image\":{\"@id\":\"https:\/\/www.iplay.com\/en\/#\/schema\/logo\/image\/\"}}]}<\/script>\n<!-- \/ Yoast SEO Premium plugin. -->","yoast_head_json":{"title":"New Yankee 12: Karma Tales Collector's Edition - Die Suche nach dem vermissten Raja wird lang und schwierig","description":"Es liegt eine lange und herausfordernde Reise vor uns, um den verlorenen Raja zu finden! In Karma Tales CE, New Yankee 12","robots":{"index":"index","follow":"follow","max-snippet":"max-snippet:-1","max-image-preview":"max-image-preview:large","max-video-preview":"max-video-preview:-1"},"canonical":"https:\/\/www.iplay.com\/de\/games\/new-yankee-12-karma-tales-collectors-edition\/","og_locale":"de_DE","og_type":"article","og_title":"New Yankee 12: Karma Tales Collector's Edition","og_description":"Es liegt eine lange und herausfordernde Reise vor uns, um den verlorenen Raja zu finden! In Karma Tales CE, New Yankee 12","og_url":"https:\/\/www.iplay.com\/de\/games\/new-yankee-12-karma-tales-collectors-edition\/","og_site_name":"IPlay","og_image":[{"width":310,"height":310,"url":"https:\/\/www.iplay.com\/wp-content\/uploads\/2023\/12\/large_square_tile_image-2186.jpg","type":"image\/jpeg"}],"twitter_card":"summary_large_image","twitter_misc":{"Gesch\u00e4tzte Lesezeit":"2 Minuten"},"schema":{"@context":"https:\/\/schema.org","@graph":[{"@type":"WebPage","@id":"https:\/\/www.iplay.com\/de\/games\/new-yankee-12-karma-tales-collectors-edition\/","url":"https:\/\/www.iplay.com\/de\/games\/new-yankee-12-karma-tales-collectors-edition\/","name":"New Yankee 12: Karma Tales Collector's Edition - Die Suche nach dem vermissten Raja wird lang und schwierig","isPartOf":{"@id":"https:\/\/www.iplay.com\/en\/#website"},"primaryImageOfPage":{"@id":"https:\/\/www.iplay.com\/de\/games\/new-yankee-12-karma-tales-collectors-edition\/#primaryimage"},"image":{"@id":"https:\/\/www.iplay.com\/de\/games\/new-yankee-12-karma-tales-collectors-edition\/#primaryimage"},"thumbnailUrl":"https:\/\/www.iplay.com\/wp-content\/uploads\/2023\/12\/large_square_tile_image-2186.jpg","datePublished":"2022-12-16T00:00:01+00:00","description":"Es liegt eine lange und herausfordernde Reise vor uns, um den verlorenen Raja zu finden! In Karma Tales CE, New Yankee 12","breadcrumb":{"@id":"https:\/\/www.iplay.com\/de\/games\/new-yankee-12-karma-tales-collectors-edition\/#breadcrumb"},"inLanguage":"de-DE","potentialAction":[{"@type":"ReadAction","target":["https:\/\/www.iplay.com\/de\/games\/new-yankee-12-karma-tales-collectors-edition\/"]}]},{"@type":"ImageObject","inLanguage":"de-DE","@id":"https:\/\/www.iplay.com\/de\/games\/new-yankee-12-karma-tales-collectors-edition\/#primaryimage","url":"https:\/\/www.iplay.com\/wp-content\/uploads\/2023\/12\/large_square_tile_image-2186.jpg","contentUrl":"https:\/\/www.iplay.com\/wp-content\/uploads\/2023\/12\/large_square_tile_image-2186.jpg","width":310,"height":310},{"@type":"BreadcrumbList","@id":"https:\/\/www.iplay.com\/de\/games\/new-yankee-12-karma-tales-collectors-edition\/#breadcrumb","itemListElement":[{"@type":"ListItem","position":1,"name":"Home","item":"https:\/\/www.iplay.com\/de\/home-page-2\/"},{"@type":"ListItem","position":2,"name":"Shop","item":"https:\/\/www.iplay.com\/en\/shop\/"},{"@type":"ListItem","position":3,"name":"New Yankee 12: Karma Tales Collector&#8217;s Edition"}]},{"@type":"WebSite","@id":"https:\/\/www.iplay.com\/en\/#website","url":"https:\/\/www.iplay.com\/en\/","name":"IPlay","description":"The Best Casual Games!","publisher":{"@id":"https:\/\/www.iplay.com\/en\/#organization"},"potentialAction":[{"@type":"SearchAction","target":{"@type":"EntryPoint","urlTemplate":"https:\/\/www.iplay.com\/en\/?s={search_term_string}"},"query-input":{"@type":"PropertyValueSpecification","valueRequired":true,"valueName":"search_term_string"}}],"inLanguage":"de-DE"},{"@type":"Organization","@id":"https:\/\/www.iplay.com\/en\/#organization","name":"IPlay","url":"https:\/\/www.iplay.com\/en\/","logo":{"@type":"ImageObject","inLanguage":"de-DE","@id":"https:\/\/www.iplay.com\/en\/#\/schema\/logo\/image\/","url":"https:\/\/www.iplay.com\/wp-content\/uploads\/2023\/11\/Group-6100.svg","contentUrl":"https:\/\/www.iplay.com\/wp-content\/uploads\/2023\/11\/Group-6100.svg","width":98,"height":25,"caption":"IPlay"},"image":{"@id":"https:\/\/www.iplay.com\/en\/#\/schema\/logo\/image\/"}}]}},"_links":{"self":[{"href":"https:\/\/www.iplay.com\/de\/wp-json\/wp\/v2\/product\/131993","targetHints":{"allow":["GET"]}}],"collection":[{"href":"https:\/\/www.iplay.com\/de\/wp-json\/wp\/v2\/product"}],"about":[{"href":"https:\/\/www.iplay.com\/de\/wp-json\/wp\/v2\/types\/product"}],"author":[{"embeddable":true,"href":"https:\/\/www.iplay.com\/de\/wp-json\/wp\/v2\/users\/8"}],"replies":[{"embeddable":true,"href":"https:\/\/www.iplay.com\/de\/wp-json\/wp\/v2\/comments?post=131993"}],"wp:featuredmedia":[{"embeddable":true,"href":"https:\/\/www.iplay.com\/de\/wp-json\/wp\/v2\/media\/75067"}],"wp:attachment":[{"href":"https:\/\/www.iplay.com\/de\/wp-json\/wp\/v2\/media?parent=131993"}],"wp:term":[{"taxonomy":"product_brand","embeddable":true,"href":"https:\/\/www.iplay.com\/de\/wp-json\/wp\/v2\/product_brand?post=131993"},{"taxonomy":"product_cat","embeddable":true,"href":"https:\/\/www.iplay.com\/de\/wp-json\/wp\/v2\/product_cat?post=131993"},{"taxonomy":"product_tag","embeddable":true,"href":"https:\/\/www.iplay.com\/de\/wp-json\/wp\/v2\/product_tag?post=131993"}],"curies":[{"name":"wp","href":"https:\/\/api.w.org\/{rel}","templated":true}]}}