{"id":131980,"date":"2022-12-16T00:00:03","date_gmt":"2022-12-16T00:00:03","guid":{"rendered":"https:\/\/www.iplay.com\/games\/magic-city-detective-secret-desire-collectors-edition\/"},"modified":"2022-12-16T00:00:03","modified_gmt":"2022-12-16T00:00:03","slug":"magic-city-detective-secret-desire-collectors-edition","status":"publish","type":"product","link":"https:\/\/www.iplay.com\/de\/games\/magic-city-detective-secret-desire-collectors-edition\/","title":{"rendered":"Magic City Detective: Secret Desire Collector&#8217;s Edition"},"content":{"rendered":"<p>Der bekannte Ermittler der magischen Welt ist wieder auf der Spur, diesmal in Begleitung seines elfischen Gef\u00e4hrten Ymir! Ein Botschafter der Vampire bittet diesmal um deine Hilfe. Ein schreckliches Ungl\u00fcck ist \u00fcber die Vampirgemeinschaft hereingebrochen. Die Person, die das k\u00fcnstliche Blutserum hergestellt hat, ist verschwunden. Vampire k\u00f6nnen ohne das Serum nicht mehr in Frieden leben und ihre wahre Natur vor der Au\u00dfenwelt verbergen. Den ber\u00fchmten Alchemisten zu finden, ist unerl\u00e4sslich, wenn du und dein Gef\u00e4hrte verhindern wollt, dass die Vampire irreversible Sch\u00e4den erleiden. Erforsche selbstst\u00e4ndig, indem du nach Gegenst\u00e4nden suchst und fesselnde R\u00e4tsel l\u00f6st. Sp\u00fcre den Unruhestifter auf und rette die Welt! Sammle deine Gerissenheit f\u00fcr eine unglaubliche Detektivgeschichte in diesem spannenden neuen Wimmelbild-Abenteuer!        <\/p>\n<p>&nbsp;<\/p>\n<p>&nbsp;<\/p>\n<p><strong>Funktionen:  <\/strong><\/p>\n<p>&nbsp;<\/p>\n<p>&#8211; Finde die r\u00e4tselhafte Figur, die versucht, Vampire im Bonuskapitel auszul\u00f6schen!<\/p>\n<p>&#8211; Nutze die Vorteile von zus\u00e4tzlichen Dingen wie Konzeptkunst, Musik, Hintergrundbildern und mehr!<\/p>\n<p>&#8211; Sammle Objekte, die dir bei deiner Ausbildung \u00fcber die Vampirgemeinschaft helfen!<\/p>\n<p>&#8211; Finde Dinge, l\u00f6se R\u00e4tsel, nimm an Minispielen teil und schalte Erfolge frei!<\/p>\n","protected":false},"excerpt":{"rendered":"<p>Der renommierte Ermittler der magischen Welt ist zur\u00fcckgekehrt und ein Vampirgesandter bittet dich um Hilfe.<\/p>\n","protected":false},"author":52,"featured_media":75035,"comment_status":"open","ping_status":"closed","template":"","meta":{"_acf_changed":false,"inline_featured_image":false},"product_brand":[],"product_cat":[164],"product_tag":[289],"class_list":{"0":"post-131980","1":"product","2":"type-product","3":"status-publish","4":"has-post-thumbnail","6":"product_cat-hidden-object-de","7":"product_tag-play-on-pc-de","9":"first","10":"instock","11":"shipping-taxable","12":"purchasable","13":"product-type-simple"},"acf":[],"yoast_head":"<!-- This site is optimized with the Yoast SEO Premium plugin v25.2 (Yoast SEO v25.2) - https:\/\/yoast.com\/wordpress\/plugins\/seo\/ -->\n<title>Magic City Detective: Secret Desire Collector&#039;s Edition - Ein Vampir-Gesandter sucht Hilfe bei einem ber\u00fchmten magischen Detektiv<\/title>\n<meta name=\"description\" content=\"Der renommierte Ermittler der magischen Welt ist zur\u00fcckgekehrt und ein Vampirgesandter bittet dich um Hilfe.\" \/>\n<meta name=\"robots\" content=\"index, follow, max-snippet:-1, max-image-preview:large, max-video-preview:-1\" \/>\n<link rel=\"canonical\" href=\"https:\/\/www.iplay.com\/de\/games\/magic-city-detective-secret-desire-collectors-edition\/\" \/>\n<meta property=\"og:locale\" content=\"de_DE\" \/>\n<meta property=\"og:type\" content=\"article\" \/>\n<meta property=\"og:title\" content=\"Magic City Detective: Secret Desire Collector&#039;s Edition\" \/>\n<meta property=\"og:description\" content=\"Der renommierte Ermittler der magischen Welt ist zur\u00fcckgekehrt und ein Vampirgesandter bittet dich um Hilfe.\" \/>\n<meta property=\"og:url\" content=\"https:\/\/www.iplay.com\/de\/games\/magic-city-detective-secret-desire-collectors-edition\/\" \/>\n<meta property=\"og:site_name\" content=\"IPlay\" \/>\n<meta property=\"og:image\" content=\"https:\/\/www.iplay.com\/wp-content\/uploads\/2023\/12\/large_square_tile_image-2184.jpg\" \/>\n\t<meta property=\"og:image:width\" content=\"310\" \/>\n\t<meta property=\"og:image:height\" content=\"310\" \/>\n\t<meta property=\"og:image:type\" content=\"image\/jpeg\" \/>\n<meta name=\"twitter:card\" content=\"summary_large_image\" \/>\n<meta name=\"twitter:label1\" content=\"Gesch\u00e4tzte Lesezeit\" \/>\n\t<meta name=\"twitter:data1\" content=\"1 Minute\" \/>\n<script type=\"application\/ld+json\" class=\"yoast-schema-graph\">{\"@context\":\"https:\/\/schema.org\",\"@graph\":[{\"@type\":\"WebPage\",\"@id\":\"https:\/\/www.iplay.com\/de\/games\/magic-city-detective-secret-desire-collectors-edition\/\",\"url\":\"https:\/\/www.iplay.com\/de\/games\/magic-city-detective-secret-desire-collectors-edition\/\",\"name\":\"Magic City Detective: Secret Desire Collector's Edition - Ein Vampir-Gesandter sucht Hilfe bei einem ber\u00fchmten magischen Detektiv\",\"isPartOf\":{\"@id\":\"https:\/\/www.iplay.com\/en\/#website\"},\"primaryImageOfPage\":{\"@id\":\"https:\/\/www.iplay.com\/de\/games\/magic-city-detective-secret-desire-collectors-edition\/#primaryimage\"},\"image\":{\"@id\":\"https:\/\/www.iplay.com\/de\/games\/magic-city-detective-secret-desire-collectors-edition\/#primaryimage\"},\"thumbnailUrl\":\"https:\/\/www.iplay.com\/wp-content\/uploads\/2023\/12\/large_square_tile_image-2184.jpg\",\"datePublished\":\"2022-12-16T00:00:03+00:00\",\"description\":\"Der renommierte Ermittler der magischen Welt ist zur\u00fcckgekehrt und ein Vampirgesandter bittet dich um Hilfe.\",\"breadcrumb\":{\"@id\":\"https:\/\/www.iplay.com\/de\/games\/magic-city-detective-secret-desire-collectors-edition\/#breadcrumb\"},\"inLanguage\":\"de-DE\",\"potentialAction\":[{\"@type\":\"ReadAction\",\"target\":[\"https:\/\/www.iplay.com\/de\/games\/magic-city-detective-secret-desire-collectors-edition\/\"]}]},{\"@type\":\"ImageObject\",\"inLanguage\":\"de-DE\",\"@id\":\"https:\/\/www.iplay.com\/de\/games\/magic-city-detective-secret-desire-collectors-edition\/#primaryimage\",\"url\":\"https:\/\/www.iplay.com\/wp-content\/uploads\/2023\/12\/large_square_tile_image-2184.jpg\",\"contentUrl\":\"https:\/\/www.iplay.com\/wp-content\/uploads\/2023\/12\/large_square_tile_image-2184.jpg\",\"width\":310,\"height\":310},{\"@type\":\"BreadcrumbList\",\"@id\":\"https:\/\/www.iplay.com\/de\/games\/magic-city-detective-secret-desire-collectors-edition\/#breadcrumb\",\"itemListElement\":[{\"@type\":\"ListItem\",\"position\":1,\"name\":\"Home\",\"item\":\"https:\/\/www.iplay.com\/de\/home-page-2\/\"},{\"@type\":\"ListItem\",\"position\":2,\"name\":\"Shop\",\"item\":\"https:\/\/www.iplay.com\/en\/shop\/\"},{\"@type\":\"ListItem\",\"position\":3,\"name\":\"Magic City Detective: Secret Desire Collector&#8217;s Edition\"}]},{\"@type\":\"WebSite\",\"@id\":\"https:\/\/www.iplay.com\/en\/#website\",\"url\":\"https:\/\/www.iplay.com\/en\/\",\"name\":\"IPlay\",\"description\":\"The Best Casual Games!\",\"publisher\":{\"@id\":\"https:\/\/www.iplay.com\/en\/#organization\"},\"potentialAction\":[{\"@type\":\"SearchAction\",\"target\":{\"@type\":\"EntryPoint\",\"urlTemplate\":\"https:\/\/www.iplay.com\/en\/?s={search_term_string}\"},\"query-input\":{\"@type\":\"PropertyValueSpecification\",\"valueRequired\":true,\"valueName\":\"search_term_string\"}}],\"inLanguage\":\"de-DE\"},{\"@type\":\"Organization\",\"@id\":\"https:\/\/www.iplay.com\/en\/#organization\",\"name\":\"IPlay\",\"url\":\"https:\/\/www.iplay.com\/en\/\",\"logo\":{\"@type\":\"ImageObject\",\"inLanguage\":\"de-DE\",\"@id\":\"https:\/\/www.iplay.com\/en\/#\/schema\/logo\/image\/\",\"url\":\"https:\/\/www.iplay.com\/wp-content\/uploads\/2023\/11\/Group-6100.svg\",\"contentUrl\":\"https:\/\/www.iplay.com\/wp-content\/uploads\/2023\/11\/Group-6100.svg\",\"width\":98,\"height\":25,\"caption\":\"IPlay\"},\"image\":{\"@id\":\"https:\/\/www.iplay.com\/en\/#\/schema\/logo\/image\/\"}}]}<\/script>\n<!-- \/ Yoast SEO Premium plugin. -->","yoast_head_json":{"title":"Magic City Detective: Secret Desire Collector's Edition - Ein Vampir-Gesandter sucht Hilfe bei einem ber\u00fchmten magischen Detektiv","description":"Der renommierte Ermittler der magischen Welt ist zur\u00fcckgekehrt und ein Vampirgesandter bittet dich um Hilfe.","robots":{"index":"index","follow":"follow","max-snippet":"max-snippet:-1","max-image-preview":"max-image-preview:large","max-video-preview":"max-video-preview:-1"},"canonical":"https:\/\/www.iplay.com\/de\/games\/magic-city-detective-secret-desire-collectors-edition\/","og_locale":"de_DE","og_type":"article","og_title":"Magic City Detective: Secret Desire Collector's Edition","og_description":"Der renommierte Ermittler der magischen Welt ist zur\u00fcckgekehrt und ein Vampirgesandter bittet dich um Hilfe.","og_url":"https:\/\/www.iplay.com\/de\/games\/magic-city-detective-secret-desire-collectors-edition\/","og_site_name":"IPlay","og_image":[{"width":310,"height":310,"url":"https:\/\/www.iplay.com\/wp-content\/uploads\/2023\/12\/large_square_tile_image-2184.jpg","type":"image\/jpeg"}],"twitter_card":"summary_large_image","twitter_misc":{"Gesch\u00e4tzte Lesezeit":"1 Minute"},"schema":{"@context":"https:\/\/schema.org","@graph":[{"@type":"WebPage","@id":"https:\/\/www.iplay.com\/de\/games\/magic-city-detective-secret-desire-collectors-edition\/","url":"https:\/\/www.iplay.com\/de\/games\/magic-city-detective-secret-desire-collectors-edition\/","name":"Magic City Detective: Secret Desire Collector's Edition - Ein Vampir-Gesandter sucht Hilfe bei einem ber\u00fchmten magischen Detektiv","isPartOf":{"@id":"https:\/\/www.iplay.com\/en\/#website"},"primaryImageOfPage":{"@id":"https:\/\/www.iplay.com\/de\/games\/magic-city-detective-secret-desire-collectors-edition\/#primaryimage"},"image":{"@id":"https:\/\/www.iplay.com\/de\/games\/magic-city-detective-secret-desire-collectors-edition\/#primaryimage"},"thumbnailUrl":"https:\/\/www.iplay.com\/wp-content\/uploads\/2023\/12\/large_square_tile_image-2184.jpg","datePublished":"2022-12-16T00:00:03+00:00","description":"Der renommierte Ermittler der magischen Welt ist zur\u00fcckgekehrt und ein Vampirgesandter bittet dich um Hilfe.","breadcrumb":{"@id":"https:\/\/www.iplay.com\/de\/games\/magic-city-detective-secret-desire-collectors-edition\/#breadcrumb"},"inLanguage":"de-DE","potentialAction":[{"@type":"ReadAction","target":["https:\/\/www.iplay.com\/de\/games\/magic-city-detective-secret-desire-collectors-edition\/"]}]},{"@type":"ImageObject","inLanguage":"de-DE","@id":"https:\/\/www.iplay.com\/de\/games\/magic-city-detective-secret-desire-collectors-edition\/#primaryimage","url":"https:\/\/www.iplay.com\/wp-content\/uploads\/2023\/12\/large_square_tile_image-2184.jpg","contentUrl":"https:\/\/www.iplay.com\/wp-content\/uploads\/2023\/12\/large_square_tile_image-2184.jpg","width":310,"height":310},{"@type":"BreadcrumbList","@id":"https:\/\/www.iplay.com\/de\/games\/magic-city-detective-secret-desire-collectors-edition\/#breadcrumb","itemListElement":[{"@type":"ListItem","position":1,"name":"Home","item":"https:\/\/www.iplay.com\/de\/home-page-2\/"},{"@type":"ListItem","position":2,"name":"Shop","item":"https:\/\/www.iplay.com\/en\/shop\/"},{"@type":"ListItem","position":3,"name":"Magic City Detective: Secret Desire Collector&#8217;s Edition"}]},{"@type":"WebSite","@id":"https:\/\/www.iplay.com\/en\/#website","url":"https:\/\/www.iplay.com\/en\/","name":"IPlay","description":"The Best Casual Games!","publisher":{"@id":"https:\/\/www.iplay.com\/en\/#organization"},"potentialAction":[{"@type":"SearchAction","target":{"@type":"EntryPoint","urlTemplate":"https:\/\/www.iplay.com\/en\/?s={search_term_string}"},"query-input":{"@type":"PropertyValueSpecification","valueRequired":true,"valueName":"search_term_string"}}],"inLanguage":"de-DE"},{"@type":"Organization","@id":"https:\/\/www.iplay.com\/en\/#organization","name":"IPlay","url":"https:\/\/www.iplay.com\/en\/","logo":{"@type":"ImageObject","inLanguage":"de-DE","@id":"https:\/\/www.iplay.com\/en\/#\/schema\/logo\/image\/","url":"https:\/\/www.iplay.com\/wp-content\/uploads\/2023\/11\/Group-6100.svg","contentUrl":"https:\/\/www.iplay.com\/wp-content\/uploads\/2023\/11\/Group-6100.svg","width":98,"height":25,"caption":"IPlay"},"image":{"@id":"https:\/\/www.iplay.com\/en\/#\/schema\/logo\/image\/"}}]}},"_links":{"self":[{"href":"https:\/\/www.iplay.com\/de\/wp-json\/wp\/v2\/product\/131980","targetHints":{"allow":["GET"]}}],"collection":[{"href":"https:\/\/www.iplay.com\/de\/wp-json\/wp\/v2\/product"}],"about":[{"href":"https:\/\/www.iplay.com\/de\/wp-json\/wp\/v2\/types\/product"}],"author":[{"embeddable":true,"href":"https:\/\/www.iplay.com\/de\/wp-json\/wp\/v2\/users\/52"}],"replies":[{"embeddable":true,"href":"https:\/\/www.iplay.com\/de\/wp-json\/wp\/v2\/comments?post=131980"}],"wp:featuredmedia":[{"embeddable":true,"href":"https:\/\/www.iplay.com\/de\/wp-json\/wp\/v2\/media\/75035"}],"wp:attachment":[{"href":"https:\/\/www.iplay.com\/de\/wp-json\/wp\/v2\/media?parent=131980"}],"wp:term":[{"taxonomy":"product_brand","embeddable":true,"href":"https:\/\/www.iplay.com\/de\/wp-json\/wp\/v2\/product_brand?post=131980"},{"taxonomy":"product_cat","embeddable":true,"href":"https:\/\/www.iplay.com\/de\/wp-json\/wp\/v2\/product_cat?post=131980"},{"taxonomy":"product_tag","embeddable":true,"href":"https:\/\/www.iplay.com\/de\/wp-json\/wp\/v2\/product_tag?post=131980"}],"curies":[{"name":"wp","href":"https:\/\/api.w.org\/{rel}","templated":true}]}}