{"id":131958,"date":"2022-12-23T00:00:02","date_gmt":"2022-12-23T00:00:02","guid":{"rendered":"https:\/\/www.iplay.com\/games\/maze-of-realities-reflection-of-light-ce\/"},"modified":"2022-12-23T00:00:02","modified_gmt":"2022-12-23T00:00:02","slug":"maze-of-realities-reflection-of-light-ce","status":"publish","type":"product","link":"https:\/\/www.iplay.com\/de\/games\/maze-of-realities-reflection-of-light-ce\/","title":{"rendered":"Maze Of Realities: Reflection of Light CE"},"content":{"rendered":"<p>Im Grand Canyon von Arizona hat es einen mysteri\u00f6sen Meteoriteneinschlag gegeben. In Eile, den Weltraumfelsen zu untersuchen, treffen Arch\u00e4ologen ein, aber das gesamte Team verschwindet. Du bist mit Emma, deiner Nichte, auf einer Suchtruppe. Der Meteorit versetzt dich in ein anderes Universum, als du in dem verlassenen Lager ankommst, um nach Hinweisen zu suchen! Du musst nun R\u00e4tsel l\u00f6sen, nach versteckten Artefakten suchen und die faszinierenden Welten des Lichts und des Schattens erkunden, um die Arch\u00e4ologen ausfindig zu machen. Und denken Sie daran, dass nicht alle freundlichen Fremden Ihre Freunde werden k\u00f6nnen, auch wenn Sie auf Ihrer Reise sicherlich Unterst\u00fctzung erhalten werden! Sammle deine Gerissenheit f\u00fcr eine unglaubliche Detektivgeschichte in diesem spannenden neuen Wimmelbild-Abenteuer!      <\/p>\n<p>&nbsp;<\/p>\n<p>&nbsp;<\/p>\n<p><strong>Funktionen:<\/strong><\/p>\n<p>&nbsp;<\/p>\n<p>&#8211; Verhindere die Zerst\u00f6rung der Welten des Lichts und der Schatten im Bonuskapitel! Profitieren Sie von exklusiven Videos, Musik, Hintergrundbildern und mehr! Mit dem umfassenden Strategie-Guide verirrst du dich nie wieder im Paralleluniversum!<br \/>\n&#8211; Sammle jedes Relikt und erreiche jedes Ziel!<\/p>\n","protected":false},"excerpt":{"rendered":"<p>Ein Portal zu einem Paralleluniversum wird durch einen Meteoriten aus Arizona freigeschaltet. Werden Sie es versuchen? <\/p>\n","protected":false},"author":52,"featured_media":74955,"comment_status":"open","ping_status":"closed","template":"","meta":{"_acf_changed":false,"inline_featured_image":false},"product_brand":[],"product_cat":[164],"product_tag":[289],"class_list":{"0":"post-131958","1":"product","2":"type-product","3":"status-publish","4":"has-post-thumbnail","6":"product_cat-hidden-object-de","7":"product_tag-play-on-pc-de","9":"first","10":"instock","11":"shipping-taxable","12":"purchasable","13":"product-type-simple"},"acf":[],"yoast_head":"<!-- This site is optimized with the Yoast SEO Premium plugin v25.2 (Yoast SEO v25.2) - https:\/\/yoast.com\/wordpress\/plugins\/seo\/ -->\n<title>Maze Of Realities: Reflection of Light CE - Wage dich durch ein Meteoritenportal in ein Paralleluniversum<\/title>\n<meta name=\"description\" content=\"Ein Portal zu einem Paralleluniversum wird durch einen Meteoriten aus Arizona freigeschaltet. Werden Sie es versuchen?\" \/>\n<meta name=\"robots\" content=\"index, follow, max-snippet:-1, max-image-preview:large, max-video-preview:-1\" \/>\n<link rel=\"canonical\" href=\"https:\/\/www.iplay.com\/de\/games\/maze-of-realities-reflection-of-light-ce\/\" \/>\n<meta property=\"og:locale\" content=\"de_DE\" \/>\n<meta property=\"og:type\" content=\"article\" \/>\n<meta property=\"og:title\" content=\"Maze Of Realities: Reflection of Light CE\" \/>\n<meta property=\"og:description\" content=\"Ein Portal zu einem Paralleluniversum wird durch einen Meteoriten aus Arizona freigeschaltet. Werden Sie es versuchen?\" \/>\n<meta property=\"og:url\" content=\"https:\/\/www.iplay.com\/de\/games\/maze-of-realities-reflection-of-light-ce\/\" \/>\n<meta property=\"og:site_name\" content=\"IPlay\" \/>\n<meta property=\"og:image\" content=\"https:\/\/www.iplay.com\/wp-content\/uploads\/2023\/12\/large_square_tile_image-2178.jpg\" \/>\n\t<meta property=\"og:image:width\" content=\"310\" \/>\n\t<meta property=\"og:image:height\" content=\"310\" \/>\n\t<meta property=\"og:image:type\" content=\"image\/jpeg\" \/>\n<meta name=\"twitter:card\" content=\"summary_large_image\" \/>\n<meta name=\"twitter:label1\" content=\"Gesch\u00e4tzte Lesezeit\" \/>\n\t<meta name=\"twitter:data1\" content=\"1 Minute\" \/>\n<script type=\"application\/ld+json\" class=\"yoast-schema-graph\">{\"@context\":\"https:\/\/schema.org\",\"@graph\":[{\"@type\":\"WebPage\",\"@id\":\"https:\/\/www.iplay.com\/de\/games\/maze-of-realities-reflection-of-light-ce\/\",\"url\":\"https:\/\/www.iplay.com\/de\/games\/maze-of-realities-reflection-of-light-ce\/\",\"name\":\"Maze Of Realities: Reflection of Light CE - Wage dich durch ein Meteoritenportal in ein Paralleluniversum\",\"isPartOf\":{\"@id\":\"https:\/\/www.iplay.com\/en\/#website\"},\"primaryImageOfPage\":{\"@id\":\"https:\/\/www.iplay.com\/de\/games\/maze-of-realities-reflection-of-light-ce\/#primaryimage\"},\"image\":{\"@id\":\"https:\/\/www.iplay.com\/de\/games\/maze-of-realities-reflection-of-light-ce\/#primaryimage\"},\"thumbnailUrl\":\"https:\/\/www.iplay.com\/wp-content\/uploads\/2023\/12\/large_square_tile_image-2178.jpg\",\"datePublished\":\"2022-12-23T00:00:02+00:00\",\"description\":\"Ein Portal zu einem Paralleluniversum wird durch einen Meteoriten aus Arizona freigeschaltet. Werden Sie es versuchen?\",\"breadcrumb\":{\"@id\":\"https:\/\/www.iplay.com\/de\/games\/maze-of-realities-reflection-of-light-ce\/#breadcrumb\"},\"inLanguage\":\"de-DE\",\"potentialAction\":[{\"@type\":\"ReadAction\",\"target\":[\"https:\/\/www.iplay.com\/de\/games\/maze-of-realities-reflection-of-light-ce\/\"]}]},{\"@type\":\"ImageObject\",\"inLanguage\":\"de-DE\",\"@id\":\"https:\/\/www.iplay.com\/de\/games\/maze-of-realities-reflection-of-light-ce\/#primaryimage\",\"url\":\"https:\/\/www.iplay.com\/wp-content\/uploads\/2023\/12\/large_square_tile_image-2178.jpg\",\"contentUrl\":\"https:\/\/www.iplay.com\/wp-content\/uploads\/2023\/12\/large_square_tile_image-2178.jpg\",\"width\":310,\"height\":310},{\"@type\":\"BreadcrumbList\",\"@id\":\"https:\/\/www.iplay.com\/de\/games\/maze-of-realities-reflection-of-light-ce\/#breadcrumb\",\"itemListElement\":[{\"@type\":\"ListItem\",\"position\":1,\"name\":\"Home\",\"item\":\"https:\/\/www.iplay.com\/de\/home-page-2\/\"},{\"@type\":\"ListItem\",\"position\":2,\"name\":\"Shop\",\"item\":\"https:\/\/www.iplay.com\/en\/shop\/\"},{\"@type\":\"ListItem\",\"position\":3,\"name\":\"Maze Of Realities: Reflection of Light CE\"}]},{\"@type\":\"WebSite\",\"@id\":\"https:\/\/www.iplay.com\/en\/#website\",\"url\":\"https:\/\/www.iplay.com\/en\/\",\"name\":\"IPlay\",\"description\":\"The Best Casual Games!\",\"publisher\":{\"@id\":\"https:\/\/www.iplay.com\/en\/#organization\"},\"potentialAction\":[{\"@type\":\"SearchAction\",\"target\":{\"@type\":\"EntryPoint\",\"urlTemplate\":\"https:\/\/www.iplay.com\/en\/?s={search_term_string}\"},\"query-input\":{\"@type\":\"PropertyValueSpecification\",\"valueRequired\":true,\"valueName\":\"search_term_string\"}}],\"inLanguage\":\"de-DE\"},{\"@type\":\"Organization\",\"@id\":\"https:\/\/www.iplay.com\/en\/#organization\",\"name\":\"IPlay\",\"url\":\"https:\/\/www.iplay.com\/en\/\",\"logo\":{\"@type\":\"ImageObject\",\"inLanguage\":\"de-DE\",\"@id\":\"https:\/\/www.iplay.com\/en\/#\/schema\/logo\/image\/\",\"url\":\"https:\/\/www.iplay.com\/wp-content\/uploads\/2023\/11\/Group-6100.svg\",\"contentUrl\":\"https:\/\/www.iplay.com\/wp-content\/uploads\/2023\/11\/Group-6100.svg\",\"width\":98,\"height\":25,\"caption\":\"IPlay\"},\"image\":{\"@id\":\"https:\/\/www.iplay.com\/en\/#\/schema\/logo\/image\/\"}}]}<\/script>\n<!-- \/ Yoast SEO Premium plugin. -->","yoast_head_json":{"title":"Maze Of Realities: Reflection of Light CE - Wage dich durch ein Meteoritenportal in ein Paralleluniversum","description":"Ein Portal zu einem Paralleluniversum wird durch einen Meteoriten aus Arizona freigeschaltet. Werden Sie es versuchen?","robots":{"index":"index","follow":"follow","max-snippet":"max-snippet:-1","max-image-preview":"max-image-preview:large","max-video-preview":"max-video-preview:-1"},"canonical":"https:\/\/www.iplay.com\/de\/games\/maze-of-realities-reflection-of-light-ce\/","og_locale":"de_DE","og_type":"article","og_title":"Maze Of Realities: Reflection of Light CE","og_description":"Ein Portal zu einem Paralleluniversum wird durch einen Meteoriten aus Arizona freigeschaltet. Werden Sie es versuchen?","og_url":"https:\/\/www.iplay.com\/de\/games\/maze-of-realities-reflection-of-light-ce\/","og_site_name":"IPlay","og_image":[{"width":310,"height":310,"url":"https:\/\/www.iplay.com\/wp-content\/uploads\/2023\/12\/large_square_tile_image-2178.jpg","type":"image\/jpeg"}],"twitter_card":"summary_large_image","twitter_misc":{"Gesch\u00e4tzte Lesezeit":"1 Minute"},"schema":{"@context":"https:\/\/schema.org","@graph":[{"@type":"WebPage","@id":"https:\/\/www.iplay.com\/de\/games\/maze-of-realities-reflection-of-light-ce\/","url":"https:\/\/www.iplay.com\/de\/games\/maze-of-realities-reflection-of-light-ce\/","name":"Maze Of Realities: Reflection of Light CE - Wage dich durch ein Meteoritenportal in ein Paralleluniversum","isPartOf":{"@id":"https:\/\/www.iplay.com\/en\/#website"},"primaryImageOfPage":{"@id":"https:\/\/www.iplay.com\/de\/games\/maze-of-realities-reflection-of-light-ce\/#primaryimage"},"image":{"@id":"https:\/\/www.iplay.com\/de\/games\/maze-of-realities-reflection-of-light-ce\/#primaryimage"},"thumbnailUrl":"https:\/\/www.iplay.com\/wp-content\/uploads\/2023\/12\/large_square_tile_image-2178.jpg","datePublished":"2022-12-23T00:00:02+00:00","description":"Ein Portal zu einem Paralleluniversum wird durch einen Meteoriten aus Arizona freigeschaltet. Werden Sie es versuchen?","breadcrumb":{"@id":"https:\/\/www.iplay.com\/de\/games\/maze-of-realities-reflection-of-light-ce\/#breadcrumb"},"inLanguage":"de-DE","potentialAction":[{"@type":"ReadAction","target":["https:\/\/www.iplay.com\/de\/games\/maze-of-realities-reflection-of-light-ce\/"]}]},{"@type":"ImageObject","inLanguage":"de-DE","@id":"https:\/\/www.iplay.com\/de\/games\/maze-of-realities-reflection-of-light-ce\/#primaryimage","url":"https:\/\/www.iplay.com\/wp-content\/uploads\/2023\/12\/large_square_tile_image-2178.jpg","contentUrl":"https:\/\/www.iplay.com\/wp-content\/uploads\/2023\/12\/large_square_tile_image-2178.jpg","width":310,"height":310},{"@type":"BreadcrumbList","@id":"https:\/\/www.iplay.com\/de\/games\/maze-of-realities-reflection-of-light-ce\/#breadcrumb","itemListElement":[{"@type":"ListItem","position":1,"name":"Home","item":"https:\/\/www.iplay.com\/de\/home-page-2\/"},{"@type":"ListItem","position":2,"name":"Shop","item":"https:\/\/www.iplay.com\/en\/shop\/"},{"@type":"ListItem","position":3,"name":"Maze Of Realities: Reflection of Light CE"}]},{"@type":"WebSite","@id":"https:\/\/www.iplay.com\/en\/#website","url":"https:\/\/www.iplay.com\/en\/","name":"IPlay","description":"The Best Casual Games!","publisher":{"@id":"https:\/\/www.iplay.com\/en\/#organization"},"potentialAction":[{"@type":"SearchAction","target":{"@type":"EntryPoint","urlTemplate":"https:\/\/www.iplay.com\/en\/?s={search_term_string}"},"query-input":{"@type":"PropertyValueSpecification","valueRequired":true,"valueName":"search_term_string"}}],"inLanguage":"de-DE"},{"@type":"Organization","@id":"https:\/\/www.iplay.com\/en\/#organization","name":"IPlay","url":"https:\/\/www.iplay.com\/en\/","logo":{"@type":"ImageObject","inLanguage":"de-DE","@id":"https:\/\/www.iplay.com\/en\/#\/schema\/logo\/image\/","url":"https:\/\/www.iplay.com\/wp-content\/uploads\/2023\/11\/Group-6100.svg","contentUrl":"https:\/\/www.iplay.com\/wp-content\/uploads\/2023\/11\/Group-6100.svg","width":98,"height":25,"caption":"IPlay"},"image":{"@id":"https:\/\/www.iplay.com\/en\/#\/schema\/logo\/image\/"}}]}},"_links":{"self":[{"href":"https:\/\/www.iplay.com\/de\/wp-json\/wp\/v2\/product\/131958","targetHints":{"allow":["GET"]}}],"collection":[{"href":"https:\/\/www.iplay.com\/de\/wp-json\/wp\/v2\/product"}],"about":[{"href":"https:\/\/www.iplay.com\/de\/wp-json\/wp\/v2\/types\/product"}],"author":[{"embeddable":true,"href":"https:\/\/www.iplay.com\/de\/wp-json\/wp\/v2\/users\/52"}],"replies":[{"embeddable":true,"href":"https:\/\/www.iplay.com\/de\/wp-json\/wp\/v2\/comments?post=131958"}],"wp:featuredmedia":[{"embeddable":true,"href":"https:\/\/www.iplay.com\/de\/wp-json\/wp\/v2\/media\/74955"}],"wp:attachment":[{"href":"https:\/\/www.iplay.com\/de\/wp-json\/wp\/v2\/media?parent=131958"}],"wp:term":[{"taxonomy":"product_brand","embeddable":true,"href":"https:\/\/www.iplay.com\/de\/wp-json\/wp\/v2\/product_brand?post=131958"},{"taxonomy":"product_cat","embeddable":true,"href":"https:\/\/www.iplay.com\/de\/wp-json\/wp\/v2\/product_cat?post=131958"},{"taxonomy":"product_tag","embeddable":true,"href":"https:\/\/www.iplay.com\/de\/wp-json\/wp\/v2\/product_tag?post=131958"}],"curies":[{"name":"wp","href":"https:\/\/api.w.org\/{rel}","templated":true}]}}