{"id":131954,"date":"2025-04-18T11:00:28","date_gmt":"2025-04-18T11:00:28","guid":{"rendered":"https:\/\/www.iplay.com\/games\/art-coloring-44\/"},"modified":"2025-04-18T11:00:28","modified_gmt":"2025-04-18T11:00:28","slug":"art-coloring-44","status":"publish","type":"product","link":"https:\/\/www.iplay.com\/de\/games\/art-coloring-44\/","title":{"rendered":"Art Coloring 44"},"content":{"rendered":"<p class=\"whitespace-pre-wrap break-words\">Wundersch\u00f6ne Meisterwerke werden mit jedem Strich zum Leben erweckt in diesem k\u00fcnstlerischen Abenteuer, das \u00fcber gew\u00f6hnliche Malspiele hinausgeht. Innere Kreativit\u00e4t wird durch Vorstellungskraft freigesetzt, unabh\u00e4ngig vom Niveau der k\u00fcnstlerischen Erfahrung. <\/p>\n<p class=\"whitespace-pre-wrap break-words\">Die Farben k\u00f6nnen ausgew\u00e4hlt und auf nummerierte Bereiche abgestimmt werden, in denen Kunstwerke vor Ihren Augen in leuchtenden Farbt\u00f6nen gedeihen. Ihre bevorzugte F\u00e4rbemethode kann ausgew\u00e4hlt werden &#8211; vom F\u00fcllen nummerierter Abschnitte bis hin zur Erkundung der komplizierten Details der Pixelmalerei. Unendliche M\u00f6glichkeiten zur Personalisierung und zum Spa\u00df bieten die M\u00f6glichkeit, zwischen strukturierter Malerei und flacher F\u00e4rbung zu wechseln. Schillernde Kunstwerke werden vollendet, w\u00e4hrend die Freude am Schaffen erlebt wird!   <\/p>\n<p>&nbsp;<\/p>\n<p class=\"text-xl font-bold text-text-100 mt-1 -mb-0.5\"><strong>Funktionen<\/strong><\/p>\n<ul class=\"[&amp;:not(:last-child)_ul]:pb-1 [&amp;:not(:last-child)_ol]:pb-1 list-disc space-y-1.5 pl-7\">\n<li class=\"whitespace-normal break-words\">64 exquisite Kunstwerke, die vor Farben und Eleganz nur so strotzen, warten darauf, erkundet und fertiggestellt zu werden.<\/li>\n<li class=\"whitespace-normal break-words\">64 komplizierte Pixelbilder, perfekt f\u00fcr Pr\u00e4zisions-Enthusiasten, stehen f\u00fcr Detailarbeiten zur Verf\u00fcgung.<\/li>\n<li class=\"whitespace-normal break-words\">Ihr Stil kann gew\u00e4hlt werden: Malen nach nummerierten Bereichen oder Pixel-f\u00fcr-Pixel-Kreativit\u00e4t.<\/li>\n<li class=\"whitespace-normal break-words\">Die Flexibilit\u00e4t wird mit Optionen zum Wechseln zwischen strukturierten und flachen Farbstilen genossen.<\/li>\n<li class=\"whitespace-normal break-words\">Die lohnende Erfahrung des k\u00fcnstlerischen Ausdrucks wird in einer entspannenden Umgebung geboten.<\/li>\n<\/ul>\n","protected":false},"excerpt":{"rendered":"<p>Verwandeln Sie nummerierte Bereiche in lebendige Meisterwerke mit Art Coloring 44 &#8211; W\u00e4hlen Sie Ihren Stil &#8211; strukturiert oder flach &#8211; und lassen Sie Ihrer Kreativit\u00e4t durch Pixelkunst oder Abschnittsf\u00fcllung freien Lauf.<\/p>\n","protected":false},"author":16,"featured_media":131827,"comment_status":"open","ping_status":"closed","template":"","meta":{"_acf_changed":false,"inline_featured_image":false},"product_brand":[],"product_cat":[185],"product_tag":[236,289],"class_list":{"0":"post-131954","1":"product","2":"type-product","3":"status-publish","4":"has-post-thumbnail","6":"product_cat-paint-by-numbers-series-de","7":"product_tag-art-coloring-series-de","8":"product_tag-play-on-pc-de","10":"first","11":"instock","12":"shipping-taxable","13":"purchasable","14":"product-type-simple"},"acf":[],"yoast_head":"<!-- This site is optimized with the Yoast SEO Premium plugin v25.2 (Yoast SEO v25.2) - https:\/\/yoast.com\/wordpress\/plugins\/seo\/ -->\n<title>Art Coloring 44: Eine lebendige Kreativwelt erwartet Sie<\/title>\n<meta name=\"description\" content=\"Verwandeln Sie nummerierte Bereiche in lebendige Meisterwerke mit Art Coloring 44 - W\u00e4hlen Sie Ihren Stil - strukturiert oder flach - und lassen Sie Ihrer Kreativit\u00e4t durch Pixelkunst oder Abschnittsf\u00fcllung freien Lauf.\" \/>\n<meta name=\"robots\" content=\"index, follow, max-snippet:-1, max-image-preview:large, max-video-preview:-1\" \/>\n<link rel=\"canonical\" href=\"https:\/\/www.iplay.com\/de\/games\/art-coloring-44\/\" \/>\n<meta property=\"og:locale\" content=\"de_DE\" \/>\n<meta property=\"og:type\" content=\"article\" \/>\n<meta property=\"og:title\" content=\"Art Coloring 44\" \/>\n<meta property=\"og:description\" content=\"Verwandeln Sie nummerierte Bereiche in lebendige Meisterwerke mit Art Coloring 44 - W\u00e4hlen Sie Ihren Stil - strukturiert oder flach - und lassen Sie Ihrer Kreativit\u00e4t durch Pixelkunst oder Abschnittsf\u00fcllung freien Lauf.\" \/>\n<meta property=\"og:url\" content=\"https:\/\/www.iplay.com\/de\/games\/art-coloring-44\/\" \/>\n<meta property=\"og:site_name\" content=\"IPlay\" \/>\n<meta property=\"og:image\" content=\"https:\/\/www.iplay.com\/wp-content\/uploads\/2025\/04\/art_coloring_44_large_video_screenshot.webp\" \/>\n\t<meta property=\"og:image:width\" content=\"715\" \/>\n\t<meta property=\"og:image:height\" content=\"485\" \/>\n\t<meta property=\"og:image:type\" content=\"image\/webp\" \/>\n<meta name=\"twitter:card\" content=\"summary_large_image\" \/>\n<meta name=\"twitter:label1\" content=\"Gesch\u00e4tzte Lesezeit\" \/>\n\t<meta name=\"twitter:data1\" content=\"1 Minute\" \/>\n<script type=\"application\/ld+json\" class=\"yoast-schema-graph\">{\"@context\":\"https:\/\/schema.org\",\"@graph\":[{\"@type\":\"WebPage\",\"@id\":\"https:\/\/www.iplay.com\/de\/games\/art-coloring-44\/\",\"url\":\"https:\/\/www.iplay.com\/de\/games\/art-coloring-44\/\",\"name\":\"Art Coloring 44: Eine lebendige Kreativwelt erwartet Sie\",\"isPartOf\":{\"@id\":\"https:\/\/www.iplay.com\/en\/#website\"},\"primaryImageOfPage\":{\"@id\":\"https:\/\/www.iplay.com\/de\/games\/art-coloring-44\/#primaryimage\"},\"image\":{\"@id\":\"https:\/\/www.iplay.com\/de\/games\/art-coloring-44\/#primaryimage\"},\"thumbnailUrl\":\"https:\/\/www.iplay.com\/wp-content\/uploads\/2025\/04\/art_coloring_44_large_video_screenshot.webp\",\"datePublished\":\"2025-04-18T11:00:28+00:00\",\"description\":\"Verwandeln Sie nummerierte Bereiche in lebendige Meisterwerke mit Art Coloring 44 - W\u00e4hlen Sie Ihren Stil - strukturiert oder flach - und lassen Sie Ihrer Kreativit\u00e4t durch Pixelkunst oder Abschnittsf\u00fcllung freien Lauf.\",\"breadcrumb\":{\"@id\":\"https:\/\/www.iplay.com\/de\/games\/art-coloring-44\/#breadcrumb\"},\"inLanguage\":\"de-DE\",\"potentialAction\":[{\"@type\":\"ReadAction\",\"target\":[\"https:\/\/www.iplay.com\/de\/games\/art-coloring-44\/\"]}]},{\"@type\":\"ImageObject\",\"inLanguage\":\"de-DE\",\"@id\":\"https:\/\/www.iplay.com\/de\/games\/art-coloring-44\/#primaryimage\",\"url\":\"https:\/\/www.iplay.com\/wp-content\/uploads\/2025\/04\/art_coloring_44_large_video_screenshot.webp\",\"contentUrl\":\"https:\/\/www.iplay.com\/wp-content\/uploads\/2025\/04\/art_coloring_44_large_video_screenshot.webp\",\"width\":715,\"height\":485},{\"@type\":\"BreadcrumbList\",\"@id\":\"https:\/\/www.iplay.com\/de\/games\/art-coloring-44\/#breadcrumb\",\"itemListElement\":[{\"@type\":\"ListItem\",\"position\":1,\"name\":\"Home\",\"item\":\"https:\/\/www.iplay.com\/de\/home-page-2\/\"},{\"@type\":\"ListItem\",\"position\":2,\"name\":\"Shop\",\"item\":\"https:\/\/www.iplay.com\/en\/shop\/\"},{\"@type\":\"ListItem\",\"position\":3,\"name\":\"Art Coloring 44\"}]},{\"@type\":\"WebSite\",\"@id\":\"https:\/\/www.iplay.com\/en\/#website\",\"url\":\"https:\/\/www.iplay.com\/en\/\",\"name\":\"IPlay\",\"description\":\"The Best Casual Games!\",\"publisher\":{\"@id\":\"https:\/\/www.iplay.com\/en\/#organization\"},\"potentialAction\":[{\"@type\":\"SearchAction\",\"target\":{\"@type\":\"EntryPoint\",\"urlTemplate\":\"https:\/\/www.iplay.com\/en\/?s={search_term_string}\"},\"query-input\":{\"@type\":\"PropertyValueSpecification\",\"valueRequired\":true,\"valueName\":\"search_term_string\"}}],\"inLanguage\":\"de-DE\"},{\"@type\":\"Organization\",\"@id\":\"https:\/\/www.iplay.com\/en\/#organization\",\"name\":\"IPlay\",\"url\":\"https:\/\/www.iplay.com\/en\/\",\"logo\":{\"@type\":\"ImageObject\",\"inLanguage\":\"de-DE\",\"@id\":\"https:\/\/www.iplay.com\/en\/#\/schema\/logo\/image\/\",\"url\":\"https:\/\/www.iplay.com\/wp-content\/uploads\/2023\/11\/Group-6100.svg\",\"contentUrl\":\"https:\/\/www.iplay.com\/wp-content\/uploads\/2023\/11\/Group-6100.svg\",\"width\":98,\"height\":25,\"caption\":\"IPlay\"},\"image\":{\"@id\":\"https:\/\/www.iplay.com\/en\/#\/schema\/logo\/image\/\"}}]}<\/script>\n<!-- \/ Yoast SEO Premium plugin. -->","yoast_head_json":{"title":"Art Coloring 44: Eine lebendige Kreativwelt erwartet Sie","description":"Verwandeln Sie nummerierte Bereiche in lebendige Meisterwerke mit Art Coloring 44 - W\u00e4hlen Sie Ihren Stil - strukturiert oder flach - und lassen Sie Ihrer Kreativit\u00e4t durch Pixelkunst oder Abschnittsf\u00fcllung freien Lauf.","robots":{"index":"index","follow":"follow","max-snippet":"max-snippet:-1","max-image-preview":"max-image-preview:large","max-video-preview":"max-video-preview:-1"},"canonical":"https:\/\/www.iplay.com\/de\/games\/art-coloring-44\/","og_locale":"de_DE","og_type":"article","og_title":"Art Coloring 44","og_description":"Verwandeln Sie nummerierte Bereiche in lebendige Meisterwerke mit Art Coloring 44 - W\u00e4hlen Sie Ihren Stil - strukturiert oder flach - und lassen Sie Ihrer Kreativit\u00e4t durch Pixelkunst oder Abschnittsf\u00fcllung freien Lauf.","og_url":"https:\/\/www.iplay.com\/de\/games\/art-coloring-44\/","og_site_name":"IPlay","og_image":[{"width":715,"height":485,"url":"https:\/\/www.iplay.com\/wp-content\/uploads\/2025\/04\/art_coloring_44_large_video_screenshot.webp","type":"image\/webp"}],"twitter_card":"summary_large_image","twitter_misc":{"Gesch\u00e4tzte Lesezeit":"1 Minute"},"schema":{"@context":"https:\/\/schema.org","@graph":[{"@type":"WebPage","@id":"https:\/\/www.iplay.com\/de\/games\/art-coloring-44\/","url":"https:\/\/www.iplay.com\/de\/games\/art-coloring-44\/","name":"Art Coloring 44: Eine lebendige Kreativwelt erwartet Sie","isPartOf":{"@id":"https:\/\/www.iplay.com\/en\/#website"},"primaryImageOfPage":{"@id":"https:\/\/www.iplay.com\/de\/games\/art-coloring-44\/#primaryimage"},"image":{"@id":"https:\/\/www.iplay.com\/de\/games\/art-coloring-44\/#primaryimage"},"thumbnailUrl":"https:\/\/www.iplay.com\/wp-content\/uploads\/2025\/04\/art_coloring_44_large_video_screenshot.webp","datePublished":"2025-04-18T11:00:28+00:00","description":"Verwandeln Sie nummerierte Bereiche in lebendige Meisterwerke mit Art Coloring 44 - W\u00e4hlen Sie Ihren Stil - strukturiert oder flach - und lassen Sie Ihrer Kreativit\u00e4t durch Pixelkunst oder Abschnittsf\u00fcllung freien Lauf.","breadcrumb":{"@id":"https:\/\/www.iplay.com\/de\/games\/art-coloring-44\/#breadcrumb"},"inLanguage":"de-DE","potentialAction":[{"@type":"ReadAction","target":["https:\/\/www.iplay.com\/de\/games\/art-coloring-44\/"]}]},{"@type":"ImageObject","inLanguage":"de-DE","@id":"https:\/\/www.iplay.com\/de\/games\/art-coloring-44\/#primaryimage","url":"https:\/\/www.iplay.com\/wp-content\/uploads\/2025\/04\/art_coloring_44_large_video_screenshot.webp","contentUrl":"https:\/\/www.iplay.com\/wp-content\/uploads\/2025\/04\/art_coloring_44_large_video_screenshot.webp","width":715,"height":485},{"@type":"BreadcrumbList","@id":"https:\/\/www.iplay.com\/de\/games\/art-coloring-44\/#breadcrumb","itemListElement":[{"@type":"ListItem","position":1,"name":"Home","item":"https:\/\/www.iplay.com\/de\/home-page-2\/"},{"@type":"ListItem","position":2,"name":"Shop","item":"https:\/\/www.iplay.com\/en\/shop\/"},{"@type":"ListItem","position":3,"name":"Art Coloring 44"}]},{"@type":"WebSite","@id":"https:\/\/www.iplay.com\/en\/#website","url":"https:\/\/www.iplay.com\/en\/","name":"IPlay","description":"The Best Casual Games!","publisher":{"@id":"https:\/\/www.iplay.com\/en\/#organization"},"potentialAction":[{"@type":"SearchAction","target":{"@type":"EntryPoint","urlTemplate":"https:\/\/www.iplay.com\/en\/?s={search_term_string}"},"query-input":{"@type":"PropertyValueSpecification","valueRequired":true,"valueName":"search_term_string"}}],"inLanguage":"de-DE"},{"@type":"Organization","@id":"https:\/\/www.iplay.com\/en\/#organization","name":"IPlay","url":"https:\/\/www.iplay.com\/en\/","logo":{"@type":"ImageObject","inLanguage":"de-DE","@id":"https:\/\/www.iplay.com\/en\/#\/schema\/logo\/image\/","url":"https:\/\/www.iplay.com\/wp-content\/uploads\/2023\/11\/Group-6100.svg","contentUrl":"https:\/\/www.iplay.com\/wp-content\/uploads\/2023\/11\/Group-6100.svg","width":98,"height":25,"caption":"IPlay"},"image":{"@id":"https:\/\/www.iplay.com\/en\/#\/schema\/logo\/image\/"}}]}},"_links":{"self":[{"href":"https:\/\/www.iplay.com\/de\/wp-json\/wp\/v2\/product\/131954","targetHints":{"allow":["GET"]}}],"collection":[{"href":"https:\/\/www.iplay.com\/de\/wp-json\/wp\/v2\/product"}],"about":[{"href":"https:\/\/www.iplay.com\/de\/wp-json\/wp\/v2\/types\/product"}],"author":[{"embeddable":true,"href":"https:\/\/www.iplay.com\/de\/wp-json\/wp\/v2\/users\/16"}],"replies":[{"embeddable":true,"href":"https:\/\/www.iplay.com\/de\/wp-json\/wp\/v2\/comments?post=131954"}],"wp:featuredmedia":[{"embeddable":true,"href":"https:\/\/www.iplay.com\/de\/wp-json\/wp\/v2\/media\/131827"}],"wp:attachment":[{"href":"https:\/\/www.iplay.com\/de\/wp-json\/wp\/v2\/media?parent=131954"}],"wp:term":[{"taxonomy":"product_brand","embeddable":true,"href":"https:\/\/www.iplay.com\/de\/wp-json\/wp\/v2\/product_brand?post=131954"},{"taxonomy":"product_cat","embeddable":true,"href":"https:\/\/www.iplay.com\/de\/wp-json\/wp\/v2\/product_cat?post=131954"},{"taxonomy":"product_tag","embeddable":true,"href":"https:\/\/www.iplay.com\/de\/wp-json\/wp\/v2\/product_tag?post=131954"}],"curies":[{"name":"wp","href":"https:\/\/api.w.org\/{rel}","templated":true}]}}