{"id":131633,"date":"2025-04-18T07:30:34","date_gmt":"2025-04-18T07:30:34","guid":{"rendered":"https:\/\/www.iplay.com\/?post_type=product&p=131633"},"modified":"2025-04-18T07:30:34","modified_gmt":"2025-04-18T07:30:34","slug":"modern-art-60","status":"publish","type":"product","link":"https:\/\/www.iplay.com\/de\/games\/modern-art-60\/","title":{"rendered":"Modern Art 60"},"content":{"rendered":"<p>Eine lebendige und entspannende Welt wird durch Modern Art 60 pr\u00e4sentiert, in der Kreativit\u00e4t m\u00fchelos gef\u00f6rdert wird. Der Stress der Farbauswahl kann vergessen werden, da Ihre Fantasie durch dieses intuitive Malen-nach-Zahlen-Erlebnis flie\u00dfen kann. <\/p>\n<p>Es wird eine entz\u00fcckende Sammlung einzigartiger, auff\u00e4lliger Bilder angeboten, wobei jedes Design mit jedem Strich in ein Meisterwerk verwandelt wird. Von K\u00fcnstlern aller Niveaus, von erfahrenen Profis bis hin zu neugierigen Anf\u00e4ngern, kann dieses Spiel genossen werden. Es wird ein einfaches, befriedigendes und durch und durch angenehmes Malerlebnis geboten. Die Zahlen werden einfach befolgt, die Bilder zum Leben erweckt und Ihr innerer K\u00fcnstler wird ermutigt, aufzubl\u00fchen!   <\/p>\n<p><strong>Funktionen<\/strong><\/p>\n<ul>\n<li><strong>Umfangreiche Sammlung:<\/strong> 64 wundersch\u00f6n gestaltete Bilder warten darauf, entdeckt und gemalt zu werden.<\/li>\n<li><strong>Unendlicher Genuss:<\/strong> Unz\u00e4hlige Stunden voller Entspannung, Spa\u00df und kreativem Ausdruck werden geliefert.<\/li>\n<li><strong>Stressfreie Kreativit\u00e4t:<\/strong> Die perfekte Gelegenheit zum Abschalten bietet sich und die k\u00fcnstlerische Seite kann ohne Druck und Stress erkundet werden.<\/li>\n<\/ul>\n","protected":false},"excerpt":{"rendered":"<p>Entspannen Sie sich mit dem Malen-nach-Zahlen-Erlebnis der Modern Art 60 &#8211; Erstellen Sie m\u00fchelos lebendige Meisterwerke &#8211; perfekt f\u00fcr Anf\u00e4nger und K\u00fcnstler gleicherma\u00dfen!<\/p>\n","protected":false},"author":21,"featured_media":131610,"comment_status":"open","ping_status":"closed","template":"","meta":{"_acf_changed":false,"inline_featured_image":false},"product_brand":[],"product_cat":[185],"product_tag":[289],"class_list":{"0":"post-131633","1":"product","2":"type-product","3":"status-publish","4":"has-post-thumbnail","6":"product_cat-paint-by-numbers-series-de","7":"product_tag-play-on-pc-de","9":"first","10":"instock","11":"shipping-taxable","12":"purchasable","13":"product-type-simple"},"acf":[],"yoast_head":"<!-- This site is optimized with the Yoast SEO Premium plugin v25.2 (Yoast SEO v25.2) - https:\/\/yoast.com\/wordpress\/plugins\/seo\/ -->\n<title>Modern Art 60: Tauchen Sie ein in eine lebendige, entspannende Welt<\/title>\n<meta name=\"description\" content=\"Entspannen Sie sich mit dem Malen-nach-Zahlen-Erlebnis der Modern Art 60 - Erstellen Sie m\u00fchelos lebendige Meisterwerke - perfekt f\u00fcr Anf\u00e4nger und K\u00fcnstler gleicherma\u00dfen!\" \/>\n<meta name=\"robots\" content=\"index, follow, max-snippet:-1, max-image-preview:large, max-video-preview:-1\" \/>\n<link rel=\"canonical\" href=\"https:\/\/www.iplay.com\/en\/?post_type=product&p=131607\" \/>\n<meta property=\"og:locale\" content=\"de_DE\" \/>\n<meta property=\"og:type\" content=\"article\" \/>\n<meta property=\"og:title\" content=\"Modern Art 60\" \/>\n<meta property=\"og:description\" content=\"Entspannen Sie sich mit dem Malen-nach-Zahlen-Erlebnis der Modern Art 60 - Erstellen Sie m\u00fchelos lebendige Meisterwerke - perfekt f\u00fcr Anf\u00e4nger und K\u00fcnstler gleicherma\u00dfen!\" \/>\n<meta property=\"og:url\" content=\"https:\/\/www.iplay.com\/en\/?post_type=product&amp;p=131607\" \/>\n<meta property=\"og:site_name\" content=\"IPlay\" \/>\n<meta property=\"og:image\" content=\"https:\/\/www.iplay.com\/wp-content\/uploads\/2025\/04\/modern_art_60_large_video_screenshot.webp\" \/>\n\t<meta property=\"og:image:width\" content=\"715\" \/>\n\t<meta property=\"og:image:height\" content=\"485\" \/>\n\t<meta property=\"og:image:type\" content=\"image\/webp\" \/>\n<meta name=\"twitter:card\" content=\"summary_large_image\" \/>\n<meta name=\"twitter:label1\" content=\"Gesch\u00e4tzte Lesezeit\" \/>\n\t<meta name=\"twitter:data1\" content=\"1 Minute\" \/>\n<script type=\"application\/ld+json\" class=\"yoast-schema-graph\">{\"@context\":\"https:\/\/schema.org\",\"@graph\":[{\"@type\":\"WebPage\",\"@id\":\"https:\/\/www.iplay.com\/en\/?post_type=product&p=131607\",\"url\":\"https:\/\/www.iplay.com\/en\/?post_type=product&p=131607\",\"name\":\"Modern Art 60: Tauchen Sie ein in eine lebendige, entspannende Welt\",\"isPartOf\":{\"@id\":\"https:\/\/www.iplay.com\/en\/#website\"},\"primaryImageOfPage\":{\"@id\":\"https:\/\/www.iplay.com\/en\/?post_type=product&p=131607#primaryimage\"},\"image\":{\"@id\":\"https:\/\/www.iplay.com\/en\/?post_type=product&p=131607#primaryimage\"},\"thumbnailUrl\":\"https:\/\/www.iplay.com\/wp-content\/uploads\/2025\/04\/modern_art_60_large_video_screenshot.webp\",\"datePublished\":\"2025-04-18T07:30:34+00:00\",\"description\":\"Entspannen Sie sich mit dem Malen-nach-Zahlen-Erlebnis der Modern Art 60 - Erstellen Sie m\u00fchelos lebendige Meisterwerke - perfekt f\u00fcr Anf\u00e4nger und K\u00fcnstler gleicherma\u00dfen!\",\"breadcrumb\":{\"@id\":\"https:\/\/www.iplay.com\/en\/?post_type=product&p=131607#breadcrumb\"},\"inLanguage\":\"de-DE\",\"potentialAction\":[{\"@type\":\"ReadAction\",\"target\":[\"https:\/\/www.iplay.com\/en\/?post_type=product&p=131607\"]}]},{\"@type\":\"ImageObject\",\"inLanguage\":\"de-DE\",\"@id\":\"https:\/\/www.iplay.com\/en\/?post_type=product&p=131607#primaryimage\",\"url\":\"https:\/\/www.iplay.com\/wp-content\/uploads\/2025\/04\/modern_art_60_large_video_screenshot.webp\",\"contentUrl\":\"https:\/\/www.iplay.com\/wp-content\/uploads\/2025\/04\/modern_art_60_large_video_screenshot.webp\",\"width\":715,\"height\":485},{\"@type\":\"BreadcrumbList\",\"@id\":\"https:\/\/www.iplay.com\/en\/?post_type=product&p=131607#breadcrumb\",\"itemListElement\":[{\"@type\":\"ListItem\",\"position\":1,\"name\":\"Home\",\"item\":\"https:\/\/www.iplay.com\/de\/home-page-2\/\"},{\"@type\":\"ListItem\",\"position\":2,\"name\":\"Shop\",\"item\":\"https:\/\/www.iplay.com\/en\/shop\/\"},{\"@type\":\"ListItem\",\"position\":3,\"name\":\"Modern Art 60\"}]},{\"@type\":\"WebSite\",\"@id\":\"https:\/\/www.iplay.com\/en\/#website\",\"url\":\"https:\/\/www.iplay.com\/en\/\",\"name\":\"IPlay\",\"description\":\"The Best Casual Games!\",\"publisher\":{\"@id\":\"https:\/\/www.iplay.com\/en\/#organization\"},\"potentialAction\":[{\"@type\":\"SearchAction\",\"target\":{\"@type\":\"EntryPoint\",\"urlTemplate\":\"https:\/\/www.iplay.com\/en\/?s={search_term_string}\"},\"query-input\":{\"@type\":\"PropertyValueSpecification\",\"valueRequired\":true,\"valueName\":\"search_term_string\"}}],\"inLanguage\":\"de-DE\"},{\"@type\":\"Organization\",\"@id\":\"https:\/\/www.iplay.com\/en\/#organization\",\"name\":\"IPlay\",\"url\":\"https:\/\/www.iplay.com\/en\/\",\"logo\":{\"@type\":\"ImageObject\",\"inLanguage\":\"de-DE\",\"@id\":\"https:\/\/www.iplay.com\/en\/#\/schema\/logo\/image\/\",\"url\":\"https:\/\/www.iplay.com\/wp-content\/uploads\/2023\/11\/Group-6100.svg\",\"contentUrl\":\"https:\/\/www.iplay.com\/wp-content\/uploads\/2023\/11\/Group-6100.svg\",\"width\":98,\"height\":25,\"caption\":\"IPlay\"},\"image\":{\"@id\":\"https:\/\/www.iplay.com\/en\/#\/schema\/logo\/image\/\"}}]}<\/script>\n<!-- \/ Yoast SEO Premium plugin. -->","yoast_head_json":{"title":"Modern Art 60: Tauchen Sie ein in eine lebendige, entspannende Welt","description":"Entspannen Sie sich mit dem Malen-nach-Zahlen-Erlebnis der Modern Art 60 - Erstellen Sie m\u00fchelos lebendige Meisterwerke - perfekt f\u00fcr Anf\u00e4nger und K\u00fcnstler gleicherma\u00dfen!","robots":{"index":"index","follow":"follow","max-snippet":"max-snippet:-1","max-image-preview":"max-image-preview:large","max-video-preview":"max-video-preview:-1"},"canonical":"https:\/\/www.iplay.com\/en\/?post_type=product&p=131607","og_locale":"de_DE","og_type":"article","og_title":"Modern Art 60","og_description":"Entspannen Sie sich mit dem Malen-nach-Zahlen-Erlebnis der Modern Art 60 - Erstellen Sie m\u00fchelos lebendige Meisterwerke - perfekt f\u00fcr Anf\u00e4nger und K\u00fcnstler gleicherma\u00dfen!","og_url":"https:\/\/www.iplay.com\/en\/?post_type=product&p=131607","og_site_name":"IPlay","og_image":[{"width":715,"height":485,"url":"https:\/\/www.iplay.com\/wp-content\/uploads\/2025\/04\/modern_art_60_large_video_screenshot.webp","type":"image\/webp"}],"twitter_card":"summary_large_image","twitter_misc":{"Gesch\u00e4tzte Lesezeit":"1 Minute"},"schema":{"@context":"https:\/\/schema.org","@graph":[{"@type":"WebPage","@id":"https:\/\/www.iplay.com\/en\/?post_type=product&p=131607","url":"https:\/\/www.iplay.com\/en\/?post_type=product&p=131607","name":"Modern Art 60: Tauchen Sie ein in eine lebendige, entspannende Welt","isPartOf":{"@id":"https:\/\/www.iplay.com\/en\/#website"},"primaryImageOfPage":{"@id":"https:\/\/www.iplay.com\/en\/?post_type=product&p=131607#primaryimage"},"image":{"@id":"https:\/\/www.iplay.com\/en\/?post_type=product&p=131607#primaryimage"},"thumbnailUrl":"https:\/\/www.iplay.com\/wp-content\/uploads\/2025\/04\/modern_art_60_large_video_screenshot.webp","datePublished":"2025-04-18T07:30:34+00:00","description":"Entspannen Sie sich mit dem Malen-nach-Zahlen-Erlebnis der Modern Art 60 - Erstellen Sie m\u00fchelos lebendige Meisterwerke - perfekt f\u00fcr Anf\u00e4nger und K\u00fcnstler gleicherma\u00dfen!","breadcrumb":{"@id":"https:\/\/www.iplay.com\/en\/?post_type=product&p=131607#breadcrumb"},"inLanguage":"de-DE","potentialAction":[{"@type":"ReadAction","target":["https:\/\/www.iplay.com\/en\/?post_type=product&p=131607"]}]},{"@type":"ImageObject","inLanguage":"de-DE","@id":"https:\/\/www.iplay.com\/en\/?post_type=product&p=131607#primaryimage","url":"https:\/\/www.iplay.com\/wp-content\/uploads\/2025\/04\/modern_art_60_large_video_screenshot.webp","contentUrl":"https:\/\/www.iplay.com\/wp-content\/uploads\/2025\/04\/modern_art_60_large_video_screenshot.webp","width":715,"height":485},{"@type":"BreadcrumbList","@id":"https:\/\/www.iplay.com\/en\/?post_type=product&p=131607#breadcrumb","itemListElement":[{"@type":"ListItem","position":1,"name":"Home","item":"https:\/\/www.iplay.com\/de\/home-page-2\/"},{"@type":"ListItem","position":2,"name":"Shop","item":"https:\/\/www.iplay.com\/en\/shop\/"},{"@type":"ListItem","position":3,"name":"Modern Art 60"}]},{"@type":"WebSite","@id":"https:\/\/www.iplay.com\/en\/#website","url":"https:\/\/www.iplay.com\/en\/","name":"IPlay","description":"The Best Casual Games!","publisher":{"@id":"https:\/\/www.iplay.com\/en\/#organization"},"potentialAction":[{"@type":"SearchAction","target":{"@type":"EntryPoint","urlTemplate":"https:\/\/www.iplay.com\/en\/?s={search_term_string}"},"query-input":{"@type":"PropertyValueSpecification","valueRequired":true,"valueName":"search_term_string"}}],"inLanguage":"de-DE"},{"@type":"Organization","@id":"https:\/\/www.iplay.com\/en\/#organization","name":"IPlay","url":"https:\/\/www.iplay.com\/en\/","logo":{"@type":"ImageObject","inLanguage":"de-DE","@id":"https:\/\/www.iplay.com\/en\/#\/schema\/logo\/image\/","url":"https:\/\/www.iplay.com\/wp-content\/uploads\/2023\/11\/Group-6100.svg","contentUrl":"https:\/\/www.iplay.com\/wp-content\/uploads\/2023\/11\/Group-6100.svg","width":98,"height":25,"caption":"IPlay"},"image":{"@id":"https:\/\/www.iplay.com\/en\/#\/schema\/logo\/image\/"}}]}},"_links":{"self":[{"href":"https:\/\/www.iplay.com\/de\/wp-json\/wp\/v2\/product\/131633","targetHints":{"allow":["GET"]}}],"collection":[{"href":"https:\/\/www.iplay.com\/de\/wp-json\/wp\/v2\/product"}],"about":[{"href":"https:\/\/www.iplay.com\/de\/wp-json\/wp\/v2\/types\/product"}],"author":[{"embeddable":true,"href":"https:\/\/www.iplay.com\/de\/wp-json\/wp\/v2\/users\/21"}],"replies":[{"embeddable":true,"href":"https:\/\/www.iplay.com\/de\/wp-json\/wp\/v2\/comments?post=131633"}],"wp:featuredmedia":[{"embeddable":true,"href":"https:\/\/www.iplay.com\/de\/wp-json\/wp\/v2\/media\/131610"}],"wp:attachment":[{"href":"https:\/\/www.iplay.com\/de\/wp-json\/wp\/v2\/media?parent=131633"}],"wp:term":[{"taxonomy":"product_brand","embeddable":true,"href":"https:\/\/www.iplay.com\/de\/wp-json\/wp\/v2\/product_brand?post=131633"},{"taxonomy":"product_cat","embeddable":true,"href":"https:\/\/www.iplay.com\/de\/wp-json\/wp\/v2\/product_cat?post=131633"},{"taxonomy":"product_tag","embeddable":true,"href":"https:\/\/www.iplay.com\/de\/wp-json\/wp\/v2\/product_tag?post=131633"}],"curies":[{"name":"wp","href":"https:\/\/api.w.org\/{rel}","templated":true}]}}