{"id":131535,"date":"2023-03-10T00:00:01","date_gmt":"2023-03-10T00:00:01","guid":{"rendered":"https:\/\/www.iplay.com\/games\/connected-hearts-the-musketeers-saga-ce\/"},"modified":"2023-03-10T00:00:01","modified_gmt":"2023-03-10T00:00:01","slug":"connected-hearts-the-musketeers-saga-ce","status":"publish","type":"product","link":"https:\/\/www.iplay.com\/de\/games\/connected-hearts-the-musketeers-saga-ce\/","title":{"rendered":"Connected Hearts: The Musketeers Saga CE"},"content":{"rendered":"<p>Liebe kann dir viel bringen, selbst wenn das Schicksal eines ganzen K\u00f6nigreichs auf dem Spiel steht! Kann ein Paar romantischer Helden Bestand haben? Das K\u00f6nigreich ist in Gefahr! Kannst du viele Herausforderungen \u00fcberwinden, um den abtr\u00fcnnigen Verschw\u00f6rern ein Ende zu setzen und dabei zu helfen, die gebrochenen Herzen der beiden jungen Leute wieder zusammenzubringen? Als sowohl Arron als auch Mercedes beginnen, die Verr\u00e4ter, Cardinal und Graf d&#8217;Monteo, zu vereiteln, wird das ganze Ausma\u00df ihrer Verschw\u00f6rung klar. Sie vergifteten den Prinzen, kauften die Wachen und begannen, die Musketiere des Prinzen gefangen zu nehmen, um zu verhindern, dass Gweneale gekr\u00f6nt wurde. Obwohl das Deck gegen mutige Liebhaber geneigt ist, m\u00fcssen sie f\u00e4hig sein, oder? Versammle dich f\u00fcr eine erstaunliche Liebesgeschichte in diesem spannenden neuen Wimmelbild-Abenteuer!       <\/p>\n<p>&nbsp;<\/p>\n<p>&nbsp;<\/p>\n<p><strong>Funktionen:<\/strong><\/p>\n<p>&nbsp;<\/p>\n<p>&#8211; Schl\u00fcpfe in zwei unterschiedliche Rollen! Indem du abwechselnd vorgibst, die Helden zu sein, kannst du mehr \u00fcber ihre Pers\u00f6nlichkeiten und Charaktereigenschaften erfahren! <\/p>\n<p>&#8211; Einzigartige Sammlungen sind verf\u00fcgbar! Du kannst eine Menge Gegenst\u00e4nde in dieser fesselnden Liebesgeschichte finden, w\u00e4hrend du das Spiel spielst! <\/p>\n<p>&#8211; Bonus-Kapitel: In einem zus\u00e4tzlichen Kapitel musst du verhindern, dass der gekr\u00f6nte K\u00f6nig Gweneil durch einen m\u00e4chtigen neuen Gegner durch einen Doppelg\u00e4nger ersetzt wird!<\/p>\n","protected":false},"excerpt":{"rendered":"<p>Liebe kann dir viel bringen, selbst wenn das Schicksal eines ganzen K\u00f6nigreichs auf dem Spiel steht!<\/p>\n","protected":false},"author":52,"featured_media":74102,"comment_status":"open","ping_status":"closed","template":"","meta":{"_acf_changed":false,"inline_featured_image":false},"product_brand":[],"product_cat":[164],"product_tag":[289,352],"class_list":{"0":"post-131535","1":"product","2":"type-product","3":"status-publish","4":"has-post-thumbnail","6":"product_cat-hidden-object-de","7":"product_tag-play-on-pc-de","8":"product_tag-valentines-day-de-2","10":"first","11":"instock","12":"shipping-taxable","13":"purchasable","14":"product-type-simple"},"acf":[],"yoast_head":"<!-- This site is optimized with the Yoast SEO Premium plugin v25.2 (Yoast SEO v25.2) - https:\/\/yoast.com\/wordpress\/plugins\/seo\/ -->\n<title>Connected Hearts: The Musketeers Saga CE - Liebe \u00fcberwindet Hindernisse, auch wenn das Schicksal eines K\u00f6nigreichs auf dem Spiel steht<\/title>\n<meta name=\"description\" content=\"Liebe kann dir viel bringen, selbst wenn das Schicksal eines ganzen K\u00f6nigreichs auf dem Spiel steht!\" \/>\n<meta name=\"robots\" content=\"index, follow, max-snippet:-1, max-image-preview:large, max-video-preview:-1\" \/>\n<link rel=\"canonical\" href=\"https:\/\/www.iplay.com\/de\/games\/connected-hearts-the-musketeers-saga-ce\/\" \/>\n<meta property=\"og:locale\" content=\"de_DE\" \/>\n<meta property=\"og:type\" content=\"article\" \/>\n<meta property=\"og:title\" content=\"Connected Hearts: The Musketeers Saga CE\" \/>\n<meta property=\"og:description\" content=\"Liebe kann dir viel bringen, selbst wenn das Schicksal eines ganzen K\u00f6nigreichs auf dem Spiel steht!\" \/>\n<meta property=\"og:url\" content=\"https:\/\/www.iplay.com\/de\/games\/connected-hearts-the-musketeers-saga-ce\/\" \/>\n<meta property=\"og:site_name\" content=\"IPlay\" \/>\n<meta property=\"og:image\" content=\"https:\/\/www.iplay.com\/wp-content\/uploads\/2023\/12\/large_square_tile_image-2125.jpg\" \/>\n\t<meta property=\"og:image:width\" content=\"310\" \/>\n\t<meta property=\"og:image:height\" content=\"310\" \/>\n\t<meta property=\"og:image:type\" content=\"image\/jpeg\" \/>\n<meta name=\"twitter:card\" content=\"summary_large_image\" \/>\n<meta name=\"twitter:label1\" content=\"Gesch\u00e4tzte Lesezeit\" \/>\n\t<meta name=\"twitter:data1\" content=\"1 Minute\" \/>\n<script type=\"application\/ld+json\" class=\"yoast-schema-graph\">{\"@context\":\"https:\/\/schema.org\",\"@graph\":[{\"@type\":\"WebPage\",\"@id\":\"https:\/\/www.iplay.com\/de\/games\/connected-hearts-the-musketeers-saga-ce\/\",\"url\":\"https:\/\/www.iplay.com\/de\/games\/connected-hearts-the-musketeers-saga-ce\/\",\"name\":\"Connected Hearts: The Musketeers Saga CE - Liebe \u00fcberwindet Hindernisse, auch wenn das Schicksal eines K\u00f6nigreichs auf dem Spiel steht\",\"isPartOf\":{\"@id\":\"https:\/\/www.iplay.com\/en\/#website\"},\"primaryImageOfPage\":{\"@id\":\"https:\/\/www.iplay.com\/de\/games\/connected-hearts-the-musketeers-saga-ce\/#primaryimage\"},\"image\":{\"@id\":\"https:\/\/www.iplay.com\/de\/games\/connected-hearts-the-musketeers-saga-ce\/#primaryimage\"},\"thumbnailUrl\":\"https:\/\/www.iplay.com\/wp-content\/uploads\/2023\/12\/large_square_tile_image-2125.jpg\",\"datePublished\":\"2023-03-10T00:00:01+00:00\",\"description\":\"Liebe kann dir viel bringen, selbst wenn das Schicksal eines ganzen K\u00f6nigreichs auf dem Spiel steht!\",\"breadcrumb\":{\"@id\":\"https:\/\/www.iplay.com\/de\/games\/connected-hearts-the-musketeers-saga-ce\/#breadcrumb\"},\"inLanguage\":\"de-DE\",\"potentialAction\":[{\"@type\":\"ReadAction\",\"target\":[\"https:\/\/www.iplay.com\/de\/games\/connected-hearts-the-musketeers-saga-ce\/\"]}]},{\"@type\":\"ImageObject\",\"inLanguage\":\"de-DE\",\"@id\":\"https:\/\/www.iplay.com\/de\/games\/connected-hearts-the-musketeers-saga-ce\/#primaryimage\",\"url\":\"https:\/\/www.iplay.com\/wp-content\/uploads\/2023\/12\/large_square_tile_image-2125.jpg\",\"contentUrl\":\"https:\/\/www.iplay.com\/wp-content\/uploads\/2023\/12\/large_square_tile_image-2125.jpg\",\"width\":310,\"height\":310},{\"@type\":\"BreadcrumbList\",\"@id\":\"https:\/\/www.iplay.com\/de\/games\/connected-hearts-the-musketeers-saga-ce\/#breadcrumb\",\"itemListElement\":[{\"@type\":\"ListItem\",\"position\":1,\"name\":\"Home\",\"item\":\"https:\/\/www.iplay.com\/de\/home-page-2\/\"},{\"@type\":\"ListItem\",\"position\":2,\"name\":\"Shop\",\"item\":\"https:\/\/www.iplay.com\/en\/shop\/\"},{\"@type\":\"ListItem\",\"position\":3,\"name\":\"Connected Hearts: The Musketeers Saga CE\"}]},{\"@type\":\"WebSite\",\"@id\":\"https:\/\/www.iplay.com\/en\/#website\",\"url\":\"https:\/\/www.iplay.com\/en\/\",\"name\":\"IPlay\",\"description\":\"The Best Casual Games!\",\"publisher\":{\"@id\":\"https:\/\/www.iplay.com\/en\/#organization\"},\"potentialAction\":[{\"@type\":\"SearchAction\",\"target\":{\"@type\":\"EntryPoint\",\"urlTemplate\":\"https:\/\/www.iplay.com\/en\/?s={search_term_string}\"},\"query-input\":{\"@type\":\"PropertyValueSpecification\",\"valueRequired\":true,\"valueName\":\"search_term_string\"}}],\"inLanguage\":\"de-DE\"},{\"@type\":\"Organization\",\"@id\":\"https:\/\/www.iplay.com\/en\/#organization\",\"name\":\"IPlay\",\"url\":\"https:\/\/www.iplay.com\/en\/\",\"logo\":{\"@type\":\"ImageObject\",\"inLanguage\":\"de-DE\",\"@id\":\"https:\/\/www.iplay.com\/en\/#\/schema\/logo\/image\/\",\"url\":\"https:\/\/www.iplay.com\/wp-content\/uploads\/2023\/11\/Group-6100.svg\",\"contentUrl\":\"https:\/\/www.iplay.com\/wp-content\/uploads\/2023\/11\/Group-6100.svg\",\"width\":98,\"height\":25,\"caption\":\"IPlay\"},\"image\":{\"@id\":\"https:\/\/www.iplay.com\/en\/#\/schema\/logo\/image\/\"}}]}<\/script>\n<!-- \/ Yoast SEO Premium plugin. -->","yoast_head_json":{"title":"Connected Hearts: The Musketeers Saga CE - Liebe \u00fcberwindet Hindernisse, auch wenn das Schicksal eines K\u00f6nigreichs auf dem Spiel steht","description":"Liebe kann dir viel bringen, selbst wenn das Schicksal eines ganzen K\u00f6nigreichs auf dem Spiel steht!","robots":{"index":"index","follow":"follow","max-snippet":"max-snippet:-1","max-image-preview":"max-image-preview:large","max-video-preview":"max-video-preview:-1"},"canonical":"https:\/\/www.iplay.com\/de\/games\/connected-hearts-the-musketeers-saga-ce\/","og_locale":"de_DE","og_type":"article","og_title":"Connected Hearts: The Musketeers Saga CE","og_description":"Liebe kann dir viel bringen, selbst wenn das Schicksal eines ganzen K\u00f6nigreichs auf dem Spiel steht!","og_url":"https:\/\/www.iplay.com\/de\/games\/connected-hearts-the-musketeers-saga-ce\/","og_site_name":"IPlay","og_image":[{"width":310,"height":310,"url":"https:\/\/www.iplay.com\/wp-content\/uploads\/2023\/12\/large_square_tile_image-2125.jpg","type":"image\/jpeg"}],"twitter_card":"summary_large_image","twitter_misc":{"Gesch\u00e4tzte Lesezeit":"1 Minute"},"schema":{"@context":"https:\/\/schema.org","@graph":[{"@type":"WebPage","@id":"https:\/\/www.iplay.com\/de\/games\/connected-hearts-the-musketeers-saga-ce\/","url":"https:\/\/www.iplay.com\/de\/games\/connected-hearts-the-musketeers-saga-ce\/","name":"Connected Hearts: The Musketeers Saga CE - Liebe \u00fcberwindet Hindernisse, auch wenn das Schicksal eines K\u00f6nigreichs auf dem Spiel steht","isPartOf":{"@id":"https:\/\/www.iplay.com\/en\/#website"},"primaryImageOfPage":{"@id":"https:\/\/www.iplay.com\/de\/games\/connected-hearts-the-musketeers-saga-ce\/#primaryimage"},"image":{"@id":"https:\/\/www.iplay.com\/de\/games\/connected-hearts-the-musketeers-saga-ce\/#primaryimage"},"thumbnailUrl":"https:\/\/www.iplay.com\/wp-content\/uploads\/2023\/12\/large_square_tile_image-2125.jpg","datePublished":"2023-03-10T00:00:01+00:00","description":"Liebe kann dir viel bringen, selbst wenn das Schicksal eines ganzen K\u00f6nigreichs auf dem Spiel steht!","breadcrumb":{"@id":"https:\/\/www.iplay.com\/de\/games\/connected-hearts-the-musketeers-saga-ce\/#breadcrumb"},"inLanguage":"de-DE","potentialAction":[{"@type":"ReadAction","target":["https:\/\/www.iplay.com\/de\/games\/connected-hearts-the-musketeers-saga-ce\/"]}]},{"@type":"ImageObject","inLanguage":"de-DE","@id":"https:\/\/www.iplay.com\/de\/games\/connected-hearts-the-musketeers-saga-ce\/#primaryimage","url":"https:\/\/www.iplay.com\/wp-content\/uploads\/2023\/12\/large_square_tile_image-2125.jpg","contentUrl":"https:\/\/www.iplay.com\/wp-content\/uploads\/2023\/12\/large_square_tile_image-2125.jpg","width":310,"height":310},{"@type":"BreadcrumbList","@id":"https:\/\/www.iplay.com\/de\/games\/connected-hearts-the-musketeers-saga-ce\/#breadcrumb","itemListElement":[{"@type":"ListItem","position":1,"name":"Home","item":"https:\/\/www.iplay.com\/de\/home-page-2\/"},{"@type":"ListItem","position":2,"name":"Shop","item":"https:\/\/www.iplay.com\/en\/shop\/"},{"@type":"ListItem","position":3,"name":"Connected Hearts: The Musketeers Saga CE"}]},{"@type":"WebSite","@id":"https:\/\/www.iplay.com\/en\/#website","url":"https:\/\/www.iplay.com\/en\/","name":"IPlay","description":"The Best Casual Games!","publisher":{"@id":"https:\/\/www.iplay.com\/en\/#organization"},"potentialAction":[{"@type":"SearchAction","target":{"@type":"EntryPoint","urlTemplate":"https:\/\/www.iplay.com\/en\/?s={search_term_string}"},"query-input":{"@type":"PropertyValueSpecification","valueRequired":true,"valueName":"search_term_string"}}],"inLanguage":"de-DE"},{"@type":"Organization","@id":"https:\/\/www.iplay.com\/en\/#organization","name":"IPlay","url":"https:\/\/www.iplay.com\/en\/","logo":{"@type":"ImageObject","inLanguage":"de-DE","@id":"https:\/\/www.iplay.com\/en\/#\/schema\/logo\/image\/","url":"https:\/\/www.iplay.com\/wp-content\/uploads\/2023\/11\/Group-6100.svg","contentUrl":"https:\/\/www.iplay.com\/wp-content\/uploads\/2023\/11\/Group-6100.svg","width":98,"height":25,"caption":"IPlay"},"image":{"@id":"https:\/\/www.iplay.com\/en\/#\/schema\/logo\/image\/"}}]}},"_links":{"self":[{"href":"https:\/\/www.iplay.com\/de\/wp-json\/wp\/v2\/product\/131535","targetHints":{"allow":["GET"]}}],"collection":[{"href":"https:\/\/www.iplay.com\/de\/wp-json\/wp\/v2\/product"}],"about":[{"href":"https:\/\/www.iplay.com\/de\/wp-json\/wp\/v2\/types\/product"}],"author":[{"embeddable":true,"href":"https:\/\/www.iplay.com\/de\/wp-json\/wp\/v2\/users\/52"}],"replies":[{"embeddable":true,"href":"https:\/\/www.iplay.com\/de\/wp-json\/wp\/v2\/comments?post=131535"}],"wp:featuredmedia":[{"embeddable":true,"href":"https:\/\/www.iplay.com\/de\/wp-json\/wp\/v2\/media\/74102"}],"wp:attachment":[{"href":"https:\/\/www.iplay.com\/de\/wp-json\/wp\/v2\/media?parent=131535"}],"wp:term":[{"taxonomy":"product_brand","embeddable":true,"href":"https:\/\/www.iplay.com\/de\/wp-json\/wp\/v2\/product_brand?post=131535"},{"taxonomy":"product_cat","embeddable":true,"href":"https:\/\/www.iplay.com\/de\/wp-json\/wp\/v2\/product_cat?post=131535"},{"taxonomy":"product_tag","embeddable":true,"href":"https:\/\/www.iplay.com\/de\/wp-json\/wp\/v2\/product_tag?post=131535"}],"curies":[{"name":"wp","href":"https:\/\/api.w.org\/{rel}","templated":true}]}}