{"id":131526,"date":"2023-03-15T00:00:00","date_gmt":"2023-03-15T00:00:00","guid":{"rendered":"https:\/\/www.iplay.com\/games\/puzzle-vacations-japan\/"},"modified":"2023-03-15T00:00:00","modified_gmt":"2023-03-15T00:00:00","slug":"puzzle-vacations-japan","status":"publish","type":"product","link":"https:\/\/www.iplay.com\/de\/games\/puzzle-vacations-japan\/","title":{"rendered":"Puzzle Vacations: Japan"},"content":{"rendered":"<p>Entspannen Sie sich und genie\u00dfen Sie einen Puzzle-Urlaub, w\u00e4hrend Sie die atemberaubenden Sch\u00f6nheiten Japans sehen. Mehr als hundert gestochen scharfe Fotos mit Tokio, Geishas, Kirschbl\u00fcten, Schl\u00f6ssern und mehr! Eine Vielzahl von Kategorien steht zur Auswahl, z. B. St\u00e4dte, Essen, Tiere, Landschaft, Schl\u00f6sser und mehr. L\u00f6sen Sie stundenlangen Spa\u00df mit Puzzles mit bis zu 400 Teilen!   <\/p>\n<p>&nbsp;<\/p>\n<p>&nbsp;<\/p>\n<p><strong>Funktionen:<\/strong><\/p>\n<p>&nbsp;<\/p>\n<p>&#8211; 125 verschiedene Puzzle-Fotos erm\u00f6glichen es Ihnen, ein immersives Erlebnis von Japan zu gewinnen.<\/p>\n<p>&#8211; W\u00e4hle aus 27 verschiedenen Varianten von Puzzles und Tauschpuzzles!<\/p>\n<p>&#8211; Knacke R\u00e4tsel mit bis zu 400 Teilen!<\/p>\n<p>&#8211; N\u00fctzliche Funktionen wie Timer, Neumischen, Drehen und Tipp k\u00f6nnen das Gameplay vereinfachen!<\/p>\n<p>&#8211; Eine Hinweisfunktion, um Spielern zu helfen, die nicht weiterkommen!<\/p>\n<p>&#8211; \u00c4ndern Sie die Farbe Ihrer Kulisse! Bietet einen kompletten Soundtrack und Hintergrundbilder! <\/p>\n<p>&#8211; Es gibt keine gesperrten Levels, so dass du spielen kannst, wie du willst!<\/p>\n","protected":false},"excerpt":{"rendered":"<p>Entspannen Sie sich und genie\u00dfen Sie einen Puzzle-Urlaub, w\u00e4hrend Sie die atemberaubenden Sch\u00f6nheiten Japans sehen.<\/p>\n","protected":false},"author":18,"featured_media":74038,"comment_status":"open","ping_status":"closed","template":"","meta":{"_acf_changed":false,"inline_featured_image":false},"product_brand":[],"product_cat":[194],"product_tag":[],"class_list":{"0":"post-131526","1":"product","2":"type-product","3":"status-publish","4":"has-post-thumbnail","6":"product_cat-puzzle-de","8":"first","9":"instock","10":"shipping-taxable","11":"purchasable","12":"product-type-simple"},"acf":[],"yoast_head":"<!-- This site is optimized with the Yoast SEO Premium plugin v25.2 (Yoast SEO v25.2) - https:\/\/yoast.com\/wordpress\/plugins\/seo\/ -->\n<title>Puzzle Vacations: Japan - Tauchen Sie ein in einen Puzzle-Urlaub inmitten der landschaftlichen Sch\u00f6nheit Japans<\/title>\n<meta name=\"description\" content=\"Entspannen Sie sich und genie\u00dfen Sie einen Puzzle-Urlaub, w\u00e4hrend Sie die atemberaubenden Sch\u00f6nheiten Japans sehen.\" \/>\n<meta name=\"robots\" content=\"index, follow, max-snippet:-1, max-image-preview:large, max-video-preview:-1\" \/>\n<link rel=\"canonical\" href=\"https:\/\/www.iplay.com\/de\/games\/puzzle-vacations-japan\/\" \/>\n<meta property=\"og:locale\" content=\"de_DE\" \/>\n<meta property=\"og:type\" content=\"article\" \/>\n<meta property=\"og:title\" content=\"Puzzle Vacations: Japan\" \/>\n<meta property=\"og:description\" content=\"Entspannen Sie sich und genie\u00dfen Sie einen Puzzle-Urlaub, w\u00e4hrend Sie die atemberaubenden Sch\u00f6nheiten Japans sehen.\" \/>\n<meta property=\"og:url\" content=\"https:\/\/www.iplay.com\/de\/games\/puzzle-vacations-japan\/\" \/>\n<meta property=\"og:site_name\" content=\"IPlay\" \/>\n<meta property=\"og:image\" content=\"https:\/\/www.iplay.com\/wp-content\/uploads\/2023\/12\/large_square_tile_image-2121.jpg\" \/>\n\t<meta property=\"og:image:width\" content=\"310\" \/>\n\t<meta property=\"og:image:height\" content=\"310\" \/>\n\t<meta property=\"og:image:type\" content=\"image\/jpeg\" \/>\n<meta name=\"twitter:card\" content=\"summary_large_image\" \/>\n<meta name=\"twitter:label1\" content=\"Gesch\u00e4tzte Lesezeit\" \/>\n\t<meta name=\"twitter:data1\" content=\"1 Minute\" \/>\n<script type=\"application\/ld+json\" class=\"yoast-schema-graph\">{\"@context\":\"https:\/\/schema.org\",\"@graph\":[{\"@type\":\"WebPage\",\"@id\":\"https:\/\/www.iplay.com\/de\/games\/puzzle-vacations-japan\/\",\"url\":\"https:\/\/www.iplay.com\/de\/games\/puzzle-vacations-japan\/\",\"name\":\"Puzzle Vacations: Japan - Tauchen Sie ein in einen Puzzle-Urlaub inmitten der landschaftlichen Sch\u00f6nheit Japans\",\"isPartOf\":{\"@id\":\"https:\/\/www.iplay.com\/en\/#website\"},\"primaryImageOfPage\":{\"@id\":\"https:\/\/www.iplay.com\/de\/games\/puzzle-vacations-japan\/#primaryimage\"},\"image\":{\"@id\":\"https:\/\/www.iplay.com\/de\/games\/puzzle-vacations-japan\/#primaryimage\"},\"thumbnailUrl\":\"https:\/\/www.iplay.com\/wp-content\/uploads\/2023\/12\/large_square_tile_image-2121.jpg\",\"datePublished\":\"2023-03-15T00:00:00+00:00\",\"description\":\"Entspannen Sie sich und genie\u00dfen Sie einen Puzzle-Urlaub, w\u00e4hrend Sie die atemberaubenden Sch\u00f6nheiten Japans sehen.\",\"breadcrumb\":{\"@id\":\"https:\/\/www.iplay.com\/de\/games\/puzzle-vacations-japan\/#breadcrumb\"},\"inLanguage\":\"de-DE\",\"potentialAction\":[{\"@type\":\"ReadAction\",\"target\":[\"https:\/\/www.iplay.com\/de\/games\/puzzle-vacations-japan\/\"]}]},{\"@type\":\"ImageObject\",\"inLanguage\":\"de-DE\",\"@id\":\"https:\/\/www.iplay.com\/de\/games\/puzzle-vacations-japan\/#primaryimage\",\"url\":\"https:\/\/www.iplay.com\/wp-content\/uploads\/2023\/12\/large_square_tile_image-2121.jpg\",\"contentUrl\":\"https:\/\/www.iplay.com\/wp-content\/uploads\/2023\/12\/large_square_tile_image-2121.jpg\",\"width\":310,\"height\":310},{\"@type\":\"BreadcrumbList\",\"@id\":\"https:\/\/www.iplay.com\/de\/games\/puzzle-vacations-japan\/#breadcrumb\",\"itemListElement\":[{\"@type\":\"ListItem\",\"position\":1,\"name\":\"Home\",\"item\":\"https:\/\/www.iplay.com\/de\/home-page-2\/\"},{\"@type\":\"ListItem\",\"position\":2,\"name\":\"Shop\",\"item\":\"https:\/\/www.iplay.com\/en\/shop\/\"},{\"@type\":\"ListItem\",\"position\":3,\"name\":\"Puzzle Vacations: Japan\"}]},{\"@type\":\"WebSite\",\"@id\":\"https:\/\/www.iplay.com\/en\/#website\",\"url\":\"https:\/\/www.iplay.com\/en\/\",\"name\":\"IPlay\",\"description\":\"The Best Casual Games!\",\"publisher\":{\"@id\":\"https:\/\/www.iplay.com\/en\/#organization\"},\"potentialAction\":[{\"@type\":\"SearchAction\",\"target\":{\"@type\":\"EntryPoint\",\"urlTemplate\":\"https:\/\/www.iplay.com\/en\/?s={search_term_string}\"},\"query-input\":{\"@type\":\"PropertyValueSpecification\",\"valueRequired\":true,\"valueName\":\"search_term_string\"}}],\"inLanguage\":\"de-DE\"},{\"@type\":\"Organization\",\"@id\":\"https:\/\/www.iplay.com\/en\/#organization\",\"name\":\"IPlay\",\"url\":\"https:\/\/www.iplay.com\/en\/\",\"logo\":{\"@type\":\"ImageObject\",\"inLanguage\":\"de-DE\",\"@id\":\"https:\/\/www.iplay.com\/en\/#\/schema\/logo\/image\/\",\"url\":\"https:\/\/www.iplay.com\/wp-content\/uploads\/2023\/11\/Group-6100.svg\",\"contentUrl\":\"https:\/\/www.iplay.com\/wp-content\/uploads\/2023\/11\/Group-6100.svg\",\"width\":98,\"height\":25,\"caption\":\"IPlay\"},\"image\":{\"@id\":\"https:\/\/www.iplay.com\/en\/#\/schema\/logo\/image\/\"}}]}<\/script>\n<!-- \/ Yoast SEO Premium plugin. -->","yoast_head_json":{"title":"Puzzle Vacations: Japan - Tauchen Sie ein in einen Puzzle-Urlaub inmitten der landschaftlichen Sch\u00f6nheit Japans","description":"Entspannen Sie sich und genie\u00dfen Sie einen Puzzle-Urlaub, w\u00e4hrend Sie die atemberaubenden Sch\u00f6nheiten Japans sehen.","robots":{"index":"index","follow":"follow","max-snippet":"max-snippet:-1","max-image-preview":"max-image-preview:large","max-video-preview":"max-video-preview:-1"},"canonical":"https:\/\/www.iplay.com\/de\/games\/puzzle-vacations-japan\/","og_locale":"de_DE","og_type":"article","og_title":"Puzzle Vacations: Japan","og_description":"Entspannen Sie sich und genie\u00dfen Sie einen Puzzle-Urlaub, w\u00e4hrend Sie die atemberaubenden Sch\u00f6nheiten Japans sehen.","og_url":"https:\/\/www.iplay.com\/de\/games\/puzzle-vacations-japan\/","og_site_name":"IPlay","og_image":[{"width":310,"height":310,"url":"https:\/\/www.iplay.com\/wp-content\/uploads\/2023\/12\/large_square_tile_image-2121.jpg","type":"image\/jpeg"}],"twitter_card":"summary_large_image","twitter_misc":{"Gesch\u00e4tzte Lesezeit":"1 Minute"},"schema":{"@context":"https:\/\/schema.org","@graph":[{"@type":"WebPage","@id":"https:\/\/www.iplay.com\/de\/games\/puzzle-vacations-japan\/","url":"https:\/\/www.iplay.com\/de\/games\/puzzle-vacations-japan\/","name":"Puzzle Vacations: Japan - Tauchen Sie ein in einen Puzzle-Urlaub inmitten der landschaftlichen Sch\u00f6nheit Japans","isPartOf":{"@id":"https:\/\/www.iplay.com\/en\/#website"},"primaryImageOfPage":{"@id":"https:\/\/www.iplay.com\/de\/games\/puzzle-vacations-japan\/#primaryimage"},"image":{"@id":"https:\/\/www.iplay.com\/de\/games\/puzzle-vacations-japan\/#primaryimage"},"thumbnailUrl":"https:\/\/www.iplay.com\/wp-content\/uploads\/2023\/12\/large_square_tile_image-2121.jpg","datePublished":"2023-03-15T00:00:00+00:00","description":"Entspannen Sie sich und genie\u00dfen Sie einen Puzzle-Urlaub, w\u00e4hrend Sie die atemberaubenden Sch\u00f6nheiten Japans sehen.","breadcrumb":{"@id":"https:\/\/www.iplay.com\/de\/games\/puzzle-vacations-japan\/#breadcrumb"},"inLanguage":"de-DE","potentialAction":[{"@type":"ReadAction","target":["https:\/\/www.iplay.com\/de\/games\/puzzle-vacations-japan\/"]}]},{"@type":"ImageObject","inLanguage":"de-DE","@id":"https:\/\/www.iplay.com\/de\/games\/puzzle-vacations-japan\/#primaryimage","url":"https:\/\/www.iplay.com\/wp-content\/uploads\/2023\/12\/large_square_tile_image-2121.jpg","contentUrl":"https:\/\/www.iplay.com\/wp-content\/uploads\/2023\/12\/large_square_tile_image-2121.jpg","width":310,"height":310},{"@type":"BreadcrumbList","@id":"https:\/\/www.iplay.com\/de\/games\/puzzle-vacations-japan\/#breadcrumb","itemListElement":[{"@type":"ListItem","position":1,"name":"Home","item":"https:\/\/www.iplay.com\/de\/home-page-2\/"},{"@type":"ListItem","position":2,"name":"Shop","item":"https:\/\/www.iplay.com\/en\/shop\/"},{"@type":"ListItem","position":3,"name":"Puzzle Vacations: Japan"}]},{"@type":"WebSite","@id":"https:\/\/www.iplay.com\/en\/#website","url":"https:\/\/www.iplay.com\/en\/","name":"IPlay","description":"The Best Casual Games!","publisher":{"@id":"https:\/\/www.iplay.com\/en\/#organization"},"potentialAction":[{"@type":"SearchAction","target":{"@type":"EntryPoint","urlTemplate":"https:\/\/www.iplay.com\/en\/?s={search_term_string}"},"query-input":{"@type":"PropertyValueSpecification","valueRequired":true,"valueName":"search_term_string"}}],"inLanguage":"de-DE"},{"@type":"Organization","@id":"https:\/\/www.iplay.com\/en\/#organization","name":"IPlay","url":"https:\/\/www.iplay.com\/en\/","logo":{"@type":"ImageObject","inLanguage":"de-DE","@id":"https:\/\/www.iplay.com\/en\/#\/schema\/logo\/image\/","url":"https:\/\/www.iplay.com\/wp-content\/uploads\/2023\/11\/Group-6100.svg","contentUrl":"https:\/\/www.iplay.com\/wp-content\/uploads\/2023\/11\/Group-6100.svg","width":98,"height":25,"caption":"IPlay"},"image":{"@id":"https:\/\/www.iplay.com\/en\/#\/schema\/logo\/image\/"}}]}},"_links":{"self":[{"href":"https:\/\/www.iplay.com\/de\/wp-json\/wp\/v2\/product\/131526","targetHints":{"allow":["GET"]}}],"collection":[{"href":"https:\/\/www.iplay.com\/de\/wp-json\/wp\/v2\/product"}],"about":[{"href":"https:\/\/www.iplay.com\/de\/wp-json\/wp\/v2\/types\/product"}],"author":[{"embeddable":true,"href":"https:\/\/www.iplay.com\/de\/wp-json\/wp\/v2\/users\/18"}],"replies":[{"embeddable":true,"href":"https:\/\/www.iplay.com\/de\/wp-json\/wp\/v2\/comments?post=131526"}],"wp:featuredmedia":[{"embeddable":true,"href":"https:\/\/www.iplay.com\/de\/wp-json\/wp\/v2\/media\/74038"}],"wp:attachment":[{"href":"https:\/\/www.iplay.com\/de\/wp-json\/wp\/v2\/media?parent=131526"}],"wp:term":[{"taxonomy":"product_brand","embeddable":true,"href":"https:\/\/www.iplay.com\/de\/wp-json\/wp\/v2\/product_brand?post=131526"},{"taxonomy":"product_cat","embeddable":true,"href":"https:\/\/www.iplay.com\/de\/wp-json\/wp\/v2\/product_cat?post=131526"},{"taxonomy":"product_tag","embeddable":true,"href":"https:\/\/www.iplay.com\/de\/wp-json\/wp\/v2\/product_tag?post=131526"}],"curies":[{"name":"wp","href":"https:\/\/api.w.org\/{rel}","templated":true}]}}