{"id":131460,"date":"2023-04-07T00:00:02","date_gmt":"2023-04-07T00:00:02","guid":{"rendered":"https:\/\/www.iplay.com\/games\/unsolved-case-murderous-script-collectors-edition\/"},"modified":"2023-04-07T00:00:02","modified_gmt":"2023-04-07T00:00:02","slug":"unsolved-case-murderous-script-collectors-edition","status":"publish","type":"product","link":"https:\/\/www.iplay.com\/de\/games\/unsolved-case-murderous-script-collectors-edition\/","title":{"rendered":"Unsolved Case: Murderous Script Collector&#8217;s Edition"},"content":{"rendered":"<p>Das Dasein eines Detektivs ist gef\u00e4hrlich und unberechenbar. Man wei\u00df nie, welche Geheimnisse oder was hinter der n\u00e4chsten Ecke lauert. Du warst dir jedoch bewusst, worauf du dich einlie\u00dfest, und jetzt gibt es kein Zur\u00fcck mehr! Es liegt eine Menge Arbeit vor dir und Scott. Und dann ist da noch der Fall des bekannten Staatsanwalts Richard Errikson, dessen Interessen sich als zweifelhaft erweisen. Eines Tages ruft dich dein Bekannter ohne offiziellen Befehl des Ministeriums an, um das Verschwinden der Geliebten seiner Schwester zu untersuchen. Die Leute in den Medien f\u00fchren manchmal ein aufregendes Leben: Entf\u00fchrungen, ein Kronleuchter, der auf den Bruder eines TV-Moderators f\u00e4llt, usw. Alles, was \u00fcbrig bleibt, sind ein paar Hinweise, wenn \u00fcberhaupt. Haben Sie den Mut und das Interesse, sich mit der Sache auseinanderzusetzen? Kannst du jeden w\u00fcrdigen Feind \u00fcberlisten? Teste deine detektivischen F\u00e4higkeiten in diesem spannenden neuen Wimmelbild-Abenteuer!          <\/p>\n<p>&nbsp;<\/p>\n<p>&nbsp;<\/p>\n<p><strong>Funktionen:<\/strong><\/p>\n<p>&nbsp;<\/p>\n<p>&#8211; Ihre eigenen Entscheidungen!<br \/>\n&#8211; Indem du die Zeilen einer Figur f\u00fcr eine bestimmte Handlung ausw\u00e4hlst, kannst du beeinflussen, wie die Krimigeschichte erz\u00e4hlt wird. Denke daran, dass allein deine Entscheidung dar\u00fcber entscheidet, wie diese komplexen Ermittlungen ausgehen und das Leben der Charaktere beeinflussen k\u00f6nnten!<br \/>\n&#8211; Zahlreiche Errungenschaften<br \/>\n &#8211; F\u00fchren Sie Ihre eigene Forschung durch, indem Sie herausfordernde R\u00e4tsel, Minispiele und komplizierte R\u00e4tsel l\u00f6sen. Du musst Tatorte besuchen, Beweise sammeln, Verd\u00e4chtige befragen und eine Reihe von T\u00f6tungsdelikten untersuchen. \u00dcbernimm die F\u00fchrung bei jeder Untersuchung und gewinne jeden Preis, um deinen Erfolg zu zeigen! Sammle alle Beweise, fange die T\u00e4ter und schlie\u00dfe die F\u00e4lle erfolgreich ab, um Zugang zu den zus\u00e4tzlichen Regionen zu erhalten, in denen du mehr \u00fcber die Charaktere erf\u00e4hrst. Manche Verbrechen scheinen unaufkl\u00e4rbar, aber sind sie das wirklich? Die Geschichte des Detektivs ist voller mysteri\u00f6ser Artefakte und Hinweise, die der Spieler finden muss, um bei den Ermittlungen voranzukommen.<br \/>\n&#8211; Sammlerst\u00fccke: Untersuche die Schmuckst\u00fccke von Sammlern an jedem Tatort, um versteckte Gegenst\u00e4nde aufzudecken. Um die gesamte Kollektion zu erhalten, m\u00fcssen Sie \u00e4u\u00dferste Vorsicht walten lassen!<\/p>\n","protected":false},"excerpt":{"rendered":"<p>Das Leben eines Detektivs ist unberechenbar und gef\u00e4hrlich, aber jetzt gibt es kein Zur\u00fcck mehr!<\/p>\n","protected":false},"author":52,"featured_media":73766,"comment_status":"open","ping_status":"closed","template":"","meta":{"_acf_changed":false,"inline_featured_image":false},"product_brand":[],"product_cat":[164],"product_tag":[289],"class_list":{"0":"post-131460","1":"product","2":"type-product","3":"status-publish","4":"has-post-thumbnail","6":"product_cat-hidden-object-de","7":"product_tag-play-on-pc-de","9":"first","10":"instock","11":"shipping-taxable","12":"purchasable","13":"product-type-simple"},"acf":[],"yoast_head":"<!-- This site is optimized with the Yoast SEO Premium plugin v25.2 (Yoast SEO v25.2) - https:\/\/yoast.com\/wordpress\/plugins\/seo\/ -->\n<title>Unsolved Case: Murderous Script Collector&#039;s Edition - Das Leben des Detektivs ist gef\u00e4hrlich. Aber kein Zur\u00fcck mehr<\/title>\n<meta name=\"description\" content=\"Das Leben eines Detektivs ist unberechenbar und gef\u00e4hrlich, aber jetzt gibt es kein Zur\u00fcck mehr!\" \/>\n<meta name=\"robots\" content=\"index, follow, max-snippet:-1, max-image-preview:large, max-video-preview:-1\" \/>\n<link rel=\"canonical\" href=\"https:\/\/www.iplay.com\/de\/games\/unsolved-case-murderous-script-collectors-edition\/\" \/>\n<meta property=\"og:locale\" content=\"de_DE\" \/>\n<meta property=\"og:type\" content=\"article\" \/>\n<meta property=\"og:title\" content=\"Unsolved Case: Murderous Script Collector&#039;s Edition\" \/>\n<meta property=\"og:description\" content=\"Das Leben eines Detektivs ist unberechenbar und gef\u00e4hrlich, aber jetzt gibt es kein Zur\u00fcck mehr!\" \/>\n<meta property=\"og:url\" content=\"https:\/\/www.iplay.com\/de\/games\/unsolved-case-murderous-script-collectors-edition\/\" \/>\n<meta property=\"og:site_name\" content=\"IPlay\" \/>\n<meta property=\"og:image\" content=\"https:\/\/www.iplay.com\/wp-content\/uploads\/2023\/12\/large_square_tile_image-2103.jpg\" \/>\n\t<meta property=\"og:image:width\" content=\"310\" \/>\n\t<meta property=\"og:image:height\" content=\"310\" \/>\n\t<meta property=\"og:image:type\" content=\"image\/jpeg\" \/>\n<meta name=\"twitter:card\" content=\"summary_large_image\" \/>\n<meta name=\"twitter:label1\" content=\"Gesch\u00e4tzte Lesezeit\" \/>\n\t<meta name=\"twitter:data1\" content=\"2 Minuten\" \/>\n<script type=\"application\/ld+json\" class=\"yoast-schema-graph\">{\"@context\":\"https:\/\/schema.org\",\"@graph\":[{\"@type\":\"WebPage\",\"@id\":\"https:\/\/www.iplay.com\/de\/games\/unsolved-case-murderous-script-collectors-edition\/\",\"url\":\"https:\/\/www.iplay.com\/de\/games\/unsolved-case-murderous-script-collectors-edition\/\",\"name\":\"Unsolved Case: Murderous Script Collector's Edition - Das Leben des Detektivs ist gef\u00e4hrlich. Aber kein Zur\u00fcck mehr\",\"isPartOf\":{\"@id\":\"https:\/\/www.iplay.com\/en\/#website\"},\"primaryImageOfPage\":{\"@id\":\"https:\/\/www.iplay.com\/de\/games\/unsolved-case-murderous-script-collectors-edition\/#primaryimage\"},\"image\":{\"@id\":\"https:\/\/www.iplay.com\/de\/games\/unsolved-case-murderous-script-collectors-edition\/#primaryimage\"},\"thumbnailUrl\":\"https:\/\/www.iplay.com\/wp-content\/uploads\/2023\/12\/large_square_tile_image-2103.jpg\",\"datePublished\":\"2023-04-07T00:00:02+00:00\",\"description\":\"Das Leben eines Detektivs ist unberechenbar und gef\u00e4hrlich, aber jetzt gibt es kein Zur\u00fcck mehr!\",\"breadcrumb\":{\"@id\":\"https:\/\/www.iplay.com\/de\/games\/unsolved-case-murderous-script-collectors-edition\/#breadcrumb\"},\"inLanguage\":\"de-DE\",\"potentialAction\":[{\"@type\":\"ReadAction\",\"target\":[\"https:\/\/www.iplay.com\/de\/games\/unsolved-case-murderous-script-collectors-edition\/\"]}]},{\"@type\":\"ImageObject\",\"inLanguage\":\"de-DE\",\"@id\":\"https:\/\/www.iplay.com\/de\/games\/unsolved-case-murderous-script-collectors-edition\/#primaryimage\",\"url\":\"https:\/\/www.iplay.com\/wp-content\/uploads\/2023\/12\/large_square_tile_image-2103.jpg\",\"contentUrl\":\"https:\/\/www.iplay.com\/wp-content\/uploads\/2023\/12\/large_square_tile_image-2103.jpg\",\"width\":310,\"height\":310},{\"@type\":\"BreadcrumbList\",\"@id\":\"https:\/\/www.iplay.com\/de\/games\/unsolved-case-murderous-script-collectors-edition\/#breadcrumb\",\"itemListElement\":[{\"@type\":\"ListItem\",\"position\":1,\"name\":\"Home\",\"item\":\"https:\/\/www.iplay.com\/de\/home-page-2\/\"},{\"@type\":\"ListItem\",\"position\":2,\"name\":\"Shop\",\"item\":\"https:\/\/www.iplay.com\/en\/shop\/\"},{\"@type\":\"ListItem\",\"position\":3,\"name\":\"Unsolved Case: Murderous Script Collector&#8217;s Edition\"}]},{\"@type\":\"WebSite\",\"@id\":\"https:\/\/www.iplay.com\/en\/#website\",\"url\":\"https:\/\/www.iplay.com\/en\/\",\"name\":\"IPlay\",\"description\":\"The Best Casual Games!\",\"publisher\":{\"@id\":\"https:\/\/www.iplay.com\/en\/#organization\"},\"potentialAction\":[{\"@type\":\"SearchAction\",\"target\":{\"@type\":\"EntryPoint\",\"urlTemplate\":\"https:\/\/www.iplay.com\/en\/?s={search_term_string}\"},\"query-input\":{\"@type\":\"PropertyValueSpecification\",\"valueRequired\":true,\"valueName\":\"search_term_string\"}}],\"inLanguage\":\"de-DE\"},{\"@type\":\"Organization\",\"@id\":\"https:\/\/www.iplay.com\/en\/#organization\",\"name\":\"IPlay\",\"url\":\"https:\/\/www.iplay.com\/en\/\",\"logo\":{\"@type\":\"ImageObject\",\"inLanguage\":\"de-DE\",\"@id\":\"https:\/\/www.iplay.com\/en\/#\/schema\/logo\/image\/\",\"url\":\"https:\/\/www.iplay.com\/wp-content\/uploads\/2023\/11\/Group-6100.svg\",\"contentUrl\":\"https:\/\/www.iplay.com\/wp-content\/uploads\/2023\/11\/Group-6100.svg\",\"width\":98,\"height\":25,\"caption\":\"IPlay\"},\"image\":{\"@id\":\"https:\/\/www.iplay.com\/en\/#\/schema\/logo\/image\/\"}}]}<\/script>\n<!-- \/ Yoast SEO Premium plugin. -->","yoast_head_json":{"title":"Unsolved Case: Murderous Script Collector's Edition - Das Leben des Detektivs ist gef\u00e4hrlich. Aber kein Zur\u00fcck mehr","description":"Das Leben eines Detektivs ist unberechenbar und gef\u00e4hrlich, aber jetzt gibt es kein Zur\u00fcck mehr!","robots":{"index":"index","follow":"follow","max-snippet":"max-snippet:-1","max-image-preview":"max-image-preview:large","max-video-preview":"max-video-preview:-1"},"canonical":"https:\/\/www.iplay.com\/de\/games\/unsolved-case-murderous-script-collectors-edition\/","og_locale":"de_DE","og_type":"article","og_title":"Unsolved Case: Murderous Script Collector's Edition","og_description":"Das Leben eines Detektivs ist unberechenbar und gef\u00e4hrlich, aber jetzt gibt es kein Zur\u00fcck mehr!","og_url":"https:\/\/www.iplay.com\/de\/games\/unsolved-case-murderous-script-collectors-edition\/","og_site_name":"IPlay","og_image":[{"width":310,"height":310,"url":"https:\/\/www.iplay.com\/wp-content\/uploads\/2023\/12\/large_square_tile_image-2103.jpg","type":"image\/jpeg"}],"twitter_card":"summary_large_image","twitter_misc":{"Gesch\u00e4tzte Lesezeit":"2 Minuten"},"schema":{"@context":"https:\/\/schema.org","@graph":[{"@type":"WebPage","@id":"https:\/\/www.iplay.com\/de\/games\/unsolved-case-murderous-script-collectors-edition\/","url":"https:\/\/www.iplay.com\/de\/games\/unsolved-case-murderous-script-collectors-edition\/","name":"Unsolved Case: Murderous Script Collector's Edition - Das Leben des Detektivs ist gef\u00e4hrlich. Aber kein Zur\u00fcck mehr","isPartOf":{"@id":"https:\/\/www.iplay.com\/en\/#website"},"primaryImageOfPage":{"@id":"https:\/\/www.iplay.com\/de\/games\/unsolved-case-murderous-script-collectors-edition\/#primaryimage"},"image":{"@id":"https:\/\/www.iplay.com\/de\/games\/unsolved-case-murderous-script-collectors-edition\/#primaryimage"},"thumbnailUrl":"https:\/\/www.iplay.com\/wp-content\/uploads\/2023\/12\/large_square_tile_image-2103.jpg","datePublished":"2023-04-07T00:00:02+00:00","description":"Das Leben eines Detektivs ist unberechenbar und gef\u00e4hrlich, aber jetzt gibt es kein Zur\u00fcck mehr!","breadcrumb":{"@id":"https:\/\/www.iplay.com\/de\/games\/unsolved-case-murderous-script-collectors-edition\/#breadcrumb"},"inLanguage":"de-DE","potentialAction":[{"@type":"ReadAction","target":["https:\/\/www.iplay.com\/de\/games\/unsolved-case-murderous-script-collectors-edition\/"]}]},{"@type":"ImageObject","inLanguage":"de-DE","@id":"https:\/\/www.iplay.com\/de\/games\/unsolved-case-murderous-script-collectors-edition\/#primaryimage","url":"https:\/\/www.iplay.com\/wp-content\/uploads\/2023\/12\/large_square_tile_image-2103.jpg","contentUrl":"https:\/\/www.iplay.com\/wp-content\/uploads\/2023\/12\/large_square_tile_image-2103.jpg","width":310,"height":310},{"@type":"BreadcrumbList","@id":"https:\/\/www.iplay.com\/de\/games\/unsolved-case-murderous-script-collectors-edition\/#breadcrumb","itemListElement":[{"@type":"ListItem","position":1,"name":"Home","item":"https:\/\/www.iplay.com\/de\/home-page-2\/"},{"@type":"ListItem","position":2,"name":"Shop","item":"https:\/\/www.iplay.com\/en\/shop\/"},{"@type":"ListItem","position":3,"name":"Unsolved Case: Murderous Script Collector&#8217;s Edition"}]},{"@type":"WebSite","@id":"https:\/\/www.iplay.com\/en\/#website","url":"https:\/\/www.iplay.com\/en\/","name":"IPlay","description":"The Best Casual Games!","publisher":{"@id":"https:\/\/www.iplay.com\/en\/#organization"},"potentialAction":[{"@type":"SearchAction","target":{"@type":"EntryPoint","urlTemplate":"https:\/\/www.iplay.com\/en\/?s={search_term_string}"},"query-input":{"@type":"PropertyValueSpecification","valueRequired":true,"valueName":"search_term_string"}}],"inLanguage":"de-DE"},{"@type":"Organization","@id":"https:\/\/www.iplay.com\/en\/#organization","name":"IPlay","url":"https:\/\/www.iplay.com\/en\/","logo":{"@type":"ImageObject","inLanguage":"de-DE","@id":"https:\/\/www.iplay.com\/en\/#\/schema\/logo\/image\/","url":"https:\/\/www.iplay.com\/wp-content\/uploads\/2023\/11\/Group-6100.svg","contentUrl":"https:\/\/www.iplay.com\/wp-content\/uploads\/2023\/11\/Group-6100.svg","width":98,"height":25,"caption":"IPlay"},"image":{"@id":"https:\/\/www.iplay.com\/en\/#\/schema\/logo\/image\/"}}]}},"_links":{"self":[{"href":"https:\/\/www.iplay.com\/de\/wp-json\/wp\/v2\/product\/131460","targetHints":{"allow":["GET"]}}],"collection":[{"href":"https:\/\/www.iplay.com\/de\/wp-json\/wp\/v2\/product"}],"about":[{"href":"https:\/\/www.iplay.com\/de\/wp-json\/wp\/v2\/types\/product"}],"author":[{"embeddable":true,"href":"https:\/\/www.iplay.com\/de\/wp-json\/wp\/v2\/users\/52"}],"replies":[{"embeddable":true,"href":"https:\/\/www.iplay.com\/de\/wp-json\/wp\/v2\/comments?post=131460"}],"wp:featuredmedia":[{"embeddable":true,"href":"https:\/\/www.iplay.com\/de\/wp-json\/wp\/v2\/media\/73766"}],"wp:attachment":[{"href":"https:\/\/www.iplay.com\/de\/wp-json\/wp\/v2\/media?parent=131460"}],"wp:term":[{"taxonomy":"product_brand","embeddable":true,"href":"https:\/\/www.iplay.com\/de\/wp-json\/wp\/v2\/product_brand?post=131460"},{"taxonomy":"product_cat","embeddable":true,"href":"https:\/\/www.iplay.com\/de\/wp-json\/wp\/v2\/product_cat?post=131460"},{"taxonomy":"product_tag","embeddable":true,"href":"https:\/\/www.iplay.com\/de\/wp-json\/wp\/v2\/product_tag?post=131460"}],"curies":[{"name":"wp","href":"https:\/\/api.w.org\/{rel}","templated":true}]}}