{"id":131343,"date":"2023-05-03T00:00:00","date_gmt":"2023-05-03T00:00:00","guid":{"rendered":"https:\/\/www.iplay.com\/games\/puzzle-vacations-thailand-and-cambodia\/"},"modified":"2023-05-03T00:00:00","modified_gmt":"2023-05-03T00:00:00","slug":"puzzle-vacations-thailand-and-cambodia","status":"publish","type":"product","link":"https:\/\/www.iplay.com\/de\/games\/puzzle-vacations-thailand-and-cambodia\/","title":{"rendered":"Puzzle Vacations: Thailand and Cambodia"},"content":{"rendered":"<p>L\u00f6se mehr als hundert Puzzles, w\u00e4hrend du Thailand und Kambodscha erkundest! Ausgezeichnete Fotos, die Sie zu den Ruinen von Angkor Wat, den Nachtm\u00e4rkten von Chiang Mai und den Str\u00e4nden von Phuket f\u00fchren. Entspannen Sie sich und genie\u00dfen Sie das L\u00f6sen von mehr als hundert R\u00e4tseln mit Teilen von 100 bis 400. Genie\u00dfen Sie stundenlangen Puzzlespa\u00df, w\u00e4hrend Sie mehr \u00fcber die Geschichte, die Tempel und die einzigartige Landschaft Thailands und Kambodschas erfahren! 125 verschiedene Puzzlebilder, die Ihnen helfen, Thailand und Kambodscha zu entdecken! Es stehen 27 Tausch-Puzzles und 27 Puzzles zur Verf\u00fcgung! Arbeite an Puzzles mit 400 Teilen oder mehr! Funktionen wie Drehen, Mischen, Timer und Tipp k\u00f6nnen dazu beitragen, Spiele einfacher zu machen! Wenn Sie Hilfe ben\u00f6tigen, nutzen Sie die Hinweisfunktion! Passen Sie die Hintergrundfarbe an! Es hat komplette Musik und Hintergrundbilder! Du kannst spielen, wie du willst, denn es gibt keine gesperrten Levels!<\/p>\n","protected":false},"excerpt":{"rendered":"<p>W\u00e4hrend du unterhaltsame Puzzles l\u00f6st, erf\u00e4hrst du mehr \u00fcber Thailand und Kambodscha im Detail!<\/p>\n","protected":false},"author":18,"featured_media":97203,"comment_status":"open","ping_status":"closed","template":"","meta":{"_acf_changed":false,"inline_featured_image":false},"product_brand":[],"product_cat":[194],"product_tag":[],"class_list":{"0":"post-131343","1":"product","2":"type-product","3":"status-publish","4":"has-post-thumbnail","6":"product_cat-puzzle-de","8":"first","9":"instock","10":"shipping-taxable","11":"purchasable","12":"product-type-simple"},"acf":[],"yoast_head":"<!-- This site is optimized with the Yoast SEO Premium plugin v25.2 (Yoast SEO v25.2) - https:\/\/yoast.com\/wordpress\/plugins\/seo\/ -->\n<title>Puzzle Vacations: Thailand und Kambodscha - Spielen Sie Puzzles, entdecken Sie Details \u00fcber Thailand und Kambodscha<\/title>\n<meta name=\"description\" content=\"W\u00e4hrend du unterhaltsame Puzzles l\u00f6st, erf\u00e4hrst du mehr \u00fcber Thailand und Kambodscha im Detail!\" \/>\n<meta name=\"robots\" content=\"index, follow, max-snippet:-1, max-image-preview:large, max-video-preview:-1\" \/>\n<link rel=\"canonical\" href=\"https:\/\/www.iplay.com\/de\/games\/puzzle-vacations-thailand-and-cambodia\/\" \/>\n<meta property=\"og:locale\" content=\"de_DE\" \/>\n<meta property=\"og:type\" content=\"article\" \/>\n<meta property=\"og:title\" content=\"Puzzle Vacations: Thailand and Cambodia\" \/>\n<meta property=\"og:description\" content=\"W\u00e4hrend du unterhaltsame Puzzles l\u00f6st, erf\u00e4hrst du mehr \u00fcber Thailand und Kambodscha im Detail!\" \/>\n<meta property=\"og:url\" content=\"https:\/\/www.iplay.com\/de\/games\/puzzle-vacations-thailand-and-cambodia\/\" \/>\n<meta property=\"og:site_name\" content=\"IPlay\" \/>\n<meta property=\"og:image\" content=\"https:\/\/www.iplay.com\/wp-content\/uploads\/2023\/12\/large_square_tile_image-3582.jpg\" \/>\n\t<meta property=\"og:image:width\" content=\"310\" \/>\n\t<meta property=\"og:image:height\" content=\"310\" \/>\n\t<meta property=\"og:image:type\" content=\"image\/jpeg\" \/>\n<meta name=\"twitter:card\" content=\"summary_large_image\" \/>\n<meta name=\"twitter:label1\" content=\"Gesch\u00e4tzte Lesezeit\" \/>\n\t<meta name=\"twitter:data1\" content=\"1 Minute\" \/>\n<script type=\"application\/ld+json\" class=\"yoast-schema-graph\">{\"@context\":\"https:\/\/schema.org\",\"@graph\":[{\"@type\":\"WebPage\",\"@id\":\"https:\/\/www.iplay.com\/de\/games\/puzzle-vacations-thailand-and-cambodia\/\",\"url\":\"https:\/\/www.iplay.com\/de\/games\/puzzle-vacations-thailand-and-cambodia\/\",\"name\":\"Puzzle Vacations: Thailand und Kambodscha - Spielen Sie Puzzles, entdecken Sie Details \u00fcber Thailand und Kambodscha\",\"isPartOf\":{\"@id\":\"https:\/\/www.iplay.com\/en\/#website\"},\"primaryImageOfPage\":{\"@id\":\"https:\/\/www.iplay.com\/de\/games\/puzzle-vacations-thailand-and-cambodia\/#primaryimage\"},\"image\":{\"@id\":\"https:\/\/www.iplay.com\/de\/games\/puzzle-vacations-thailand-and-cambodia\/#primaryimage\"},\"thumbnailUrl\":\"https:\/\/www.iplay.com\/wp-content\/uploads\/2023\/12\/large_square_tile_image-3582.jpg\",\"datePublished\":\"2023-05-03T00:00:00+00:00\",\"description\":\"W\u00e4hrend du unterhaltsame Puzzles l\u00f6st, erf\u00e4hrst du mehr \u00fcber Thailand und Kambodscha im Detail!\",\"breadcrumb\":{\"@id\":\"https:\/\/www.iplay.com\/de\/games\/puzzle-vacations-thailand-and-cambodia\/#breadcrumb\"},\"inLanguage\":\"de-DE\",\"potentialAction\":[{\"@type\":\"ReadAction\",\"target\":[\"https:\/\/www.iplay.com\/de\/games\/puzzle-vacations-thailand-and-cambodia\/\"]}]},{\"@type\":\"ImageObject\",\"inLanguage\":\"de-DE\",\"@id\":\"https:\/\/www.iplay.com\/de\/games\/puzzle-vacations-thailand-and-cambodia\/#primaryimage\",\"url\":\"https:\/\/www.iplay.com\/wp-content\/uploads\/2023\/12\/large_square_tile_image-3582.jpg\",\"contentUrl\":\"https:\/\/www.iplay.com\/wp-content\/uploads\/2023\/12\/large_square_tile_image-3582.jpg\",\"width\":310,\"height\":310},{\"@type\":\"BreadcrumbList\",\"@id\":\"https:\/\/www.iplay.com\/de\/games\/puzzle-vacations-thailand-and-cambodia\/#breadcrumb\",\"itemListElement\":[{\"@type\":\"ListItem\",\"position\":1,\"name\":\"Home\",\"item\":\"https:\/\/www.iplay.com\/de\/home-page-2\/\"},{\"@type\":\"ListItem\",\"position\":2,\"name\":\"Shop\",\"item\":\"https:\/\/www.iplay.com\/en\/shop\/\"},{\"@type\":\"ListItem\",\"position\":3,\"name\":\"Puzzle Vacations: Thailand and Cambodia\"}]},{\"@type\":\"WebSite\",\"@id\":\"https:\/\/www.iplay.com\/en\/#website\",\"url\":\"https:\/\/www.iplay.com\/en\/\",\"name\":\"IPlay\",\"description\":\"The Best Casual Games!\",\"publisher\":{\"@id\":\"https:\/\/www.iplay.com\/en\/#organization\"},\"potentialAction\":[{\"@type\":\"SearchAction\",\"target\":{\"@type\":\"EntryPoint\",\"urlTemplate\":\"https:\/\/www.iplay.com\/en\/?s={search_term_string}\"},\"query-input\":{\"@type\":\"PropertyValueSpecification\",\"valueRequired\":true,\"valueName\":\"search_term_string\"}}],\"inLanguage\":\"de-DE\"},{\"@type\":\"Organization\",\"@id\":\"https:\/\/www.iplay.com\/en\/#organization\",\"name\":\"IPlay\",\"url\":\"https:\/\/www.iplay.com\/en\/\",\"logo\":{\"@type\":\"ImageObject\",\"inLanguage\":\"de-DE\",\"@id\":\"https:\/\/www.iplay.com\/en\/#\/schema\/logo\/image\/\",\"url\":\"https:\/\/www.iplay.com\/wp-content\/uploads\/2023\/11\/Group-6100.svg\",\"contentUrl\":\"https:\/\/www.iplay.com\/wp-content\/uploads\/2023\/11\/Group-6100.svg\",\"width\":98,\"height\":25,\"caption\":\"IPlay\"},\"image\":{\"@id\":\"https:\/\/www.iplay.com\/en\/#\/schema\/logo\/image\/\"}}]}<\/script>\n<!-- \/ Yoast SEO Premium plugin. -->","yoast_head_json":{"title":"Puzzle Vacations: Thailand und Kambodscha - Spielen Sie Puzzles, entdecken Sie Details \u00fcber Thailand und Kambodscha","description":"W\u00e4hrend du unterhaltsame Puzzles l\u00f6st, erf\u00e4hrst du mehr \u00fcber Thailand und Kambodscha im Detail!","robots":{"index":"index","follow":"follow","max-snippet":"max-snippet:-1","max-image-preview":"max-image-preview:large","max-video-preview":"max-video-preview:-1"},"canonical":"https:\/\/www.iplay.com\/de\/games\/puzzle-vacations-thailand-and-cambodia\/","og_locale":"de_DE","og_type":"article","og_title":"Puzzle Vacations: Thailand and Cambodia","og_description":"W\u00e4hrend du unterhaltsame Puzzles l\u00f6st, erf\u00e4hrst du mehr \u00fcber Thailand und Kambodscha im Detail!","og_url":"https:\/\/www.iplay.com\/de\/games\/puzzle-vacations-thailand-and-cambodia\/","og_site_name":"IPlay","og_image":[{"width":310,"height":310,"url":"https:\/\/www.iplay.com\/wp-content\/uploads\/2023\/12\/large_square_tile_image-3582.jpg","type":"image\/jpeg"}],"twitter_card":"summary_large_image","twitter_misc":{"Gesch\u00e4tzte Lesezeit":"1 Minute"},"schema":{"@context":"https:\/\/schema.org","@graph":[{"@type":"WebPage","@id":"https:\/\/www.iplay.com\/de\/games\/puzzle-vacations-thailand-and-cambodia\/","url":"https:\/\/www.iplay.com\/de\/games\/puzzle-vacations-thailand-and-cambodia\/","name":"Puzzle Vacations: Thailand und Kambodscha - Spielen Sie Puzzles, entdecken Sie Details \u00fcber Thailand und Kambodscha","isPartOf":{"@id":"https:\/\/www.iplay.com\/en\/#website"},"primaryImageOfPage":{"@id":"https:\/\/www.iplay.com\/de\/games\/puzzle-vacations-thailand-and-cambodia\/#primaryimage"},"image":{"@id":"https:\/\/www.iplay.com\/de\/games\/puzzle-vacations-thailand-and-cambodia\/#primaryimage"},"thumbnailUrl":"https:\/\/www.iplay.com\/wp-content\/uploads\/2023\/12\/large_square_tile_image-3582.jpg","datePublished":"2023-05-03T00:00:00+00:00","description":"W\u00e4hrend du unterhaltsame Puzzles l\u00f6st, erf\u00e4hrst du mehr \u00fcber Thailand und Kambodscha im Detail!","breadcrumb":{"@id":"https:\/\/www.iplay.com\/de\/games\/puzzle-vacations-thailand-and-cambodia\/#breadcrumb"},"inLanguage":"de-DE","potentialAction":[{"@type":"ReadAction","target":["https:\/\/www.iplay.com\/de\/games\/puzzle-vacations-thailand-and-cambodia\/"]}]},{"@type":"ImageObject","inLanguage":"de-DE","@id":"https:\/\/www.iplay.com\/de\/games\/puzzle-vacations-thailand-and-cambodia\/#primaryimage","url":"https:\/\/www.iplay.com\/wp-content\/uploads\/2023\/12\/large_square_tile_image-3582.jpg","contentUrl":"https:\/\/www.iplay.com\/wp-content\/uploads\/2023\/12\/large_square_tile_image-3582.jpg","width":310,"height":310},{"@type":"BreadcrumbList","@id":"https:\/\/www.iplay.com\/de\/games\/puzzle-vacations-thailand-and-cambodia\/#breadcrumb","itemListElement":[{"@type":"ListItem","position":1,"name":"Home","item":"https:\/\/www.iplay.com\/de\/home-page-2\/"},{"@type":"ListItem","position":2,"name":"Shop","item":"https:\/\/www.iplay.com\/en\/shop\/"},{"@type":"ListItem","position":3,"name":"Puzzle Vacations: Thailand and Cambodia"}]},{"@type":"WebSite","@id":"https:\/\/www.iplay.com\/en\/#website","url":"https:\/\/www.iplay.com\/en\/","name":"IPlay","description":"The Best Casual Games!","publisher":{"@id":"https:\/\/www.iplay.com\/en\/#organization"},"potentialAction":[{"@type":"SearchAction","target":{"@type":"EntryPoint","urlTemplate":"https:\/\/www.iplay.com\/en\/?s={search_term_string}"},"query-input":{"@type":"PropertyValueSpecification","valueRequired":true,"valueName":"search_term_string"}}],"inLanguage":"de-DE"},{"@type":"Organization","@id":"https:\/\/www.iplay.com\/en\/#organization","name":"IPlay","url":"https:\/\/www.iplay.com\/en\/","logo":{"@type":"ImageObject","inLanguage":"de-DE","@id":"https:\/\/www.iplay.com\/en\/#\/schema\/logo\/image\/","url":"https:\/\/www.iplay.com\/wp-content\/uploads\/2023\/11\/Group-6100.svg","contentUrl":"https:\/\/www.iplay.com\/wp-content\/uploads\/2023\/11\/Group-6100.svg","width":98,"height":25,"caption":"IPlay"},"image":{"@id":"https:\/\/www.iplay.com\/en\/#\/schema\/logo\/image\/"}}]}},"_links":{"self":[{"href":"https:\/\/www.iplay.com\/de\/wp-json\/wp\/v2\/product\/131343","targetHints":{"allow":["GET"]}}],"collection":[{"href":"https:\/\/www.iplay.com\/de\/wp-json\/wp\/v2\/product"}],"about":[{"href":"https:\/\/www.iplay.com\/de\/wp-json\/wp\/v2\/types\/product"}],"author":[{"embeddable":true,"href":"https:\/\/www.iplay.com\/de\/wp-json\/wp\/v2\/users\/18"}],"replies":[{"embeddable":true,"href":"https:\/\/www.iplay.com\/de\/wp-json\/wp\/v2\/comments?post=131343"}],"wp:featuredmedia":[{"embeddable":true,"href":"https:\/\/www.iplay.com\/de\/wp-json\/wp\/v2\/media\/97203"}],"wp:attachment":[{"href":"https:\/\/www.iplay.com\/de\/wp-json\/wp\/v2\/media?parent=131343"}],"wp:term":[{"taxonomy":"product_brand","embeddable":true,"href":"https:\/\/www.iplay.com\/de\/wp-json\/wp\/v2\/product_brand?post=131343"},{"taxonomy":"product_cat","embeddable":true,"href":"https:\/\/www.iplay.com\/de\/wp-json\/wp\/v2\/product_cat?post=131343"},{"taxonomy":"product_tag","embeddable":true,"href":"https:\/\/www.iplay.com\/de\/wp-json\/wp\/v2\/product_tag?post=131343"}],"curies":[{"name":"wp","href":"https:\/\/api.w.org\/{rel}","templated":true}]}}