{"id":131319,"date":"2023-05-10T00:00:00","date_gmt":"2023-05-10T00:00:00","guid":{"rendered":"https:\/\/www.iplay.com\/games\/mystery-solitaire-grimms-tales-8\/"},"modified":"2023-05-10T00:00:00","modified_gmt":"2023-05-10T00:00:00","slug":"mystery-solitaire-grimms-tales-8","status":"publish","type":"product","link":"https:\/\/www.iplay.com\/de\/games\/mystery-solitaire-grimms-tales-8\/","title":{"rendered":"Mystery Solitaire Grimms Tales 8"},"content":{"rendered":"<p>Die Geschichte geht weiter! Entdecke die Welt der Gebr\u00fcder Grimm und sammle jedes Solit\u00e4rst\u00fcck! Das TriPeaks-Solit\u00e4r-Genre hat 200 Levels. Du musst Karten in der richtigen Reihenfolge sammeln, um an die Goldkarten zu gelangen. Baue eine Kartenkette im Solit\u00e4r-Kartenspiel!    <\/p>\n<p>&nbsp;<\/p>\n<p>&nbsp;<\/p>\n<p><strong>Funktionen:<\/strong><\/p>\n<p>&nbsp;<\/p>\n<p>&#8211; Fesselnde Stages, die stundenlange Unterhaltung bieten!<br \/>\n&#8211; Wenn du den Combo-Multiplikator erh\u00f6hst, erh\u00e4ltst du zus\u00e4tzliches Geld! &#8211; W\u00e4hle Karten schneller wegen des Jokers! Es gibt neun Themenkarten und neun Kartenshirt-Designs!<\/p>\n","protected":false},"excerpt":{"rendered":"<p>Die Geschichte geht weiter! Entdecke die Welt der Gebr\u00fcder Grimm und sammle jedes Solit\u00e4rst\u00fcck! <\/p>\n","protected":false},"author":13,"featured_media":73462,"comment_status":"open","ping_status":"closed","template":"","meta":{"_acf_changed":false,"inline_featured_image":false},"product_brand":[],"product_cat":[157,206],"product_tag":[289],"class_list":{"0":"post-131319","1":"product","2":"type-product","3":"status-publish","4":"has-post-thumbnail","6":"product_cat-card-de-2","7":"product_cat-solitaire-de","8":"product_tag-play-on-pc-de","10":"first","11":"instock","12":"shipping-taxable","13":"purchasable","14":"product-type-simple"},"acf":[],"yoast_head":"<!-- This site is optimized with the Yoast SEO Premium plugin v25.2 (Yoast SEO v25.2) - https:\/\/yoast.com\/wordpress\/plugins\/seo\/ -->\n<title>Mystery Solit\u00e4r: Grimms Tales 8 - Gebr\u00fcder Grimms Reich entfaltet sich in einer fortlaufenden Solit\u00e4r-Geschichte<\/title>\n<meta name=\"description\" content=\"Die Geschichte geht weiter! Entdecke die Welt der Gebr\u00fcder Grimm und sammle jedes Solit\u00e4rst\u00fcck!\" \/>\n<meta name=\"robots\" content=\"index, follow, max-snippet:-1, max-image-preview:large, max-video-preview:-1\" \/>\n<link rel=\"canonical\" href=\"https:\/\/www.iplay.com\/de\/games\/mystery-solitaire-grimms-tales-8\/\" \/>\n<meta property=\"og:locale\" content=\"de_DE\" \/>\n<meta property=\"og:type\" content=\"article\" \/>\n<meta property=\"og:title\" content=\"Mystery Solitaire Grimms Tales 8\" \/>\n<meta property=\"og:description\" content=\"Die Geschichte geht weiter! Entdecke die Welt der Gebr\u00fcder Grimm und sammle jedes Solit\u00e4rst\u00fcck!\" \/>\n<meta property=\"og:url\" content=\"https:\/\/www.iplay.com\/de\/games\/mystery-solitaire-grimms-tales-8\/\" \/>\n<meta property=\"og:site_name\" content=\"IPlay\" \/>\n<meta property=\"og:image\" content=\"https:\/\/www.iplay.com\/wp-content\/uploads\/2023\/12\/large_square_tile_image-2084.jpg\" \/>\n\t<meta property=\"og:image:width\" content=\"310\" \/>\n\t<meta property=\"og:image:height\" content=\"310\" \/>\n\t<meta property=\"og:image:type\" content=\"image\/jpeg\" \/>\n<meta name=\"twitter:card\" content=\"summary_large_image\" \/>\n<script type=\"application\/ld+json\" class=\"yoast-schema-graph\">{\"@context\":\"https:\/\/schema.org\",\"@graph\":[{\"@type\":\"WebPage\",\"@id\":\"https:\/\/www.iplay.com\/de\/games\/mystery-solitaire-grimms-tales-8\/\",\"url\":\"https:\/\/www.iplay.com\/de\/games\/mystery-solitaire-grimms-tales-8\/\",\"name\":\"Mystery Solit\u00e4r: Grimms Tales 8 - Gebr\u00fcder Grimms Reich entfaltet sich in einer fortlaufenden Solit\u00e4r-Geschichte\",\"isPartOf\":{\"@id\":\"https:\/\/www.iplay.com\/en\/#website\"},\"primaryImageOfPage\":{\"@id\":\"https:\/\/www.iplay.com\/de\/games\/mystery-solitaire-grimms-tales-8\/#primaryimage\"},\"image\":{\"@id\":\"https:\/\/www.iplay.com\/de\/games\/mystery-solitaire-grimms-tales-8\/#primaryimage\"},\"thumbnailUrl\":\"https:\/\/www.iplay.com\/wp-content\/uploads\/2023\/12\/large_square_tile_image-2084.jpg\",\"datePublished\":\"2023-05-10T00:00:00+00:00\",\"description\":\"Die Geschichte geht weiter! Entdecke die Welt der Gebr\u00fcder Grimm und sammle jedes Solit\u00e4rst\u00fcck!\",\"breadcrumb\":{\"@id\":\"https:\/\/www.iplay.com\/de\/games\/mystery-solitaire-grimms-tales-8\/#breadcrumb\"},\"inLanguage\":\"de-DE\",\"potentialAction\":[{\"@type\":\"ReadAction\",\"target\":[\"https:\/\/www.iplay.com\/de\/games\/mystery-solitaire-grimms-tales-8\/\"]}]},{\"@type\":\"ImageObject\",\"inLanguage\":\"de-DE\",\"@id\":\"https:\/\/www.iplay.com\/de\/games\/mystery-solitaire-grimms-tales-8\/#primaryimage\",\"url\":\"https:\/\/www.iplay.com\/wp-content\/uploads\/2023\/12\/large_square_tile_image-2084.jpg\",\"contentUrl\":\"https:\/\/www.iplay.com\/wp-content\/uploads\/2023\/12\/large_square_tile_image-2084.jpg\",\"width\":310,\"height\":310},{\"@type\":\"BreadcrumbList\",\"@id\":\"https:\/\/www.iplay.com\/de\/games\/mystery-solitaire-grimms-tales-8\/#breadcrumb\",\"itemListElement\":[{\"@type\":\"ListItem\",\"position\":1,\"name\":\"Home\",\"item\":\"https:\/\/www.iplay.com\/de\/home-page-2\/\"},{\"@type\":\"ListItem\",\"position\":2,\"name\":\"Shop\",\"item\":\"https:\/\/www.iplay.com\/en\/shop\/\"},{\"@type\":\"ListItem\",\"position\":3,\"name\":\"Mystery Solitaire Grimms Tales 8\"}]},{\"@type\":\"WebSite\",\"@id\":\"https:\/\/www.iplay.com\/en\/#website\",\"url\":\"https:\/\/www.iplay.com\/en\/\",\"name\":\"IPlay\",\"description\":\"The Best Casual Games!\",\"publisher\":{\"@id\":\"https:\/\/www.iplay.com\/en\/#organization\"},\"potentialAction\":[{\"@type\":\"SearchAction\",\"target\":{\"@type\":\"EntryPoint\",\"urlTemplate\":\"https:\/\/www.iplay.com\/en\/?s={search_term_string}\"},\"query-input\":{\"@type\":\"PropertyValueSpecification\",\"valueRequired\":true,\"valueName\":\"search_term_string\"}}],\"inLanguage\":\"de-DE\"},{\"@type\":\"Organization\",\"@id\":\"https:\/\/www.iplay.com\/en\/#organization\",\"name\":\"IPlay\",\"url\":\"https:\/\/www.iplay.com\/en\/\",\"logo\":{\"@type\":\"ImageObject\",\"inLanguage\":\"de-DE\",\"@id\":\"https:\/\/www.iplay.com\/en\/#\/schema\/logo\/image\/\",\"url\":\"https:\/\/www.iplay.com\/wp-content\/uploads\/2023\/11\/Group-6100.svg\",\"contentUrl\":\"https:\/\/www.iplay.com\/wp-content\/uploads\/2023\/11\/Group-6100.svg\",\"width\":98,\"height\":25,\"caption\":\"IPlay\"},\"image\":{\"@id\":\"https:\/\/www.iplay.com\/en\/#\/schema\/logo\/image\/\"}}]}<\/script>\n<!-- \/ Yoast SEO Premium plugin. -->","yoast_head_json":{"title":"Mystery Solit\u00e4r: Grimms Tales 8 - Gebr\u00fcder Grimms Reich entfaltet sich in einer fortlaufenden Solit\u00e4r-Geschichte","description":"Die Geschichte geht weiter! Entdecke die Welt der Gebr\u00fcder Grimm und sammle jedes Solit\u00e4rst\u00fcck!","robots":{"index":"index","follow":"follow","max-snippet":"max-snippet:-1","max-image-preview":"max-image-preview:large","max-video-preview":"max-video-preview:-1"},"canonical":"https:\/\/www.iplay.com\/de\/games\/mystery-solitaire-grimms-tales-8\/","og_locale":"de_DE","og_type":"article","og_title":"Mystery Solitaire Grimms Tales 8","og_description":"Die Geschichte geht weiter! Entdecke die Welt der Gebr\u00fcder Grimm und sammle jedes Solit\u00e4rst\u00fcck!","og_url":"https:\/\/www.iplay.com\/de\/games\/mystery-solitaire-grimms-tales-8\/","og_site_name":"IPlay","og_image":[{"width":310,"height":310,"url":"https:\/\/www.iplay.com\/wp-content\/uploads\/2023\/12\/large_square_tile_image-2084.jpg","type":"image\/jpeg"}],"twitter_card":"summary_large_image","schema":{"@context":"https:\/\/schema.org","@graph":[{"@type":"WebPage","@id":"https:\/\/www.iplay.com\/de\/games\/mystery-solitaire-grimms-tales-8\/","url":"https:\/\/www.iplay.com\/de\/games\/mystery-solitaire-grimms-tales-8\/","name":"Mystery Solit\u00e4r: Grimms Tales 8 - Gebr\u00fcder Grimms Reich entfaltet sich in einer fortlaufenden Solit\u00e4r-Geschichte","isPartOf":{"@id":"https:\/\/www.iplay.com\/en\/#website"},"primaryImageOfPage":{"@id":"https:\/\/www.iplay.com\/de\/games\/mystery-solitaire-grimms-tales-8\/#primaryimage"},"image":{"@id":"https:\/\/www.iplay.com\/de\/games\/mystery-solitaire-grimms-tales-8\/#primaryimage"},"thumbnailUrl":"https:\/\/www.iplay.com\/wp-content\/uploads\/2023\/12\/large_square_tile_image-2084.jpg","datePublished":"2023-05-10T00:00:00+00:00","description":"Die Geschichte geht weiter! Entdecke die Welt der Gebr\u00fcder Grimm und sammle jedes Solit\u00e4rst\u00fcck!","breadcrumb":{"@id":"https:\/\/www.iplay.com\/de\/games\/mystery-solitaire-grimms-tales-8\/#breadcrumb"},"inLanguage":"de-DE","potentialAction":[{"@type":"ReadAction","target":["https:\/\/www.iplay.com\/de\/games\/mystery-solitaire-grimms-tales-8\/"]}]},{"@type":"ImageObject","inLanguage":"de-DE","@id":"https:\/\/www.iplay.com\/de\/games\/mystery-solitaire-grimms-tales-8\/#primaryimage","url":"https:\/\/www.iplay.com\/wp-content\/uploads\/2023\/12\/large_square_tile_image-2084.jpg","contentUrl":"https:\/\/www.iplay.com\/wp-content\/uploads\/2023\/12\/large_square_tile_image-2084.jpg","width":310,"height":310},{"@type":"BreadcrumbList","@id":"https:\/\/www.iplay.com\/de\/games\/mystery-solitaire-grimms-tales-8\/#breadcrumb","itemListElement":[{"@type":"ListItem","position":1,"name":"Home","item":"https:\/\/www.iplay.com\/de\/home-page-2\/"},{"@type":"ListItem","position":2,"name":"Shop","item":"https:\/\/www.iplay.com\/en\/shop\/"},{"@type":"ListItem","position":3,"name":"Mystery Solitaire Grimms Tales 8"}]},{"@type":"WebSite","@id":"https:\/\/www.iplay.com\/en\/#website","url":"https:\/\/www.iplay.com\/en\/","name":"IPlay","description":"The Best Casual Games!","publisher":{"@id":"https:\/\/www.iplay.com\/en\/#organization"},"potentialAction":[{"@type":"SearchAction","target":{"@type":"EntryPoint","urlTemplate":"https:\/\/www.iplay.com\/en\/?s={search_term_string}"},"query-input":{"@type":"PropertyValueSpecification","valueRequired":true,"valueName":"search_term_string"}}],"inLanguage":"de-DE"},{"@type":"Organization","@id":"https:\/\/www.iplay.com\/en\/#organization","name":"IPlay","url":"https:\/\/www.iplay.com\/en\/","logo":{"@type":"ImageObject","inLanguage":"de-DE","@id":"https:\/\/www.iplay.com\/en\/#\/schema\/logo\/image\/","url":"https:\/\/www.iplay.com\/wp-content\/uploads\/2023\/11\/Group-6100.svg","contentUrl":"https:\/\/www.iplay.com\/wp-content\/uploads\/2023\/11\/Group-6100.svg","width":98,"height":25,"caption":"IPlay"},"image":{"@id":"https:\/\/www.iplay.com\/en\/#\/schema\/logo\/image\/"}}]}},"_links":{"self":[{"href":"https:\/\/www.iplay.com\/de\/wp-json\/wp\/v2\/product\/131319","targetHints":{"allow":["GET"]}}],"collection":[{"href":"https:\/\/www.iplay.com\/de\/wp-json\/wp\/v2\/product"}],"about":[{"href":"https:\/\/www.iplay.com\/de\/wp-json\/wp\/v2\/types\/product"}],"author":[{"embeddable":true,"href":"https:\/\/www.iplay.com\/de\/wp-json\/wp\/v2\/users\/13"}],"replies":[{"embeddable":true,"href":"https:\/\/www.iplay.com\/de\/wp-json\/wp\/v2\/comments?post=131319"}],"wp:featuredmedia":[{"embeddable":true,"href":"https:\/\/www.iplay.com\/de\/wp-json\/wp\/v2\/media\/73462"}],"wp:attachment":[{"href":"https:\/\/www.iplay.com\/de\/wp-json\/wp\/v2\/media?parent=131319"}],"wp:term":[{"taxonomy":"product_brand","embeddable":true,"href":"https:\/\/www.iplay.com\/de\/wp-json\/wp\/v2\/product_brand?post=131319"},{"taxonomy":"product_cat","embeddable":true,"href":"https:\/\/www.iplay.com\/de\/wp-json\/wp\/v2\/product_cat?post=131319"},{"taxonomy":"product_tag","embeddable":true,"href":"https:\/\/www.iplay.com\/de\/wp-json\/wp\/v2\/product_tag?post=131319"}],"curies":[{"name":"wp","href":"https:\/\/api.w.org\/{rel}","templated":true}]}}