{"id":131302,"date":"2025-04-11T08:35:59","date_gmt":"2025-04-11T08:35:59","guid":{"rendered":"https:\/\/www.iplay.com\/games\/pixel-art-78\/"},"modified":"2025-04-11T10:59:06","modified_gmt":"2025-04-11T10:59:06","slug":"pixel-art-78","status":"publish","type":"product","link":"https:\/\/www.iplay.com\/de\/games\/pixel-art-78\/","title":{"rendered":"Pixel Art 78"},"content":{"rendered":"<p class=\"whitespace-pre-wrap break-words\">Pixel Art 78 bietet ein wirklich beruhigendes und fesselndes digitales Malerlebnis, bei dem der innere K\u00fcnstler in jedem Menschen mit Leichtigkeit entfesselt werden kann. Der Stress der Farbauswahl entf\u00e4llt und m\u00fchelose Kreativit\u00e4t wird an seiner Stelle willkommen gehei\u00dfen. Es wurde eine unglaubliche Sammlung lebendiger und vielf\u00e4ltiger Bilder zusammengestellt, durch die Meisterwerke zum Leben erweckt werden, indem man einfach dem nummerierten Leitfaden folgt. Egal, ob k\u00fcnstlerische Erfahrung besessen ist oder Entspannung gesucht wird, es wird eine angenehme, druckfreie Umgebung geboten, in der das Eintauchen in die Welt der pixelgenauen Kunst erlebt werden kann. Die Kreativit\u00e4t kann sich beim Abwickeln frei entfalten und jedes Bild verwandelt sich in ein atemberaubendes Werk digitaler Sch\u00f6nheit.    <\/p>\n<p>&nbsp;<\/p>\n<p class=\"text-xl font-bold text-text-100 mt-1 -mb-0.5\"><strong>Funktionen<\/strong><\/p>\n<ul class=\"[&amp;:not(:last-child)_ul]:pb-1 [&amp;:not(:last-child)_ol]:pb-1 list-disc space-y-1.5 pl-7\">\n<li class=\"whitespace-normal break-words\"><strong>Umfangreiche Bildbibliothek<\/strong>: 80 entz\u00fcckende Bilder wurden zur Auswahl zusammengestellt, jedes wartet darauf, von der k\u00fcnstlerischen Note des Benutzers beleuchtet zu werden.<\/li>\n<li class=\"whitespace-normal break-words\"><strong>Innovative Design-Tools<\/strong>: Abschnitte von Kunstwerken k\u00f6nnen mit dem praktischen F\u00fcllbereichswerkzeug problemlos fertiggestellt werden, wodurch der Malprozess reibungsloser und angenehmer gestaltet wird.<\/li>\n<li class=\"whitespace-normal break-words\"><strong>Therapeutische Erfahrung<\/strong>: Stundenlange beruhigende und meditative Unterhaltung k\u00f6nnen genossen werden, w\u00e4hrend farbenfrohe Kreationen Pixel f\u00fcr Pixel zum Leben erweckt werden.<\/li>\n<li class=\"whitespace-normal break-words\"><strong>Universelle Zug\u00e4nglichkeit<\/strong>: Das Spiel wurde so konzipiert, dass es perfekt f\u00fcr alle Altersgruppen und K\u00f6nnensstufen geeignet ist, mit einer intuitiven Benutzeroberfl\u00e4che, die von jedem navigiert werden kann.<\/li>\n<\/ul>\n<p>&nbsp;<\/p>\n<p class=\"whitespace-pre-wrap break-words\">Die digitale Malreise in Pixel Art 78 kann sofort begonnen werden, wobei der k\u00fcnstlerische Ausdruck vereinfacht und die Freude am Schaffen durch dieses fesselnde Pixel-Art-Erlebnis maximiert wird.<\/p>\n","protected":false},"excerpt":{"rendered":"<p>Erschaffen Sie atemberaubende Pixel-Meisterwerke mit Pixel Art 78 &#8211; Entspannen Sie sich, w\u00e4hrend Sie Bilder Pixel f\u00fcr Pixel zum Leben erwecken &#8211; Das perfekte, stressfreie, kreative Ventil f\u00fcr Kunstliebhaber aller Erfahrungsstufen.<\/p>\n","protected":false},"author":21,"featured_media":0,"comment_status":"open","ping_status":"closed","template":"","meta":{"_acf_changed":false,"inline_featured_image":false},"product_brand":[],"product_cat":[185],"product_tag":[282,289],"class_list":{"0":"post-131302","1":"product","2":"type-product","3":"status-publish","5":"product_cat-paint-by-numbers-series-de","6":"product_tag-pixel-art-series-de","7":"product_tag-play-on-pc-de","9":"first","10":"instock","11":"shipping-taxable","12":"purchasable","13":"product-type-simple"},"acf":[],"yoast_head":"<!-- This site is optimized with the Yoast SEO Premium plugin v25.2 (Yoast SEO v25.2) - https:\/\/yoast.com\/wordpress\/plugins\/seo\/ -->\n<title>Pixel Art 78: Erstellen Sie stressfreie Meisterwerke, Pixel f\u00fcr Pixel<\/title>\n<meta name=\"description\" content=\"Erschaffen Sie atemberaubende Pixel-Meisterwerke mit Pixel Art 78 - Entspannen Sie sich, w\u00e4hrend Sie Bilder Pixel f\u00fcr Pixel zum Leben erwecken - Das perfekte, stressfreie, kreative Ventil f\u00fcr Kunstliebhaber aller Erfahrungsstufen.\" \/>\n<meta name=\"robots\" content=\"index, follow, max-snippet:-1, max-image-preview:large, max-video-preview:-1\" \/>\n<link rel=\"canonical\" href=\"https:\/\/www.iplay.com\/de\/games\/pixel-art-78\/\" \/>\n<meta property=\"og:locale\" content=\"de_DE\" \/>\n<meta property=\"og:type\" content=\"article\" \/>\n<meta property=\"og:title\" content=\"Pixel Art 78\" \/>\n<meta property=\"og:description\" content=\"Erschaffen Sie atemberaubende Pixel-Meisterwerke mit Pixel Art 78 - Entspannen Sie sich, w\u00e4hrend Sie Bilder Pixel f\u00fcr Pixel zum Leben erwecken - Das perfekte, stressfreie, kreative Ventil f\u00fcr Kunstliebhaber aller Erfahrungsstufen.\" \/>\n<meta property=\"og:url\" content=\"https:\/\/www.iplay.com\/de\/games\/pixel-art-78\/\" \/>\n<meta property=\"og:site_name\" content=\"IPlay\" \/>\n<meta property=\"article:modified_time\" content=\"2025-04-11T10:59:06+00:00\" \/>\n<meta name=\"twitter:card\" content=\"summary_large_image\" \/>\n<meta name=\"twitter:label1\" content=\"Gesch\u00e4tzte Lesezeit\" \/>\n\t<meta name=\"twitter:data1\" content=\"1 Minute\" \/>\n<script type=\"application\/ld+json\" class=\"yoast-schema-graph\">{\"@context\":\"https:\/\/schema.org\",\"@graph\":[{\"@type\":\"WebPage\",\"@id\":\"https:\/\/www.iplay.com\/de\/games\/pixel-art-78\/\",\"url\":\"https:\/\/www.iplay.com\/de\/games\/pixel-art-78\/\",\"name\":\"Pixel Art 78: Erstellen Sie stressfreie Meisterwerke, Pixel f\u00fcr Pixel\",\"isPartOf\":{\"@id\":\"https:\/\/www.iplay.com\/en\/#website\"},\"datePublished\":\"2025-04-11T08:35:59+00:00\",\"dateModified\":\"2025-04-11T10:59:06+00:00\",\"description\":\"Erschaffen Sie atemberaubende Pixel-Meisterwerke mit Pixel Art 78 - Entspannen Sie sich, w\u00e4hrend Sie Bilder Pixel f\u00fcr Pixel zum Leben erwecken - Das perfekte, stressfreie, kreative Ventil f\u00fcr Kunstliebhaber aller Erfahrungsstufen.\",\"breadcrumb\":{\"@id\":\"https:\/\/www.iplay.com\/de\/games\/pixel-art-78\/#breadcrumb\"},\"inLanguage\":\"de-DE\",\"potentialAction\":[{\"@type\":\"ReadAction\",\"target\":[\"https:\/\/www.iplay.com\/de\/games\/pixel-art-78\/\"]}]},{\"@type\":\"BreadcrumbList\",\"@id\":\"https:\/\/www.iplay.com\/de\/games\/pixel-art-78\/#breadcrumb\",\"itemListElement\":[{\"@type\":\"ListItem\",\"position\":1,\"name\":\"Home\",\"item\":\"https:\/\/www.iplay.com\/de\/home-page-2\/\"},{\"@type\":\"ListItem\",\"position\":2,\"name\":\"Shop\",\"item\":\"https:\/\/www.iplay.com\/en\/shop\/\"},{\"@type\":\"ListItem\",\"position\":3,\"name\":\"Pixel Art 78\"}]},{\"@type\":\"WebSite\",\"@id\":\"https:\/\/www.iplay.com\/en\/#website\",\"url\":\"https:\/\/www.iplay.com\/en\/\",\"name\":\"IPlay\",\"description\":\"The Best Casual Games!\",\"publisher\":{\"@id\":\"https:\/\/www.iplay.com\/en\/#organization\"},\"potentialAction\":[{\"@type\":\"SearchAction\",\"target\":{\"@type\":\"EntryPoint\",\"urlTemplate\":\"https:\/\/www.iplay.com\/en\/?s={search_term_string}\"},\"query-input\":{\"@type\":\"PropertyValueSpecification\",\"valueRequired\":true,\"valueName\":\"search_term_string\"}}],\"inLanguage\":\"de-DE\"},{\"@type\":\"Organization\",\"@id\":\"https:\/\/www.iplay.com\/en\/#organization\",\"name\":\"IPlay\",\"url\":\"https:\/\/www.iplay.com\/en\/\",\"logo\":{\"@type\":\"ImageObject\",\"inLanguage\":\"de-DE\",\"@id\":\"https:\/\/www.iplay.com\/en\/#\/schema\/logo\/image\/\",\"url\":\"https:\/\/www.iplay.com\/wp-content\/uploads\/2023\/11\/Group-6100.svg\",\"contentUrl\":\"https:\/\/www.iplay.com\/wp-content\/uploads\/2023\/11\/Group-6100.svg\",\"width\":98,\"height\":25,\"caption\":\"IPlay\"},\"image\":{\"@id\":\"https:\/\/www.iplay.com\/en\/#\/schema\/logo\/image\/\"}}]}<\/script>\n<!-- \/ Yoast SEO Premium plugin. -->","yoast_head_json":{"title":"Pixel Art 78: Erstellen Sie stressfreie Meisterwerke, Pixel f\u00fcr Pixel","description":"Erschaffen Sie atemberaubende Pixel-Meisterwerke mit Pixel Art 78 - Entspannen Sie sich, w\u00e4hrend Sie Bilder Pixel f\u00fcr Pixel zum Leben erwecken - Das perfekte, stressfreie, kreative Ventil f\u00fcr Kunstliebhaber aller Erfahrungsstufen.","robots":{"index":"index","follow":"follow","max-snippet":"max-snippet:-1","max-image-preview":"max-image-preview:large","max-video-preview":"max-video-preview:-1"},"canonical":"https:\/\/www.iplay.com\/de\/games\/pixel-art-78\/","og_locale":"de_DE","og_type":"article","og_title":"Pixel Art 78","og_description":"Erschaffen Sie atemberaubende Pixel-Meisterwerke mit Pixel Art 78 - Entspannen Sie sich, w\u00e4hrend Sie Bilder Pixel f\u00fcr Pixel zum Leben erwecken - Das perfekte, stressfreie, kreative Ventil f\u00fcr Kunstliebhaber aller Erfahrungsstufen.","og_url":"https:\/\/www.iplay.com\/de\/games\/pixel-art-78\/","og_site_name":"IPlay","article_modified_time":"2025-04-11T10:59:06+00:00","twitter_card":"summary_large_image","twitter_misc":{"Gesch\u00e4tzte Lesezeit":"1 Minute"},"schema":{"@context":"https:\/\/schema.org","@graph":[{"@type":"WebPage","@id":"https:\/\/www.iplay.com\/de\/games\/pixel-art-78\/","url":"https:\/\/www.iplay.com\/de\/games\/pixel-art-78\/","name":"Pixel Art 78: Erstellen Sie stressfreie Meisterwerke, Pixel f\u00fcr Pixel","isPartOf":{"@id":"https:\/\/www.iplay.com\/en\/#website"},"datePublished":"2025-04-11T08:35:59+00:00","dateModified":"2025-04-11T10:59:06+00:00","description":"Erschaffen Sie atemberaubende Pixel-Meisterwerke mit Pixel Art 78 - Entspannen Sie sich, w\u00e4hrend Sie Bilder Pixel f\u00fcr Pixel zum Leben erwecken - Das perfekte, stressfreie, kreative Ventil f\u00fcr Kunstliebhaber aller Erfahrungsstufen.","breadcrumb":{"@id":"https:\/\/www.iplay.com\/de\/games\/pixel-art-78\/#breadcrumb"},"inLanguage":"de-DE","potentialAction":[{"@type":"ReadAction","target":["https:\/\/www.iplay.com\/de\/games\/pixel-art-78\/"]}]},{"@type":"BreadcrumbList","@id":"https:\/\/www.iplay.com\/de\/games\/pixel-art-78\/#breadcrumb","itemListElement":[{"@type":"ListItem","position":1,"name":"Home","item":"https:\/\/www.iplay.com\/de\/home-page-2\/"},{"@type":"ListItem","position":2,"name":"Shop","item":"https:\/\/www.iplay.com\/en\/shop\/"},{"@type":"ListItem","position":3,"name":"Pixel Art 78"}]},{"@type":"WebSite","@id":"https:\/\/www.iplay.com\/en\/#website","url":"https:\/\/www.iplay.com\/en\/","name":"IPlay","description":"The Best Casual Games!","publisher":{"@id":"https:\/\/www.iplay.com\/en\/#organization"},"potentialAction":[{"@type":"SearchAction","target":{"@type":"EntryPoint","urlTemplate":"https:\/\/www.iplay.com\/en\/?s={search_term_string}"},"query-input":{"@type":"PropertyValueSpecification","valueRequired":true,"valueName":"search_term_string"}}],"inLanguage":"de-DE"},{"@type":"Organization","@id":"https:\/\/www.iplay.com\/en\/#organization","name":"IPlay","url":"https:\/\/www.iplay.com\/en\/","logo":{"@type":"ImageObject","inLanguage":"de-DE","@id":"https:\/\/www.iplay.com\/en\/#\/schema\/logo\/image\/","url":"https:\/\/www.iplay.com\/wp-content\/uploads\/2023\/11\/Group-6100.svg","contentUrl":"https:\/\/www.iplay.com\/wp-content\/uploads\/2023\/11\/Group-6100.svg","width":98,"height":25,"caption":"IPlay"},"image":{"@id":"https:\/\/www.iplay.com\/en\/#\/schema\/logo\/image\/"}}]}},"_links":{"self":[{"href":"https:\/\/www.iplay.com\/de\/wp-json\/wp\/v2\/product\/131302","targetHints":{"allow":["GET"]}}],"collection":[{"href":"https:\/\/www.iplay.com\/de\/wp-json\/wp\/v2\/product"}],"about":[{"href":"https:\/\/www.iplay.com\/de\/wp-json\/wp\/v2\/types\/product"}],"author":[{"embeddable":true,"href":"https:\/\/www.iplay.com\/de\/wp-json\/wp\/v2\/users\/21"}],"replies":[{"embeddable":true,"href":"https:\/\/www.iplay.com\/de\/wp-json\/wp\/v2\/comments?post=131302"}],"wp:attachment":[{"href":"https:\/\/www.iplay.com\/de\/wp-json\/wp\/v2\/media?parent=131302"}],"wp:term":[{"taxonomy":"product_brand","embeddable":true,"href":"https:\/\/www.iplay.com\/de\/wp-json\/wp\/v2\/product_brand?post=131302"},{"taxonomy":"product_cat","embeddable":true,"href":"https:\/\/www.iplay.com\/de\/wp-json\/wp\/v2\/product_cat?post=131302"},{"taxonomy":"product_tag","embeddable":true,"href":"https:\/\/www.iplay.com\/de\/wp-json\/wp\/v2\/product_tag?post=131302"}],"curies":[{"name":"wp","href":"https:\/\/api.w.org\/{rel}","templated":true}]}}