{"id":131021,"date":"2023-05-26T00:00:01","date_gmt":"2023-05-26T00:00:01","guid":{"rendered":"https:\/\/www.iplay.com\/games\/nature-escapes-3-collectors-edition\/"},"modified":"2023-05-26T00:00:01","modified_gmt":"2023-05-26T00:00:01","slug":"nature-escapes-3-collectors-edition","status":"publish","type":"product","link":"https:\/\/www.iplay.com\/de\/games\/nature-escapes-3-collectors-edition\/","title":{"rendered":"Nature Escapes 3 Collector&#8217;s Edition"},"content":{"rendered":"<p>Nature Escapes ist zur\u00fcck! Genie\u00dfen und entdecken Sie die exquisitesten Pflanzen und Blumen der Welt. Genie\u00dfe eine frische Auswahl an sch\u00f6nen Wimmelbildspielen, w\u00e4hrend du dich bei entspannender Musik entspannst. Nehmen Sie an jedem Minispiel teil und gestalten Sie Ihre eigene sch\u00f6ne Gartenszene!   <\/p>\n<p>&nbsp;<\/p>\n<p><strong>Funktionen<\/strong><\/p>\n<p>&nbsp;<\/p>\n<p>&#8211; Entdecke eine Naturreise in 24 Kapiteln!<\/p>\n<p>&#8211; Insgesamt mehr als 70 HO-Szenen und Minispiele!<\/p>\n<p>&#8211; Interessante Informationen \u00fcber faszinierende Pflanzen!<\/p>\n<p>&#8211; Genie\u00dfe atemberaubende, handgefertigte Naturlandschaften!<\/p>\n<p>&#8211; Kreieren Sie Ihre eigenen DIY-Landschaftsakzente!<\/p>\n<p>&nbsp;<\/p>\n<p><strong>Funktionen der Collector&#8217;s Edition<\/strong><\/p>\n<p>&nbsp;<\/p>\n<p>&#8211; Zw\u00f6lf Minispiele<\/p>\n<p>&#8211; Hintergrundbilder zum Download verf\u00fcgbar<\/p>\n<p>&#8211; Einen Musikplayer<\/p>\n<p>&#8211; Mehr Blumen und Pflanzen<\/p>\n<p>&#8211; Untersuchen Sie die Pflanzen, die die Entwickler haben.<\/p>\n","protected":false},"excerpt":{"rendered":"<p>Entdecke eine Naturreise, die sich \u00fcber 24 Kapitel erstreckt, und genie\u00dfe das wundersch\u00f6ne und beruhigende Wimmelbildspiel Nature Escapes 3!<\/p>\n","protected":false},"author":18,"featured_media":73318,"comment_status":"open","ping_status":"closed","template":"","meta":{"_acf_changed":false,"inline_featured_image":false},"product_brand":[],"product_cat":[164],"product_tag":[289],"class_list":{"0":"post-131021","1":"product","2":"type-product","3":"status-publish","4":"has-post-thumbnail","6":"product_cat-hidden-object-de","7":"product_tag-play-on-pc-de","9":"first","10":"instock","11":"shipping-taxable","12":"purchasable","13":"product-type-simple"},"acf":[],"yoast_head":"<!-- This site is optimized with the Yoast SEO Premium plugin v25.2 (Yoast SEO v25.2) - https:\/\/yoast.com\/wordpress\/plugins\/seo\/ -->\n<title>Nature Escapes 3 Collector&#039;s Edition - Genie\u00dfe das beruhigende Wimmelbildspiel Nature Escapes 3<\/title>\n<meta name=\"description\" content=\"Entdecke eine Naturreise, die sich \u00fcber 24 Kapitel erstreckt, und genie\u00dfe das wundersch\u00f6ne und beruhigende Wimmelbildspiel Nature Escapes 3!\" \/>\n<meta name=\"robots\" content=\"index, follow, max-snippet:-1, max-image-preview:large, max-video-preview:-1\" \/>\n<link rel=\"canonical\" href=\"https:\/\/www.iplay.com\/de\/games\/nature-escapes-3-collectors-edition\/\" \/>\n<meta property=\"og:locale\" content=\"de_DE\" \/>\n<meta property=\"og:type\" content=\"article\" \/>\n<meta property=\"og:title\" content=\"Nature Escapes 3 Collector&#039;s Edition\" \/>\n<meta property=\"og:description\" content=\"Entdecke eine Naturreise, die sich \u00fcber 24 Kapitel erstreckt, und genie\u00dfe das wundersch\u00f6ne und beruhigende Wimmelbildspiel Nature Escapes 3!\" \/>\n<meta property=\"og:url\" content=\"https:\/\/www.iplay.com\/de\/games\/nature-escapes-3-collectors-edition\/\" \/>\n<meta property=\"og:site_name\" content=\"IPlay\" \/>\n<meta property=\"og:image\" content=\"https:\/\/www.iplay.com\/wp-content\/uploads\/2023\/12\/large_square_tile_image-2075.jpg\" \/>\n\t<meta property=\"og:image:width\" content=\"310\" \/>\n\t<meta property=\"og:image:height\" content=\"310\" \/>\n\t<meta property=\"og:image:type\" content=\"image\/jpeg\" \/>\n<meta name=\"twitter:card\" content=\"summary_large_image\" \/>\n<meta name=\"twitter:label1\" content=\"Gesch\u00e4tzte Lesezeit\" \/>\n\t<meta name=\"twitter:data1\" content=\"1 Minute\" \/>\n<script type=\"application\/ld+json\" class=\"yoast-schema-graph\">{\"@context\":\"https:\/\/schema.org\",\"@graph\":[{\"@type\":\"WebPage\",\"@id\":\"https:\/\/www.iplay.com\/de\/games\/nature-escapes-3-collectors-edition\/\",\"url\":\"https:\/\/www.iplay.com\/de\/games\/nature-escapes-3-collectors-edition\/\",\"name\":\"Nature Escapes 3 Collector's Edition - Genie\u00dfe das beruhigende Wimmelbildspiel Nature Escapes 3\",\"isPartOf\":{\"@id\":\"https:\/\/www.iplay.com\/en\/#website\"},\"primaryImageOfPage\":{\"@id\":\"https:\/\/www.iplay.com\/de\/games\/nature-escapes-3-collectors-edition\/#primaryimage\"},\"image\":{\"@id\":\"https:\/\/www.iplay.com\/de\/games\/nature-escapes-3-collectors-edition\/#primaryimage\"},\"thumbnailUrl\":\"https:\/\/www.iplay.com\/wp-content\/uploads\/2023\/12\/large_square_tile_image-2075.jpg\",\"datePublished\":\"2023-05-26T00:00:01+00:00\",\"description\":\"Entdecke eine Naturreise, die sich \u00fcber 24 Kapitel erstreckt, und genie\u00dfe das wundersch\u00f6ne und beruhigende Wimmelbildspiel Nature Escapes 3!\",\"breadcrumb\":{\"@id\":\"https:\/\/www.iplay.com\/de\/games\/nature-escapes-3-collectors-edition\/#breadcrumb\"},\"inLanguage\":\"de-DE\",\"potentialAction\":[{\"@type\":\"ReadAction\",\"target\":[\"https:\/\/www.iplay.com\/de\/games\/nature-escapes-3-collectors-edition\/\"]}]},{\"@type\":\"ImageObject\",\"inLanguage\":\"de-DE\",\"@id\":\"https:\/\/www.iplay.com\/de\/games\/nature-escapes-3-collectors-edition\/#primaryimage\",\"url\":\"https:\/\/www.iplay.com\/wp-content\/uploads\/2023\/12\/large_square_tile_image-2075.jpg\",\"contentUrl\":\"https:\/\/www.iplay.com\/wp-content\/uploads\/2023\/12\/large_square_tile_image-2075.jpg\",\"width\":310,\"height\":310},{\"@type\":\"BreadcrumbList\",\"@id\":\"https:\/\/www.iplay.com\/de\/games\/nature-escapes-3-collectors-edition\/#breadcrumb\",\"itemListElement\":[{\"@type\":\"ListItem\",\"position\":1,\"name\":\"Home\",\"item\":\"https:\/\/www.iplay.com\/de\/home-page-2\/\"},{\"@type\":\"ListItem\",\"position\":2,\"name\":\"Shop\",\"item\":\"https:\/\/www.iplay.com\/en\/shop\/\"},{\"@type\":\"ListItem\",\"position\":3,\"name\":\"Nature Escapes 3 Collector&#8217;s Edition\"}]},{\"@type\":\"WebSite\",\"@id\":\"https:\/\/www.iplay.com\/en\/#website\",\"url\":\"https:\/\/www.iplay.com\/en\/\",\"name\":\"IPlay\",\"description\":\"The Best Casual Games!\",\"publisher\":{\"@id\":\"https:\/\/www.iplay.com\/en\/#organization\"},\"potentialAction\":[{\"@type\":\"SearchAction\",\"target\":{\"@type\":\"EntryPoint\",\"urlTemplate\":\"https:\/\/www.iplay.com\/en\/?s={search_term_string}\"},\"query-input\":{\"@type\":\"PropertyValueSpecification\",\"valueRequired\":true,\"valueName\":\"search_term_string\"}}],\"inLanguage\":\"de-DE\"},{\"@type\":\"Organization\",\"@id\":\"https:\/\/www.iplay.com\/en\/#organization\",\"name\":\"IPlay\",\"url\":\"https:\/\/www.iplay.com\/en\/\",\"logo\":{\"@type\":\"ImageObject\",\"inLanguage\":\"de-DE\",\"@id\":\"https:\/\/www.iplay.com\/en\/#\/schema\/logo\/image\/\",\"url\":\"https:\/\/www.iplay.com\/wp-content\/uploads\/2023\/11\/Group-6100.svg\",\"contentUrl\":\"https:\/\/www.iplay.com\/wp-content\/uploads\/2023\/11\/Group-6100.svg\",\"width\":98,\"height\":25,\"caption\":\"IPlay\"},\"image\":{\"@id\":\"https:\/\/www.iplay.com\/en\/#\/schema\/logo\/image\/\"}}]}<\/script>\n<!-- \/ Yoast SEO Premium plugin. -->","yoast_head_json":{"title":"Nature Escapes 3 Collector's Edition - Genie\u00dfe das beruhigende Wimmelbildspiel Nature Escapes 3","description":"Entdecke eine Naturreise, die sich \u00fcber 24 Kapitel erstreckt, und genie\u00dfe das wundersch\u00f6ne und beruhigende Wimmelbildspiel Nature Escapes 3!","robots":{"index":"index","follow":"follow","max-snippet":"max-snippet:-1","max-image-preview":"max-image-preview:large","max-video-preview":"max-video-preview:-1"},"canonical":"https:\/\/www.iplay.com\/de\/games\/nature-escapes-3-collectors-edition\/","og_locale":"de_DE","og_type":"article","og_title":"Nature Escapes 3 Collector's Edition","og_description":"Entdecke eine Naturreise, die sich \u00fcber 24 Kapitel erstreckt, und genie\u00dfe das wundersch\u00f6ne und beruhigende Wimmelbildspiel Nature Escapes 3!","og_url":"https:\/\/www.iplay.com\/de\/games\/nature-escapes-3-collectors-edition\/","og_site_name":"IPlay","og_image":[{"width":310,"height":310,"url":"https:\/\/www.iplay.com\/wp-content\/uploads\/2023\/12\/large_square_tile_image-2075.jpg","type":"image\/jpeg"}],"twitter_card":"summary_large_image","twitter_misc":{"Gesch\u00e4tzte Lesezeit":"1 Minute"},"schema":{"@context":"https:\/\/schema.org","@graph":[{"@type":"WebPage","@id":"https:\/\/www.iplay.com\/de\/games\/nature-escapes-3-collectors-edition\/","url":"https:\/\/www.iplay.com\/de\/games\/nature-escapes-3-collectors-edition\/","name":"Nature Escapes 3 Collector's Edition - Genie\u00dfe das beruhigende Wimmelbildspiel Nature Escapes 3","isPartOf":{"@id":"https:\/\/www.iplay.com\/en\/#website"},"primaryImageOfPage":{"@id":"https:\/\/www.iplay.com\/de\/games\/nature-escapes-3-collectors-edition\/#primaryimage"},"image":{"@id":"https:\/\/www.iplay.com\/de\/games\/nature-escapes-3-collectors-edition\/#primaryimage"},"thumbnailUrl":"https:\/\/www.iplay.com\/wp-content\/uploads\/2023\/12\/large_square_tile_image-2075.jpg","datePublished":"2023-05-26T00:00:01+00:00","description":"Entdecke eine Naturreise, die sich \u00fcber 24 Kapitel erstreckt, und genie\u00dfe das wundersch\u00f6ne und beruhigende Wimmelbildspiel Nature Escapes 3!","breadcrumb":{"@id":"https:\/\/www.iplay.com\/de\/games\/nature-escapes-3-collectors-edition\/#breadcrumb"},"inLanguage":"de-DE","potentialAction":[{"@type":"ReadAction","target":["https:\/\/www.iplay.com\/de\/games\/nature-escapes-3-collectors-edition\/"]}]},{"@type":"ImageObject","inLanguage":"de-DE","@id":"https:\/\/www.iplay.com\/de\/games\/nature-escapes-3-collectors-edition\/#primaryimage","url":"https:\/\/www.iplay.com\/wp-content\/uploads\/2023\/12\/large_square_tile_image-2075.jpg","contentUrl":"https:\/\/www.iplay.com\/wp-content\/uploads\/2023\/12\/large_square_tile_image-2075.jpg","width":310,"height":310},{"@type":"BreadcrumbList","@id":"https:\/\/www.iplay.com\/de\/games\/nature-escapes-3-collectors-edition\/#breadcrumb","itemListElement":[{"@type":"ListItem","position":1,"name":"Home","item":"https:\/\/www.iplay.com\/de\/home-page-2\/"},{"@type":"ListItem","position":2,"name":"Shop","item":"https:\/\/www.iplay.com\/en\/shop\/"},{"@type":"ListItem","position":3,"name":"Nature Escapes 3 Collector&#8217;s Edition"}]},{"@type":"WebSite","@id":"https:\/\/www.iplay.com\/en\/#website","url":"https:\/\/www.iplay.com\/en\/","name":"IPlay","description":"The Best Casual Games!","publisher":{"@id":"https:\/\/www.iplay.com\/en\/#organization"},"potentialAction":[{"@type":"SearchAction","target":{"@type":"EntryPoint","urlTemplate":"https:\/\/www.iplay.com\/en\/?s={search_term_string}"},"query-input":{"@type":"PropertyValueSpecification","valueRequired":true,"valueName":"search_term_string"}}],"inLanguage":"de-DE"},{"@type":"Organization","@id":"https:\/\/www.iplay.com\/en\/#organization","name":"IPlay","url":"https:\/\/www.iplay.com\/en\/","logo":{"@type":"ImageObject","inLanguage":"de-DE","@id":"https:\/\/www.iplay.com\/en\/#\/schema\/logo\/image\/","url":"https:\/\/www.iplay.com\/wp-content\/uploads\/2023\/11\/Group-6100.svg","contentUrl":"https:\/\/www.iplay.com\/wp-content\/uploads\/2023\/11\/Group-6100.svg","width":98,"height":25,"caption":"IPlay"},"image":{"@id":"https:\/\/www.iplay.com\/en\/#\/schema\/logo\/image\/"}}]}},"_links":{"self":[{"href":"https:\/\/www.iplay.com\/de\/wp-json\/wp\/v2\/product\/131021","targetHints":{"allow":["GET"]}}],"collection":[{"href":"https:\/\/www.iplay.com\/de\/wp-json\/wp\/v2\/product"}],"about":[{"href":"https:\/\/www.iplay.com\/de\/wp-json\/wp\/v2\/types\/product"}],"author":[{"embeddable":true,"href":"https:\/\/www.iplay.com\/de\/wp-json\/wp\/v2\/users\/18"}],"replies":[{"embeddable":true,"href":"https:\/\/www.iplay.com\/de\/wp-json\/wp\/v2\/comments?post=131021"}],"wp:featuredmedia":[{"embeddable":true,"href":"https:\/\/www.iplay.com\/de\/wp-json\/wp\/v2\/media\/73318"}],"wp:attachment":[{"href":"https:\/\/www.iplay.com\/de\/wp-json\/wp\/v2\/media?parent=131021"}],"wp:term":[{"taxonomy":"product_brand","embeddable":true,"href":"https:\/\/www.iplay.com\/de\/wp-json\/wp\/v2\/product_brand?post=131021"},{"taxonomy":"product_cat","embeddable":true,"href":"https:\/\/www.iplay.com\/de\/wp-json\/wp\/v2\/product_cat?post=131021"},{"taxonomy":"product_tag","embeddable":true,"href":"https:\/\/www.iplay.com\/de\/wp-json\/wp\/v2\/product_tag?post=131021"}],"curies":[{"name":"wp","href":"https:\/\/api.w.org\/{rel}","templated":true}]}}