{"id":130997,"date":"2023-06-02T00:00:01","date_gmt":"2023-06-02T00:00:01","guid":{"rendered":"https:\/\/www.iplay.com\/games\/musical-mystery-of-the-tropical-island-solitaire\/"},"modified":"2023-06-02T00:00:01","modified_gmt":"2023-06-02T00:00:01","slug":"musical-mystery-of-the-tropical-island-solitaire","status":"publish","type":"product","link":"https:\/\/www.iplay.com\/de\/games\/musical-mystery-of-the-tropical-island-solitaire\/","title":{"rendered":"Musical Mystery of the Tropical Island Solitaire"},"content":{"rendered":"<p>Vor einiger Zeit waren die Stadien f\u00fcr die Konzerte von Bob the Superstar bis auf den letzten Platz gef\u00fcllt! Die Zeit bleibt jedoch f\u00fcr niemanden stehen. Als Bob auf der Stra\u00dfe nicht mehr auffiel, beschloss er, sich auf die Suche nach seiner verlorenen Inspiration zu machen. Schlie\u00dflich f\u00fchrt ihn das Schicksal auf eine abgelegene tropische Insel. Bob h\u00e4tte nie gedacht, dass diese abgelegene Insel mitten im weiten Ozean sein Freund werden und ihn einem seiner gr\u00f6\u00dften Fans vorstellen w\u00fcrde! Um Bob dabei zu helfen, das musikalische R\u00e4tsel der tropischen Insel zu l\u00f6sen und seine verlorene Inspiration wiederzubeleben, l\u00f6se 200 verschiedene Solit\u00e4r-R\u00e4tsel! Der Text ist fett gedruckt.      <\/p>\n<p>&nbsp;<\/p>\n<p>&nbsp;<\/p>\n<p><strong>Funktionen:<\/strong><\/p>\n<p>&nbsp;<\/p>\n<p>&#8211; Entz\u00fcckendes gesticktes Pixelpuzzle-Kunstwerk.<\/p>\n<p>&#8211; Interessante Quizfragen.<\/p>\n<p>&#8211; Sch\u00f6ne, beruhigende akustische Musik.<\/p>\n<p>&#8211; Grundlegende Zoom- und Hinweisfunktionen.<\/p>\n<p>&#8211; 72 schwierige R\u00e4tsel!<\/p>\n<p>&#8211; Es sind keine Level gesperrt; Spielen Sie, wie Sie wollen!<\/p>\n","protected":false},"excerpt":{"rendered":"<p>Hilf Bob dabei, das musikalische R\u00e4tsel der Tropeninsel zu l\u00fcften!<\/p>\n","protected":false},"author":39,"featured_media":73222,"comment_status":"open","ping_status":"closed","template":"","meta":{"_acf_changed":false,"inline_featured_image":false},"product_brand":[],"product_cat":[157,206],"product_tag":[289],"class_list":{"0":"post-130997","1":"product","2":"type-product","3":"status-publish","4":"has-post-thumbnail","6":"product_cat-card-de-2","7":"product_cat-solitaire-de","8":"product_tag-play-on-pc-de","10":"first","11":"instock","12":"shipping-taxable","13":"purchasable","14":"product-type-simple"},"acf":[],"yoast_head":"<!-- This site is optimized with the Yoast SEO Premium plugin v25.2 (Yoast SEO v25.2) - https:\/\/yoast.com\/wordpress\/plugins\/seo\/ -->\n<title>Hilf Bob dabei, das musikalische Geheimnis der tropischen Insel zu l\u00f6sen<\/title>\n<meta name=\"description\" content=\"Hilf Bob dabei, das musikalische R\u00e4tsel der Tropeninsel zu l\u00fcften!\" \/>\n<meta name=\"robots\" content=\"index, follow, max-snippet:-1, max-image-preview:large, max-video-preview:-1\" \/>\n<link rel=\"canonical\" href=\"https:\/\/www.iplay.com\/de\/games\/musical-mystery-of-the-tropical-island-solitaire\/\" \/>\n<meta property=\"og:locale\" content=\"de_DE\" \/>\n<meta property=\"og:type\" content=\"article\" \/>\n<meta property=\"og:title\" content=\"Musical Mystery of the Tropical Island Solitaire\" \/>\n<meta property=\"og:description\" content=\"Hilf Bob dabei, das musikalische R\u00e4tsel der Tropeninsel zu l\u00fcften!\" \/>\n<meta property=\"og:url\" content=\"https:\/\/www.iplay.com\/de\/games\/musical-mystery-of-the-tropical-island-solitaire\/\" \/>\n<meta property=\"og:site_name\" content=\"IPlay\" \/>\n<meta property=\"og:image\" content=\"https:\/\/www.iplay.com\/wp-content\/uploads\/2023\/12\/large_square_tile_image-2069.jpg\" \/>\n\t<meta property=\"og:image:width\" content=\"310\" \/>\n\t<meta property=\"og:image:height\" content=\"310\" \/>\n\t<meta property=\"og:image:type\" content=\"image\/jpeg\" \/>\n<meta name=\"twitter:card\" content=\"summary_large_image\" \/>\n<meta name=\"twitter:label1\" content=\"Gesch\u00e4tzte Lesezeit\" \/>\n\t<meta name=\"twitter:data1\" content=\"1 Minute\" \/>\n<script type=\"application\/ld+json\" class=\"yoast-schema-graph\">{\"@context\":\"https:\/\/schema.org\",\"@graph\":[{\"@type\":\"WebPage\",\"@id\":\"https:\/\/www.iplay.com\/de\/games\/musical-mystery-of-the-tropical-island-solitaire\/\",\"url\":\"https:\/\/www.iplay.com\/de\/games\/musical-mystery-of-the-tropical-island-solitaire\/\",\"name\":\"Hilf Bob dabei, das musikalische Geheimnis der tropischen Insel zu l\u00f6sen\",\"isPartOf\":{\"@id\":\"https:\/\/www.iplay.com\/en\/#website\"},\"primaryImageOfPage\":{\"@id\":\"https:\/\/www.iplay.com\/de\/games\/musical-mystery-of-the-tropical-island-solitaire\/#primaryimage\"},\"image\":{\"@id\":\"https:\/\/www.iplay.com\/de\/games\/musical-mystery-of-the-tropical-island-solitaire\/#primaryimage\"},\"thumbnailUrl\":\"https:\/\/www.iplay.com\/wp-content\/uploads\/2023\/12\/large_square_tile_image-2069.jpg\",\"datePublished\":\"2023-06-02T00:00:01+00:00\",\"description\":\"Hilf Bob dabei, das musikalische R\u00e4tsel der Tropeninsel zu l\u00fcften!\",\"breadcrumb\":{\"@id\":\"https:\/\/www.iplay.com\/de\/games\/musical-mystery-of-the-tropical-island-solitaire\/#breadcrumb\"},\"inLanguage\":\"de-DE\",\"potentialAction\":[{\"@type\":\"ReadAction\",\"target\":[\"https:\/\/www.iplay.com\/de\/games\/musical-mystery-of-the-tropical-island-solitaire\/\"]}]},{\"@type\":\"ImageObject\",\"inLanguage\":\"de-DE\",\"@id\":\"https:\/\/www.iplay.com\/de\/games\/musical-mystery-of-the-tropical-island-solitaire\/#primaryimage\",\"url\":\"https:\/\/www.iplay.com\/wp-content\/uploads\/2023\/12\/large_square_tile_image-2069.jpg\",\"contentUrl\":\"https:\/\/www.iplay.com\/wp-content\/uploads\/2023\/12\/large_square_tile_image-2069.jpg\",\"width\":310,\"height\":310},{\"@type\":\"BreadcrumbList\",\"@id\":\"https:\/\/www.iplay.com\/de\/games\/musical-mystery-of-the-tropical-island-solitaire\/#breadcrumb\",\"itemListElement\":[{\"@type\":\"ListItem\",\"position\":1,\"name\":\"Home\",\"item\":\"https:\/\/www.iplay.com\/de\/home-page-2\/\"},{\"@type\":\"ListItem\",\"position\":2,\"name\":\"Shop\",\"item\":\"https:\/\/www.iplay.com\/en\/shop\/\"},{\"@type\":\"ListItem\",\"position\":3,\"name\":\"Musical Mystery of the Tropical Island Solitaire\"}]},{\"@type\":\"WebSite\",\"@id\":\"https:\/\/www.iplay.com\/en\/#website\",\"url\":\"https:\/\/www.iplay.com\/en\/\",\"name\":\"IPlay\",\"description\":\"The Best Casual Games!\",\"publisher\":{\"@id\":\"https:\/\/www.iplay.com\/en\/#organization\"},\"potentialAction\":[{\"@type\":\"SearchAction\",\"target\":{\"@type\":\"EntryPoint\",\"urlTemplate\":\"https:\/\/www.iplay.com\/en\/?s={search_term_string}\"},\"query-input\":{\"@type\":\"PropertyValueSpecification\",\"valueRequired\":true,\"valueName\":\"search_term_string\"}}],\"inLanguage\":\"de-DE\"},{\"@type\":\"Organization\",\"@id\":\"https:\/\/www.iplay.com\/en\/#organization\",\"name\":\"IPlay\",\"url\":\"https:\/\/www.iplay.com\/en\/\",\"logo\":{\"@type\":\"ImageObject\",\"inLanguage\":\"de-DE\",\"@id\":\"https:\/\/www.iplay.com\/en\/#\/schema\/logo\/image\/\",\"url\":\"https:\/\/www.iplay.com\/wp-content\/uploads\/2023\/11\/Group-6100.svg\",\"contentUrl\":\"https:\/\/www.iplay.com\/wp-content\/uploads\/2023\/11\/Group-6100.svg\",\"width\":98,\"height\":25,\"caption\":\"IPlay\"},\"image\":{\"@id\":\"https:\/\/www.iplay.com\/en\/#\/schema\/logo\/image\/\"}}]}<\/script>\n<!-- \/ Yoast SEO Premium plugin. -->","yoast_head_json":{"title":"Hilf Bob dabei, das musikalische Geheimnis der tropischen Insel zu l\u00f6sen","description":"Hilf Bob dabei, das musikalische R\u00e4tsel der Tropeninsel zu l\u00fcften!","robots":{"index":"index","follow":"follow","max-snippet":"max-snippet:-1","max-image-preview":"max-image-preview:large","max-video-preview":"max-video-preview:-1"},"canonical":"https:\/\/www.iplay.com\/de\/games\/musical-mystery-of-the-tropical-island-solitaire\/","og_locale":"de_DE","og_type":"article","og_title":"Musical Mystery of the Tropical Island Solitaire","og_description":"Hilf Bob dabei, das musikalische R\u00e4tsel der Tropeninsel zu l\u00fcften!","og_url":"https:\/\/www.iplay.com\/de\/games\/musical-mystery-of-the-tropical-island-solitaire\/","og_site_name":"IPlay","og_image":[{"width":310,"height":310,"url":"https:\/\/www.iplay.com\/wp-content\/uploads\/2023\/12\/large_square_tile_image-2069.jpg","type":"image\/jpeg"}],"twitter_card":"summary_large_image","twitter_misc":{"Gesch\u00e4tzte Lesezeit":"1 Minute"},"schema":{"@context":"https:\/\/schema.org","@graph":[{"@type":"WebPage","@id":"https:\/\/www.iplay.com\/de\/games\/musical-mystery-of-the-tropical-island-solitaire\/","url":"https:\/\/www.iplay.com\/de\/games\/musical-mystery-of-the-tropical-island-solitaire\/","name":"Hilf Bob dabei, das musikalische Geheimnis der tropischen Insel zu l\u00f6sen","isPartOf":{"@id":"https:\/\/www.iplay.com\/en\/#website"},"primaryImageOfPage":{"@id":"https:\/\/www.iplay.com\/de\/games\/musical-mystery-of-the-tropical-island-solitaire\/#primaryimage"},"image":{"@id":"https:\/\/www.iplay.com\/de\/games\/musical-mystery-of-the-tropical-island-solitaire\/#primaryimage"},"thumbnailUrl":"https:\/\/www.iplay.com\/wp-content\/uploads\/2023\/12\/large_square_tile_image-2069.jpg","datePublished":"2023-06-02T00:00:01+00:00","description":"Hilf Bob dabei, das musikalische R\u00e4tsel der Tropeninsel zu l\u00fcften!","breadcrumb":{"@id":"https:\/\/www.iplay.com\/de\/games\/musical-mystery-of-the-tropical-island-solitaire\/#breadcrumb"},"inLanguage":"de-DE","potentialAction":[{"@type":"ReadAction","target":["https:\/\/www.iplay.com\/de\/games\/musical-mystery-of-the-tropical-island-solitaire\/"]}]},{"@type":"ImageObject","inLanguage":"de-DE","@id":"https:\/\/www.iplay.com\/de\/games\/musical-mystery-of-the-tropical-island-solitaire\/#primaryimage","url":"https:\/\/www.iplay.com\/wp-content\/uploads\/2023\/12\/large_square_tile_image-2069.jpg","contentUrl":"https:\/\/www.iplay.com\/wp-content\/uploads\/2023\/12\/large_square_tile_image-2069.jpg","width":310,"height":310},{"@type":"BreadcrumbList","@id":"https:\/\/www.iplay.com\/de\/games\/musical-mystery-of-the-tropical-island-solitaire\/#breadcrumb","itemListElement":[{"@type":"ListItem","position":1,"name":"Home","item":"https:\/\/www.iplay.com\/de\/home-page-2\/"},{"@type":"ListItem","position":2,"name":"Shop","item":"https:\/\/www.iplay.com\/en\/shop\/"},{"@type":"ListItem","position":3,"name":"Musical Mystery of the Tropical Island Solitaire"}]},{"@type":"WebSite","@id":"https:\/\/www.iplay.com\/en\/#website","url":"https:\/\/www.iplay.com\/en\/","name":"IPlay","description":"The Best Casual Games!","publisher":{"@id":"https:\/\/www.iplay.com\/en\/#organization"},"potentialAction":[{"@type":"SearchAction","target":{"@type":"EntryPoint","urlTemplate":"https:\/\/www.iplay.com\/en\/?s={search_term_string}"},"query-input":{"@type":"PropertyValueSpecification","valueRequired":true,"valueName":"search_term_string"}}],"inLanguage":"de-DE"},{"@type":"Organization","@id":"https:\/\/www.iplay.com\/en\/#organization","name":"IPlay","url":"https:\/\/www.iplay.com\/en\/","logo":{"@type":"ImageObject","inLanguage":"de-DE","@id":"https:\/\/www.iplay.com\/en\/#\/schema\/logo\/image\/","url":"https:\/\/www.iplay.com\/wp-content\/uploads\/2023\/11\/Group-6100.svg","contentUrl":"https:\/\/www.iplay.com\/wp-content\/uploads\/2023\/11\/Group-6100.svg","width":98,"height":25,"caption":"IPlay"},"image":{"@id":"https:\/\/www.iplay.com\/en\/#\/schema\/logo\/image\/"}}]}},"_links":{"self":[{"href":"https:\/\/www.iplay.com\/de\/wp-json\/wp\/v2\/product\/130997","targetHints":{"allow":["GET"]}}],"collection":[{"href":"https:\/\/www.iplay.com\/de\/wp-json\/wp\/v2\/product"}],"about":[{"href":"https:\/\/www.iplay.com\/de\/wp-json\/wp\/v2\/types\/product"}],"author":[{"embeddable":true,"href":"https:\/\/www.iplay.com\/de\/wp-json\/wp\/v2\/users\/39"}],"replies":[{"embeddable":true,"href":"https:\/\/www.iplay.com\/de\/wp-json\/wp\/v2\/comments?post=130997"}],"wp:featuredmedia":[{"embeddable":true,"href":"https:\/\/www.iplay.com\/de\/wp-json\/wp\/v2\/media\/73222"}],"wp:attachment":[{"href":"https:\/\/www.iplay.com\/de\/wp-json\/wp\/v2\/media?parent=130997"}],"wp:term":[{"taxonomy":"product_brand","embeddable":true,"href":"https:\/\/www.iplay.com\/de\/wp-json\/wp\/v2\/product_brand?post=130997"},{"taxonomy":"product_cat","embeddable":true,"href":"https:\/\/www.iplay.com\/de\/wp-json\/wp\/v2\/product_cat?post=130997"},{"taxonomy":"product_tag","embeddable":true,"href":"https:\/\/www.iplay.com\/de\/wp-json\/wp\/v2\/product_tag?post=130997"}],"curies":[{"name":"wp","href":"https:\/\/api.w.org\/{rel}","templated":true}]}}