{"id":130981,"date":"2023-06-06T00:00:00","date_gmt":"2023-06-06T00:00:00","guid":{"rendered":"https:\/\/www.iplay.com\/games\/12-labours-of-hercules-iv-mother-nature-ce\/"},"modified":"2023-06-06T00:00:00","modified_gmt":"2023-06-06T00:00:00","slug":"12-labours-of-hercules-iv-mother-nature-ce","status":"publish","type":"product","link":"https:\/\/www.iplay.com\/de\/games\/12-labours-of-hercules-iv-mother-nature-ce\/","title":{"rendered":"12 Labours of Hercules IV &#8211; Mother Nature CE"},"content":{"rendered":"<p>Der legend\u00e4re Held Herkules und seine Frau Megara sind zur\u00fcck und bereit, sich auf ihr n\u00e4chstes Abenteuer einzulassen! Die G\u00f6tter sind emp\u00f6rt \u00fcber ihre Niederlage und haben eine furchterregende Bestie beschworen, die es mit Herkules&#8217; gott\u00e4hnlicher Kraft aufnehmen kann. Die Bestie hat die Landschaft zertrampelt und \u00fcppige G\u00e4rten in W\u00fcstenw\u00fcste verwandelt! Stelle die Sch\u00f6nheit der Welt wieder her, indem du alles einsetzt, was dir zur Verf\u00fcgung steht, von Megaras magischen F\u00e4higkeiten bis hin zu einem Hydranten! Verb\u00fcnde dich mit verb\u00fcndeten Verb\u00fcndeten wie K\u00f6nig Midas und Epeius mit seinem ber\u00fchmten Trojanischen Pferd, um Mutter Natur vor der Zerst\u00f6rung zu retten.    <\/p>\n<p>&nbsp;<\/p>\n<p><strong>Funktionen:<\/strong><\/p>\n<ul>\n<li>\u00dcber 50 Levels mit neuer Musik und einer neuen Geschichte!<\/li>\n<li>Geheime Herausforderungen! Bestimmte Levels haben versteckte Objekte! <\/li>\n<li>Stimmungsvolle Hintergrundbilder und integrierter Strategieleitfaden<\/li>\n<li>Es gibt auch eine Bonusepisode mit einer anderen Geschichte!<\/li>\n<\/ul>\n","protected":false},"excerpt":{"rendered":"<p>Hilf beim Bau des m\u00e4chtigen Trojanischen Pferdes!<\/p>\n","protected":false},"author":14,"featured_media":36566,"comment_status":"open","ping_status":"closed","template":"","meta":{"_acf_changed":false,"inline_featured_image":false},"product_brand":[],"product_cat":[217],"product_tag":[229,289],"class_list":{"0":"post-130981","1":"product","2":"type-product","3":"status-publish","4":"has-post-thumbnail","6":"product_cat-time-management-de","7":"product_tag-12-labours-of-hercules-series-de","8":"product_tag-play-on-pc-de","10":"first","11":"instock","12":"shipping-taxable","13":"purchasable","14":"product-type-simple"},"acf":[],"yoast_head":"<!-- This site is optimized with the Yoast SEO Premium plugin v25.2 (Yoast SEO v25.2) - https:\/\/yoast.com\/wordpress\/plugins\/seo\/ -->\n<title>12 Labours of Hercules IV - Mutter Natur CE - Kannst du helfen, das m\u00e4chtige Trojanische Pferd zu bauen?<\/title>\n<meta name=\"description\" content=\"Hilf beim Bau des m\u00e4chtigen Trojanischen Pferdes!\" \/>\n<meta name=\"robots\" content=\"index, follow, max-snippet:-1, max-image-preview:large, max-video-preview:-1\" \/>\n<link rel=\"canonical\" href=\"https:\/\/www.iplay.com\/de\/games\/12-labours-of-hercules-iv-mother-nature-ce\/\" \/>\n<meta property=\"og:locale\" content=\"de_DE\" \/>\n<meta property=\"og:type\" content=\"article\" \/>\n<meta property=\"og:title\" content=\"12 Labours of Hercules IV - Mother Nature CE\" \/>\n<meta property=\"og:description\" content=\"Hilf beim Bau des m\u00e4chtigen Trojanischen Pferdes!\" \/>\n<meta property=\"og:url\" content=\"https:\/\/www.iplay.com\/de\/games\/12-labours-of-hercules-iv-mother-nature-ce\/\" \/>\n<meta property=\"og:site_name\" content=\"IPlay\" \/>\n<meta property=\"og:image\" content=\"https:\/\/www.iplay.com\/wp-content\/uploads\/2023\/12\/large_square_tile_image-92.jpg\" \/>\n\t<meta property=\"og:image:width\" content=\"310\" \/>\n\t<meta property=\"og:image:height\" content=\"310\" \/>\n\t<meta property=\"og:image:type\" content=\"image\/jpeg\" \/>\n<meta name=\"twitter:card\" content=\"summary_large_image\" \/>\n<meta name=\"twitter:label1\" content=\"Gesch\u00e4tzte Lesezeit\" \/>\n\t<meta name=\"twitter:data1\" content=\"1 Minute\" \/>\n<script type=\"application\/ld+json\" class=\"yoast-schema-graph\">{\"@context\":\"https:\/\/schema.org\",\"@graph\":[{\"@type\":\"WebPage\",\"@id\":\"https:\/\/www.iplay.com\/de\/games\/12-labours-of-hercules-iv-mother-nature-ce\/\",\"url\":\"https:\/\/www.iplay.com\/de\/games\/12-labours-of-hercules-iv-mother-nature-ce\/\",\"name\":\"12 Labours of Hercules IV - Mutter Natur CE - Kannst du helfen, das m\u00e4chtige Trojanische Pferd zu bauen?\",\"isPartOf\":{\"@id\":\"https:\/\/www.iplay.com\/en\/#website\"},\"primaryImageOfPage\":{\"@id\":\"https:\/\/www.iplay.com\/de\/games\/12-labours-of-hercules-iv-mother-nature-ce\/#primaryimage\"},\"image\":{\"@id\":\"https:\/\/www.iplay.com\/de\/games\/12-labours-of-hercules-iv-mother-nature-ce\/#primaryimage\"},\"thumbnailUrl\":\"https:\/\/www.iplay.com\/wp-content\/uploads\/2023\/12\/large_square_tile_image-92.jpg\",\"datePublished\":\"2023-06-06T00:00:00+00:00\",\"description\":\"Hilf beim Bau des m\u00e4chtigen Trojanischen Pferdes!\",\"breadcrumb\":{\"@id\":\"https:\/\/www.iplay.com\/de\/games\/12-labours-of-hercules-iv-mother-nature-ce\/#breadcrumb\"},\"inLanguage\":\"de-DE\",\"potentialAction\":[{\"@type\":\"ReadAction\",\"target\":[\"https:\/\/www.iplay.com\/de\/games\/12-labours-of-hercules-iv-mother-nature-ce\/\"]}]},{\"@type\":\"ImageObject\",\"inLanguage\":\"de-DE\",\"@id\":\"https:\/\/www.iplay.com\/de\/games\/12-labours-of-hercules-iv-mother-nature-ce\/#primaryimage\",\"url\":\"https:\/\/www.iplay.com\/wp-content\/uploads\/2023\/12\/large_square_tile_image-92.jpg\",\"contentUrl\":\"https:\/\/www.iplay.com\/wp-content\/uploads\/2023\/12\/large_square_tile_image-92.jpg\",\"width\":310,\"height\":310},{\"@type\":\"BreadcrumbList\",\"@id\":\"https:\/\/www.iplay.com\/de\/games\/12-labours-of-hercules-iv-mother-nature-ce\/#breadcrumb\",\"itemListElement\":[{\"@type\":\"ListItem\",\"position\":1,\"name\":\"Home\",\"item\":\"https:\/\/www.iplay.com\/de\/home-page-2\/\"},{\"@type\":\"ListItem\",\"position\":2,\"name\":\"Shop\",\"item\":\"https:\/\/www.iplay.com\/en\/shop\/\"},{\"@type\":\"ListItem\",\"position\":3,\"name\":\"12 Labours of Hercules IV &#8211; Mother Nature CE\"}]},{\"@type\":\"WebSite\",\"@id\":\"https:\/\/www.iplay.com\/en\/#website\",\"url\":\"https:\/\/www.iplay.com\/en\/\",\"name\":\"IPlay\",\"description\":\"The Best Casual Games!\",\"publisher\":{\"@id\":\"https:\/\/www.iplay.com\/en\/#organization\"},\"potentialAction\":[{\"@type\":\"SearchAction\",\"target\":{\"@type\":\"EntryPoint\",\"urlTemplate\":\"https:\/\/www.iplay.com\/en\/?s={search_term_string}\"},\"query-input\":{\"@type\":\"PropertyValueSpecification\",\"valueRequired\":true,\"valueName\":\"search_term_string\"}}],\"inLanguage\":\"de-DE\"},{\"@type\":\"Organization\",\"@id\":\"https:\/\/www.iplay.com\/en\/#organization\",\"name\":\"IPlay\",\"url\":\"https:\/\/www.iplay.com\/en\/\",\"logo\":{\"@type\":\"ImageObject\",\"inLanguage\":\"de-DE\",\"@id\":\"https:\/\/www.iplay.com\/en\/#\/schema\/logo\/image\/\",\"url\":\"https:\/\/www.iplay.com\/wp-content\/uploads\/2023\/11\/Group-6100.svg\",\"contentUrl\":\"https:\/\/www.iplay.com\/wp-content\/uploads\/2023\/11\/Group-6100.svg\",\"width\":98,\"height\":25,\"caption\":\"IPlay\"},\"image\":{\"@id\":\"https:\/\/www.iplay.com\/en\/#\/schema\/logo\/image\/\"}}]}<\/script>\n<!-- \/ Yoast SEO Premium plugin. -->","yoast_head_json":{"title":"12 Labours of Hercules IV - Mutter Natur CE - Kannst du helfen, das m\u00e4chtige Trojanische Pferd zu bauen?","description":"Hilf beim Bau des m\u00e4chtigen Trojanischen Pferdes!","robots":{"index":"index","follow":"follow","max-snippet":"max-snippet:-1","max-image-preview":"max-image-preview:large","max-video-preview":"max-video-preview:-1"},"canonical":"https:\/\/www.iplay.com\/de\/games\/12-labours-of-hercules-iv-mother-nature-ce\/","og_locale":"de_DE","og_type":"article","og_title":"12 Labours of Hercules IV - Mother Nature CE","og_description":"Hilf beim Bau des m\u00e4chtigen Trojanischen Pferdes!","og_url":"https:\/\/www.iplay.com\/de\/games\/12-labours-of-hercules-iv-mother-nature-ce\/","og_site_name":"IPlay","og_image":[{"width":310,"height":310,"url":"https:\/\/www.iplay.com\/wp-content\/uploads\/2023\/12\/large_square_tile_image-92.jpg","type":"image\/jpeg"}],"twitter_card":"summary_large_image","twitter_misc":{"Gesch\u00e4tzte Lesezeit":"1 Minute"},"schema":{"@context":"https:\/\/schema.org","@graph":[{"@type":"WebPage","@id":"https:\/\/www.iplay.com\/de\/games\/12-labours-of-hercules-iv-mother-nature-ce\/","url":"https:\/\/www.iplay.com\/de\/games\/12-labours-of-hercules-iv-mother-nature-ce\/","name":"12 Labours of Hercules IV - Mutter Natur CE - Kannst du helfen, das m\u00e4chtige Trojanische Pferd zu bauen?","isPartOf":{"@id":"https:\/\/www.iplay.com\/en\/#website"},"primaryImageOfPage":{"@id":"https:\/\/www.iplay.com\/de\/games\/12-labours-of-hercules-iv-mother-nature-ce\/#primaryimage"},"image":{"@id":"https:\/\/www.iplay.com\/de\/games\/12-labours-of-hercules-iv-mother-nature-ce\/#primaryimage"},"thumbnailUrl":"https:\/\/www.iplay.com\/wp-content\/uploads\/2023\/12\/large_square_tile_image-92.jpg","datePublished":"2023-06-06T00:00:00+00:00","description":"Hilf beim Bau des m\u00e4chtigen Trojanischen Pferdes!","breadcrumb":{"@id":"https:\/\/www.iplay.com\/de\/games\/12-labours-of-hercules-iv-mother-nature-ce\/#breadcrumb"},"inLanguage":"de-DE","potentialAction":[{"@type":"ReadAction","target":["https:\/\/www.iplay.com\/de\/games\/12-labours-of-hercules-iv-mother-nature-ce\/"]}]},{"@type":"ImageObject","inLanguage":"de-DE","@id":"https:\/\/www.iplay.com\/de\/games\/12-labours-of-hercules-iv-mother-nature-ce\/#primaryimage","url":"https:\/\/www.iplay.com\/wp-content\/uploads\/2023\/12\/large_square_tile_image-92.jpg","contentUrl":"https:\/\/www.iplay.com\/wp-content\/uploads\/2023\/12\/large_square_tile_image-92.jpg","width":310,"height":310},{"@type":"BreadcrumbList","@id":"https:\/\/www.iplay.com\/de\/games\/12-labours-of-hercules-iv-mother-nature-ce\/#breadcrumb","itemListElement":[{"@type":"ListItem","position":1,"name":"Home","item":"https:\/\/www.iplay.com\/de\/home-page-2\/"},{"@type":"ListItem","position":2,"name":"Shop","item":"https:\/\/www.iplay.com\/en\/shop\/"},{"@type":"ListItem","position":3,"name":"12 Labours of Hercules IV &#8211; Mother Nature CE"}]},{"@type":"WebSite","@id":"https:\/\/www.iplay.com\/en\/#website","url":"https:\/\/www.iplay.com\/en\/","name":"IPlay","description":"The Best Casual Games!","publisher":{"@id":"https:\/\/www.iplay.com\/en\/#organization"},"potentialAction":[{"@type":"SearchAction","target":{"@type":"EntryPoint","urlTemplate":"https:\/\/www.iplay.com\/en\/?s={search_term_string}"},"query-input":{"@type":"PropertyValueSpecification","valueRequired":true,"valueName":"search_term_string"}}],"inLanguage":"de-DE"},{"@type":"Organization","@id":"https:\/\/www.iplay.com\/en\/#organization","name":"IPlay","url":"https:\/\/www.iplay.com\/en\/","logo":{"@type":"ImageObject","inLanguage":"de-DE","@id":"https:\/\/www.iplay.com\/en\/#\/schema\/logo\/image\/","url":"https:\/\/www.iplay.com\/wp-content\/uploads\/2023\/11\/Group-6100.svg","contentUrl":"https:\/\/www.iplay.com\/wp-content\/uploads\/2023\/11\/Group-6100.svg","width":98,"height":25,"caption":"IPlay"},"image":{"@id":"https:\/\/www.iplay.com\/en\/#\/schema\/logo\/image\/"}}]}},"_links":{"self":[{"href":"https:\/\/www.iplay.com\/de\/wp-json\/wp\/v2\/product\/130981","targetHints":{"allow":["GET"]}}],"collection":[{"href":"https:\/\/www.iplay.com\/de\/wp-json\/wp\/v2\/product"}],"about":[{"href":"https:\/\/www.iplay.com\/de\/wp-json\/wp\/v2\/types\/product"}],"author":[{"embeddable":true,"href":"https:\/\/www.iplay.com\/de\/wp-json\/wp\/v2\/users\/14"}],"replies":[{"embeddable":true,"href":"https:\/\/www.iplay.com\/de\/wp-json\/wp\/v2\/comments?post=130981"}],"wp:featuredmedia":[{"embeddable":true,"href":"https:\/\/www.iplay.com\/de\/wp-json\/wp\/v2\/media\/36566"}],"wp:attachment":[{"href":"https:\/\/www.iplay.com\/de\/wp-json\/wp\/v2\/media?parent=130981"}],"wp:term":[{"taxonomy":"product_brand","embeddable":true,"href":"https:\/\/www.iplay.com\/de\/wp-json\/wp\/v2\/product_brand?post=130981"},{"taxonomy":"product_cat","embeddable":true,"href":"https:\/\/www.iplay.com\/de\/wp-json\/wp\/v2\/product_cat?post=130981"},{"taxonomy":"product_tag","embeddable":true,"href":"https:\/\/www.iplay.com\/de\/wp-json\/wp\/v2\/product_tag?post=130981"}],"curies":[{"name":"wp","href":"https:\/\/api.w.org\/{rel}","templated":true}]}}