{"id":130939,"date":"2024-05-24T09:00:33","date_gmt":"2024-05-24T09:00:33","guid":{"rendered":"https:\/\/www.iplay.com\/games\/silverwood-bay-an-eleanor-grey-mystery-ce\/"},"modified":"2024-05-24T09:00:33","modified_gmt":"2024-05-24T09:00:33","slug":"silverwood-bay-an-eleanor-grey-mystery-ce","status":"publish","type":"product","link":"https:\/\/www.iplay.com\/de\/games\/silverwood-bay-an-eleanor-grey-mystery-ce\/","title":{"rendered":"Silverwood Bay: An Eleanor Grey Mystery CE"},"content":{"rendered":"<p>Bei ihrer Ankunft in Silverwood Bay erhielt Eleanor Grey von ihrer Freundin Josie ein Paket, das eine uralte Brosche und einen r\u00e4tselhaften, romantischen Brief von Laurie an Amy enthielt. Fasziniert und inspiriert von dieser romantischen Botschaft, nutzte Eleanor sie als Grundlage f\u00fcr die Figuren in dem Buch, das sie schon lange schreiben wollte. Angetrieben von dem Bed\u00fcrfnis nach mehr Inspiration beschloss sie, Silverwood Bay zu erkunden, eine Stadt voller erz\u00e4hlerischem Potenzial.  <\/p>\n<p>&nbsp;<\/p>\n<p><strong>Funktionen<\/strong><\/p>\n<ul>\n<li>Eleanor Greys Geschichte geht weiter<\/li>\n<li>Entdecken Sie romantische Geheimnisse<\/li>\n<li>Begeben Sie sich auf eine Suche in der Silberwaldbucht<\/li>\n<li>28 Kapitel mit je 1-2 Unterszenen<\/li>\n<li>28 Minispiele mit Bezug zur Story<\/li>\n<\/ul>\n<p>&nbsp;<\/p>\n<p><strong>Funktionen der Collector&#8217;s Edition<\/strong><\/p>\n<ul>\n<li>7 Epilog-Kapitel<\/li>\n<li>7 Epilog-Kapitel-Hintergrundbilder<\/li>\n<li>Musikplayer<\/li>\n<\/ul>\n","protected":false},"excerpt":{"rendered":"<p>Eleanor Grey zieht nach Silverwood Bay, um sich in Silverwood Bay kreativ inspirieren zu lassen &#8211; An Eleanor Grey Mystery Collector&#8217;s Edition<\/p>\n","protected":false},"author":18,"featured_media":110983,"comment_status":"open","ping_status":"closed","template":"","meta":{"_acf_changed":false,"inline_featured_image":false},"product_brand":[],"product_cat":[164],"product_tag":[289],"class_list":{"0":"post-130939","1":"product","2":"type-product","3":"status-publish","4":"has-post-thumbnail","6":"product_cat-hidden-object-de","7":"product_tag-play-on-pc-de","9":"first","10":"instock","11":"shipping-taxable","12":"purchasable","13":"product-type-simple"},"acf":[],"yoast_head":"<!-- This site is optimized with the Yoast SEO Premium plugin v25.2 (Yoast SEO v25.2) - https:\/\/yoast.com\/wordpress\/plugins\/seo\/ -->\n<title>Silverwood Bay: Ein Eleanor Grey Mystery CE<\/title>\n<meta name=\"description\" content=\"Eleanor Grey zieht nach Silverwood Bay, um sich in Silverwood Bay kreativ inspirieren zu lassen - An Eleanor Grey Mystery Collector&#039;s Edition\" \/>\n<meta name=\"robots\" content=\"index, follow, max-snippet:-1, max-image-preview:large, max-video-preview:-1\" \/>\n<link rel=\"canonical\" href=\"https:\/\/www.iplay.com\/de\/games\/silverwood-bay-an-eleanor-grey-mystery-ce\/\" \/>\n<meta property=\"og:locale\" content=\"de_DE\" \/>\n<meta property=\"og:type\" content=\"article\" \/>\n<meta property=\"og:title\" content=\"Silverwood Bay: An Eleanor Grey Mystery CE\" \/>\n<meta property=\"og:description\" content=\"Eleanor Grey zieht nach Silverwood Bay, um sich in Silverwood Bay kreativ inspirieren zu lassen - An Eleanor Grey Mystery Collector&#039;s Edition\" \/>\n<meta property=\"og:url\" content=\"https:\/\/www.iplay.com\/de\/games\/silverwood-bay-an-eleanor-grey-mystery-ce\/\" \/>\n<meta property=\"og:site_name\" content=\"IPlay\" \/>\n<meta property=\"og:image\" content=\"https:\/\/www.iplay.com\/wp-content\/uploads\/2024\/05\/silverwood-bay-an-eleanor-grey-mystery-ce_large_square_tile_image.webp\" \/>\n\t<meta property=\"og:image:width\" content=\"310\" \/>\n\t<meta property=\"og:image:height\" content=\"310\" \/>\n\t<meta property=\"og:image:type\" content=\"image\/webp\" \/>\n<meta name=\"twitter:card\" content=\"summary_large_image\" \/>\n<meta name=\"twitter:label1\" content=\"Gesch\u00e4tzte Lesezeit\" \/>\n\t<meta name=\"twitter:data1\" content=\"1 Minute\" \/>\n<script type=\"application\/ld+json\" class=\"yoast-schema-graph\">{\"@context\":\"https:\/\/schema.org\",\"@graph\":[{\"@type\":\"WebPage\",\"@id\":\"https:\/\/www.iplay.com\/de\/games\/silverwood-bay-an-eleanor-grey-mystery-ce\/\",\"url\":\"https:\/\/www.iplay.com\/de\/games\/silverwood-bay-an-eleanor-grey-mystery-ce\/\",\"name\":\"Silverwood Bay: Ein Eleanor Grey Mystery CE\",\"isPartOf\":{\"@id\":\"https:\/\/www.iplay.com\/en\/#website\"},\"primaryImageOfPage\":{\"@id\":\"https:\/\/www.iplay.com\/de\/games\/silverwood-bay-an-eleanor-grey-mystery-ce\/#primaryimage\"},\"image\":{\"@id\":\"https:\/\/www.iplay.com\/de\/games\/silverwood-bay-an-eleanor-grey-mystery-ce\/#primaryimage\"},\"thumbnailUrl\":\"https:\/\/www.iplay.com\/wp-content\/uploads\/2024\/05\/silverwood-bay-an-eleanor-grey-mystery-ce_large_square_tile_image.webp\",\"datePublished\":\"2024-05-24T09:00:33+00:00\",\"description\":\"Eleanor Grey zieht nach Silverwood Bay, um sich in Silverwood Bay kreativ inspirieren zu lassen - An Eleanor Grey Mystery Collector's Edition\",\"breadcrumb\":{\"@id\":\"https:\/\/www.iplay.com\/de\/games\/silverwood-bay-an-eleanor-grey-mystery-ce\/#breadcrumb\"},\"inLanguage\":\"de-DE\",\"potentialAction\":[{\"@type\":\"ReadAction\",\"target\":[\"https:\/\/www.iplay.com\/de\/games\/silverwood-bay-an-eleanor-grey-mystery-ce\/\"]}]},{\"@type\":\"ImageObject\",\"inLanguage\":\"de-DE\",\"@id\":\"https:\/\/www.iplay.com\/de\/games\/silverwood-bay-an-eleanor-grey-mystery-ce\/#primaryimage\",\"url\":\"https:\/\/www.iplay.com\/wp-content\/uploads\/2024\/05\/silverwood-bay-an-eleanor-grey-mystery-ce_large_square_tile_image.webp\",\"contentUrl\":\"https:\/\/www.iplay.com\/wp-content\/uploads\/2024\/05\/silverwood-bay-an-eleanor-grey-mystery-ce_large_square_tile_image.webp\",\"width\":310,\"height\":310},{\"@type\":\"BreadcrumbList\",\"@id\":\"https:\/\/www.iplay.com\/de\/games\/silverwood-bay-an-eleanor-grey-mystery-ce\/#breadcrumb\",\"itemListElement\":[{\"@type\":\"ListItem\",\"position\":1,\"name\":\"Home\",\"item\":\"https:\/\/www.iplay.com\/de\/home-page-2\/\"},{\"@type\":\"ListItem\",\"position\":2,\"name\":\"Shop\",\"item\":\"https:\/\/www.iplay.com\/en\/shop\/\"},{\"@type\":\"ListItem\",\"position\":3,\"name\":\"Silverwood Bay: An Eleanor Grey Mystery CE\"}]},{\"@type\":\"WebSite\",\"@id\":\"https:\/\/www.iplay.com\/en\/#website\",\"url\":\"https:\/\/www.iplay.com\/en\/\",\"name\":\"IPlay\",\"description\":\"The Best Casual Games!\",\"publisher\":{\"@id\":\"https:\/\/www.iplay.com\/en\/#organization\"},\"potentialAction\":[{\"@type\":\"SearchAction\",\"target\":{\"@type\":\"EntryPoint\",\"urlTemplate\":\"https:\/\/www.iplay.com\/en\/?s={search_term_string}\"},\"query-input\":{\"@type\":\"PropertyValueSpecification\",\"valueRequired\":true,\"valueName\":\"search_term_string\"}}],\"inLanguage\":\"de-DE\"},{\"@type\":\"Organization\",\"@id\":\"https:\/\/www.iplay.com\/en\/#organization\",\"name\":\"IPlay\",\"url\":\"https:\/\/www.iplay.com\/en\/\",\"logo\":{\"@type\":\"ImageObject\",\"inLanguage\":\"de-DE\",\"@id\":\"https:\/\/www.iplay.com\/en\/#\/schema\/logo\/image\/\",\"url\":\"https:\/\/www.iplay.com\/wp-content\/uploads\/2023\/11\/Group-6100.svg\",\"contentUrl\":\"https:\/\/www.iplay.com\/wp-content\/uploads\/2023\/11\/Group-6100.svg\",\"width\":98,\"height\":25,\"caption\":\"IPlay\"},\"image\":{\"@id\":\"https:\/\/www.iplay.com\/en\/#\/schema\/logo\/image\/\"}}]}<\/script>\n<!-- \/ Yoast SEO Premium plugin. -->","yoast_head_json":{"title":"Silverwood Bay: Ein Eleanor Grey Mystery CE","description":"Eleanor Grey zieht nach Silverwood Bay, um sich in Silverwood Bay kreativ inspirieren zu lassen - An Eleanor Grey Mystery Collector's Edition","robots":{"index":"index","follow":"follow","max-snippet":"max-snippet:-1","max-image-preview":"max-image-preview:large","max-video-preview":"max-video-preview:-1"},"canonical":"https:\/\/www.iplay.com\/de\/games\/silverwood-bay-an-eleanor-grey-mystery-ce\/","og_locale":"de_DE","og_type":"article","og_title":"Silverwood Bay: An Eleanor Grey Mystery CE","og_description":"Eleanor Grey zieht nach Silverwood Bay, um sich in Silverwood Bay kreativ inspirieren zu lassen - An Eleanor Grey Mystery Collector's Edition","og_url":"https:\/\/www.iplay.com\/de\/games\/silverwood-bay-an-eleanor-grey-mystery-ce\/","og_site_name":"IPlay","og_image":[{"width":310,"height":310,"url":"https:\/\/www.iplay.com\/wp-content\/uploads\/2024\/05\/silverwood-bay-an-eleanor-grey-mystery-ce_large_square_tile_image.webp","type":"image\/webp"}],"twitter_card":"summary_large_image","twitter_misc":{"Gesch\u00e4tzte Lesezeit":"1 Minute"},"schema":{"@context":"https:\/\/schema.org","@graph":[{"@type":"WebPage","@id":"https:\/\/www.iplay.com\/de\/games\/silverwood-bay-an-eleanor-grey-mystery-ce\/","url":"https:\/\/www.iplay.com\/de\/games\/silverwood-bay-an-eleanor-grey-mystery-ce\/","name":"Silverwood Bay: Ein Eleanor Grey Mystery CE","isPartOf":{"@id":"https:\/\/www.iplay.com\/en\/#website"},"primaryImageOfPage":{"@id":"https:\/\/www.iplay.com\/de\/games\/silverwood-bay-an-eleanor-grey-mystery-ce\/#primaryimage"},"image":{"@id":"https:\/\/www.iplay.com\/de\/games\/silverwood-bay-an-eleanor-grey-mystery-ce\/#primaryimage"},"thumbnailUrl":"https:\/\/www.iplay.com\/wp-content\/uploads\/2024\/05\/silverwood-bay-an-eleanor-grey-mystery-ce_large_square_tile_image.webp","datePublished":"2024-05-24T09:00:33+00:00","description":"Eleanor Grey zieht nach Silverwood Bay, um sich in Silverwood Bay kreativ inspirieren zu lassen - An Eleanor Grey Mystery Collector's Edition","breadcrumb":{"@id":"https:\/\/www.iplay.com\/de\/games\/silverwood-bay-an-eleanor-grey-mystery-ce\/#breadcrumb"},"inLanguage":"de-DE","potentialAction":[{"@type":"ReadAction","target":["https:\/\/www.iplay.com\/de\/games\/silverwood-bay-an-eleanor-grey-mystery-ce\/"]}]},{"@type":"ImageObject","inLanguage":"de-DE","@id":"https:\/\/www.iplay.com\/de\/games\/silverwood-bay-an-eleanor-grey-mystery-ce\/#primaryimage","url":"https:\/\/www.iplay.com\/wp-content\/uploads\/2024\/05\/silverwood-bay-an-eleanor-grey-mystery-ce_large_square_tile_image.webp","contentUrl":"https:\/\/www.iplay.com\/wp-content\/uploads\/2024\/05\/silverwood-bay-an-eleanor-grey-mystery-ce_large_square_tile_image.webp","width":310,"height":310},{"@type":"BreadcrumbList","@id":"https:\/\/www.iplay.com\/de\/games\/silverwood-bay-an-eleanor-grey-mystery-ce\/#breadcrumb","itemListElement":[{"@type":"ListItem","position":1,"name":"Home","item":"https:\/\/www.iplay.com\/de\/home-page-2\/"},{"@type":"ListItem","position":2,"name":"Shop","item":"https:\/\/www.iplay.com\/en\/shop\/"},{"@type":"ListItem","position":3,"name":"Silverwood Bay: An Eleanor Grey Mystery CE"}]},{"@type":"WebSite","@id":"https:\/\/www.iplay.com\/en\/#website","url":"https:\/\/www.iplay.com\/en\/","name":"IPlay","description":"The Best Casual Games!","publisher":{"@id":"https:\/\/www.iplay.com\/en\/#organization"},"potentialAction":[{"@type":"SearchAction","target":{"@type":"EntryPoint","urlTemplate":"https:\/\/www.iplay.com\/en\/?s={search_term_string}"},"query-input":{"@type":"PropertyValueSpecification","valueRequired":true,"valueName":"search_term_string"}}],"inLanguage":"de-DE"},{"@type":"Organization","@id":"https:\/\/www.iplay.com\/en\/#organization","name":"IPlay","url":"https:\/\/www.iplay.com\/en\/","logo":{"@type":"ImageObject","inLanguage":"de-DE","@id":"https:\/\/www.iplay.com\/en\/#\/schema\/logo\/image\/","url":"https:\/\/www.iplay.com\/wp-content\/uploads\/2023\/11\/Group-6100.svg","contentUrl":"https:\/\/www.iplay.com\/wp-content\/uploads\/2023\/11\/Group-6100.svg","width":98,"height":25,"caption":"IPlay"},"image":{"@id":"https:\/\/www.iplay.com\/en\/#\/schema\/logo\/image\/"}}]}},"_links":{"self":[{"href":"https:\/\/www.iplay.com\/de\/wp-json\/wp\/v2\/product\/130939","targetHints":{"allow":["GET"]}}],"collection":[{"href":"https:\/\/www.iplay.com\/de\/wp-json\/wp\/v2\/product"}],"about":[{"href":"https:\/\/www.iplay.com\/de\/wp-json\/wp\/v2\/types\/product"}],"author":[{"embeddable":true,"href":"https:\/\/www.iplay.com\/de\/wp-json\/wp\/v2\/users\/18"}],"replies":[{"embeddable":true,"href":"https:\/\/www.iplay.com\/de\/wp-json\/wp\/v2\/comments?post=130939"}],"wp:featuredmedia":[{"embeddable":true,"href":"https:\/\/www.iplay.com\/de\/wp-json\/wp\/v2\/media\/110983"}],"wp:attachment":[{"href":"https:\/\/www.iplay.com\/de\/wp-json\/wp\/v2\/media?parent=130939"}],"wp:term":[{"taxonomy":"product_brand","embeddable":true,"href":"https:\/\/www.iplay.com\/de\/wp-json\/wp\/v2\/product_brand?post=130939"},{"taxonomy":"product_cat","embeddable":true,"href":"https:\/\/www.iplay.com\/de\/wp-json\/wp\/v2\/product_cat?post=130939"},{"taxonomy":"product_tag","embeddable":true,"href":"https:\/\/www.iplay.com\/de\/wp-json\/wp\/v2\/product_tag?post=130939"}],"curies":[{"name":"wp","href":"https:\/\/api.w.org\/{rel}","templated":true}]}}