{"id":130930,"date":"2025-04-04T11:30:05","date_gmt":"2025-04-04T11:30:05","guid":{"rendered":"https:\/\/www.iplay.com\/?post_type=product&p=130930"},"modified":"2025-04-04T11:30:05","modified_gmt":"2025-04-04T11:30:05","slug":"jewel-miner-quest","status":"publish","type":"product","link":"https:\/\/www.iplay.com\/de\/games\/jewel-miner-quest\/","title":{"rendered":"Jewel Miner Quest"},"content":{"rendered":"<p>Es erwartet Sie die glitzernde Welt der Diamanten! Nehmen Sie an aufregenden Aktivit\u00e4ten mit Zeit- oder Bewegungseinschr\u00e4nkungen teil. Genie\u00dfe t\u00e4gliche Anreize, erledige unterhaltsame Aufgaben und l\u00f6se fesselnde R\u00e4tsel. Finden Sie heraus, wie weit Sie gehen k\u00f6nnen, und entdecken Sie mit jedem Zug mehrere erstaunliche \u00dcberraschungen.   <\/p>\n<p>&nbsp;<\/p>\n<p><strong>Funktionen<\/strong><\/p>\n<ul>\n<li>Endloses Spiel<\/li>\n<li>3 Puzzle-Ereignisse<\/li>\n<li>4 leistungsstarke Booster<\/li>\n<li>Spezielle t\u00e4gliche Belohnungen<\/li>\n<\/ul>\n<p>&nbsp;<\/p>\n<p><strong>Wie man spielt<\/strong><\/p>\n<p>Es gibt eine unendliche Anzahl von Match-3-Levels im Spiel. Um aufzusteigen und Levels zu erobern, m\u00fcssen die Spieler drei oder mehr Juwelen verbinden. Vier spezielle Booster helfen bei der \u00dcberwindung von Hindernissen. Spezielle Herausforderungen, das Gl\u00fccksrad und t\u00e4gliche Login-Anreize bieten Chancen, Preise zu gewinnen und das Spielerlebnis zu verbessern.<\/p>\n","protected":false},"excerpt":{"rendered":"<p>Begib dich auf ein schillerndes Abenteuer durch mit Edelsteinen gef\u00fcllte H\u00f6hlen, in denen strategische Matching-F\u00e4higkeiten in herausfordernden Levels auf die Probe gestellt werden &#8211; Entdecke seltene Juwelen, schalte spezielle Kraftkombinationen frei und sch\u00e4rfe deine F\u00e4higkeiten zum L\u00f6sen von R\u00e4tseln, w\u00e4hrend du zum legend\u00e4ren Juwelengr\u00e4ber-Champion aufschreitest.<\/p>\n","protected":false},"author":325,"featured_media":130848,"comment_status":"open","ping_status":"closed","template":"","meta":{"_acf_changed":false,"inline_featured_image":false},"product_brand":[],"product_cat":[176,180],"product_tag":[284,299,289],"class_list":{"0":"post-130930","1":"product","2":"type-product","3":"status-publish","4":"has-post-thumbnail","6":"product_cat-match-3-de","7":"product_cat-mobile-games-de","8":"product_tag-play-on-mac-de","9":"product_tag-play-on-mobile-de","10":"product_tag-play-on-pc-de","12":"first","13":"instock","14":"shipping-taxable","15":"purchasable","16":"product-type-html5_game"},"acf":[],"yoast_head":"<!-- This site is optimized with the Yoast SEO Premium plugin v25.2 (Yoast SEO v25.2) - https:\/\/yoast.com\/wordpress\/plugins\/seo\/ -->\n<title>Jewel Miner Quest: Buntes Puzzle-Abenteuer f\u00fcr Meister-Bergleute<\/title>\n<meta name=\"description\" content=\"Begib dich auf ein schillerndes Abenteuer durch mit Edelsteinen gef\u00fcllte H\u00f6hlen, in denen strategische Matching-F\u00e4higkeiten in herausfordernden Levels auf die Probe gestellt werden - Entdecke seltene Juwelen, schalte spezielle Kraftkombinationen frei und sch\u00e4rfe deine F\u00e4higkeiten zum L\u00f6sen von R\u00e4tseln, w\u00e4hrend du zum legend\u00e4ren Juwelengr\u00e4ber-Champion aufschreitest.\" \/>\n<meta name=\"robots\" content=\"index, follow, max-snippet:-1, max-image-preview:large, max-video-preview:-1\" \/>\n<link rel=\"canonical\" href=\"https:\/\/www.iplay.com\/en\/games\/jewel-miner-quest\/\" \/>\n<meta property=\"og:locale\" content=\"de_DE\" \/>\n<meta property=\"og:type\" content=\"article\" \/>\n<meta property=\"og:title\" content=\"Jewel Miner Quest\" \/>\n<meta property=\"og:description\" content=\"Begib dich auf ein schillerndes Abenteuer durch mit Edelsteinen gef\u00fcllte H\u00f6hlen, in denen strategische Matching-F\u00e4higkeiten in herausfordernden Levels auf die Probe gestellt werden - Entdecke seltene Juwelen, schalte spezielle Kraftkombinationen frei und sch\u00e4rfe deine F\u00e4higkeiten zum L\u00f6sen von R\u00e4tseln, w\u00e4hrend du zum legend\u00e4ren Juwelengr\u00e4ber-Champion aufschreitest.\" \/>\n<meta property=\"og:url\" content=\"https:\/\/www.iplay.com\/en\/games\/jewel-miner-quest\/\" \/>\n<meta property=\"og:site_name\" content=\"IPlay\" \/>\n<meta property=\"og:image\" content=\"https:\/\/www.iplay.com\/wp-content\/uploads\/2025\/04\/jewelminerquest-html5_title_715x485.webp\" \/>\n\t<meta property=\"og:image:width\" content=\"715\" \/>\n\t<meta property=\"og:image:height\" content=\"485\" \/>\n\t<meta property=\"og:image:type\" content=\"image\/webp\" \/>\n<meta name=\"twitter:card\" content=\"summary_large_image\" \/>\n<meta name=\"twitter:label1\" content=\"Gesch\u00e4tzte Lesezeit\" \/>\n\t<meta name=\"twitter:data1\" content=\"1 Minute\" \/>\n<script type=\"application\/ld+json\" class=\"yoast-schema-graph\">{\"@context\":\"https:\/\/schema.org\",\"@graph\":[{\"@type\":\"WebPage\",\"@id\":\"https:\/\/www.iplay.com\/en\/games\/jewel-miner-quest\/\",\"url\":\"https:\/\/www.iplay.com\/en\/games\/jewel-miner-quest\/\",\"name\":\"Jewel Miner Quest: Buntes Puzzle-Abenteuer f\u00fcr Meister-Bergleute\",\"isPartOf\":{\"@id\":\"https:\/\/www.iplay.com\/en\/#website\"},\"primaryImageOfPage\":{\"@id\":\"https:\/\/www.iplay.com\/en\/games\/jewel-miner-quest\/#primaryimage\"},\"image\":{\"@id\":\"https:\/\/www.iplay.com\/en\/games\/jewel-miner-quest\/#primaryimage\"},\"thumbnailUrl\":\"https:\/\/www.iplay.com\/wp-content\/uploads\/2025\/04\/jewelminerquest-html5_title_310x310.webp\",\"datePublished\":\"2025-04-04T11:30:05+00:00\",\"description\":\"Begib dich auf ein schillerndes Abenteuer durch mit Edelsteinen gef\u00fcllte H\u00f6hlen, in denen strategische Matching-F\u00e4higkeiten in herausfordernden Levels auf die Probe gestellt werden - Entdecke seltene Juwelen, schalte spezielle Kraftkombinationen frei und sch\u00e4rfe deine F\u00e4higkeiten zum L\u00f6sen von R\u00e4tseln, w\u00e4hrend du zum legend\u00e4ren Juwelengr\u00e4ber-Champion aufschreitest.\",\"breadcrumb\":{\"@id\":\"https:\/\/www.iplay.com\/en\/games\/jewel-miner-quest\/#breadcrumb\"},\"inLanguage\":\"de-DE\",\"potentialAction\":[{\"@type\":\"ReadAction\",\"target\":[\"https:\/\/www.iplay.com\/en\/games\/jewel-miner-quest\/\"]}]},{\"@type\":\"ImageObject\",\"inLanguage\":\"de-DE\",\"@id\":\"https:\/\/www.iplay.com\/en\/games\/jewel-miner-quest\/#primaryimage\",\"url\":\"https:\/\/www.iplay.com\/wp-content\/uploads\/2025\/04\/jewelminerquest-html5_title_310x310.webp\",\"contentUrl\":\"https:\/\/www.iplay.com\/wp-content\/uploads\/2025\/04\/jewelminerquest-html5_title_310x310.webp\",\"width\":310,\"height\":310},{\"@type\":\"BreadcrumbList\",\"@id\":\"https:\/\/www.iplay.com\/en\/games\/jewel-miner-quest\/#breadcrumb\",\"itemListElement\":[{\"@type\":\"ListItem\",\"position\":1,\"name\":\"Home\",\"item\":\"https:\/\/www.iplay.com\/de\/home-page-2\/\"},{\"@type\":\"ListItem\",\"position\":2,\"name\":\"Shop\",\"item\":\"https:\/\/www.iplay.com\/en\/shop\/\"},{\"@type\":\"ListItem\",\"position\":3,\"name\":\"Jewel Miner Quest\"}]},{\"@type\":\"WebSite\",\"@id\":\"https:\/\/www.iplay.com\/en\/#website\",\"url\":\"https:\/\/www.iplay.com\/en\/\",\"name\":\"IPlay\",\"description\":\"The Best Casual Games!\",\"publisher\":{\"@id\":\"https:\/\/www.iplay.com\/en\/#organization\"},\"potentialAction\":[{\"@type\":\"SearchAction\",\"target\":{\"@type\":\"EntryPoint\",\"urlTemplate\":\"https:\/\/www.iplay.com\/en\/?s={search_term_string}\"},\"query-input\":{\"@type\":\"PropertyValueSpecification\",\"valueRequired\":true,\"valueName\":\"search_term_string\"}}],\"inLanguage\":\"de-DE\"},{\"@type\":\"Organization\",\"@id\":\"https:\/\/www.iplay.com\/en\/#organization\",\"name\":\"IPlay\",\"url\":\"https:\/\/www.iplay.com\/en\/\",\"logo\":{\"@type\":\"ImageObject\",\"inLanguage\":\"de-DE\",\"@id\":\"https:\/\/www.iplay.com\/en\/#\/schema\/logo\/image\/\",\"url\":\"https:\/\/www.iplay.com\/wp-content\/uploads\/2023\/11\/Group-6100.svg\",\"contentUrl\":\"https:\/\/www.iplay.com\/wp-content\/uploads\/2023\/11\/Group-6100.svg\",\"width\":98,\"height\":25,\"caption\":\"IPlay\"},\"image\":{\"@id\":\"https:\/\/www.iplay.com\/en\/#\/schema\/logo\/image\/\"}}]}<\/script>\n<!-- \/ Yoast SEO Premium plugin. -->","yoast_head_json":{"title":"Jewel Miner Quest: Buntes Puzzle-Abenteuer f\u00fcr Meister-Bergleute","description":"Begib dich auf ein schillerndes Abenteuer durch mit Edelsteinen gef\u00fcllte H\u00f6hlen, in denen strategische Matching-F\u00e4higkeiten in herausfordernden Levels auf die Probe gestellt werden - Entdecke seltene Juwelen, schalte spezielle Kraftkombinationen frei und sch\u00e4rfe deine F\u00e4higkeiten zum L\u00f6sen von R\u00e4tseln, w\u00e4hrend du zum legend\u00e4ren Juwelengr\u00e4ber-Champion aufschreitest.","robots":{"index":"index","follow":"follow","max-snippet":"max-snippet:-1","max-image-preview":"max-image-preview:large","max-video-preview":"max-video-preview:-1"},"canonical":"https:\/\/www.iplay.com\/en\/games\/jewel-miner-quest\/","og_locale":"de_DE","og_type":"article","og_title":"Jewel Miner Quest","og_description":"Begib dich auf ein schillerndes Abenteuer durch mit Edelsteinen gef\u00fcllte H\u00f6hlen, in denen strategische Matching-F\u00e4higkeiten in herausfordernden Levels auf die Probe gestellt werden - Entdecke seltene Juwelen, schalte spezielle Kraftkombinationen frei und sch\u00e4rfe deine F\u00e4higkeiten zum L\u00f6sen von R\u00e4tseln, w\u00e4hrend du zum legend\u00e4ren Juwelengr\u00e4ber-Champion aufschreitest.","og_url":"https:\/\/www.iplay.com\/en\/games\/jewel-miner-quest\/","og_site_name":"IPlay","og_image":[{"width":715,"height":485,"url":"https:\/\/www.iplay.com\/wp-content\/uploads\/2025\/04\/jewelminerquest-html5_title_715x485.webp","type":"image\/webp"}],"twitter_card":"summary_large_image","twitter_misc":{"Gesch\u00e4tzte Lesezeit":"1 Minute"},"schema":{"@context":"https:\/\/schema.org","@graph":[{"@type":"WebPage","@id":"https:\/\/www.iplay.com\/en\/games\/jewel-miner-quest\/","url":"https:\/\/www.iplay.com\/en\/games\/jewel-miner-quest\/","name":"Jewel Miner Quest: Buntes Puzzle-Abenteuer f\u00fcr Meister-Bergleute","isPartOf":{"@id":"https:\/\/www.iplay.com\/en\/#website"},"primaryImageOfPage":{"@id":"https:\/\/www.iplay.com\/en\/games\/jewel-miner-quest\/#primaryimage"},"image":{"@id":"https:\/\/www.iplay.com\/en\/games\/jewel-miner-quest\/#primaryimage"},"thumbnailUrl":"https:\/\/www.iplay.com\/wp-content\/uploads\/2025\/04\/jewelminerquest-html5_title_310x310.webp","datePublished":"2025-04-04T11:30:05+00:00","description":"Begib dich auf ein schillerndes Abenteuer durch mit Edelsteinen gef\u00fcllte H\u00f6hlen, in denen strategische Matching-F\u00e4higkeiten in herausfordernden Levels auf die Probe gestellt werden - Entdecke seltene Juwelen, schalte spezielle Kraftkombinationen frei und sch\u00e4rfe deine F\u00e4higkeiten zum L\u00f6sen von R\u00e4tseln, w\u00e4hrend du zum legend\u00e4ren Juwelengr\u00e4ber-Champion aufschreitest.","breadcrumb":{"@id":"https:\/\/www.iplay.com\/en\/games\/jewel-miner-quest\/#breadcrumb"},"inLanguage":"de-DE","potentialAction":[{"@type":"ReadAction","target":["https:\/\/www.iplay.com\/en\/games\/jewel-miner-quest\/"]}]},{"@type":"ImageObject","inLanguage":"de-DE","@id":"https:\/\/www.iplay.com\/en\/games\/jewel-miner-quest\/#primaryimage","url":"https:\/\/www.iplay.com\/wp-content\/uploads\/2025\/04\/jewelminerquest-html5_title_310x310.webp","contentUrl":"https:\/\/www.iplay.com\/wp-content\/uploads\/2025\/04\/jewelminerquest-html5_title_310x310.webp","width":310,"height":310},{"@type":"BreadcrumbList","@id":"https:\/\/www.iplay.com\/en\/games\/jewel-miner-quest\/#breadcrumb","itemListElement":[{"@type":"ListItem","position":1,"name":"Home","item":"https:\/\/www.iplay.com\/de\/home-page-2\/"},{"@type":"ListItem","position":2,"name":"Shop","item":"https:\/\/www.iplay.com\/en\/shop\/"},{"@type":"ListItem","position":3,"name":"Jewel Miner Quest"}]},{"@type":"WebSite","@id":"https:\/\/www.iplay.com\/en\/#website","url":"https:\/\/www.iplay.com\/en\/","name":"IPlay","description":"The Best Casual Games!","publisher":{"@id":"https:\/\/www.iplay.com\/en\/#organization"},"potentialAction":[{"@type":"SearchAction","target":{"@type":"EntryPoint","urlTemplate":"https:\/\/www.iplay.com\/en\/?s={search_term_string}"},"query-input":{"@type":"PropertyValueSpecification","valueRequired":true,"valueName":"search_term_string"}}],"inLanguage":"de-DE"},{"@type":"Organization","@id":"https:\/\/www.iplay.com\/en\/#organization","name":"IPlay","url":"https:\/\/www.iplay.com\/en\/","logo":{"@type":"ImageObject","inLanguage":"de-DE","@id":"https:\/\/www.iplay.com\/en\/#\/schema\/logo\/image\/","url":"https:\/\/www.iplay.com\/wp-content\/uploads\/2023\/11\/Group-6100.svg","contentUrl":"https:\/\/www.iplay.com\/wp-content\/uploads\/2023\/11\/Group-6100.svg","width":98,"height":25,"caption":"IPlay"},"image":{"@id":"https:\/\/www.iplay.com\/en\/#\/schema\/logo\/image\/"}}]}},"_links":{"self":[{"href":"https:\/\/www.iplay.com\/de\/wp-json\/wp\/v2\/product\/130930","targetHints":{"allow":["GET"]}}],"collection":[{"href":"https:\/\/www.iplay.com\/de\/wp-json\/wp\/v2\/product"}],"about":[{"href":"https:\/\/www.iplay.com\/de\/wp-json\/wp\/v2\/types\/product"}],"author":[{"embeddable":true,"href":"https:\/\/www.iplay.com\/de\/wp-json\/wp\/v2\/users\/325"}],"replies":[{"embeddable":true,"href":"https:\/\/www.iplay.com\/de\/wp-json\/wp\/v2\/comments?post=130930"}],"wp:featuredmedia":[{"embeddable":true,"href":"https:\/\/www.iplay.com\/de\/wp-json\/wp\/v2\/media\/130848"}],"wp:attachment":[{"href":"https:\/\/www.iplay.com\/de\/wp-json\/wp\/v2\/media?parent=130930"}],"wp:term":[{"taxonomy":"product_brand","embeddable":true,"href":"https:\/\/www.iplay.com\/de\/wp-json\/wp\/v2\/product_brand?post=130930"},{"taxonomy":"product_cat","embeddable":true,"href":"https:\/\/www.iplay.com\/de\/wp-json\/wp\/v2\/product_cat?post=130930"},{"taxonomy":"product_tag","embeddable":true,"href":"https:\/\/www.iplay.com\/de\/wp-json\/wp\/v2\/product_tag?post=130930"}],"curies":[{"name":"wp","href":"https:\/\/api.w.org\/{rel}","templated":true}]}}