{"id":130424,"date":"2025-04-04T09:30:33","date_gmt":"2025-04-04T09:30:33","guid":{"rendered":"https:\/\/www.iplay.com\/?post_type=product&p=130424"},"modified":"2025-04-04T09:30:33","modified_gmt":"2025-04-04T09:30:33","slug":"mind-echoes-the-lost-mysteries-collectors-edition","status":"publish","type":"product","link":"https:\/\/www.iplay.com\/de\/games\/mind-echoes-the-lost-mysteries-collectors-edition\/","title":{"rendered":"Mind Echoes: The Lost Mysteries Collector&#8217;s Edition"},"content":{"rendered":"<p class=\"whitespace-pre-wrap break-words\">In &#8220;Eternal Echoes&#8221; tauchen die Spieler in eine eindringliche paranormale Untersuchung ein, die Emily Rivers folgt, einer forensischen Ermittlerin mit au\u00dfergew\u00f6hnlichen mittleren F\u00e4higkeiten. Nachdem die Beh\u00f6rden ihre lange vermissten Eltern f\u00fcr tot erkl\u00e4rt haben, zieht es Emily zur\u00fcck in das Haus ihrer Kindheit, wo eine unerwartete Erbschaft auf sie wartet: ein mysteri\u00f6ser Laden namens &#8220;Eternal Memories&#8221;. <\/p>\n<p class=\"whitespace-pre-wrap break-words\">Dieses r\u00e4tselhafte Etablissement ist voller kurioser Relikte und verborgener Geheimnisse. In den staubigen Regalen wird ein verstecktes Tagebuch von Emilys Mutter entdeckt, das verst\u00f6rende Berichte enth\u00e4lt, die mit dem verlassenen Starlight Dreams Hotel in Verbindung stehen. <\/p>\n<p class=\"whitespace-pre-wrap break-words\">Von diesen Eintr\u00e4gen gedr\u00e4ngt, wagt sich Emily in die gespenstischen Korridore des Hotels, wo sie auf ruhelose Geister, kryptische Hinweise und ein finsteres Wesen namens Lurker trifft. Die Wahrheit hinter dem Verschwinden ihrer Eltern muss aufgedeckt werden, indem die mysteri\u00f6sen Ereignisse rund um den schwer fassbaren 13. Stock aufgekl\u00e4rt werden, bevor die eindringlichen Echos der Vergangenheit ein weiteres Opfer fordern. <\/p>\n<p>&nbsp;<\/p>\n<p class=\"text-xl font-bold text-text-100 mt-1 -mb-0.5\"><strong>Funktionen der Collector&#8217;s Edition<\/strong><\/p>\n<ul class=\"[&amp;:not(:last-child)_ul]:pb-1 [&amp;:not(:last-child)_ol]:pb-1 list-disc space-y-1.5 pl-7\">\n<li class=\"whitespace-normal break-words\"><strong>Erweiterte Handlung:<\/strong> Ein exklusives Bonuskapitel ist enthalten, das schockierende Wendungen und tiefgreifende Enth\u00fcllungen enth\u00fcllt<\/li>\n<li class=\"whitespace-normal break-words\"><strong>Wahlgetriebene Erz\u00e4hlung:<\/strong> Deine Entscheidungen haben direkten Einfluss auf Emilys Reise und das Schicksal ihrer Familie<\/li>\n<li class=\"whitespace-normal break-words\"><strong>Akribisch gestaltete Wimmelbildszenen:<\/strong> Testen Sie Ihre Beobachtungsgabe, w\u00e4hrend Sie wichtige Elemente der Geschichte aufdecken<\/li>\n<li class=\"whitespace-normal break-words\"><strong>Vielf\u00e4ltige Puzzle-Sammlung:<\/strong> Erlebe eine perfekte Balance aus herausfordernden Denksportaufgaben und entspannenden Minispielen<\/li>\n<li class=\"whitespace-normal break-words\"><strong>Sammler-Entdeckungssystem:<\/strong> Lassen Sie sich f\u00fcr gr\u00fcndliche Erkundungen mit einzigartigen Errungenschaften im gesamten \u00e4therischen Hotel belohnen<\/li>\n<\/ul>\n<p class=\"whitespace-pre-wrap break-words\">\n","protected":false},"excerpt":{"rendered":"<p>Tauche ein in einen psychologischen Thriller, in dem die Realit\u00e4t mit dem \u00dcbernat\u00fcrlichen verschwimmt &#8211; erkunde gespenstische Orte, entschl\u00fcssele komplexe R\u00e4tsel und setze fragmentierte Erinnerungen zusammen, um das mysteri\u00f6se Verschwinden in diesem fesselnden Sammlerabenteuer zu l\u00f6sen.<\/p>\n","protected":false},"author":52,"featured_media":130270,"comment_status":"open","ping_status":"closed","template":"","meta":{"_acf_changed":false,"inline_featured_image":false},"product_brand":[],"product_cat":[149,164],"product_tag":[289],"class_list":{"0":"post-130424","1":"product","2":"type-product","3":"status-publish","4":"has-post-thumbnail","6":"product_cat-adventure-de","7":"product_cat-hidden-object-de","8":"product_tag-play-on-pc-de","10":"first","11":"instock","12":"shipping-taxable","13":"purchasable","14":"product-type-simple"},"acf":[],"yoast_head":"<!-- This site is optimized with the Yoast SEO Premium plugin v25.2 (Yoast SEO v25.2) - https:\/\/yoast.com\/wordpress\/plugins\/seo\/ -->\n<title>Mind Echoes: Tauche ein in ein packendes Abenteuer mit verlorenen Geheimnissen<\/title>\n<meta name=\"description\" content=\"Tauche ein in einen psychologischen Thriller, in dem die Realit\u00e4t mit dem \u00dcbernat\u00fcrlichen verschwimmt - erkunde gespenstische Orte, entschl\u00fcssele komplexe R\u00e4tsel und setze fragmentierte Erinnerungen zusammen, um das mysteri\u00f6se Verschwinden in diesem fesselnden Sammlerabenteuer zu l\u00f6sen.\" \/>\n<meta name=\"robots\" content=\"index, follow, max-snippet:-1, max-image-preview:large, max-video-preview:-1\" \/>\n<link rel=\"canonical\" href=\"https:\/\/www.iplay.com\/en\/games\/mind-echoes-the-lost-mysteries-collectors-edition\/\" \/>\n<meta property=\"og:locale\" content=\"de_DE\" \/>\n<meta property=\"og:type\" content=\"article\" \/>\n<meta property=\"og:title\" content=\"Mind Echoes: The Lost Mysteries Collector&#039;s Edition\" \/>\n<meta property=\"og:description\" content=\"Tauche ein in einen psychologischen Thriller, in dem die Realit\u00e4t mit dem \u00dcbernat\u00fcrlichen verschwimmt - erkunde gespenstische Orte, entschl\u00fcssele komplexe R\u00e4tsel und setze fragmentierte Erinnerungen zusammen, um das mysteri\u00f6se Verschwinden in diesem fesselnden Sammlerabenteuer zu l\u00f6sen.\" \/>\n<meta property=\"og:url\" content=\"https:\/\/www.iplay.com\/en\/games\/mind-echoes-the-lost-mysteries-collectors-edition\/\" \/>\n<meta property=\"og:site_name\" content=\"IPlay\" \/>\n<meta property=\"og:image\" content=\"https:\/\/www.iplay.com\/wp-content\/uploads\/2025\/04\/mind_echoes_the_lost_mysteries_collectors_edition_large_video_screenshot.webp\" \/>\n\t<meta property=\"og:image:width\" content=\"715\" \/>\n\t<meta property=\"og:image:height\" content=\"485\" \/>\n\t<meta property=\"og:image:type\" content=\"image\/webp\" \/>\n<meta name=\"twitter:card\" content=\"summary_large_image\" \/>\n<meta name=\"twitter:label1\" content=\"Gesch\u00e4tzte Lesezeit\" \/>\n\t<meta name=\"twitter:data1\" content=\"1 Minute\" \/>\n<script type=\"application\/ld+json\" class=\"yoast-schema-graph\">{\"@context\":\"https:\/\/schema.org\",\"@graph\":[{\"@type\":\"WebPage\",\"@id\":\"https:\/\/www.iplay.com\/en\/games\/mind-echoes-the-lost-mysteries-collectors-edition\/\",\"url\":\"https:\/\/www.iplay.com\/en\/games\/mind-echoes-the-lost-mysteries-collectors-edition\/\",\"name\":\"Mind Echoes: Tauche ein in ein packendes Abenteuer mit verlorenen Geheimnissen\",\"isPartOf\":{\"@id\":\"https:\/\/www.iplay.com\/en\/#website\"},\"primaryImageOfPage\":{\"@id\":\"https:\/\/www.iplay.com\/en\/games\/mind-echoes-the-lost-mysteries-collectors-edition\/#primaryimage\"},\"image\":{\"@id\":\"https:\/\/www.iplay.com\/en\/games\/mind-echoes-the-lost-mysteries-collectors-edition\/#primaryimage\"},\"thumbnailUrl\":\"https:\/\/www.iplay.com\/wp-content\/uploads\/2025\/04\/mind_echoes_the_lost_mysteries_collectors_edition_large_square_tile_image.webp\",\"datePublished\":\"2025-04-04T09:30:33+00:00\",\"description\":\"Tauche ein in einen psychologischen Thriller, in dem die Realit\u00e4t mit dem \u00dcbernat\u00fcrlichen verschwimmt - erkunde gespenstische Orte, entschl\u00fcssele komplexe R\u00e4tsel und setze fragmentierte Erinnerungen zusammen, um das mysteri\u00f6se Verschwinden in diesem fesselnden Sammlerabenteuer zu l\u00f6sen.\",\"breadcrumb\":{\"@id\":\"https:\/\/www.iplay.com\/en\/games\/mind-echoes-the-lost-mysteries-collectors-edition\/#breadcrumb\"},\"inLanguage\":\"de-DE\",\"potentialAction\":[{\"@type\":\"ReadAction\",\"target\":[\"https:\/\/www.iplay.com\/en\/games\/mind-echoes-the-lost-mysteries-collectors-edition\/\"]}]},{\"@type\":\"ImageObject\",\"inLanguage\":\"de-DE\",\"@id\":\"https:\/\/www.iplay.com\/en\/games\/mind-echoes-the-lost-mysteries-collectors-edition\/#primaryimage\",\"url\":\"https:\/\/www.iplay.com\/wp-content\/uploads\/2025\/04\/mind_echoes_the_lost_mysteries_collectors_edition_large_square_tile_image.webp\",\"contentUrl\":\"https:\/\/www.iplay.com\/wp-content\/uploads\/2025\/04\/mind_echoes_the_lost_mysteries_collectors_edition_large_square_tile_image.webp\",\"width\":310,\"height\":310},{\"@type\":\"BreadcrumbList\",\"@id\":\"https:\/\/www.iplay.com\/en\/games\/mind-echoes-the-lost-mysteries-collectors-edition\/#breadcrumb\",\"itemListElement\":[{\"@type\":\"ListItem\",\"position\":1,\"name\":\"Home\",\"item\":\"https:\/\/www.iplay.com\/de\/home-page-2\/\"},{\"@type\":\"ListItem\",\"position\":2,\"name\":\"Shop\",\"item\":\"https:\/\/www.iplay.com\/en\/shop\/\"},{\"@type\":\"ListItem\",\"position\":3,\"name\":\"Mind Echoes: The Lost Mysteries Collector&#8217;s Edition\"}]},{\"@type\":\"WebSite\",\"@id\":\"https:\/\/www.iplay.com\/en\/#website\",\"url\":\"https:\/\/www.iplay.com\/en\/\",\"name\":\"IPlay\",\"description\":\"The Best Casual Games!\",\"publisher\":{\"@id\":\"https:\/\/www.iplay.com\/en\/#organization\"},\"potentialAction\":[{\"@type\":\"SearchAction\",\"target\":{\"@type\":\"EntryPoint\",\"urlTemplate\":\"https:\/\/www.iplay.com\/en\/?s={search_term_string}\"},\"query-input\":{\"@type\":\"PropertyValueSpecification\",\"valueRequired\":true,\"valueName\":\"search_term_string\"}}],\"inLanguage\":\"de-DE\"},{\"@type\":\"Organization\",\"@id\":\"https:\/\/www.iplay.com\/en\/#organization\",\"name\":\"IPlay\",\"url\":\"https:\/\/www.iplay.com\/en\/\",\"logo\":{\"@type\":\"ImageObject\",\"inLanguage\":\"de-DE\",\"@id\":\"https:\/\/www.iplay.com\/en\/#\/schema\/logo\/image\/\",\"url\":\"https:\/\/www.iplay.com\/wp-content\/uploads\/2023\/11\/Group-6100.svg\",\"contentUrl\":\"https:\/\/www.iplay.com\/wp-content\/uploads\/2023\/11\/Group-6100.svg\",\"width\":98,\"height\":25,\"caption\":\"IPlay\"},\"image\":{\"@id\":\"https:\/\/www.iplay.com\/en\/#\/schema\/logo\/image\/\"}}]}<\/script>\n<!-- \/ Yoast SEO Premium plugin. -->","yoast_head_json":{"title":"Mind Echoes: Tauche ein in ein packendes Abenteuer mit verlorenen Geheimnissen","description":"Tauche ein in einen psychologischen Thriller, in dem die Realit\u00e4t mit dem \u00dcbernat\u00fcrlichen verschwimmt - erkunde gespenstische Orte, entschl\u00fcssele komplexe R\u00e4tsel und setze fragmentierte Erinnerungen zusammen, um das mysteri\u00f6se Verschwinden in diesem fesselnden Sammlerabenteuer zu l\u00f6sen.","robots":{"index":"index","follow":"follow","max-snippet":"max-snippet:-1","max-image-preview":"max-image-preview:large","max-video-preview":"max-video-preview:-1"},"canonical":"https:\/\/www.iplay.com\/en\/games\/mind-echoes-the-lost-mysteries-collectors-edition\/","og_locale":"de_DE","og_type":"article","og_title":"Mind Echoes: The Lost Mysteries Collector's Edition","og_description":"Tauche ein in einen psychologischen Thriller, in dem die Realit\u00e4t mit dem \u00dcbernat\u00fcrlichen verschwimmt - erkunde gespenstische Orte, entschl\u00fcssele komplexe R\u00e4tsel und setze fragmentierte Erinnerungen zusammen, um das mysteri\u00f6se Verschwinden in diesem fesselnden Sammlerabenteuer zu l\u00f6sen.","og_url":"https:\/\/www.iplay.com\/en\/games\/mind-echoes-the-lost-mysteries-collectors-edition\/","og_site_name":"IPlay","og_image":[{"width":715,"height":485,"url":"https:\/\/www.iplay.com\/wp-content\/uploads\/2025\/04\/mind_echoes_the_lost_mysteries_collectors_edition_large_video_screenshot.webp","type":"image\/webp"}],"twitter_card":"summary_large_image","twitter_misc":{"Gesch\u00e4tzte Lesezeit":"1 Minute"},"schema":{"@context":"https:\/\/schema.org","@graph":[{"@type":"WebPage","@id":"https:\/\/www.iplay.com\/en\/games\/mind-echoes-the-lost-mysteries-collectors-edition\/","url":"https:\/\/www.iplay.com\/en\/games\/mind-echoes-the-lost-mysteries-collectors-edition\/","name":"Mind Echoes: Tauche ein in ein packendes Abenteuer mit verlorenen Geheimnissen","isPartOf":{"@id":"https:\/\/www.iplay.com\/en\/#website"},"primaryImageOfPage":{"@id":"https:\/\/www.iplay.com\/en\/games\/mind-echoes-the-lost-mysteries-collectors-edition\/#primaryimage"},"image":{"@id":"https:\/\/www.iplay.com\/en\/games\/mind-echoes-the-lost-mysteries-collectors-edition\/#primaryimage"},"thumbnailUrl":"https:\/\/www.iplay.com\/wp-content\/uploads\/2025\/04\/mind_echoes_the_lost_mysteries_collectors_edition_large_square_tile_image.webp","datePublished":"2025-04-04T09:30:33+00:00","description":"Tauche ein in einen psychologischen Thriller, in dem die Realit\u00e4t mit dem \u00dcbernat\u00fcrlichen verschwimmt - erkunde gespenstische Orte, entschl\u00fcssele komplexe R\u00e4tsel und setze fragmentierte Erinnerungen zusammen, um das mysteri\u00f6se Verschwinden in diesem fesselnden Sammlerabenteuer zu l\u00f6sen.","breadcrumb":{"@id":"https:\/\/www.iplay.com\/en\/games\/mind-echoes-the-lost-mysteries-collectors-edition\/#breadcrumb"},"inLanguage":"de-DE","potentialAction":[{"@type":"ReadAction","target":["https:\/\/www.iplay.com\/en\/games\/mind-echoes-the-lost-mysteries-collectors-edition\/"]}]},{"@type":"ImageObject","inLanguage":"de-DE","@id":"https:\/\/www.iplay.com\/en\/games\/mind-echoes-the-lost-mysteries-collectors-edition\/#primaryimage","url":"https:\/\/www.iplay.com\/wp-content\/uploads\/2025\/04\/mind_echoes_the_lost_mysteries_collectors_edition_large_square_tile_image.webp","contentUrl":"https:\/\/www.iplay.com\/wp-content\/uploads\/2025\/04\/mind_echoes_the_lost_mysteries_collectors_edition_large_square_tile_image.webp","width":310,"height":310},{"@type":"BreadcrumbList","@id":"https:\/\/www.iplay.com\/en\/games\/mind-echoes-the-lost-mysteries-collectors-edition\/#breadcrumb","itemListElement":[{"@type":"ListItem","position":1,"name":"Home","item":"https:\/\/www.iplay.com\/de\/home-page-2\/"},{"@type":"ListItem","position":2,"name":"Shop","item":"https:\/\/www.iplay.com\/en\/shop\/"},{"@type":"ListItem","position":3,"name":"Mind Echoes: The Lost Mysteries Collector&#8217;s Edition"}]},{"@type":"WebSite","@id":"https:\/\/www.iplay.com\/en\/#website","url":"https:\/\/www.iplay.com\/en\/","name":"IPlay","description":"The Best Casual Games!","publisher":{"@id":"https:\/\/www.iplay.com\/en\/#organization"},"potentialAction":[{"@type":"SearchAction","target":{"@type":"EntryPoint","urlTemplate":"https:\/\/www.iplay.com\/en\/?s={search_term_string}"},"query-input":{"@type":"PropertyValueSpecification","valueRequired":true,"valueName":"search_term_string"}}],"inLanguage":"de-DE"},{"@type":"Organization","@id":"https:\/\/www.iplay.com\/en\/#organization","name":"IPlay","url":"https:\/\/www.iplay.com\/en\/","logo":{"@type":"ImageObject","inLanguage":"de-DE","@id":"https:\/\/www.iplay.com\/en\/#\/schema\/logo\/image\/","url":"https:\/\/www.iplay.com\/wp-content\/uploads\/2023\/11\/Group-6100.svg","contentUrl":"https:\/\/www.iplay.com\/wp-content\/uploads\/2023\/11\/Group-6100.svg","width":98,"height":25,"caption":"IPlay"},"image":{"@id":"https:\/\/www.iplay.com\/en\/#\/schema\/logo\/image\/"}}]}},"_links":{"self":[{"href":"https:\/\/www.iplay.com\/de\/wp-json\/wp\/v2\/product\/130424","targetHints":{"allow":["GET"]}}],"collection":[{"href":"https:\/\/www.iplay.com\/de\/wp-json\/wp\/v2\/product"}],"about":[{"href":"https:\/\/www.iplay.com\/de\/wp-json\/wp\/v2\/types\/product"}],"author":[{"embeddable":true,"href":"https:\/\/www.iplay.com\/de\/wp-json\/wp\/v2\/users\/52"}],"replies":[{"embeddable":true,"href":"https:\/\/www.iplay.com\/de\/wp-json\/wp\/v2\/comments?post=130424"}],"wp:featuredmedia":[{"embeddable":true,"href":"https:\/\/www.iplay.com\/de\/wp-json\/wp\/v2\/media\/130270"}],"wp:attachment":[{"href":"https:\/\/www.iplay.com\/de\/wp-json\/wp\/v2\/media?parent=130424"}],"wp:term":[{"taxonomy":"product_brand","embeddable":true,"href":"https:\/\/www.iplay.com\/de\/wp-json\/wp\/v2\/product_brand?post=130424"},{"taxonomy":"product_cat","embeddable":true,"href":"https:\/\/www.iplay.com\/de\/wp-json\/wp\/v2\/product_cat?post=130424"},{"taxonomy":"product_tag","embeddable":true,"href":"https:\/\/www.iplay.com\/de\/wp-json\/wp\/v2\/product_tag?post=130424"}],"curies":[{"name":"wp","href":"https:\/\/api.w.org\/{rel}","templated":true}]}}