{"id":130360,"date":"2023-07-10T00:00:00","date_gmt":"2023-07-10T00:00:00","guid":{"rendered":"https:\/\/www.iplay.com\/games\/tasty-jigsaw-happy-hour-3\/"},"modified":"2023-07-10T00:00:00","modified_gmt":"2023-07-10T00:00:00","slug":"tasty-jigsaw-happy-hour-3","status":"publish","type":"product","link":"https:\/\/www.iplay.com\/de\/games\/tasty-jigsaw-happy-hour-3\/","title":{"rendered":"Tasty Jigsaw Happy Hour 3"},"content":{"rendered":"<p>Was werden Sie konsumieren? Genie\u00dfen Sie k\u00f6stliches Geb\u00e4ck und feines Eis, ein herzhaftes Fr\u00fchst\u00fcck und saftige Burger, Dinnerpartys und romantische Abende. Du musst dir vor dem Spiel nicht die H\u00e4nde waschen! Sie k\u00f6nnen den Schwierigkeitsgrad des Spiels anpassen, eine Menge hilfreicher Tipps zum Erstellen von R\u00e4tseln erhalten, Ihren Fortschritt speichern und jederzeit dort weitermachen, wo Sie aufgeh\u00f6rt haben. Fans von Puzzlespielen aller K\u00f6nnensstufen werden dieses Spiel genie\u00dfen.    <\/p>\n<p>&nbsp;<\/p>\n<p>&nbsp;<\/p>\n<p><strong>Funktionen:<\/strong><\/p>\n<p>&#8211; 500 hochwertige Bilder<br \/>\n&#8211; Erweiterter Spielmodus: einfache Vorschl\u00e4ge, Sortierung und die Lupe<br \/>\n&#8211; Sie k\u00f6nnen so lange spielen, wie Sie m\u00f6chten, mit unterschiedlichen Schwierigkeitsstufen f\u00fcr jedes Problem<br \/>\n&#8211; Sie k\u00f6nnen den Rotationsmodus<br \/>\n f\u00fcr Puzzleteile deaktivieren- Sie k\u00f6nnen ein Puzzle jederzeit<br \/>\n speichern und fortsetzen- Neues Spiel in der Serie<br \/>\n&#8211; Besondere Aufgaben und farbenfrohe Auszeichnungen f\u00fcr Nervenkitzel-Suchende<\/p>\n","protected":false},"excerpt":{"rendered":"<p>Was werden Sie konsumieren? Genie\u00dfen Sie Leckereien w\u00e4hrend der Tasty Jigsaw Happy Hour #3. <\/p>\n","protected":false},"author":13,"featured_media":89957,"comment_status":"open","ping_status":"closed","template":"","meta":{"_acf_changed":false,"inline_featured_image":false},"product_brand":[],"product_cat":[168],"product_tag":[289],"class_list":{"0":"post-130360","1":"product","2":"type-product","3":"status-publish","4":"has-post-thumbnail","6":"product_cat-jigsaw-de","7":"product_tag-play-on-pc-de","9":"first","10":"instock","11":"shipping-taxable","12":"purchasable","13":"product-type-simple"},"acf":[],"yoast_head":"<!-- This site is optimized with the Yoast SEO Premium plugin v25.2 (Yoast SEO v25.2) - https:\/\/yoast.com\/wordpress\/plugins\/seo\/ -->\n<title>Tasty Jigsaw Happy Hour 3 - Kulinarik<\/title>\n<meta name=\"description\" content=\"Was werden Sie konsumieren? Genie\u00dfen Sie Leckereien w\u00e4hrend der Tasty Jigsaw Happy Hour #3.\" \/>\n<meta name=\"robots\" content=\"index, follow, max-snippet:-1, max-image-preview:large, max-video-preview:-1\" \/>\n<link rel=\"canonical\" href=\"https:\/\/www.iplay.com\/de\/games\/tasty-jigsaw-happy-hour-3\/\" \/>\n<meta property=\"og:locale\" content=\"de_DE\" \/>\n<meta property=\"og:type\" content=\"article\" \/>\n<meta property=\"og:title\" content=\"Tasty Jigsaw Happy Hour 3\" \/>\n<meta property=\"og:description\" content=\"Was werden Sie konsumieren? Genie\u00dfen Sie Leckereien w\u00e4hrend der Tasty Jigsaw Happy Hour #3.\" \/>\n<meta property=\"og:url\" content=\"https:\/\/www.iplay.com\/de\/games\/tasty-jigsaw-happy-hour-3\/\" \/>\n<meta property=\"og:site_name\" content=\"IPlay\" \/>\n<meta property=\"og:image\" content=\"https:\/\/www.iplay.com\/wp-content\/uploads\/2023\/12\/large_square_tile_image-3135.jpg\" \/>\n\t<meta property=\"og:image:width\" content=\"310\" \/>\n\t<meta property=\"og:image:height\" content=\"310\" \/>\n\t<meta property=\"og:image:type\" content=\"image\/jpeg\" \/>\n<meta name=\"twitter:card\" content=\"summary_large_image\" \/>\n<meta name=\"twitter:label1\" content=\"Gesch\u00e4tzte Lesezeit\" \/>\n\t<meta name=\"twitter:data1\" content=\"1 Minute\" \/>\n<script type=\"application\/ld+json\" class=\"yoast-schema-graph\">{\"@context\":\"https:\/\/schema.org\",\"@graph\":[{\"@type\":\"WebPage\",\"@id\":\"https:\/\/www.iplay.com\/de\/games\/tasty-jigsaw-happy-hour-3\/\",\"url\":\"https:\/\/www.iplay.com\/de\/games\/tasty-jigsaw-happy-hour-3\/\",\"name\":\"Tasty Jigsaw Happy Hour 3 - Kulinarik\",\"isPartOf\":{\"@id\":\"https:\/\/www.iplay.com\/en\/#website\"},\"primaryImageOfPage\":{\"@id\":\"https:\/\/www.iplay.com\/de\/games\/tasty-jigsaw-happy-hour-3\/#primaryimage\"},\"image\":{\"@id\":\"https:\/\/www.iplay.com\/de\/games\/tasty-jigsaw-happy-hour-3\/#primaryimage\"},\"thumbnailUrl\":\"https:\/\/www.iplay.com\/wp-content\/uploads\/2023\/12\/large_square_tile_image-3135.jpg\",\"datePublished\":\"2023-07-10T00:00:00+00:00\",\"description\":\"Was werden Sie konsumieren? Genie\u00dfen Sie Leckereien w\u00e4hrend der Tasty Jigsaw Happy Hour #3.\",\"breadcrumb\":{\"@id\":\"https:\/\/www.iplay.com\/de\/games\/tasty-jigsaw-happy-hour-3\/#breadcrumb\"},\"inLanguage\":\"de-DE\",\"potentialAction\":[{\"@type\":\"ReadAction\",\"target\":[\"https:\/\/www.iplay.com\/de\/games\/tasty-jigsaw-happy-hour-3\/\"]}]},{\"@type\":\"ImageObject\",\"inLanguage\":\"de-DE\",\"@id\":\"https:\/\/www.iplay.com\/de\/games\/tasty-jigsaw-happy-hour-3\/#primaryimage\",\"url\":\"https:\/\/www.iplay.com\/wp-content\/uploads\/2023\/12\/large_square_tile_image-3135.jpg\",\"contentUrl\":\"https:\/\/www.iplay.com\/wp-content\/uploads\/2023\/12\/large_square_tile_image-3135.jpg\",\"width\":310,\"height\":310},{\"@type\":\"BreadcrumbList\",\"@id\":\"https:\/\/www.iplay.com\/de\/games\/tasty-jigsaw-happy-hour-3\/#breadcrumb\",\"itemListElement\":[{\"@type\":\"ListItem\",\"position\":1,\"name\":\"Home\",\"item\":\"https:\/\/www.iplay.com\/de\/home-page-2\/\"},{\"@type\":\"ListItem\",\"position\":2,\"name\":\"Shop\",\"item\":\"https:\/\/www.iplay.com\/en\/shop\/\"},{\"@type\":\"ListItem\",\"position\":3,\"name\":\"Tasty Jigsaw Happy Hour 3\"}]},{\"@type\":\"WebSite\",\"@id\":\"https:\/\/www.iplay.com\/en\/#website\",\"url\":\"https:\/\/www.iplay.com\/en\/\",\"name\":\"IPlay\",\"description\":\"The Best Casual Games!\",\"publisher\":{\"@id\":\"https:\/\/www.iplay.com\/en\/#organization\"},\"potentialAction\":[{\"@type\":\"SearchAction\",\"target\":{\"@type\":\"EntryPoint\",\"urlTemplate\":\"https:\/\/www.iplay.com\/en\/?s={search_term_string}\"},\"query-input\":{\"@type\":\"PropertyValueSpecification\",\"valueRequired\":true,\"valueName\":\"search_term_string\"}}],\"inLanguage\":\"de-DE\"},{\"@type\":\"Organization\",\"@id\":\"https:\/\/www.iplay.com\/en\/#organization\",\"name\":\"IPlay\",\"url\":\"https:\/\/www.iplay.com\/en\/\",\"logo\":{\"@type\":\"ImageObject\",\"inLanguage\":\"de-DE\",\"@id\":\"https:\/\/www.iplay.com\/en\/#\/schema\/logo\/image\/\",\"url\":\"https:\/\/www.iplay.com\/wp-content\/uploads\/2023\/11\/Group-6100.svg\",\"contentUrl\":\"https:\/\/www.iplay.com\/wp-content\/uploads\/2023\/11\/Group-6100.svg\",\"width\":98,\"height\":25,\"caption\":\"IPlay\"},\"image\":{\"@id\":\"https:\/\/www.iplay.com\/en\/#\/schema\/logo\/image\/\"}}]}<\/script>\n<!-- \/ Yoast SEO Premium plugin. -->","yoast_head_json":{"title":"Tasty Jigsaw Happy Hour 3 - Kulinarik","description":"Was werden Sie konsumieren? Genie\u00dfen Sie Leckereien w\u00e4hrend der Tasty Jigsaw Happy Hour #3.","robots":{"index":"index","follow":"follow","max-snippet":"max-snippet:-1","max-image-preview":"max-image-preview:large","max-video-preview":"max-video-preview:-1"},"canonical":"https:\/\/www.iplay.com\/de\/games\/tasty-jigsaw-happy-hour-3\/","og_locale":"de_DE","og_type":"article","og_title":"Tasty Jigsaw Happy Hour 3","og_description":"Was werden Sie konsumieren? Genie\u00dfen Sie Leckereien w\u00e4hrend der Tasty Jigsaw Happy Hour #3.","og_url":"https:\/\/www.iplay.com\/de\/games\/tasty-jigsaw-happy-hour-3\/","og_site_name":"IPlay","og_image":[{"width":310,"height":310,"url":"https:\/\/www.iplay.com\/wp-content\/uploads\/2023\/12\/large_square_tile_image-3135.jpg","type":"image\/jpeg"}],"twitter_card":"summary_large_image","twitter_misc":{"Gesch\u00e4tzte Lesezeit":"1 Minute"},"schema":{"@context":"https:\/\/schema.org","@graph":[{"@type":"WebPage","@id":"https:\/\/www.iplay.com\/de\/games\/tasty-jigsaw-happy-hour-3\/","url":"https:\/\/www.iplay.com\/de\/games\/tasty-jigsaw-happy-hour-3\/","name":"Tasty Jigsaw Happy Hour 3 - Kulinarik","isPartOf":{"@id":"https:\/\/www.iplay.com\/en\/#website"},"primaryImageOfPage":{"@id":"https:\/\/www.iplay.com\/de\/games\/tasty-jigsaw-happy-hour-3\/#primaryimage"},"image":{"@id":"https:\/\/www.iplay.com\/de\/games\/tasty-jigsaw-happy-hour-3\/#primaryimage"},"thumbnailUrl":"https:\/\/www.iplay.com\/wp-content\/uploads\/2023\/12\/large_square_tile_image-3135.jpg","datePublished":"2023-07-10T00:00:00+00:00","description":"Was werden Sie konsumieren? Genie\u00dfen Sie Leckereien w\u00e4hrend der Tasty Jigsaw Happy Hour #3.","breadcrumb":{"@id":"https:\/\/www.iplay.com\/de\/games\/tasty-jigsaw-happy-hour-3\/#breadcrumb"},"inLanguage":"de-DE","potentialAction":[{"@type":"ReadAction","target":["https:\/\/www.iplay.com\/de\/games\/tasty-jigsaw-happy-hour-3\/"]}]},{"@type":"ImageObject","inLanguage":"de-DE","@id":"https:\/\/www.iplay.com\/de\/games\/tasty-jigsaw-happy-hour-3\/#primaryimage","url":"https:\/\/www.iplay.com\/wp-content\/uploads\/2023\/12\/large_square_tile_image-3135.jpg","contentUrl":"https:\/\/www.iplay.com\/wp-content\/uploads\/2023\/12\/large_square_tile_image-3135.jpg","width":310,"height":310},{"@type":"BreadcrumbList","@id":"https:\/\/www.iplay.com\/de\/games\/tasty-jigsaw-happy-hour-3\/#breadcrumb","itemListElement":[{"@type":"ListItem","position":1,"name":"Home","item":"https:\/\/www.iplay.com\/de\/home-page-2\/"},{"@type":"ListItem","position":2,"name":"Shop","item":"https:\/\/www.iplay.com\/en\/shop\/"},{"@type":"ListItem","position":3,"name":"Tasty Jigsaw Happy Hour 3"}]},{"@type":"WebSite","@id":"https:\/\/www.iplay.com\/en\/#website","url":"https:\/\/www.iplay.com\/en\/","name":"IPlay","description":"The Best Casual Games!","publisher":{"@id":"https:\/\/www.iplay.com\/en\/#organization"},"potentialAction":[{"@type":"SearchAction","target":{"@type":"EntryPoint","urlTemplate":"https:\/\/www.iplay.com\/en\/?s={search_term_string}"},"query-input":{"@type":"PropertyValueSpecification","valueRequired":true,"valueName":"search_term_string"}}],"inLanguage":"de-DE"},{"@type":"Organization","@id":"https:\/\/www.iplay.com\/en\/#organization","name":"IPlay","url":"https:\/\/www.iplay.com\/en\/","logo":{"@type":"ImageObject","inLanguage":"de-DE","@id":"https:\/\/www.iplay.com\/en\/#\/schema\/logo\/image\/","url":"https:\/\/www.iplay.com\/wp-content\/uploads\/2023\/11\/Group-6100.svg","contentUrl":"https:\/\/www.iplay.com\/wp-content\/uploads\/2023\/11\/Group-6100.svg","width":98,"height":25,"caption":"IPlay"},"image":{"@id":"https:\/\/www.iplay.com\/en\/#\/schema\/logo\/image\/"}}]}},"_links":{"self":[{"href":"https:\/\/www.iplay.com\/de\/wp-json\/wp\/v2\/product\/130360","targetHints":{"allow":["GET"]}}],"collection":[{"href":"https:\/\/www.iplay.com\/de\/wp-json\/wp\/v2\/product"}],"about":[{"href":"https:\/\/www.iplay.com\/de\/wp-json\/wp\/v2\/types\/product"}],"author":[{"embeddable":true,"href":"https:\/\/www.iplay.com\/de\/wp-json\/wp\/v2\/users\/13"}],"replies":[{"embeddable":true,"href":"https:\/\/www.iplay.com\/de\/wp-json\/wp\/v2\/comments?post=130360"}],"wp:featuredmedia":[{"embeddable":true,"href":"https:\/\/www.iplay.com\/de\/wp-json\/wp\/v2\/media\/89957"}],"wp:attachment":[{"href":"https:\/\/www.iplay.com\/de\/wp-json\/wp\/v2\/media?parent=130360"}],"wp:term":[{"taxonomy":"product_brand","embeddable":true,"href":"https:\/\/www.iplay.com\/de\/wp-json\/wp\/v2\/product_brand?post=130360"},{"taxonomy":"product_cat","embeddable":true,"href":"https:\/\/www.iplay.com\/de\/wp-json\/wp\/v2\/product_cat?post=130360"},{"taxonomy":"product_tag","embeddable":true,"href":"https:\/\/www.iplay.com\/de\/wp-json\/wp\/v2\/product_tag?post=130360"}],"curies":[{"name":"wp","href":"https:\/\/api.w.org\/{rel}","templated":true}]}}