{"id":130347,"date":"2023-07-07T00:00:00","date_gmt":"2023-07-07T00:00:00","guid":{"rendered":"https:\/\/www.iplay.com\/games\/paint-by-pixel-2\/"},"modified":"2023-07-07T00:00:00","modified_gmt":"2023-07-07T00:00:00","slug":"paint-by-pixel-2","status":"publish","type":"product","link":"https:\/\/www.iplay.com\/de\/games\/paint-by-pixel-2\/","title":{"rendered":"Paint by Pixel 2"},"content":{"rendered":"<p>Es ist wieder da, und es ist besser als zuvor! Sind Sie bereit f\u00fcr Pixel Paint 2? In diesem beruhigenden Puzzlespiel erschaffst du erstaunliche Kunstwerke, indem du Punkte nacheinander verbindest. W\u00e4hlen Sie den Pinsel- oder F\u00fcllmodus, f\u00fcgen Sie Ihren Zeichnungen zus\u00e4tzliche Farbe hinzu, um ihnen ein unverwechselbareres Aussehen zu verleihen, und verwenden Sie die Lupe und den Zoom, um den Details n\u00e4her zu kommen. Das Spiel bietet automatisches Ausf\u00fcllen und Tipps, um die Dinge einfacher zu machen. Mit 95 Levels zur Auswahl ist Paint by Pixel das perfekte Spiel, um sich zu entspannen und deine kreative Seite zu entdecken.     <\/p>\n<p>&nbsp;<\/p>\n<p>&nbsp;<\/p>\n<p><strong>Funktionen:<\/strong><\/p>\n<p>&nbsp;<\/p>\n<p>&#8211; Man kann aus einer wunderbaren Sammlung von f\u00fcnfundneunzig Kunstwerken w\u00e4hlen!<\/p>\n<p>&#8211; W\u00e4hlen und engagieren Sie sich auf jeder Ebene!<\/p>\n<p>&#8211; Farb\u00e4nderungen vorbehalten!<\/p>\n<p>&#8211; Fantastische Musikauswahl!<br \/>\n&#8211; F\u00fcr einfaches Spielen k\u00f6nnen Sie hinein- und herauszoomen!<\/p>\n","protected":false},"excerpt":{"rendered":"<p>Erschaffe wundersch\u00f6ne Kunstwerke, Pixel f\u00fcr Pixel! Verwendung von Pixel Paint 2. <\/p>\n","protected":false},"author":18,"featured_media":72838,"comment_status":"open","ping_status":"closed","template":"","meta":{"_acf_changed":false,"inline_featured_image":false},"product_brand":[],"product_cat":[185],"product_tag":[289],"class_list":{"0":"post-130347","1":"product","2":"type-product","3":"status-publish","4":"has-post-thumbnail","6":"product_cat-paint-by-numbers-series-de","7":"product_tag-play-on-pc-de","9":"first","10":"instock","11":"shipping-taxable","12":"purchasable","13":"product-type-simple"},"acf":[],"yoast_head":"<!-- This site is optimized with the Yoast SEO Premium plugin v25.2 (Yoast SEO v25.2) - https:\/\/yoast.com\/wordpress\/plugins\/seo\/ -->\n<title>Paint by Pixel 2 - Mach atemberaubende Kunstwerke Pixel f\u00fcr Pixel! Mit Pixel Paint 2<\/title>\n<meta name=\"description\" content=\"Erschaffe wundersch\u00f6ne Kunstwerke, Pixel f\u00fcr Pixel! Verwendung von Pixel Paint 2.\" \/>\n<meta name=\"robots\" content=\"index, follow, max-snippet:-1, max-image-preview:large, max-video-preview:-1\" \/>\n<link rel=\"canonical\" href=\"https:\/\/www.iplay.com\/de\/games\/paint-by-pixel-2\/\" \/>\n<meta property=\"og:locale\" content=\"de_DE\" \/>\n<meta property=\"og:type\" content=\"article\" \/>\n<meta property=\"og:title\" content=\"Paint by Pixel 2\" \/>\n<meta property=\"og:description\" content=\"Erschaffe wundersch\u00f6ne Kunstwerke, Pixel f\u00fcr Pixel! Verwendung von Pixel Paint 2.\" \/>\n<meta property=\"og:url\" content=\"https:\/\/www.iplay.com\/de\/games\/paint-by-pixel-2\/\" \/>\n<meta property=\"og:site_name\" content=\"IPlay\" \/>\n<meta property=\"og:image\" content=\"https:\/\/www.iplay.com\/wp-content\/uploads\/2023\/12\/large_square_tile_image-2044.jpg\" \/>\n\t<meta property=\"og:image:width\" content=\"310\" \/>\n\t<meta property=\"og:image:height\" content=\"310\" \/>\n\t<meta property=\"og:image:type\" content=\"image\/jpeg\" \/>\n<meta name=\"twitter:card\" content=\"summary_large_image\" \/>\n<meta name=\"twitter:label1\" content=\"Gesch\u00e4tzte Lesezeit\" \/>\n\t<meta name=\"twitter:data1\" content=\"1 Minute\" \/>\n<script type=\"application\/ld+json\" class=\"yoast-schema-graph\">{\"@context\":\"https:\/\/schema.org\",\"@graph\":[{\"@type\":\"WebPage\",\"@id\":\"https:\/\/www.iplay.com\/de\/games\/paint-by-pixel-2\/\",\"url\":\"https:\/\/www.iplay.com\/de\/games\/paint-by-pixel-2\/\",\"name\":\"Paint by Pixel 2 - Mach atemberaubende Kunstwerke Pixel f\u00fcr Pixel! Mit Pixel Paint 2\",\"isPartOf\":{\"@id\":\"https:\/\/www.iplay.com\/en\/#website\"},\"primaryImageOfPage\":{\"@id\":\"https:\/\/www.iplay.com\/de\/games\/paint-by-pixel-2\/#primaryimage\"},\"image\":{\"@id\":\"https:\/\/www.iplay.com\/de\/games\/paint-by-pixel-2\/#primaryimage\"},\"thumbnailUrl\":\"https:\/\/www.iplay.com\/wp-content\/uploads\/2023\/12\/large_square_tile_image-2044.jpg\",\"datePublished\":\"2023-07-07T00:00:00+00:00\",\"description\":\"Erschaffe wundersch\u00f6ne Kunstwerke, Pixel f\u00fcr Pixel! Verwendung von Pixel Paint 2.\",\"breadcrumb\":{\"@id\":\"https:\/\/www.iplay.com\/de\/games\/paint-by-pixel-2\/#breadcrumb\"},\"inLanguage\":\"de-DE\",\"potentialAction\":[{\"@type\":\"ReadAction\",\"target\":[\"https:\/\/www.iplay.com\/de\/games\/paint-by-pixel-2\/\"]}]},{\"@type\":\"ImageObject\",\"inLanguage\":\"de-DE\",\"@id\":\"https:\/\/www.iplay.com\/de\/games\/paint-by-pixel-2\/#primaryimage\",\"url\":\"https:\/\/www.iplay.com\/wp-content\/uploads\/2023\/12\/large_square_tile_image-2044.jpg\",\"contentUrl\":\"https:\/\/www.iplay.com\/wp-content\/uploads\/2023\/12\/large_square_tile_image-2044.jpg\",\"width\":310,\"height\":310},{\"@type\":\"BreadcrumbList\",\"@id\":\"https:\/\/www.iplay.com\/de\/games\/paint-by-pixel-2\/#breadcrumb\",\"itemListElement\":[{\"@type\":\"ListItem\",\"position\":1,\"name\":\"Home\",\"item\":\"https:\/\/www.iplay.com\/de\/home-page-2\/\"},{\"@type\":\"ListItem\",\"position\":2,\"name\":\"Shop\",\"item\":\"https:\/\/www.iplay.com\/en\/shop\/\"},{\"@type\":\"ListItem\",\"position\":3,\"name\":\"Paint by Pixel 2\"}]},{\"@type\":\"WebSite\",\"@id\":\"https:\/\/www.iplay.com\/en\/#website\",\"url\":\"https:\/\/www.iplay.com\/en\/\",\"name\":\"IPlay\",\"description\":\"The Best Casual Games!\",\"publisher\":{\"@id\":\"https:\/\/www.iplay.com\/en\/#organization\"},\"potentialAction\":[{\"@type\":\"SearchAction\",\"target\":{\"@type\":\"EntryPoint\",\"urlTemplate\":\"https:\/\/www.iplay.com\/en\/?s={search_term_string}\"},\"query-input\":{\"@type\":\"PropertyValueSpecification\",\"valueRequired\":true,\"valueName\":\"search_term_string\"}}],\"inLanguage\":\"de-DE\"},{\"@type\":\"Organization\",\"@id\":\"https:\/\/www.iplay.com\/en\/#organization\",\"name\":\"IPlay\",\"url\":\"https:\/\/www.iplay.com\/en\/\",\"logo\":{\"@type\":\"ImageObject\",\"inLanguage\":\"de-DE\",\"@id\":\"https:\/\/www.iplay.com\/en\/#\/schema\/logo\/image\/\",\"url\":\"https:\/\/www.iplay.com\/wp-content\/uploads\/2023\/11\/Group-6100.svg\",\"contentUrl\":\"https:\/\/www.iplay.com\/wp-content\/uploads\/2023\/11\/Group-6100.svg\",\"width\":98,\"height\":25,\"caption\":\"IPlay\"},\"image\":{\"@id\":\"https:\/\/www.iplay.com\/en\/#\/schema\/logo\/image\/\"}}]}<\/script>\n<!-- \/ Yoast SEO Premium plugin. -->","yoast_head_json":{"title":"Paint by Pixel 2 - Mach atemberaubende Kunstwerke Pixel f\u00fcr Pixel! Mit Pixel Paint 2","description":"Erschaffe wundersch\u00f6ne Kunstwerke, Pixel f\u00fcr Pixel! Verwendung von Pixel Paint 2.","robots":{"index":"index","follow":"follow","max-snippet":"max-snippet:-1","max-image-preview":"max-image-preview:large","max-video-preview":"max-video-preview:-1"},"canonical":"https:\/\/www.iplay.com\/de\/games\/paint-by-pixel-2\/","og_locale":"de_DE","og_type":"article","og_title":"Paint by Pixel 2","og_description":"Erschaffe wundersch\u00f6ne Kunstwerke, Pixel f\u00fcr Pixel! Verwendung von Pixel Paint 2.","og_url":"https:\/\/www.iplay.com\/de\/games\/paint-by-pixel-2\/","og_site_name":"IPlay","og_image":[{"width":310,"height":310,"url":"https:\/\/www.iplay.com\/wp-content\/uploads\/2023\/12\/large_square_tile_image-2044.jpg","type":"image\/jpeg"}],"twitter_card":"summary_large_image","twitter_misc":{"Gesch\u00e4tzte Lesezeit":"1 Minute"},"schema":{"@context":"https:\/\/schema.org","@graph":[{"@type":"WebPage","@id":"https:\/\/www.iplay.com\/de\/games\/paint-by-pixel-2\/","url":"https:\/\/www.iplay.com\/de\/games\/paint-by-pixel-2\/","name":"Paint by Pixel 2 - Mach atemberaubende Kunstwerke Pixel f\u00fcr Pixel! Mit Pixel Paint 2","isPartOf":{"@id":"https:\/\/www.iplay.com\/en\/#website"},"primaryImageOfPage":{"@id":"https:\/\/www.iplay.com\/de\/games\/paint-by-pixel-2\/#primaryimage"},"image":{"@id":"https:\/\/www.iplay.com\/de\/games\/paint-by-pixel-2\/#primaryimage"},"thumbnailUrl":"https:\/\/www.iplay.com\/wp-content\/uploads\/2023\/12\/large_square_tile_image-2044.jpg","datePublished":"2023-07-07T00:00:00+00:00","description":"Erschaffe wundersch\u00f6ne Kunstwerke, Pixel f\u00fcr Pixel! Verwendung von Pixel Paint 2.","breadcrumb":{"@id":"https:\/\/www.iplay.com\/de\/games\/paint-by-pixel-2\/#breadcrumb"},"inLanguage":"de-DE","potentialAction":[{"@type":"ReadAction","target":["https:\/\/www.iplay.com\/de\/games\/paint-by-pixel-2\/"]}]},{"@type":"ImageObject","inLanguage":"de-DE","@id":"https:\/\/www.iplay.com\/de\/games\/paint-by-pixel-2\/#primaryimage","url":"https:\/\/www.iplay.com\/wp-content\/uploads\/2023\/12\/large_square_tile_image-2044.jpg","contentUrl":"https:\/\/www.iplay.com\/wp-content\/uploads\/2023\/12\/large_square_tile_image-2044.jpg","width":310,"height":310},{"@type":"BreadcrumbList","@id":"https:\/\/www.iplay.com\/de\/games\/paint-by-pixel-2\/#breadcrumb","itemListElement":[{"@type":"ListItem","position":1,"name":"Home","item":"https:\/\/www.iplay.com\/de\/home-page-2\/"},{"@type":"ListItem","position":2,"name":"Shop","item":"https:\/\/www.iplay.com\/en\/shop\/"},{"@type":"ListItem","position":3,"name":"Paint by Pixel 2"}]},{"@type":"WebSite","@id":"https:\/\/www.iplay.com\/en\/#website","url":"https:\/\/www.iplay.com\/en\/","name":"IPlay","description":"The Best Casual Games!","publisher":{"@id":"https:\/\/www.iplay.com\/en\/#organization"},"potentialAction":[{"@type":"SearchAction","target":{"@type":"EntryPoint","urlTemplate":"https:\/\/www.iplay.com\/en\/?s={search_term_string}"},"query-input":{"@type":"PropertyValueSpecification","valueRequired":true,"valueName":"search_term_string"}}],"inLanguage":"de-DE"},{"@type":"Organization","@id":"https:\/\/www.iplay.com\/en\/#organization","name":"IPlay","url":"https:\/\/www.iplay.com\/en\/","logo":{"@type":"ImageObject","inLanguage":"de-DE","@id":"https:\/\/www.iplay.com\/en\/#\/schema\/logo\/image\/","url":"https:\/\/www.iplay.com\/wp-content\/uploads\/2023\/11\/Group-6100.svg","contentUrl":"https:\/\/www.iplay.com\/wp-content\/uploads\/2023\/11\/Group-6100.svg","width":98,"height":25,"caption":"IPlay"},"image":{"@id":"https:\/\/www.iplay.com\/en\/#\/schema\/logo\/image\/"}}]}},"_links":{"self":[{"href":"https:\/\/www.iplay.com\/de\/wp-json\/wp\/v2\/product\/130347","targetHints":{"allow":["GET"]}}],"collection":[{"href":"https:\/\/www.iplay.com\/de\/wp-json\/wp\/v2\/product"}],"about":[{"href":"https:\/\/www.iplay.com\/de\/wp-json\/wp\/v2\/types\/product"}],"author":[{"embeddable":true,"href":"https:\/\/www.iplay.com\/de\/wp-json\/wp\/v2\/users\/18"}],"replies":[{"embeddable":true,"href":"https:\/\/www.iplay.com\/de\/wp-json\/wp\/v2\/comments?post=130347"}],"wp:featuredmedia":[{"embeddable":true,"href":"https:\/\/www.iplay.com\/de\/wp-json\/wp\/v2\/media\/72838"}],"wp:attachment":[{"href":"https:\/\/www.iplay.com\/de\/wp-json\/wp\/v2\/media?parent=130347"}],"wp:term":[{"taxonomy":"product_brand","embeddable":true,"href":"https:\/\/www.iplay.com\/de\/wp-json\/wp\/v2\/product_brand?post=130347"},{"taxonomy":"product_cat","embeddable":true,"href":"https:\/\/www.iplay.com\/de\/wp-json\/wp\/v2\/product_cat?post=130347"},{"taxonomy":"product_tag","embeddable":true,"href":"https:\/\/www.iplay.com\/de\/wp-json\/wp\/v2\/product_tag?post=130347"}],"curies":[{"name":"wp","href":"https:\/\/api.w.org\/{rel}","templated":true}]}}