{"id":130345,"date":"2023-07-07T00:00:01","date_gmt":"2023-07-07T00:00:01","guid":{"rendered":"https:\/\/www.iplay.com\/games\/criminal-archives-alphabetic-murders-ce\/"},"modified":"2023-07-07T00:00:01","modified_gmt":"2023-07-07T00:00:01","slug":"criminal-archives-alphabetic-murders-ce","status":"publish","type":"product","link":"https:\/\/www.iplay.com\/de\/games\/criminal-archives-alphabetic-murders-ce\/","title":{"rendered":"Criminal Archives: Alphabetic Murders CE"},"content":{"rendered":"<p>Es gibt Situationen, in denen viel mehr passiert, als auf den ersten Blick scheint, und Pannen sind keineswegs unbeabsichtigt. Genie\u00dfen Sie faszinierende polizeiliche Ermittlungen und entdecken Sie, dass die F\u00e4higkeit, l\u00e4nger als f\u00fcnf Sekunden ohne nachzudenken zu handeln, und die St\u00e4rke des eigenen Charakters hervorragende Detektive von schrecklichen unterscheiden. Besitzen Sie diese Eigenschaften? Eine \u00f6rtliche Polizistin namens Melinda Watson kommt auf Sie zu, um Sie um Hilfe bei einem Fall zu bitten. Sobald man anf\u00e4ngt, an dem Fall zu arbeiten, findet man neue Beweise, die die drei Morde miteinander in Verbindung bringen. Sie waren entweder Gesch\u00e4ftspartner oder Bekannte. Die Tatsache, dass diese Todesf\u00e4lle nicht zuf\u00e4llig sind, wird immer deutlicher, je weiter man kommt. Du siehst, wie ein maskierter Mann in die Wohnung eines der Opfer einbricht und seine Dokumente mitnimmt. Norma, seine Frau, ist schockiert und sagt, sie habe nicht gewusst, dass ihr Mann so wichtige Dokumente hat. Sind Sie in der Lage, zwischen Wahrheit und L\u00fcge zu unterscheiden? Setze dich zusammen f\u00fcr einen spannenden Detektiv-Thriller in diesem brandneuen, herzzerrei\u00dfenden Wimmelbild-Abenteuer!          <\/p>\n<p>&nbsp;<\/p>\n<p>&nbsp;<\/p>\n<p><strong>Funktionen:<\/strong><\/p>\n<p>&nbsp;<\/p>\n<p>&#8211; Bonus-Kapitel. Du hast Zugang zu weiteren Missionen, die dich fesseln und deine investigativen F\u00e4higkeiten herausfordern werden, sobald du die Hauptgeschichte abgeschlossen hast! Du musst dich mit der unerwarteten Allergie einer ber\u00fchmten Person auseinandersetzen, nachdem sie ein Kleid anprobiert hat, und deinen Freund vor unbegr\u00fcndeten Anschuldigungen sch\u00fctzen!  <\/p>\n<p>&#8211; Eine umfangreiche Reihe von Erfolgen! Mach dich bereit f\u00fcr spannende R\u00e4tsel, schwierige Minispiele und jede Menge Wimmelbilder! Eine Menge Auszeichnungen, die deine Errungenschaften hervorheben, werden dir geh\u00f6ren, wenn du dich wie ein echter Ermittler verh\u00e4ltst!  <\/p>\n<p>&#8211; Eine fesselnde Handlung! Investieren Sie Ihre Freizeit in die Welt der Detektive! Du wirst von der sich st\u00e4ndig weiterentwickelnden Handlung, der Stimmung, den R\u00e4tseln oder irgendetwas anderem der Geschichte nicht entt\u00e4uscht sein!  <\/p>\n<p>&#8211; Akzente! Erkunde jeden lebendigen Ort nach verborgenen Sch\u00e4tzen und Artefakten. Zeigen Sie, wie wertvoll Ihre Recherchef\u00e4higkeiten sind!<\/p>\n","protected":false},"excerpt":{"rendered":"<p>Setz dir deine Denkkappe auf f\u00fcr eine spannende Detektivgeschichte! mit Alphabetic Murders: Criminal Archives, CE<\/p>\n","protected":false},"author":52,"featured_media":72822,"comment_status":"open","ping_status":"closed","template":"","meta":{"_acf_changed":false,"inline_featured_image":false},"product_brand":[],"product_cat":[164],"product_tag":[289],"class_list":{"0":"post-130345","1":"product","2":"type-product","3":"status-publish","4":"has-post-thumbnail","6":"product_cat-hidden-object-de","7":"product_tag-play-on-pc-de","9":"first","10":"instock","11":"shipping-taxable","12":"purchasable","13":"product-type-simple"},"acf":[],"yoast_head":"<!-- This site is optimized with the Yoast SEO Premium plugin v25.2 (Yoast SEO v25.2) - https:\/\/yoast.com\/wordpress\/plugins\/seo\/ -->\n<title>Criminal Archives: Alphabetic Murders CE - Sammle deinen Verstand f\u00fcr einen spannenden Krimi<\/title>\n<meta name=\"description\" content=\"Setz dir deine Denkkappe auf f\u00fcr eine spannende Detektivgeschichte! mit Alphabetic Murders: Criminal Archives, CE\" \/>\n<meta name=\"robots\" content=\"index, follow, max-snippet:-1, max-image-preview:large, max-video-preview:-1\" \/>\n<link rel=\"canonical\" href=\"https:\/\/www.iplay.com\/de\/games\/criminal-archives-alphabetic-murders-ce\/\" \/>\n<meta property=\"og:locale\" content=\"de_DE\" \/>\n<meta property=\"og:type\" content=\"article\" \/>\n<meta property=\"og:title\" content=\"Criminal Archives: Alphabetic Murders CE\" \/>\n<meta property=\"og:description\" content=\"Setz dir deine Denkkappe auf f\u00fcr eine spannende Detektivgeschichte! mit Alphabetic Murders: Criminal Archives, CE\" \/>\n<meta property=\"og:url\" content=\"https:\/\/www.iplay.com\/de\/games\/criminal-archives-alphabetic-murders-ce\/\" \/>\n<meta property=\"og:site_name\" content=\"IPlay\" \/>\n<meta property=\"og:image\" content=\"https:\/\/www.iplay.com\/wp-content\/uploads\/2023\/12\/large_square_tile_image-2043.jpg\" \/>\n\t<meta property=\"og:image:width\" content=\"310\" \/>\n\t<meta property=\"og:image:height\" content=\"310\" \/>\n\t<meta property=\"og:image:type\" content=\"image\/jpeg\" \/>\n<meta name=\"twitter:card\" content=\"summary_large_image\" \/>\n<meta name=\"twitter:label1\" content=\"Gesch\u00e4tzte Lesezeit\" \/>\n\t<meta name=\"twitter:data1\" content=\"2 Minuten\" \/>\n<script type=\"application\/ld+json\" class=\"yoast-schema-graph\">{\"@context\":\"https:\/\/schema.org\",\"@graph\":[{\"@type\":\"WebPage\",\"@id\":\"https:\/\/www.iplay.com\/de\/games\/criminal-archives-alphabetic-murders-ce\/\",\"url\":\"https:\/\/www.iplay.com\/de\/games\/criminal-archives-alphabetic-murders-ce\/\",\"name\":\"Criminal Archives: Alphabetic Murders CE - Sammle deinen Verstand f\u00fcr einen spannenden Krimi\",\"isPartOf\":{\"@id\":\"https:\/\/www.iplay.com\/en\/#website\"},\"primaryImageOfPage\":{\"@id\":\"https:\/\/www.iplay.com\/de\/games\/criminal-archives-alphabetic-murders-ce\/#primaryimage\"},\"image\":{\"@id\":\"https:\/\/www.iplay.com\/de\/games\/criminal-archives-alphabetic-murders-ce\/#primaryimage\"},\"thumbnailUrl\":\"https:\/\/www.iplay.com\/wp-content\/uploads\/2023\/12\/large_square_tile_image-2043.jpg\",\"datePublished\":\"2023-07-07T00:00:01+00:00\",\"description\":\"Setz dir deine Denkkappe auf f\u00fcr eine spannende Detektivgeschichte! mit Alphabetic Murders: Criminal Archives, CE\",\"breadcrumb\":{\"@id\":\"https:\/\/www.iplay.com\/de\/games\/criminal-archives-alphabetic-murders-ce\/#breadcrumb\"},\"inLanguage\":\"de-DE\",\"potentialAction\":[{\"@type\":\"ReadAction\",\"target\":[\"https:\/\/www.iplay.com\/de\/games\/criminal-archives-alphabetic-murders-ce\/\"]}]},{\"@type\":\"ImageObject\",\"inLanguage\":\"de-DE\",\"@id\":\"https:\/\/www.iplay.com\/de\/games\/criminal-archives-alphabetic-murders-ce\/#primaryimage\",\"url\":\"https:\/\/www.iplay.com\/wp-content\/uploads\/2023\/12\/large_square_tile_image-2043.jpg\",\"contentUrl\":\"https:\/\/www.iplay.com\/wp-content\/uploads\/2023\/12\/large_square_tile_image-2043.jpg\",\"width\":310,\"height\":310},{\"@type\":\"BreadcrumbList\",\"@id\":\"https:\/\/www.iplay.com\/de\/games\/criminal-archives-alphabetic-murders-ce\/#breadcrumb\",\"itemListElement\":[{\"@type\":\"ListItem\",\"position\":1,\"name\":\"Home\",\"item\":\"https:\/\/www.iplay.com\/de\/home-page-2\/\"},{\"@type\":\"ListItem\",\"position\":2,\"name\":\"Shop\",\"item\":\"https:\/\/www.iplay.com\/en\/shop\/\"},{\"@type\":\"ListItem\",\"position\":3,\"name\":\"Criminal Archives: Alphabetic Murders CE\"}]},{\"@type\":\"WebSite\",\"@id\":\"https:\/\/www.iplay.com\/en\/#website\",\"url\":\"https:\/\/www.iplay.com\/en\/\",\"name\":\"IPlay\",\"description\":\"The Best Casual Games!\",\"publisher\":{\"@id\":\"https:\/\/www.iplay.com\/en\/#organization\"},\"potentialAction\":[{\"@type\":\"SearchAction\",\"target\":{\"@type\":\"EntryPoint\",\"urlTemplate\":\"https:\/\/www.iplay.com\/en\/?s={search_term_string}\"},\"query-input\":{\"@type\":\"PropertyValueSpecification\",\"valueRequired\":true,\"valueName\":\"search_term_string\"}}],\"inLanguage\":\"de-DE\"},{\"@type\":\"Organization\",\"@id\":\"https:\/\/www.iplay.com\/en\/#organization\",\"name\":\"IPlay\",\"url\":\"https:\/\/www.iplay.com\/en\/\",\"logo\":{\"@type\":\"ImageObject\",\"inLanguage\":\"de-DE\",\"@id\":\"https:\/\/www.iplay.com\/en\/#\/schema\/logo\/image\/\",\"url\":\"https:\/\/www.iplay.com\/wp-content\/uploads\/2023\/11\/Group-6100.svg\",\"contentUrl\":\"https:\/\/www.iplay.com\/wp-content\/uploads\/2023\/11\/Group-6100.svg\",\"width\":98,\"height\":25,\"caption\":\"IPlay\"},\"image\":{\"@id\":\"https:\/\/www.iplay.com\/en\/#\/schema\/logo\/image\/\"}}]}<\/script>\n<!-- \/ Yoast SEO Premium plugin. -->","yoast_head_json":{"title":"Criminal Archives: Alphabetic Murders CE - Sammle deinen Verstand f\u00fcr einen spannenden Krimi","description":"Setz dir deine Denkkappe auf f\u00fcr eine spannende Detektivgeschichte! mit Alphabetic Murders: Criminal Archives, CE","robots":{"index":"index","follow":"follow","max-snippet":"max-snippet:-1","max-image-preview":"max-image-preview:large","max-video-preview":"max-video-preview:-1"},"canonical":"https:\/\/www.iplay.com\/de\/games\/criminal-archives-alphabetic-murders-ce\/","og_locale":"de_DE","og_type":"article","og_title":"Criminal Archives: Alphabetic Murders CE","og_description":"Setz dir deine Denkkappe auf f\u00fcr eine spannende Detektivgeschichte! mit Alphabetic Murders: Criminal Archives, CE","og_url":"https:\/\/www.iplay.com\/de\/games\/criminal-archives-alphabetic-murders-ce\/","og_site_name":"IPlay","og_image":[{"width":310,"height":310,"url":"https:\/\/www.iplay.com\/wp-content\/uploads\/2023\/12\/large_square_tile_image-2043.jpg","type":"image\/jpeg"}],"twitter_card":"summary_large_image","twitter_misc":{"Gesch\u00e4tzte Lesezeit":"2 Minuten"},"schema":{"@context":"https:\/\/schema.org","@graph":[{"@type":"WebPage","@id":"https:\/\/www.iplay.com\/de\/games\/criminal-archives-alphabetic-murders-ce\/","url":"https:\/\/www.iplay.com\/de\/games\/criminal-archives-alphabetic-murders-ce\/","name":"Criminal Archives: Alphabetic Murders CE - Sammle deinen Verstand f\u00fcr einen spannenden Krimi","isPartOf":{"@id":"https:\/\/www.iplay.com\/en\/#website"},"primaryImageOfPage":{"@id":"https:\/\/www.iplay.com\/de\/games\/criminal-archives-alphabetic-murders-ce\/#primaryimage"},"image":{"@id":"https:\/\/www.iplay.com\/de\/games\/criminal-archives-alphabetic-murders-ce\/#primaryimage"},"thumbnailUrl":"https:\/\/www.iplay.com\/wp-content\/uploads\/2023\/12\/large_square_tile_image-2043.jpg","datePublished":"2023-07-07T00:00:01+00:00","description":"Setz dir deine Denkkappe auf f\u00fcr eine spannende Detektivgeschichte! mit Alphabetic Murders: Criminal Archives, CE","breadcrumb":{"@id":"https:\/\/www.iplay.com\/de\/games\/criminal-archives-alphabetic-murders-ce\/#breadcrumb"},"inLanguage":"de-DE","potentialAction":[{"@type":"ReadAction","target":["https:\/\/www.iplay.com\/de\/games\/criminal-archives-alphabetic-murders-ce\/"]}]},{"@type":"ImageObject","inLanguage":"de-DE","@id":"https:\/\/www.iplay.com\/de\/games\/criminal-archives-alphabetic-murders-ce\/#primaryimage","url":"https:\/\/www.iplay.com\/wp-content\/uploads\/2023\/12\/large_square_tile_image-2043.jpg","contentUrl":"https:\/\/www.iplay.com\/wp-content\/uploads\/2023\/12\/large_square_tile_image-2043.jpg","width":310,"height":310},{"@type":"BreadcrumbList","@id":"https:\/\/www.iplay.com\/de\/games\/criminal-archives-alphabetic-murders-ce\/#breadcrumb","itemListElement":[{"@type":"ListItem","position":1,"name":"Home","item":"https:\/\/www.iplay.com\/de\/home-page-2\/"},{"@type":"ListItem","position":2,"name":"Shop","item":"https:\/\/www.iplay.com\/en\/shop\/"},{"@type":"ListItem","position":3,"name":"Criminal Archives: Alphabetic Murders CE"}]},{"@type":"WebSite","@id":"https:\/\/www.iplay.com\/en\/#website","url":"https:\/\/www.iplay.com\/en\/","name":"IPlay","description":"The Best Casual Games!","publisher":{"@id":"https:\/\/www.iplay.com\/en\/#organization"},"potentialAction":[{"@type":"SearchAction","target":{"@type":"EntryPoint","urlTemplate":"https:\/\/www.iplay.com\/en\/?s={search_term_string}"},"query-input":{"@type":"PropertyValueSpecification","valueRequired":true,"valueName":"search_term_string"}}],"inLanguage":"de-DE"},{"@type":"Organization","@id":"https:\/\/www.iplay.com\/en\/#organization","name":"IPlay","url":"https:\/\/www.iplay.com\/en\/","logo":{"@type":"ImageObject","inLanguage":"de-DE","@id":"https:\/\/www.iplay.com\/en\/#\/schema\/logo\/image\/","url":"https:\/\/www.iplay.com\/wp-content\/uploads\/2023\/11\/Group-6100.svg","contentUrl":"https:\/\/www.iplay.com\/wp-content\/uploads\/2023\/11\/Group-6100.svg","width":98,"height":25,"caption":"IPlay"},"image":{"@id":"https:\/\/www.iplay.com\/en\/#\/schema\/logo\/image\/"}}]}},"_links":{"self":[{"href":"https:\/\/www.iplay.com\/de\/wp-json\/wp\/v2\/product\/130345","targetHints":{"allow":["GET"]}}],"collection":[{"href":"https:\/\/www.iplay.com\/de\/wp-json\/wp\/v2\/product"}],"about":[{"href":"https:\/\/www.iplay.com\/de\/wp-json\/wp\/v2\/types\/product"}],"author":[{"embeddable":true,"href":"https:\/\/www.iplay.com\/de\/wp-json\/wp\/v2\/users\/52"}],"replies":[{"embeddable":true,"href":"https:\/\/www.iplay.com\/de\/wp-json\/wp\/v2\/comments?post=130345"}],"wp:featuredmedia":[{"embeddable":true,"href":"https:\/\/www.iplay.com\/de\/wp-json\/wp\/v2\/media\/72822"}],"wp:attachment":[{"href":"https:\/\/www.iplay.com\/de\/wp-json\/wp\/v2\/media?parent=130345"}],"wp:term":[{"taxonomy":"product_brand","embeddable":true,"href":"https:\/\/www.iplay.com\/de\/wp-json\/wp\/v2\/product_brand?post=130345"},{"taxonomy":"product_cat","embeddable":true,"href":"https:\/\/www.iplay.com\/de\/wp-json\/wp\/v2\/product_cat?post=130345"},{"taxonomy":"product_tag","embeddable":true,"href":"https:\/\/www.iplay.com\/de\/wp-json\/wp\/v2\/product_tag?post=130345"}],"curies":[{"name":"wp","href":"https:\/\/api.w.org\/{rel}","templated":true}]}}