{"id":130332,"date":"2023-07-05T00:00:00","date_gmt":"2023-07-05T00:00:00","guid":{"rendered":"https:\/\/www.iplay.com\/games\/mystery-solitaire-the-black-raven-5\/"},"modified":"2023-07-05T00:00:00","modified_gmt":"2023-07-05T00:00:00","slug":"mystery-solitaire-the-black-raven-5","status":"publish","type":"product","link":"https:\/\/www.iplay.com\/de\/games\/mystery-solitaire-the-black-raven-5\/","title":{"rendered":"Mystery Solitaire &#8211; The Black Raven 5"},"content":{"rendered":"<p>Es sind mysteri\u00f6se und d\u00fcstere Zeiten. Es gibt 200 herausfordernde Levels in diesem b\u00f6sen Solit\u00e4rspiel. Vervollst\u00e4ndige jedes Solit\u00e4r, indem du die Karten nacheinander sammelst. Es gibt 200 Levels im Spiel, die auf 20 Orte verteilt sind. Du wirst endlose Stunden damit verbringen, dich von einer gro\u00dfen Anzahl von Levels unterhalten zu lassen! Deine Gerissenheit wird durch den Schwierigkeitsgrad der Levels und die ungew\u00f6hnliche Balance des Spiels auf die Probe gestellt. F\u00fcr diejenigen, die Solit\u00e4r m\u00f6gen, ist dies ein echter Test!      <\/p>\n<p>&nbsp;<\/p>\n<p>&nbsp;<\/p>\n<p><strong>  Funktionen:<\/strong><\/p>\n<p>&nbsp;<\/p>\n<p>&#8211; 200 Levels an 20 Orten<br \/>\n &#8211; Solit\u00e4r-Kartenspiel: Konstruiere eine Kartenkette! Verlassen Sie sich auf den Joker, wenn Sie gestrandet sind.<br \/>\n&#8211; Du erh\u00e4ltst zus\u00e4tzliche M\u00fcnzen, wenn du eine Multiplikator-Kombination hast! F\u00fcnfzehn r\u00e4tselhafte Geschenke! Es gibt 12 thematische Karten und 12 Kartenshirt-Stile!<\/p>\n","protected":false},"excerpt":{"rendered":"<p>Mit 200 herausfordernden Levels ist Mystery Solitaire: The Black Raven 5 eine gro\u00dfe Herausforderung f\u00fcr Solit\u00e4r-Enthusiasten.<\/p>\n","protected":false},"author":13,"featured_media":72870,"comment_status":"open","ping_status":"closed","template":"","meta":{"_acf_changed":false,"inline_featured_image":false},"product_brand":[],"product_cat":[157,206],"product_tag":[289],"class_list":{"0":"post-130332","1":"product","2":"type-product","3":"status-publish","4":"has-post-thumbnail","6":"product_cat-card-de-2","7":"product_cat-solitaire-de","8":"product_tag-play-on-pc-de","10":"first","11":"instock","12":"shipping-taxable","13":"purchasable","14":"product-type-simple"},"acf":[],"yoast_head":"<!-- This site is optimized with the Yoast SEO Premium plugin v25.2 (Yoast SEO v25.2) - https:\/\/yoast.com\/wordpress\/plugins\/seo\/ -->\n<title>Mystery Solitaire - The Black Raven 5 - 200 herausfordernde Levels<\/title>\n<meta name=\"description\" content=\"Mit 200 herausfordernden Levels ist Mystery Solitaire: The Black Raven 5 eine gro\u00dfe Herausforderung f\u00fcr Solit\u00e4r-Enthusiasten.\" \/>\n<meta name=\"robots\" content=\"index, follow, max-snippet:-1, max-image-preview:large, max-video-preview:-1\" \/>\n<link rel=\"canonical\" href=\"https:\/\/www.iplay.com\/de\/games\/mystery-solitaire-the-black-raven-5\/\" \/>\n<meta property=\"og:locale\" content=\"de_DE\" \/>\n<meta property=\"og:type\" content=\"article\" \/>\n<meta property=\"og:title\" content=\"Mystery Solitaire - The Black Raven 5\" \/>\n<meta property=\"og:description\" content=\"Mit 200 herausfordernden Levels ist Mystery Solitaire: The Black Raven 5 eine gro\u00dfe Herausforderung f\u00fcr Solit\u00e4r-Enthusiasten.\" \/>\n<meta property=\"og:url\" content=\"https:\/\/www.iplay.com\/de\/games\/mystery-solitaire-the-black-raven-5\/\" \/>\n<meta property=\"og:site_name\" content=\"IPlay\" \/>\n<meta property=\"og:image\" content=\"https:\/\/www.iplay.com\/wp-content\/uploads\/2023\/12\/large_square_tile_image-2046.jpg\" \/>\n\t<meta property=\"og:image:width\" content=\"310\" \/>\n\t<meta property=\"og:image:height\" content=\"310\" \/>\n\t<meta property=\"og:image:type\" content=\"image\/jpeg\" \/>\n<meta name=\"twitter:card\" content=\"summary_large_image\" \/>\n<meta name=\"twitter:label1\" content=\"Gesch\u00e4tzte Lesezeit\" \/>\n\t<meta name=\"twitter:data1\" content=\"1 Minute\" \/>\n<script type=\"application\/ld+json\" class=\"yoast-schema-graph\">{\"@context\":\"https:\/\/schema.org\",\"@graph\":[{\"@type\":\"WebPage\",\"@id\":\"https:\/\/www.iplay.com\/de\/games\/mystery-solitaire-the-black-raven-5\/\",\"url\":\"https:\/\/www.iplay.com\/de\/games\/mystery-solitaire-the-black-raven-5\/\",\"name\":\"Mystery Solitaire - The Black Raven 5 - 200 herausfordernde Levels\",\"isPartOf\":{\"@id\":\"https:\/\/www.iplay.com\/en\/#website\"},\"primaryImageOfPage\":{\"@id\":\"https:\/\/www.iplay.com\/de\/games\/mystery-solitaire-the-black-raven-5\/#primaryimage\"},\"image\":{\"@id\":\"https:\/\/www.iplay.com\/de\/games\/mystery-solitaire-the-black-raven-5\/#primaryimage\"},\"thumbnailUrl\":\"https:\/\/www.iplay.com\/wp-content\/uploads\/2023\/12\/large_square_tile_image-2046.jpg\",\"datePublished\":\"2023-07-05T00:00:00+00:00\",\"description\":\"Mit 200 herausfordernden Levels ist Mystery Solitaire: The Black Raven 5 eine gro\u00dfe Herausforderung f\u00fcr Solit\u00e4r-Enthusiasten.\",\"breadcrumb\":{\"@id\":\"https:\/\/www.iplay.com\/de\/games\/mystery-solitaire-the-black-raven-5\/#breadcrumb\"},\"inLanguage\":\"de-DE\",\"potentialAction\":[{\"@type\":\"ReadAction\",\"target\":[\"https:\/\/www.iplay.com\/de\/games\/mystery-solitaire-the-black-raven-5\/\"]}]},{\"@type\":\"ImageObject\",\"inLanguage\":\"de-DE\",\"@id\":\"https:\/\/www.iplay.com\/de\/games\/mystery-solitaire-the-black-raven-5\/#primaryimage\",\"url\":\"https:\/\/www.iplay.com\/wp-content\/uploads\/2023\/12\/large_square_tile_image-2046.jpg\",\"contentUrl\":\"https:\/\/www.iplay.com\/wp-content\/uploads\/2023\/12\/large_square_tile_image-2046.jpg\",\"width\":310,\"height\":310},{\"@type\":\"BreadcrumbList\",\"@id\":\"https:\/\/www.iplay.com\/de\/games\/mystery-solitaire-the-black-raven-5\/#breadcrumb\",\"itemListElement\":[{\"@type\":\"ListItem\",\"position\":1,\"name\":\"Home\",\"item\":\"https:\/\/www.iplay.com\/de\/home-page-2\/\"},{\"@type\":\"ListItem\",\"position\":2,\"name\":\"Shop\",\"item\":\"https:\/\/www.iplay.com\/en\/shop\/\"},{\"@type\":\"ListItem\",\"position\":3,\"name\":\"Mystery Solitaire &#8211; The Black Raven 5\"}]},{\"@type\":\"WebSite\",\"@id\":\"https:\/\/www.iplay.com\/en\/#website\",\"url\":\"https:\/\/www.iplay.com\/en\/\",\"name\":\"IPlay\",\"description\":\"The Best Casual Games!\",\"publisher\":{\"@id\":\"https:\/\/www.iplay.com\/en\/#organization\"},\"potentialAction\":[{\"@type\":\"SearchAction\",\"target\":{\"@type\":\"EntryPoint\",\"urlTemplate\":\"https:\/\/www.iplay.com\/en\/?s={search_term_string}\"},\"query-input\":{\"@type\":\"PropertyValueSpecification\",\"valueRequired\":true,\"valueName\":\"search_term_string\"}}],\"inLanguage\":\"de-DE\"},{\"@type\":\"Organization\",\"@id\":\"https:\/\/www.iplay.com\/en\/#organization\",\"name\":\"IPlay\",\"url\":\"https:\/\/www.iplay.com\/en\/\",\"logo\":{\"@type\":\"ImageObject\",\"inLanguage\":\"de-DE\",\"@id\":\"https:\/\/www.iplay.com\/en\/#\/schema\/logo\/image\/\",\"url\":\"https:\/\/www.iplay.com\/wp-content\/uploads\/2023\/11\/Group-6100.svg\",\"contentUrl\":\"https:\/\/www.iplay.com\/wp-content\/uploads\/2023\/11\/Group-6100.svg\",\"width\":98,\"height\":25,\"caption\":\"IPlay\"},\"image\":{\"@id\":\"https:\/\/www.iplay.com\/en\/#\/schema\/logo\/image\/\"}}]}<\/script>\n<!-- \/ Yoast SEO Premium plugin. -->","yoast_head_json":{"title":"Mystery Solitaire - The Black Raven 5 - 200 herausfordernde Levels","description":"Mit 200 herausfordernden Levels ist Mystery Solitaire: The Black Raven 5 eine gro\u00dfe Herausforderung f\u00fcr Solit\u00e4r-Enthusiasten.","robots":{"index":"index","follow":"follow","max-snippet":"max-snippet:-1","max-image-preview":"max-image-preview:large","max-video-preview":"max-video-preview:-1"},"canonical":"https:\/\/www.iplay.com\/de\/games\/mystery-solitaire-the-black-raven-5\/","og_locale":"de_DE","og_type":"article","og_title":"Mystery Solitaire - The Black Raven 5","og_description":"Mit 200 herausfordernden Levels ist Mystery Solitaire: The Black Raven 5 eine gro\u00dfe Herausforderung f\u00fcr Solit\u00e4r-Enthusiasten.","og_url":"https:\/\/www.iplay.com\/de\/games\/mystery-solitaire-the-black-raven-5\/","og_site_name":"IPlay","og_image":[{"width":310,"height":310,"url":"https:\/\/www.iplay.com\/wp-content\/uploads\/2023\/12\/large_square_tile_image-2046.jpg","type":"image\/jpeg"}],"twitter_card":"summary_large_image","twitter_misc":{"Gesch\u00e4tzte Lesezeit":"1 Minute"},"schema":{"@context":"https:\/\/schema.org","@graph":[{"@type":"WebPage","@id":"https:\/\/www.iplay.com\/de\/games\/mystery-solitaire-the-black-raven-5\/","url":"https:\/\/www.iplay.com\/de\/games\/mystery-solitaire-the-black-raven-5\/","name":"Mystery Solitaire - The Black Raven 5 - 200 herausfordernde Levels","isPartOf":{"@id":"https:\/\/www.iplay.com\/en\/#website"},"primaryImageOfPage":{"@id":"https:\/\/www.iplay.com\/de\/games\/mystery-solitaire-the-black-raven-5\/#primaryimage"},"image":{"@id":"https:\/\/www.iplay.com\/de\/games\/mystery-solitaire-the-black-raven-5\/#primaryimage"},"thumbnailUrl":"https:\/\/www.iplay.com\/wp-content\/uploads\/2023\/12\/large_square_tile_image-2046.jpg","datePublished":"2023-07-05T00:00:00+00:00","description":"Mit 200 herausfordernden Levels ist Mystery Solitaire: The Black Raven 5 eine gro\u00dfe Herausforderung f\u00fcr Solit\u00e4r-Enthusiasten.","breadcrumb":{"@id":"https:\/\/www.iplay.com\/de\/games\/mystery-solitaire-the-black-raven-5\/#breadcrumb"},"inLanguage":"de-DE","potentialAction":[{"@type":"ReadAction","target":["https:\/\/www.iplay.com\/de\/games\/mystery-solitaire-the-black-raven-5\/"]}]},{"@type":"ImageObject","inLanguage":"de-DE","@id":"https:\/\/www.iplay.com\/de\/games\/mystery-solitaire-the-black-raven-5\/#primaryimage","url":"https:\/\/www.iplay.com\/wp-content\/uploads\/2023\/12\/large_square_tile_image-2046.jpg","contentUrl":"https:\/\/www.iplay.com\/wp-content\/uploads\/2023\/12\/large_square_tile_image-2046.jpg","width":310,"height":310},{"@type":"BreadcrumbList","@id":"https:\/\/www.iplay.com\/de\/games\/mystery-solitaire-the-black-raven-5\/#breadcrumb","itemListElement":[{"@type":"ListItem","position":1,"name":"Home","item":"https:\/\/www.iplay.com\/de\/home-page-2\/"},{"@type":"ListItem","position":2,"name":"Shop","item":"https:\/\/www.iplay.com\/en\/shop\/"},{"@type":"ListItem","position":3,"name":"Mystery Solitaire &#8211; The Black Raven 5"}]},{"@type":"WebSite","@id":"https:\/\/www.iplay.com\/en\/#website","url":"https:\/\/www.iplay.com\/en\/","name":"IPlay","description":"The Best Casual Games!","publisher":{"@id":"https:\/\/www.iplay.com\/en\/#organization"},"potentialAction":[{"@type":"SearchAction","target":{"@type":"EntryPoint","urlTemplate":"https:\/\/www.iplay.com\/en\/?s={search_term_string}"},"query-input":{"@type":"PropertyValueSpecification","valueRequired":true,"valueName":"search_term_string"}}],"inLanguage":"de-DE"},{"@type":"Organization","@id":"https:\/\/www.iplay.com\/en\/#organization","name":"IPlay","url":"https:\/\/www.iplay.com\/en\/","logo":{"@type":"ImageObject","inLanguage":"de-DE","@id":"https:\/\/www.iplay.com\/en\/#\/schema\/logo\/image\/","url":"https:\/\/www.iplay.com\/wp-content\/uploads\/2023\/11\/Group-6100.svg","contentUrl":"https:\/\/www.iplay.com\/wp-content\/uploads\/2023\/11\/Group-6100.svg","width":98,"height":25,"caption":"IPlay"},"image":{"@id":"https:\/\/www.iplay.com\/en\/#\/schema\/logo\/image\/"}}]}},"_links":{"self":[{"href":"https:\/\/www.iplay.com\/de\/wp-json\/wp\/v2\/product\/130332","targetHints":{"allow":["GET"]}}],"collection":[{"href":"https:\/\/www.iplay.com\/de\/wp-json\/wp\/v2\/product"}],"about":[{"href":"https:\/\/www.iplay.com\/de\/wp-json\/wp\/v2\/types\/product"}],"author":[{"embeddable":true,"href":"https:\/\/www.iplay.com\/de\/wp-json\/wp\/v2\/users\/13"}],"replies":[{"embeddable":true,"href":"https:\/\/www.iplay.com\/de\/wp-json\/wp\/v2\/comments?post=130332"}],"wp:featuredmedia":[{"embeddable":true,"href":"https:\/\/www.iplay.com\/de\/wp-json\/wp\/v2\/media\/72870"}],"wp:attachment":[{"href":"https:\/\/www.iplay.com\/de\/wp-json\/wp\/v2\/media?parent=130332"}],"wp:term":[{"taxonomy":"product_brand","embeddable":true,"href":"https:\/\/www.iplay.com\/de\/wp-json\/wp\/v2\/product_brand?post=130332"},{"taxonomy":"product_cat","embeddable":true,"href":"https:\/\/www.iplay.com\/de\/wp-json\/wp\/v2\/product_cat?post=130332"},{"taxonomy":"product_tag","embeddable":true,"href":"https:\/\/www.iplay.com\/de\/wp-json\/wp\/v2\/product_tag?post=130332"}],"curies":[{"name":"wp","href":"https:\/\/api.w.org\/{rel}","templated":true}]}}