{"id":130279,"date":"2023-06-21T00:00:00","date_gmt":"2023-06-21T00:00:00","guid":{"rendered":"https:\/\/www.iplay.com\/games\/mystery-case-files-the-last-resort-ce\/"},"modified":"2023-06-21T00:00:00","modified_gmt":"2023-06-21T00:00:00","slug":"mystery-case-files-the-last-resort-ce","status":"publish","type":"product","link":"https:\/\/www.iplay.com\/de\/games\/mystery-case-files-the-last-resort-ce\/","title":{"rendered":"Mystery Case Files: The Last Resort CE"},"content":{"rendered":"<p>Bist du bereit f\u00fcr den n\u00e4chsten spannenden Fall in der beliebten Mystery Case Files-Reihe? Nach Ihrer letzten Instanz hat Ihnen der Arzt einen Skiurlaub verschrieben, aber das ist nicht irgendein Urlaub! Schl\u00fcpfe wieder in die Rolle des stets skrupellosen Meisterdetektivs auf dieser erstaunlichen neuen Reise, die dich in die W\u00e4lder und \u00fcber die friedliche Stadt Mountain View hinaus f\u00fchrt, auf der Suche nach einer Gruppe vermisster Besucher, zu denen auch ein Mitglied der k\u00f6niglichen Familie geh\u00f6rt. Seien Sie nur vorsichtig! Ein weniger erfahrener Detektiv k\u00f6nnte verr\u00fcckt werden, wenn er von den schrecklichen Wahrheiten erf\u00e4hrt, die in der Stadt, im Hotel und sogar auf dem Berg selbst verborgen sind. Detektiv, du wirst jedes K\u00f6nnen brauchen, um diesen Fall zu l\u00f6sen! Machen Sie sich bereit, mit diesem aufregenden neuen HOPA auf die Piste zu gehen.      <\/p>\n<p>&nbsp;<\/p>\n<p>&nbsp;<\/p>\n<p><strong>Funktionen:<\/strong><\/p>\n<p>&nbsp;<\/p>\n<p>&#8211; Besuche den t\u00f6dlichen Berghang noch einmal im Extrakapitel!<\/p>\n<p>&#8211; Nutze den Strategieleitfaden, um dich in der Wildnis zurechtzufinden!<\/p>\n<p>&#8211; Finde Puzzle-Sammelobjekte, um das Bonusr\u00e4tsel zu l\u00f6sen und Erfolge zu erzielen!<\/p>\n<p>&#8211; Musik und Hintergrundbilder, die heruntergeladen werden k\u00f6nnen, um das Geheimnis ins Innere zu bringen!<\/p>\n","protected":false},"excerpt":{"rendered":"<p>Es gibt nur kein Telefon, kein Internet! Entdecken Eine dunkle Vergangenheit verbirgt sich in einem Skigebiet! <\/p>\n","protected":false},"author":17,"featured_media":73062,"comment_status":"open","ping_status":"closed","template":"","meta":{"_acf_changed":false,"inline_featured_image":false},"product_brand":[],"product_cat":[164],"product_tag":[289],"class_list":{"0":"post-130279","1":"product","2":"type-product","3":"status-publish","4":"has-post-thumbnail","6":"product_cat-hidden-object-de","7":"product_tag-play-on-pc-de","9":"first","10":"instock","11":"shipping-taxable","12":"purchasable","13":"product-type-simple"},"acf":[],"yoast_head":"<!-- This site is optimized with the Yoast SEO Premium plugin v25.2 (Yoast SEO v25.2) - https:\/\/yoast.com\/wordpress\/plugins\/seo\/ -->\n<title>Mystery Case Files: The Last Resort CE - Erkunde die d\u00fcstere Vergangenheit eines Skigebiets nur mit Schrecken<\/title>\n<meta name=\"description\" content=\"Es gibt nur kein Telefon, kein Internet! Entdecken Eine dunkle Vergangenheit verbirgt sich in einem Skigebiet!\" \/>\n<meta name=\"robots\" content=\"index, follow, max-snippet:-1, max-image-preview:large, max-video-preview:-1\" \/>\n<link rel=\"canonical\" href=\"https:\/\/www.iplay.com\/de\/games\/mystery-case-files-the-last-resort-ce\/\" \/>\n<meta property=\"og:locale\" content=\"de_DE\" \/>\n<meta property=\"og:type\" content=\"article\" \/>\n<meta property=\"og:title\" content=\"Mystery Case Files: The Last Resort CE\" \/>\n<meta property=\"og:description\" content=\"Es gibt nur kein Telefon, kein Internet! Entdecken Eine dunkle Vergangenheit verbirgt sich in einem Skigebiet!\" \/>\n<meta property=\"og:url\" content=\"https:\/\/www.iplay.com\/de\/games\/mystery-case-files-the-last-resort-ce\/\" \/>\n<meta property=\"og:site_name\" content=\"IPlay\" \/>\n<meta property=\"og:image\" content=\"https:\/\/www.iplay.com\/wp-content\/uploads\/2023\/12\/large_square_tile_image-2058.jpg\" \/>\n\t<meta property=\"og:image:width\" content=\"310\" \/>\n\t<meta property=\"og:image:height\" content=\"310\" \/>\n\t<meta property=\"og:image:type\" content=\"image\/jpeg\" \/>\n<meta name=\"twitter:card\" content=\"summary_large_image\" \/>\n<meta name=\"twitter:label1\" content=\"Gesch\u00e4tzte Lesezeit\" \/>\n\t<meta name=\"twitter:data1\" content=\"1 Minute\" \/>\n<script type=\"application\/ld+json\" class=\"yoast-schema-graph\">{\"@context\":\"https:\/\/schema.org\",\"@graph\":[{\"@type\":\"WebPage\",\"@id\":\"https:\/\/www.iplay.com\/de\/games\/mystery-case-files-the-last-resort-ce\/\",\"url\":\"https:\/\/www.iplay.com\/de\/games\/mystery-case-files-the-last-resort-ce\/\",\"name\":\"Mystery Case Files: The Last Resort CE - Erkunde die d\u00fcstere Vergangenheit eines Skigebiets nur mit Schrecken\",\"isPartOf\":{\"@id\":\"https:\/\/www.iplay.com\/en\/#website\"},\"primaryImageOfPage\":{\"@id\":\"https:\/\/www.iplay.com\/de\/games\/mystery-case-files-the-last-resort-ce\/#primaryimage\"},\"image\":{\"@id\":\"https:\/\/www.iplay.com\/de\/games\/mystery-case-files-the-last-resort-ce\/#primaryimage\"},\"thumbnailUrl\":\"https:\/\/www.iplay.com\/wp-content\/uploads\/2023\/12\/large_square_tile_image-2058.jpg\",\"datePublished\":\"2023-06-21T00:00:00+00:00\",\"description\":\"Es gibt nur kein Telefon, kein Internet! Entdecken Eine dunkle Vergangenheit verbirgt sich in einem Skigebiet!\",\"breadcrumb\":{\"@id\":\"https:\/\/www.iplay.com\/de\/games\/mystery-case-files-the-last-resort-ce\/#breadcrumb\"},\"inLanguage\":\"de-DE\",\"potentialAction\":[{\"@type\":\"ReadAction\",\"target\":[\"https:\/\/www.iplay.com\/de\/games\/mystery-case-files-the-last-resort-ce\/\"]}]},{\"@type\":\"ImageObject\",\"inLanguage\":\"de-DE\",\"@id\":\"https:\/\/www.iplay.com\/de\/games\/mystery-case-files-the-last-resort-ce\/#primaryimage\",\"url\":\"https:\/\/www.iplay.com\/wp-content\/uploads\/2023\/12\/large_square_tile_image-2058.jpg\",\"contentUrl\":\"https:\/\/www.iplay.com\/wp-content\/uploads\/2023\/12\/large_square_tile_image-2058.jpg\",\"width\":310,\"height\":310},{\"@type\":\"BreadcrumbList\",\"@id\":\"https:\/\/www.iplay.com\/de\/games\/mystery-case-files-the-last-resort-ce\/#breadcrumb\",\"itemListElement\":[{\"@type\":\"ListItem\",\"position\":1,\"name\":\"Home\",\"item\":\"https:\/\/www.iplay.com\/de\/home-page-2\/\"},{\"@type\":\"ListItem\",\"position\":2,\"name\":\"Shop\",\"item\":\"https:\/\/www.iplay.com\/en\/shop\/\"},{\"@type\":\"ListItem\",\"position\":3,\"name\":\"Mystery Case Files: The Last Resort CE\"}]},{\"@type\":\"WebSite\",\"@id\":\"https:\/\/www.iplay.com\/en\/#website\",\"url\":\"https:\/\/www.iplay.com\/en\/\",\"name\":\"IPlay\",\"description\":\"The Best Casual Games!\",\"publisher\":{\"@id\":\"https:\/\/www.iplay.com\/en\/#organization\"},\"potentialAction\":[{\"@type\":\"SearchAction\",\"target\":{\"@type\":\"EntryPoint\",\"urlTemplate\":\"https:\/\/www.iplay.com\/en\/?s={search_term_string}\"},\"query-input\":{\"@type\":\"PropertyValueSpecification\",\"valueRequired\":true,\"valueName\":\"search_term_string\"}}],\"inLanguage\":\"de-DE\"},{\"@type\":\"Organization\",\"@id\":\"https:\/\/www.iplay.com\/en\/#organization\",\"name\":\"IPlay\",\"url\":\"https:\/\/www.iplay.com\/en\/\",\"logo\":{\"@type\":\"ImageObject\",\"inLanguage\":\"de-DE\",\"@id\":\"https:\/\/www.iplay.com\/en\/#\/schema\/logo\/image\/\",\"url\":\"https:\/\/www.iplay.com\/wp-content\/uploads\/2023\/11\/Group-6100.svg\",\"contentUrl\":\"https:\/\/www.iplay.com\/wp-content\/uploads\/2023\/11\/Group-6100.svg\",\"width\":98,\"height\":25,\"caption\":\"IPlay\"},\"image\":{\"@id\":\"https:\/\/www.iplay.com\/en\/#\/schema\/logo\/image\/\"}}]}<\/script>\n<!-- \/ Yoast SEO Premium plugin. -->","yoast_head_json":{"title":"Mystery Case Files: The Last Resort CE - Erkunde die d\u00fcstere Vergangenheit eines Skigebiets nur mit Schrecken","description":"Es gibt nur kein Telefon, kein Internet! Entdecken Eine dunkle Vergangenheit verbirgt sich in einem Skigebiet!","robots":{"index":"index","follow":"follow","max-snippet":"max-snippet:-1","max-image-preview":"max-image-preview:large","max-video-preview":"max-video-preview:-1"},"canonical":"https:\/\/www.iplay.com\/de\/games\/mystery-case-files-the-last-resort-ce\/","og_locale":"de_DE","og_type":"article","og_title":"Mystery Case Files: The Last Resort CE","og_description":"Es gibt nur kein Telefon, kein Internet! Entdecken Eine dunkle Vergangenheit verbirgt sich in einem Skigebiet!","og_url":"https:\/\/www.iplay.com\/de\/games\/mystery-case-files-the-last-resort-ce\/","og_site_name":"IPlay","og_image":[{"width":310,"height":310,"url":"https:\/\/www.iplay.com\/wp-content\/uploads\/2023\/12\/large_square_tile_image-2058.jpg","type":"image\/jpeg"}],"twitter_card":"summary_large_image","twitter_misc":{"Gesch\u00e4tzte Lesezeit":"1 Minute"},"schema":{"@context":"https:\/\/schema.org","@graph":[{"@type":"WebPage","@id":"https:\/\/www.iplay.com\/de\/games\/mystery-case-files-the-last-resort-ce\/","url":"https:\/\/www.iplay.com\/de\/games\/mystery-case-files-the-last-resort-ce\/","name":"Mystery Case Files: The Last Resort CE - Erkunde die d\u00fcstere Vergangenheit eines Skigebiets nur mit Schrecken","isPartOf":{"@id":"https:\/\/www.iplay.com\/en\/#website"},"primaryImageOfPage":{"@id":"https:\/\/www.iplay.com\/de\/games\/mystery-case-files-the-last-resort-ce\/#primaryimage"},"image":{"@id":"https:\/\/www.iplay.com\/de\/games\/mystery-case-files-the-last-resort-ce\/#primaryimage"},"thumbnailUrl":"https:\/\/www.iplay.com\/wp-content\/uploads\/2023\/12\/large_square_tile_image-2058.jpg","datePublished":"2023-06-21T00:00:00+00:00","description":"Es gibt nur kein Telefon, kein Internet! Entdecken Eine dunkle Vergangenheit verbirgt sich in einem Skigebiet!","breadcrumb":{"@id":"https:\/\/www.iplay.com\/de\/games\/mystery-case-files-the-last-resort-ce\/#breadcrumb"},"inLanguage":"de-DE","potentialAction":[{"@type":"ReadAction","target":["https:\/\/www.iplay.com\/de\/games\/mystery-case-files-the-last-resort-ce\/"]}]},{"@type":"ImageObject","inLanguage":"de-DE","@id":"https:\/\/www.iplay.com\/de\/games\/mystery-case-files-the-last-resort-ce\/#primaryimage","url":"https:\/\/www.iplay.com\/wp-content\/uploads\/2023\/12\/large_square_tile_image-2058.jpg","contentUrl":"https:\/\/www.iplay.com\/wp-content\/uploads\/2023\/12\/large_square_tile_image-2058.jpg","width":310,"height":310},{"@type":"BreadcrumbList","@id":"https:\/\/www.iplay.com\/de\/games\/mystery-case-files-the-last-resort-ce\/#breadcrumb","itemListElement":[{"@type":"ListItem","position":1,"name":"Home","item":"https:\/\/www.iplay.com\/de\/home-page-2\/"},{"@type":"ListItem","position":2,"name":"Shop","item":"https:\/\/www.iplay.com\/en\/shop\/"},{"@type":"ListItem","position":3,"name":"Mystery Case Files: The Last Resort CE"}]},{"@type":"WebSite","@id":"https:\/\/www.iplay.com\/en\/#website","url":"https:\/\/www.iplay.com\/en\/","name":"IPlay","description":"The Best Casual Games!","publisher":{"@id":"https:\/\/www.iplay.com\/en\/#organization"},"potentialAction":[{"@type":"SearchAction","target":{"@type":"EntryPoint","urlTemplate":"https:\/\/www.iplay.com\/en\/?s={search_term_string}"},"query-input":{"@type":"PropertyValueSpecification","valueRequired":true,"valueName":"search_term_string"}}],"inLanguage":"de-DE"},{"@type":"Organization","@id":"https:\/\/www.iplay.com\/en\/#organization","name":"IPlay","url":"https:\/\/www.iplay.com\/en\/","logo":{"@type":"ImageObject","inLanguage":"de-DE","@id":"https:\/\/www.iplay.com\/en\/#\/schema\/logo\/image\/","url":"https:\/\/www.iplay.com\/wp-content\/uploads\/2023\/11\/Group-6100.svg","contentUrl":"https:\/\/www.iplay.com\/wp-content\/uploads\/2023\/11\/Group-6100.svg","width":98,"height":25,"caption":"IPlay"},"image":{"@id":"https:\/\/www.iplay.com\/en\/#\/schema\/logo\/image\/"}}]}},"_links":{"self":[{"href":"https:\/\/www.iplay.com\/de\/wp-json\/wp\/v2\/product\/130279","targetHints":{"allow":["GET"]}}],"collection":[{"href":"https:\/\/www.iplay.com\/de\/wp-json\/wp\/v2\/product"}],"about":[{"href":"https:\/\/www.iplay.com\/de\/wp-json\/wp\/v2\/types\/product"}],"author":[{"embeddable":true,"href":"https:\/\/www.iplay.com\/de\/wp-json\/wp\/v2\/users\/17"}],"replies":[{"embeddable":true,"href":"https:\/\/www.iplay.com\/de\/wp-json\/wp\/v2\/comments?post=130279"}],"wp:featuredmedia":[{"embeddable":true,"href":"https:\/\/www.iplay.com\/de\/wp-json\/wp\/v2\/media\/73062"}],"wp:attachment":[{"href":"https:\/\/www.iplay.com\/de\/wp-json\/wp\/v2\/media?parent=130279"}],"wp:term":[{"taxonomy":"product_brand","embeddable":true,"href":"https:\/\/www.iplay.com\/de\/wp-json\/wp\/v2\/product_brand?post=130279"},{"taxonomy":"product_cat","embeddable":true,"href":"https:\/\/www.iplay.com\/de\/wp-json\/wp\/v2\/product_cat?post=130279"},{"taxonomy":"product_tag","embeddable":true,"href":"https:\/\/www.iplay.com\/de\/wp-json\/wp\/v2\/product_tag?post=130279"}],"curies":[{"name":"wp","href":"https:\/\/api.w.org\/{rel}","templated":true}]}}